{"id":199,"date":"2024-04-19T13:53:29","date_gmt":"2024-04-19T11:53:29","guid":{"rendered":"https:\/\/www.hsu-hh.de\/padigi\/?page_id=199"},"modified":"2024-12-05T09:48:29","modified_gmt":"2024-12-05T08:48:29","slug":"daniel-rasch-dr-rer-soc","status":"publish","type":"page","link":"https:\/\/www.hsu-hh.de\/padigi\/team-2\/daniel-rasch-dr-rer-soc\/","title":{"rendered":"Dr. Daniel Rasch"},"content":{"rendered":"\n<p><strong>Wissenschaftlicher Mitarbeiter \/ Post Doc<\/strong><\/p>\n\n\n\n<div class=\"wp-block-columns is-layout-flex wp-container-core-columns-is-layout-9d6595d7 wp-block-columns-is-layout-flex\">\n<div class=\"wp-block-column is-layout-flow wp-block-column-is-layout-flow\" style=\"flex-basis:100%\">\n<figure class=\"wp-block-image size-medium\"><img loading=\"lazy\" decoding=\"async\" width=\"275\" height=\"300\" src=\"https:\/\/www.hsu-hh.de\/padigi\/wp-content\/uploads\/sites\/920\/2024\/04\/IMG_1106-275x300.jpg\" data-credit=\"Klaus Landry\" alt=\"\" class=\"wp-image-200\" srcset=\"https:\/\/www.hsu-hh.de\/padigi\/wp-content\/uploads\/sites\/920\/2024\/04\/IMG_1106-275x300.jpg 275w, https:\/\/www.hsu-hh.de\/padigi\/wp-content\/uploads\/sites\/920\/2024\/04\/IMG_1106-940x1024.jpg 940w, https:\/\/www.hsu-hh.de\/padigi\/wp-content\/uploads\/sites\/920\/2024\/04\/IMG_1106-768x837.jpg 768w, https:\/\/www.hsu-hh.de\/padigi\/wp-content\/uploads\/sites\/920\/2024\/04\/IMG_1106-1100x1199.jpg 1100w, https:\/\/www.hsu-hh.de\/padigi\/wp-content\/uploads\/sites\/920\/2024\/04\/IMG_1106.jpg 1125w\" sizes=\"auto, (max-width: 275px) 100vw, 275px\" \/><\/figure>\n<\/div>\n<\/div>\n\n\n\n<div class=\"wp-block-columns is-layout-flex wp-container-core-columns-is-layout-9d6595d7 wp-block-columns-is-layout-flex\">\n<div class=\"wp-block-column is-layout-flow wp-block-column-is-layout-flow\">\n<p>Helmut-Schmidt-Universit\u00e4t \/ Universit\u00e4t der Bundeswehr <br>Fakult\u00e4t f\u00fcr Wirtschafts- und Sozialwissenschaften<br>Professur f\u00fcr Verwaltungswissenschaft,&nbsp;<abbr title=\"insbesondere\">insb.<\/abbr>&nbsp;Digital Government<br>Friedrich-Ebert-Damm 245<br>22159 Hamburg<\/p>\n<\/div>\n\n\n\n<div class=\"wp-block-column is-layout-flow wp-block-column-is-layout-flow\">\n<p><br>Telefon:&nbsp;<br>E-Mail:&nbsp;<a href=\"mailto:raschd@hsu-hh.de\" rel='nofollow'>raschd@hsu-hh.de<\/a><br>Research gate:&nbsp;<a href=\"https:\/\/www.researchgate.net\/profile\/Daniel-Rasch-2\" target=\"_blank\" rel=\"noreferrer noopener\">Researchgate<\/a><br>Webseite:&nbsp;<a href=\"https:\/\/www.hsu-hh.de\/padigi\/team-2\/daniel-rasch-dr-rer-soc\/\" target=\"_blank\" rel=\"noreferrer noopener\">https:\/\/www.hsu-hh.de\/padigi\/team-2\/daniel-rasch-dr-rer-soc\/<\/a><\/p>\n<\/div>\n<\/div>\n\n\n\n<p><\/p>\n\n\n\n<p><strong>Wissenschaftlicher Werdegang<\/strong><\/p>\n\n\n\n<ul class=\"wp-block-list\">\n<li>Seit April 2024 Wissenschaftlicher Mitarbeiter an der Helmut Schmidt Universit\u00e4t \/ Universit\u00e4t der Bundeswehr Hamburg, Professur f\u00fcr Verwaltungswissenschaft, <abbr title=\"insbesondere\">insb.<\/abbr> Digital Government<\/li>\n\n\n\n<li>Juni 2020 &#8211; Dez. 2023 Wissenschaftlicher Mitarbeiter am Lehrgebiet Politikfeldanalyse &amp; Umweltpolitik, Institut f\u00fcr  Politikwissenschaft, FernUniversit\u00e4t in Hagen, insbesondere im Forschungsschwerpunkt Energie, Umwelt und Nachhaltigkeit<\/li>\n\n\n\n<li>Okt. 2023 &#8211; Nov. 2023 Fellow am American German Institute (AGI), Washington, DC.<\/li>\n\n\n\n<li>Nov. 2022 &#8211; Sep. 2023 Vertretungsprofessur f\u00fcr Empirische Sozialwissenschaft an der Deutschen Universit\u00e4t f\u00fcr Verwaltungswissenschaft Speyer<\/li>\n\n\n\n<li>Okt. 2017 &#8211; Dez. 2020 Wissenschaftlicher Mitarbeiter an der Deutschen Universit\u00e4t f\u00fcr Verwaltungswissenschaften Speyer, Lehrstuhl f\u00fcr Politikwissenschaft<\/li>\n\n\n\n<li>Dez. 2011 &#8211; Sep. 2017 Wissenschaftlicher Mitarbeiter an der Ruhr-Universit\u00e4t Bochum, Lehrstuhl f\u00fcr Vergleichende Regierungslehre<\/li>\n<\/ul>\n\n\n\n<p><\/p>\n\n\n\n<p>Vollst\u00e4ndiger Lebenslauf <a href=\"https:\/\/www.hsu-hh.de\/padigi\/wp-content\/uploads\/sites\/920\/2024\/05\/Lebenslauf_20240429.pdf\" data-type=\"attachment\" data-id=\"335\">hier<\/a><\/p>\n\n\n\n<h4 class=\"wp-block-heading\">Forschungsschwerpunkte<\/h4>\n\n\n\n<ul class=\"wp-block-list\">\n<li>Interessenvermittlung <\/li>\n\n\n\n<li>Politikfeldanalyse (insbesondere in den Politikfeldern Sicherheit und Energie)<\/li>\n\n\n\n<li>Empirische Sozialforschung<\/li>\n<\/ul>\n\n\n\n<p><\/p>\n\n\n\n<p><a href=\"https:\/\/con-networks.com\/de\/startseite\/\" target=\"_blank\" rel=\"noreferrer noopener\">Habilitationsprojekt zur Rolle von Interessenvertretung gegen\u00fcber Bundesministerien<\/a><\/p>\n\n\n\n<p><\/p>\n\n\n\n<p><strong><a href=\"https:\/\/www.hsu-hh.de\/padigi\/wp-content\/uploads\/sites\/920\/2024\/04\/Publikationen_20230814.pdf\" data-type=\"attachment\" data-id=\"209\">Vollst\u00e4ndiges Publikationsverzeichnis<\/a><\/strong><\/p>\n\n\n\n<p>Promotionen<\/p>\n\n\n\n<p><\/p>\n\n\n\n<p><strong>Mitgliedschaften<\/strong><\/p>\n\n\n\n<p>Deutsche Vereinigung f\u00fcr Politikwissenschaft (DVPW), Sprecher im Team der Sektion Policy Analyse und Verwaltungswissenschaften<\/p>\n\n\n\n<p>Verband der Reservisten der Deutschen Bundeswehr (VdRBw), Beauftragter f\u00fcr Sicherheitspolitik im Kreis Rhein-Ruhr<\/p>\n\n\n\n<p>Gesellschaft f\u00fcr Sicherheitspolitik (GSP), Leiter Sektion Essen<\/p>\n","protected":false},"excerpt":{"rendered":"<p>Wissenschaftlicher Mitarbeiter \/ Post Doc Helmut-Schmidt-Universit\u00e4t \/ Universit\u00e4t der Bundeswehr Fakult\u00e4t f\u00fcr Wirtschafts- und SozialwissenschaftenProfessur f\u00fcr Verwaltungswissenschaft,&nbsp;insb.&nbsp;Digital GovernmentFriedrich-Ebert-Damm 24522159 Hamburg Telefon:&nbsp;E-Mail:&nbsp;raschd@hsu-hh.deResearch gate:&nbsp;ResearchgateWebseite:&nbsp;https:\/\/www.hsu-hh.de\/padigi\/team-2\/daniel-rasch-dr-rer-soc\/ Wissenschaftlicher Werdegang Vollst\u00e4ndiger Lebenslauf hier Forschungsschwerpunkte Habilitationsprojekt zur [&hellip;]<\/p>\n","protected":false},"author":3887,"featured_media":0,"parent":106,"menu_order":0,"comment_status":"closed","ping_status":"closed","template":"","meta":{"footnotes":""},"categories":[8],"tags":[],"class_list":["post-199","page","type-page","status-publish","hentry","category-team"],"_links":{"self":[{"href":"https:\/\/www.hsu-hh.de\/padigi\/wp-json\/wp\/v2\/pages\/199","targetHints":{"allow":["GET"]}}],"collection":[{"href":"https:\/\/www.hsu-hh.de\/padigi\/wp-json\/wp\/v2\/pages"}],"about":[{"href":"https:\/\/www.hsu-hh.de\/padigi\/wp-json\/wp\/v2\/types\/page"}],"author":[{"embeddable":true,"href":"https:\/\/www.hsu-hh.de\/padigi\/wp-json\/wp\/v2\/users\/3887"}],"replies":[{"embeddable":true,"href":"https:\/\/www.hsu-hh.de\/padigi\/wp-json\/wp\/v2\/comments?post=199"}],"version-history":[{"count":11,"href":"https:\/\/www.hsu-hh.de\/padigi\/wp-json\/wp\/v2\/pages\/199\/revisions"}],"predecessor-version":[{"id":681,"href":"https:\/\/www.hsu-hh.de\/padigi\/wp-json\/wp\/v2\/pages\/199\/revisions\/681"}],"up":[{"embeddable":true,"href":"https:\/\/www.hsu-hh.de\/padigi\/wp-json\/wp\/v2\/pages\/106"}],"wp:attachment":[{"href":"https:\/\/www.hsu-hh.de\/padigi\/wp-json\/wp\/v2\/media?parent=199"}],"wp:term":[{"taxonomy":"category","embeddable":true,"href":"https:\/\/www.hsu-hh.de\/padigi\/wp-json\/wp\/v2\/categories?post=199"},{"taxonomy":"post_tag","embeddable":true,"href":"https:\/\/www.hsu-hh.de\/padigi\/wp-json\/wp\/v2\/tags?post=199"}],"curies":[{"name":"wp","href":"https:\/\/api.w.org\/{rel}","templated":true}]}}