{"id":181,"date":"2024-04-19T13:08:32","date_gmt":"2024-04-19T11:08:32","guid":{"rendered":"https:\/\/www.hsu-hh.de\/padigi\/?page_id=181"},"modified":"2026-01-09T07:16:19","modified_gmt":"2026-01-09T06:16:19","slug":"sylvia-veit-prof-dr-pol","status":"publish","type":"page","link":"https:\/\/www.hsu-hh.de\/padigi\/team-2\/sylvia-veit-prof-dr-pol\/","title":{"rendered":"Prof. Dr. Sylvia Veit"},"content":{"rendered":"\n<p><strong>Professur f\u00fcr Verwaltungswissenschaft, insbesondere Digital Government<\/strong><\/p>\n\n\n<div class=\"wp-block-image\">\n<figure class=\"aligncenter size-large is-resized\"><img loading=\"lazy\" decoding=\"async\" width=\"1024\" height=\"683\" src=\"https:\/\/www.hsu-hh.de\/padigi\/wp-content\/uploads\/sites\/920\/2024\/04\/Veit_Sylvia_9332-1024x683.jpg\" data-credit=\"Christian Gelhausen\" alt=\"\" class=\"wp-image-241\" style=\"width:600px\" srcset=\"https:\/\/www.hsu-hh.de\/padigi\/wp-content\/uploads\/sites\/920\/2024\/04\/Veit_Sylvia_9332-1024x683.jpg 1024w, https:\/\/www.hsu-hh.de\/padigi\/wp-content\/uploads\/sites\/920\/2024\/04\/Veit_Sylvia_9332-300x200.jpg 300w, https:\/\/www.hsu-hh.de\/padigi\/wp-content\/uploads\/sites\/920\/2024\/04\/Veit_Sylvia_9332-768x512.jpg 768w, https:\/\/www.hsu-hh.de\/padigi\/wp-content\/uploads\/sites\/920\/2024\/04\/Veit_Sylvia_9332-1536x1024.jpg 1536w, https:\/\/www.hsu-hh.de\/padigi\/wp-content\/uploads\/sites\/920\/2024\/04\/Veit_Sylvia_9332-2048x1365.jpg 2048w, https:\/\/www.hsu-hh.de\/padigi\/wp-content\/uploads\/sites\/920\/2024\/04\/Veit_Sylvia_9332-1100x733.jpg 1100w\" sizes=\"auto, (max-width: 1024px) 100vw, 1024px\" \/><\/figure>\n<\/div>\n\n\n<div class=\"wp-block-columns is-layout-flex wp-container-core-columns-is-layout-9d6595d7 wp-block-columns-is-layout-flex\">\n<div class=\"wp-block-column is-layout-flow wp-block-column-is-layout-flow\">\n<p>Helmut-Schmidt-Universit\u00e4t<br>Fakult\u00e4t f\u00fcr Wirtschafts- und Sozialwissenschaften<br>Professur f\u00fcr Verwaltungswissenschaft,&nbsp;<abbr title=\"insbesondere\">insb.<\/abbr>&nbsp;Digital Government<br>Friedrich-Ebert-Damm 245 <br>22159 Hamburg<\/p>\n<\/div>\n\n\n\n<div class=\"wp-block-column is-layout-flow wp-block-column-is-layout-flow\">\n<p><br>Telefon: 040 6541 4552<br>E-Mail:&nbsp;<a href=\"mailto:veits@hsu.hamburg\" rel='nofollow'>veits@hsu.hamburg<\/a><br>Research gate: <a href=\"https:\/\/www.researchgate.net\/profile\/Sylvia-Veit\" target=\"_blank\" rel=\"noreferrer noopener\">Researchgate<\/a><br>Webseite:&nbsp;<a href=\"https:\/\/www.hsu-hh.de\/padigi\/sylvia-veit-prof-dr-pol\/\" target=\"_blank\" rel=\"noreferrer noopener\">https:\/\/www.hsu-hh.de\/padigi\/veit<\/a><\/p>\n<\/div>\n<\/div>\n\n\n\n<div style=\"height:39px\" aria-hidden=\"true\" class=\"wp-block-spacer\"><\/div>\n\n\n\n<p><strong>Wissenschaftlicher Werdegang<\/strong><\/p>\n\n\n\n<ul class=\"wp-block-list\">\n<li><strong>Seit 4\/2024<\/strong> W3 Professur f\u00fcr Verwaltungswissenschaft, <abbr title=\"insbesondere\">insb.<\/abbr> Digital Government, Helmut-Schmidt-Universit\u00e4t Hamburg<\/li>\n\n\n\n<li><strong>2019 &#8211; 2024<\/strong> W3 Professur Public Management, Universit\u00e4t Kassel, Fachbereich 07 (unbefristet)<\/li>\n\n\n\n<li><strong>2018<\/strong> 8-monatiger Forschungsaufenthalt an der School of Government der Victoria University of Wellington (Neuseeland)<\/li>\n\n\n\n<li><strong>2014 &#8211; 2019<\/strong> W3 Professur Public Management, Universit\u00e4t Kassel, Fachbereich 07 (befristet)<\/li>\n\n\n\n<li><strong>2013 &#8211; 2014<\/strong> Wissenschaftliche Mitarbeiterin, Lehrstuhl f\u00fcr Politikwissenschaft, Verwaltung und Organisation II (<abbr title=\"Professor\">Prof.<\/abbr> <abbr title=\"Doktor\">Dr.<\/abbr> Sabine Kuhlmann), Wirtschafts- und Sozialwissenschaftliche Fakult\u00e4t, Universit\u00e4t Potsdam<\/li>\n\n\n\n<li><strong>2011 &#8211; 2013<\/strong> Vertretungsprofessur (W3) f\u00fcr Verwaltungswissenschaft, Fakult\u00e4t Sozial- und Wirtschaftswissenschaften, Otto-Friedrich-Universit\u00e4t Bamberg<\/li>\n\n\n\n<li><strong>2007 &#8211; 2011<\/strong> Wissenschaftliche Mitarbeiterin, Lehrstuhl f\u00fcr Politikwissenschaft, Verwaltung und Organisation (<abbr title=\"Professor\">Prof.<\/abbr> <abbr title=\"Doktor\">Dr.<\/abbr> Werner Jann), Wirtschafts- und Sozialwissenschaftliche Fakult\u00e4t, Universit\u00e4t Potsdam<\/li>\n\n\n\n<li><strong>2008 &#8211; 2009<\/strong> Projektmitarbeiterin an der Forschungsstelle Umweltpolitik (FFU) der Freien Universit\u00e4t Berlin, Projekt: Gestaltung einer Nachhaltigkeits\u00fcberpr\u00fcfung im Rahmen der Gesetzesfolgenabsch\u00e4tzung<\/li>\n\n\n\n<li><strong>2004 &#8211; 2008<\/strong> Promotionsstipendium Graduiertenkolleg Modern Governance, Univerist\u00e4t Potsdam<\/li>\n<\/ul>\n\n\n\n<p><strong>Den vollst\u00e4ndigen Lebenslauf finden Sie&nbsp;<a href=\"https:\/\/www.hsu-hh.de\/padigi\/wp-content\/uploads\/sites\/920\/2024\/04\/20240418_Veit_CV.pdf\" data-type=\"attachment\" data-id=\"164\">hier<\/a>.&nbsp;<\/strong><\/p>\n\n\n\n<div style=\"height:39px\" aria-hidden=\"true\" class=\"wp-block-spacer\"><\/div>\n\n\n\n<p><strong>Forschungsthemen<\/strong><br>Verwaltungsreformen und Verwaltungstransformation, B\u00fcrokratieabbau, Digitalisierung der Verwaltung, Regierungskoordination, Politisierung der Verwaltung, Verwaltungskarrieren, Verwaltungsgeschichte und politisch-administrative Beziehungen in Autokratien, Politikberatungssysteme<\/p>\n\n\n\n<p><strong>Die vollst\u00e4ndige Publikationsliste finden Sie<a href=\"https:\/\/www.hsu-hh.de\/padigi\/wp-content\/uploads\/sites\/920\/2025\/08\/250730_Veit_Publications_engl_APA7th.pdf\" data-type=\"link\" data-id=\"https:\/\/www.hsu-hh.de\/padigi\/wp-content\/uploads\/sites\/920\/2024\/11\/241104_Veit_Publications_engl-1.pdf\" target=\"_blank\" rel=\"noreferrer noopener\">\u00a0<\/a><a href=\"https:\/\/www.hsu-hh.de\/padigi\/wp-content\/uploads\/sites\/920\/2026\/01\/250730_Veit_Publications_engl_APA7th-1.pdf\" data-type=\"link\" data-id=\"https:\/\/www.hsu-hh.de\/padigi\/wp-content\/uploads\/sites\/920\/2026\/01\/250730_Veit_Publications_engl_APA7th-1.pdf\">hier.<\/a><\/strong><\/p>\n\n\n\n<div style=\"height:39px\" aria-hidden=\"true\" class=\"wp-block-spacer\"><\/div>\n\n\n\n<p><strong>Mitgliedschaften und \u00c4mter<\/strong><\/p>\n\n\n\n<p>Vertreterin f\u00fcr Deutschland im Management Committee&nbsp;der EU&nbsp;COST-Action CA22150 CoREx (Comparative Research on the Executive Triangle in Europe)<\/p>\n\n\n\n<p>Gesch\u00e4ftsf\u00fchrende Herausgeberin der wissenschaftlichen Fachzeitschrift <a href=\"https:\/\/budrich-journals.de\/index.php\/dms\" target=\"_blank\" rel=\"noreferrer noopener\">dms \u2013 der moderne staat <\/a>(mit <abbr title=\"Professor\">Prof.<\/abbr> <abbr title=\"Doktor\">Dr.<\/abbr> Thurid Hustedt)<\/p>\n\n\n\n<p>Sektion Policy-Analyse und Verwaltungswissenschaft in der Deutschen Vereinigung f\u00fcr Politikwissenschaft (Sektionsvorstand 2015 bis April 2024)<\/p>\n\n\n\n<p>IPSA Research Committee Structure and Organization of Government<\/p>\n\n\n\n<p><br><\/p>\n","protected":false},"excerpt":{"rendered":"<p>Professur f\u00fcr Verwaltungswissenschaft, insbesondere Digital Government Helmut-Schmidt-Universit\u00e4tFakult\u00e4t f\u00fcr Wirtschafts- und SozialwissenschaftenProfessur f\u00fcr Verwaltungswissenschaft,&nbsp;insb.&nbsp;Digital GovernmentFriedrich-Ebert-Damm 245 22159 Hamburg Telefon: 040 6541 4552E-Mail:&nbsp;veits@hsu.hamburgResearch gate: ResearchgateWebseite:&nbsp;https:\/\/www.hsu-hh.de\/padigi\/veit Wissenschaftlicher Werdegang Den vollst\u00e4ndigen Lebenslauf finden Sie&nbsp;hier.&nbsp; [&hellip;]<\/p>\n","protected":false},"author":3887,"featured_media":0,"parent":106,"menu_order":0,"comment_status":"closed","ping_status":"closed","template":"","meta":{"footnotes":""},"categories":[8],"tags":[],"class_list":["post-181","page","type-page","status-publish","hentry","category-team"],"_links":{"self":[{"href":"https:\/\/www.hsu-hh.de\/padigi\/wp-json\/wp\/v2\/pages\/181","targetHints":{"allow":["GET"]}}],"collection":[{"href":"https:\/\/www.hsu-hh.de\/padigi\/wp-json\/wp\/v2\/pages"}],"about":[{"href":"https:\/\/www.hsu-hh.de\/padigi\/wp-json\/wp\/v2\/types\/page"}],"author":[{"embeddable":true,"href":"https:\/\/www.hsu-hh.de\/padigi\/wp-json\/wp\/v2\/users\/3887"}],"replies":[{"embeddable":true,"href":"https:\/\/www.hsu-hh.de\/padigi\/wp-json\/wp\/v2\/comments?post=181"}],"version-history":[{"count":37,"href":"https:\/\/www.hsu-hh.de\/padigi\/wp-json\/wp\/v2\/pages\/181\/revisions"}],"predecessor-version":[{"id":1315,"href":"https:\/\/www.hsu-hh.de\/padigi\/wp-json\/wp\/v2\/pages\/181\/revisions\/1315"}],"up":[{"embeddable":true,"href":"https:\/\/www.hsu-hh.de\/padigi\/wp-json\/wp\/v2\/pages\/106"}],"wp:attachment":[{"href":"https:\/\/www.hsu-hh.de\/padigi\/wp-json\/wp\/v2\/media?parent=181"}],"wp:term":[{"taxonomy":"category","embeddable":true,"href":"https:\/\/www.hsu-hh.de\/padigi\/wp-json\/wp\/v2\/categories?post=181"},{"taxonomy":"post_tag","embeddable":true,"href":"https:\/\/www.hsu-hh.de\/padigi\/wp-json\/wp\/v2\/tags?post=181"}],"curies":[{"name":"wp","href":"https:\/\/api.w.org\/{rel}","templated":true}]}}