{"id":157,"date":"2024-04-19T12:32:13","date_gmt":"2024-04-19T10:32:13","guid":{"rendered":"https:\/\/www.hsu-hh.de\/padigi\/?page_id=157"},"modified":"2025-08-01T15:02:16","modified_gmt":"2025-08-01T13:02:16","slug":"dr-nadin-fromm","status":"publish","type":"page","link":"https:\/\/www.hsu-hh.de\/padigi\/team-2\/dr-nadin-fromm\/","title":{"rendered":"Dr. Nadin Fromm"},"content":{"rendered":"\n<h3 class=\"wp-block-heading\">Wissenschaftliche Mitarbeiterin (PostDoc) \/ Verwaltungswissenschaft, insbesondere Digital Government<\/h3>\n\n\n\n<div class=\"wp-block-columns is-layout-flex wp-container-core-columns-is-layout-9d6595d7 wp-block-columns-is-layout-flex\">\n<div class=\"wp-block-column is-layout-flow wp-block-column-is-layout-flow\" style=\"flex-basis:100%\">\n<div class=\"wp-block-media-text is-stacked-on-mobile\"><figure class=\"wp-block-media-text__media\"><img loading=\"lazy\" decoding=\"async\" width=\"1024\" height=\"683\" src=\"https:\/\/www.hsu-hh.de\/padigi\/wp-content\/uploads\/sites\/920\/2024\/06\/20240624_HSU_Professur_Veit_Gruppe_Portraits_CG_014-1024x683.jpg\" data-credit=\"HSU\/Gelhausen\" alt=\"\" class=\"wp-image-388 size-full\" srcset=\"https:\/\/www.hsu-hh.de\/padigi\/wp-content\/uploads\/sites\/920\/2024\/06\/20240624_HSU_Professur_Veit_Gruppe_Portraits_CG_014-1024x683.jpg 1024w, https:\/\/www.hsu-hh.de\/padigi\/wp-content\/uploads\/sites\/920\/2024\/06\/20240624_HSU_Professur_Veit_Gruppe_Portraits_CG_014-300x200.jpg 300w, https:\/\/www.hsu-hh.de\/padigi\/wp-content\/uploads\/sites\/920\/2024\/06\/20240624_HSU_Professur_Veit_Gruppe_Portraits_CG_014-768x512.jpg 768w, https:\/\/www.hsu-hh.de\/padigi\/wp-content\/uploads\/sites\/920\/2024\/06\/20240624_HSU_Professur_Veit_Gruppe_Portraits_CG_014-1536x1024.jpg 1536w, https:\/\/www.hsu-hh.de\/padigi\/wp-content\/uploads\/sites\/920\/2024\/06\/20240624_HSU_Professur_Veit_Gruppe_Portraits_CG_014-2048x1365.jpg 2048w, https:\/\/www.hsu-hh.de\/padigi\/wp-content\/uploads\/sites\/920\/2024\/06\/20240624_HSU_Professur_Veit_Gruppe_Portraits_CG_014-1100x733.jpg 1100w\" sizes=\"auto, (max-width: 1024px) 100vw, 1024px\" \/><\/figure><div class=\"wp-block-media-text__content\">\n<p><\/p>\n<\/div><\/div>\n<\/div>\n<\/div>\n\n\n\n<div class=\"wp-block-columns is-layout-flex wp-container-core-columns-is-layout-9d6595d7 wp-block-columns-is-layout-flex\">\n<div class=\"wp-block-column is-layout-flow wp-block-column-is-layout-flow\">\n<p>Helmut-Schmidt-Universit\u00e4t<br>Fakult\u00e4t f\u00fcr Wirtschafts- und Sozialwissenschaften<br>Professur f\u00fcr Verwaltungswissenschaft, <abbr title=\"insbesondere\">insb.<\/abbr> Digital Government<br>Friedrich-Ebert-Damm 245<br>22159 Hamburg<\/p>\n<\/div>\n\n\n\n<div class=\"wp-block-column is-layout-flow wp-block-column-is-layout-flow\">\n<p>Geb\u00e4ude: Campus Nord<br>Raum: 3 E 152<br>Telefon: +49 40 6541 4566<br>E-Mail: fromm@hsu.hamburg<br>Research gate: Nadin Fromm<\/p>\n\n\n\n<div class=\"wp-block-columns is-layout-flex wp-container-core-columns-is-layout-9d6595d7 wp-block-columns-is-layout-flex\">\n<div class=\"wp-block-column is-layout-flow wp-block-column-is-layout-flow\" style=\"flex-basis:100%\"><\/div>\n<\/div>\n<\/div>\n<\/div>\n\n\n\n<div style=\"height:40px\" aria-hidden=\"true\" class=\"wp-block-spacer\"><\/div>\n\n\n\n<p><strong>Wissenschaftlicher Werdegang<\/strong><\/p>\n\n\n\n<ul class=\"wp-block-list\">\n<li><strong>seit 04\/2024<\/strong> Wissenschaftliche Mitarbeiterin (PostDoc), Professur Verwaltungswissenschaft, <abbr title=\"insbesondere\">insb.<\/abbr> Digital Government<\/li>\n\n\n\n<li><strong>seit 04\/2015<\/strong> Lehrauftrag beim Weiterbildungsstudiengang \u201eMaster of Public Administration\u201d (MPA), Universit\u00e4t Kassel<\/li>\n\n\n\n<li><strong>12\/2016 &#8211; 03\/2024<\/strong> Wissenschaftliche Mitarbeiterin (PostDoc), Fachgebiet Public Management, Universit\u00e4t Kassel<\/li>\n\n\n\n<li><strong>01\/2014 &#8211; 12\/2015 <\/strong>Wissenschaftliche Mitarbeiterin (PreDoc), International Centre for Higher Education Research (INCHER)<\/li>\n\n\n\n<li><strong>03\/2013 &#8211; 07\/2013<\/strong> Gastwissenschaftlerin (Predoc), \u201eSFB 597 \u2013 Staatlichkeit im Wandel\u201d, Universit\u00e4t Bremen<\/li>\n\n\n\n<li><strong>02\/2009 &#8211; 02\/2010<\/strong> Wissenschaftliche Mitarbeiterin (PreDoc), Europa-Universit\u00e4t Flensburg<\/li>\n<\/ul>\n\n\n\n<p><strong>Den vollst\u00e4ndigen Lebenslauf finden Sie <a href=\"https:\/\/www.hsu-hh.de\/padigi\/wp-content\/uploads\/sites\/920\/2025\/06\/250620_Fromm_CV.pdf\" data-type=\"attachment\" data-id=\"162\" target=\"_blank\" rel=\"noreferrer noopener\">hier<\/a>.<\/strong><\/p>\n\n\n\n<div style=\"height:39px\" aria-hidden=\"true\" class=\"wp-block-spacer\"><\/div>\n\n\n\n<p><strong>Forschungsthemen \/ -schwerpunkte<\/strong><br>Politikfeldanalyse, Politikberatungssysteme, Wissenschafts-\/Hochschulforschung, digitaler Sozialstaat, Partizipationsforschung<\/p>\n\n\n\n<p><strong>Die vollst\u00e4ndige Publikationsliste finden Sie <a href=\"https:\/\/www.hsu-hh.de\/padigi\/wp-content\/uploads\/sites\/920\/2025\/08\/250730_Fromm_Schriftenverzeichnis.pdf\" data-type=\"link\" data-id=\"https:\/\/www.hsu-hh.de\/padigi\/wp-content\/uploads\/sites\/920\/2024\/11\/241031_Fromm_CV_Internetseite.pdf\" target=\"_blank\" rel=\"noreferrer noopener\">hier<\/a>.<\/strong><\/p>\n\n\n\n<div style=\"height:40px\" aria-hidden=\"true\" class=\"wp-block-spacer\"><\/div>\n\n\n\n<p><strong>Mitgliedschaften:<\/strong><br>International Political Science Association (IPSA)<br>Research Committee Structure &amp; Organization of Government (SOG)<br>International Public Policy Association (IPPA)<br>Deutsche Vereinigung f\u00fcr Politikwissenschaft (DVPW)<br>DVPW-Sektion &#8222;Policy-Analyse und Verwaltungswissenschaft&#8220;<br>Forum Junge Staats-, Policy- und Verwaltungsforschung (FoJus)<br>AK Wissenschaft, Politik und Technik<br>Netzwerk Wissenschaftsbasierte Politikberatung<\/p>\n","protected":false},"excerpt":{"rendered":"<p>Wissenschaftliche Mitarbeiterin (PostDoc) \/ Verwaltungswissenschaft, insbesondere Digital Government Helmut-Schmidt-Universit\u00e4tFakult\u00e4t f\u00fcr Wirtschafts- und SozialwissenschaftenProfessur f\u00fcr Verwaltungswissenschaft, insb. Digital GovernmentFriedrich-Ebert-Damm 24522159 Hamburg Geb\u00e4ude: Campus NordRaum: 3 E 152Telefon: +49 40 6541 4566E-Mail: [&hellip;]<\/p>\n","protected":false},"author":3887,"featured_media":0,"parent":106,"menu_order":0,"comment_status":"closed","ping_status":"closed","template":"","meta":{"footnotes":""},"categories":[8],"tags":[],"class_list":["post-157","page","type-page","status-publish","hentry","category-team"],"_links":{"self":[{"href":"https:\/\/www.hsu-hh.de\/padigi\/wp-json\/wp\/v2\/pages\/157","targetHints":{"allow":["GET"]}}],"collection":[{"href":"https:\/\/www.hsu-hh.de\/padigi\/wp-json\/wp\/v2\/pages"}],"about":[{"href":"https:\/\/www.hsu-hh.de\/padigi\/wp-json\/wp\/v2\/types\/page"}],"author":[{"embeddable":true,"href":"https:\/\/www.hsu-hh.de\/padigi\/wp-json\/wp\/v2\/users\/3887"}],"replies":[{"embeddable":true,"href":"https:\/\/www.hsu-hh.de\/padigi\/wp-json\/wp\/v2\/comments?post=157"}],"version-history":[{"count":43,"href":"https:\/\/www.hsu-hh.de\/padigi\/wp-json\/wp\/v2\/pages\/157\/revisions"}],"predecessor-version":[{"id":1216,"href":"https:\/\/www.hsu-hh.de\/padigi\/wp-json\/wp\/v2\/pages\/157\/revisions\/1216"}],"up":[{"embeddable":true,"href":"https:\/\/www.hsu-hh.de\/padigi\/wp-json\/wp\/v2\/pages\/106"}],"wp:attachment":[{"href":"https:\/\/www.hsu-hh.de\/padigi\/wp-json\/wp\/v2\/media?parent=157"}],"wp:term":[{"taxonomy":"category","embeddable":true,"href":"https:\/\/www.hsu-hh.de\/padigi\/wp-json\/wp\/v2\/categories?post=157"},{"taxonomy":"post_tag","embeddable":true,"href":"https:\/\/www.hsu-hh.de\/padigi\/wp-json\/wp\/v2\/tags?post=157"}],"curies":[{"name":"wp","href":"https:\/\/api.w.org\/{rel}","templated":true}]}}