{"id":1388,"date":"2026-05-07T11:59:56","date_gmt":"2026-05-07T09:59:56","guid":{"rendered":"https:\/\/www.hsu-hh.de\/padigi\/?page_id=1388"},"modified":"2026-05-07T12:02:43","modified_gmt":"2026-05-07T10:02:43","slug":"samuel-zehrer","status":"publish","type":"page","link":"https:\/\/www.hsu-hh.de\/padigi\/samuel-zehrer\/","title":{"rendered":"Samuel Zehrer"},"content":{"rendered":"\n<p>Helmut-Schmidt-Universit\u00e4t<br>Fakult\u00e4t f\u00fcr Wirtschafts- und Sozialwissenschaften<br>Professur f\u00fcr Verwaltungswissenschaft, <abbr title=\"insbesondere\">insb.<\/abbr> Digital Government<br>Friedrich-Ebert-Damm 24522159 Hamburg<\/p>\n\n\n\n<div style=\"height:1em\" aria-hidden=\"true\" class=\"wp-block-spacer\"><\/div>\n\n\n\n<p><strong>Akademischer Werdegang<\/strong><\/p>\n\n\n\n<ul class=\"wp-block-list\">\n<li><strong>Seit 01\/26 <\/strong>Studium M.A. Digital Governance and Administration an der Helmut-Schmidt-Universit\u00e4t\/Universit\u00e4t der Bundeswehr Hamburg<\/li>\n<\/ul>\n\n\n\n<p><\/p>\n","protected":false},"excerpt":{"rendered":"<p>Helmut-Schmidt-Universit\u00e4tFakult\u00e4t f\u00fcr Wirtschafts- und SozialwissenschaftenProfessur f\u00fcr Verwaltungswissenschaft, insb. Digital GovernmentFriedrich-Ebert-Damm 24522159 Hamburg Akademischer Werdegang<\/p>\n","protected":false},"author":3932,"featured_media":0,"parent":0,"menu_order":0,"comment_status":"closed","ping_status":"closed","template":"","meta":{"footnotes":""},"categories":[4,35,8],"tags":[],"class_list":["post-1388","page","type-page","status-publish","hentry","category-forschung","category-startseite","category-team"],"_links":{"self":[{"href":"https:\/\/www.hsu-hh.de\/padigi\/wp-json\/wp\/v2\/pages\/1388","targetHints":{"allow":["GET"]}}],"collection":[{"href":"https:\/\/www.hsu-hh.de\/padigi\/wp-json\/wp\/v2\/pages"}],"about":[{"href":"https:\/\/www.hsu-hh.de\/padigi\/wp-json\/wp\/v2\/types\/page"}],"author":[{"embeddable":true,"href":"https:\/\/www.hsu-hh.de\/padigi\/wp-json\/wp\/v2\/users\/3932"}],"replies":[{"embeddable":true,"href":"https:\/\/www.hsu-hh.de\/padigi\/wp-json\/wp\/v2\/comments?post=1388"}],"version-history":[{"count":3,"href":"https:\/\/www.hsu-hh.de\/padigi\/wp-json\/wp\/v2\/pages\/1388\/revisions"}],"predecessor-version":[{"id":1392,"href":"https:\/\/www.hsu-hh.de\/padigi\/wp-json\/wp\/v2\/pages\/1388\/revisions\/1392"}],"wp:attachment":[{"href":"https:\/\/www.hsu-hh.de\/padigi\/wp-json\/wp\/v2\/media?parent=1388"}],"wp:term":[{"taxonomy":"category","embeddable":true,"href":"https:\/\/www.hsu-hh.de\/padigi\/wp-json\/wp\/v2\/categories?post=1388"},{"taxonomy":"post_tag","embeddable":true,"href":"https:\/\/www.hsu-hh.de\/padigi\/wp-json\/wp\/v2\/tags?post=1388"}],"curies":[{"name":"wp","href":"https:\/\/api.w.org\/{rel}","templated":true}]}}