{"id":1269,"date":"2025-11-04T10:07:07","date_gmt":"2025-11-04T09:07:07","guid":{"rendered":"https:\/\/www.hsu-hh.de\/padigi\/?page_id=1269"},"modified":"2026-03-03T12:50:36","modified_gmt":"2026-03-03T11:50:36","slug":"dr-sarah-cardaun","status":"publish","type":"page","link":"https:\/\/www.hsu-hh.de\/padigi\/dr-sarah-cardaun\/","title":{"rendered":"Dr. Sarah Cardaun"},"content":{"rendered":"\n<p>Wissenschaftliche Mitarbeiterin<\/p>\n\n\n\n<div class=\"wp-block-columns is-layout-flex wp-container-core-columns-is-layout-9d6595d7 wp-block-columns-is-layout-flex\">\n<div class=\"wp-block-column is-layout-flow wp-block-column-is-layout-flow\">\n<p>Helmut-Schmidt-Universit\u00e4t<br>Fakult\u00e4t f\u00fcr Wirtschafts- und Sozialwissenschaften<br>Professur f\u00fcr Verwaltungswissenschaft<br>Holstenhofweg 85<br>22043 Hamburg<\/p>\n<\/div>\n\n\n\n<div class=\"wp-block-column is-layout-flow wp-block-column-is-layout-flow\"><div class=\"wp-block-image\">\n<figure class=\"alignright is-resized\"><img decoding=\"async\" src=\"https:\/\/www.hsu-hh.de\/vw\/wp-content\/uploads\/sites\/685\/2023\/10\/Sarah-Cardaun-755x1024.jpg\" alt=\"\" class=\"wp-image-2575\" style=\"width:200px\" \/><\/figure>\n<\/div>\n\n\n<p><strong>Geb\u00e4ude<\/strong>: H 1, <strong>Raum:<\/strong> 2508<br><strong>Telefon<\/strong>: +4940 6541 2786<br><strong>Fax<\/strong>: +4940 6541 3522<br><strong>E-Mail:<\/strong> cardauns@hsu-hh.de<\/p>\n<\/div>\n<\/div>\n\n\n\n<h2 class=\"wp-block-heading\"><strong>Wissenschaftlicher Werdegang<\/strong><\/h2>\n\n\n\n<ul class=\"wp-block-list\">\n<li>Seit Okt. 2025: Mitarbeiterin im Projekt \u201cGesamtverteidigung \u2013 F\u00f6derale Koordination und zivil-milit\u00e4rische Zusammenarbeit\u201d, Projektleitung <abbr title=\"Professor\">Prof.<\/abbr>&nbsp;<abbr title=\"Doktor\">Dr.<\/abbr>&nbsp;Florian Grotz und&nbsp;<abbr title=\"Professor\">Prof.<\/abbr>&nbsp;<abbr title=\"Doktor\">Dr.<\/abbr>&nbsp;Sylvia Veit, Helmut-Schmidt-Universit\u00e4t Hamburg<\/li>\n\n\n\n<li>2019-2025: Wissenschaftliche Mitarbeiterin an der Professur f\u00fcr Verwaltungswissenschaft (<abbr title=\"Professor\">Prof.<\/abbr> <abbr title=\"Doktor\">Dr.<\/abbr> Tanja Klenk), Helmut-Schmidt-Universit\u00e4t Hamburg<\/li>\n\n\n\n<li>2011-2014: vollzeitliche Lehrt\u00e4tigkeit am King\u2019s College London (Lecturer)<\/li>\n\n\n\n<li>2009-2013: Promotion am King\u2019s College London in Middle Eastern Studies<\/li>\n\n\n\n<li>1999-2006: Magisterstudium an der Freien Universit\u00e4t Berlin (Publizistik- und Kommunikationswissenschaft, Politikwissenschaft und Betriebswirtschaftslehre)<\/li>\n<\/ul>\n\n\n\n<h2 class=\"wp-block-heading\">Ausgew\u00e4hlte Publikationen<\/h2>\n\n\n\n<ul class=\"wp-block-list\">\n<li>Miller, R., and S. Cardaun (2025). \u201cForeign Policy Agendas and Participation in Locally Led Informal Security Coalitions: Pakistan, Sudan, and the Yemen War Coalition.\u201d&nbsp;<em>The Middle East Journal<\/em>, 78(2-3), 153\u2013174.&nbsp;<a href=\"https:\/\/doi.org\/10.3751\/78.23.12\" rel='nofollow'>https:\/\/doi.org\/10.3751\/78.23.12<\/a><\/li>\n\n\n\n<li>Cardaun, S., und S. Veit (2025). \u201eIntegrierte Sicherheit durch einen Sicherheitsrat? Ans\u00e4tze zur Institutionalisierung der Nationalen Sicherheitsstrategie.\u201c&nbsp;<em>Zeitschrift f\u00fcr Politik<\/em>, 201-220.&nbsp;<a href=\"https:\/\/doi.org\/10.5771\/9783748951094-201\" rel='nofollow'>doi.org\/10.5771\/9783748951094-201<\/a><\/li>\n\n\n\n<li>Cardaun, S. (2025). \u201cHybrid Governance Arrangements and the Protection of Jewish Communities.\u201d In&nbsp;<em>Public Policies for Hybrid Governance<\/em>, ed. by: J. Vakkuri, R. Pinheiro, J.-E. Johanson, and T. Erkkil\u00e4, S. 299\u2013311, Cheltenham: Edward Elgar.&nbsp;<a href=\"https:\/\/doi.org\/10.4337\/9781035311637.00029\" rel='nofollow'>https:\/\/doi.org\/10.4337\/9781035311637.00029<\/a><\/li>\n\n\n\n<li>Cardaun, S. (2024). \u201cRethinking Public Administration: By Marc Holzer, Cheltenham, Edward Elgar, 2023, 190 Pp., \u00a380.00.\u201d&nbsp;<em>International Journal of Public Administration<\/em>, June, 1\u20132. doi:10.1080\/01900692.2024.2360560&nbsp;<a href=\"https:\/\/www.hsu-hh.de\/vw\/dr-sarah-cardaun\"><\/a><\/li>\n\n\n\n<li>Davidovitz, M., S. Cardaun, T. Klenk, and N. Cohen (2023). \u201cHow do Different Organizational Influences Lead Street-Level Workers to Move Towards Clients? A Comparison of Care Services for the Elderly in Germany and Israel.\u201d&nbsp;<em>Public Management Review<\/em>&nbsp;25 (12), 2451\u20132468.&nbsp;<a href=\"https:\/\/doi.org\/10.1080\/14719037.2022.2098531\" rel='nofollow'>https:\/\/doi.org\/10.1080\/14719037.2022.2098531<\/a><\/li>\n\n\n\n<li>Cohen, N., T. Klenk, M. Davidovitz, and S. Cardaun (2023). \u201cVarieties of Welfare Markets from a Street-Level Perspective: Comparing Long-Term Care Services in Germany and Israel.\u201d&nbsp;<em>Public Administration Review&nbsp;<\/em>83 (2): 419\u2013428.&nbsp;<a href=\"https:\/\/doi.org\/10.1111\/puar.13549\" rel='nofollow'>https:\/\/doi.org\/10.1111\/puar.13549<\/a><\/li>\n\n\n\n<li>Miller, R., and S. Cardaun (2020). \u201cMultinational Security Coalitions and the Limits of Middle Power Activism in the Middle East: The Saudi Case.\u201d&nbsp;<em>International Affairs<\/em>&nbsp;98 (6), 1509\u20131525.&nbsp;<a href=\"https:\/\/doi.org\/10.1093\/ia\/iiaa158\" rel='nofollow'>https:\/\/doi.org\/10.1093\/ia\/iiaa158<\/a><\/li>\n\n\n\n<li>Miller, R., and S. Cardaun. (2019). \u201cNegotiating Insecurity: Small States and Multinational Security Coalitions in the Middle East\u201d, Insights (National University of Singapore) no. 2010.<\/li>\n\n\n\n<li>Cardaun, S. (2015)<em>. Countering Contemporary Antisemitism in Britain: Government and Civil society Responses between Universalism and Particularism.<\/em>&nbsp;Leiden; Boston: Brill.<\/li>\n<\/ul>\n","protected":false},"excerpt":{"rendered":"<p>Wissenschaftliche Mitarbeiterin Helmut-Schmidt-Universit\u00e4tFakult\u00e4t f\u00fcr Wirtschafts- und SozialwissenschaftenProfessur f\u00fcr VerwaltungswissenschaftHolstenhofweg 8522043 Hamburg Geb\u00e4ude: H 1, Raum: 2508Telefon: +4940 6541 2786Fax: +4940 6541 3522E-Mail: cardauns@hsu-hh.de Wissenschaftlicher Werdegang Ausgew\u00e4hlte Publikationen<\/p>\n","protected":false},"author":3932,"featured_media":0,"parent":0,"menu_order":0,"comment_status":"closed","ping_status":"closed","template":"","meta":{"footnotes":""},"categories":[4,35,8],"tags":[],"class_list":["post-1269","page","type-page","status-publish","hentry","category-forschung","category-startseite","category-team"],"_links":{"self":[{"href":"https:\/\/www.hsu-hh.de\/padigi\/wp-json\/wp\/v2\/pages\/1269","targetHints":{"allow":["GET"]}}],"collection":[{"href":"https:\/\/www.hsu-hh.de\/padigi\/wp-json\/wp\/v2\/pages"}],"about":[{"href":"https:\/\/www.hsu-hh.de\/padigi\/wp-json\/wp\/v2\/types\/page"}],"author":[{"embeddable":true,"href":"https:\/\/www.hsu-hh.de\/padigi\/wp-json\/wp\/v2\/users\/3932"}],"replies":[{"embeddable":true,"href":"https:\/\/www.hsu-hh.de\/padigi\/wp-json\/wp\/v2\/comments?post=1269"}],"version-history":[{"count":7,"href":"https:\/\/www.hsu-hh.de\/padigi\/wp-json\/wp\/v2\/pages\/1269\/revisions"}],"predecessor-version":[{"id":1344,"href":"https:\/\/www.hsu-hh.de\/padigi\/wp-json\/wp\/v2\/pages\/1269\/revisions\/1344"}],"wp:attachment":[{"href":"https:\/\/www.hsu-hh.de\/padigi\/wp-json\/wp\/v2\/media?parent=1269"}],"wp:term":[{"taxonomy":"category","embeddable":true,"href":"https:\/\/www.hsu-hh.de\/padigi\/wp-json\/wp\/v2\/categories?post=1269"},{"taxonomy":"post_tag","embeddable":true,"href":"https:\/\/www.hsu-hh.de\/padigi\/wp-json\/wp\/v2\/tags?post=1269"}],"curies":[{"name":"wp","href":"https:\/\/api.w.org\/{rel}","templated":true}]}}