{"id":1074,"date":"2025-05-12T15:18:53","date_gmt":"2025-05-12T13:18:53","guid":{"rendered":"https:\/\/www.hsu-hh.de\/padigi\/?page_id=1074"},"modified":"2025-05-12T15:18:56","modified_gmt":"2025-05-12T13:18:56","slug":"lisa-aboharb","status":"publish","type":"page","link":"https:\/\/www.hsu-hh.de\/padigi\/lisa-aboharb\/","title":{"rendered":"Lisa Aboharb"},"content":{"rendered":"\n<div class=\"wp-block-columns is-layout-flex wp-container-core-columns-is-layout-9d6595d7 wp-block-columns-is-layout-flex\">\n<div class=\"wp-block-column is-layout-flow wp-block-column-is-layout-flow\">\n<p>Helmut-Schmidt-Universit\u00e4t<br>Fakult\u00e4t f\u00fcr Wirtschafts- und Sozialwissenschaften<br>Professur f\u00fcr Verwaltungswissenschaft, <abbr title=\"insbesondere\">insb.<\/abbr> Digital Government<br>Friedrich-Ebert-Damm 245<br>22159 Hamburg<\/p>\n<\/div>\n\n\n\n<div class=\"wp-block-column is-layout-flow wp-block-column-is-layout-flow\">\n<p>E-Mail:\u00a0<a href=\"mailto:aboharbl@hsu.hamburg\" rel='nofollow'>aboharbl@hsu.hamburg<\/a><\/p>\n<\/div>\n<\/div>\n\n\n\n<p><strong>Akademischer Werdegang<\/strong><\/p>\n\n\n\n<ul class=\"wp-block-list\">\n<li><strong>Seit 10\/23\u00a0<\/strong>Studium BA. 4. Semester Politik, Verwaltung und Organisation an der Universit\u00e4t\u00a0Potsdam<\/li>\n<\/ul>\n","protected":false},"excerpt":{"rendered":"<p>Helmut-Schmidt-Universit\u00e4tFakult\u00e4t f\u00fcr Wirtschafts- und SozialwissenschaftenProfessur f\u00fcr Verwaltungswissenschaft, insb. Digital GovernmentFriedrich-Ebert-Damm 24522159 Hamburg E-Mail:\u00a0aboharbl@hsu.hamburg Akademischer Werdegang<\/p>\n","protected":false},"author":4039,"featured_media":0,"parent":0,"menu_order":0,"comment_status":"closed","ping_status":"closed","template":"","meta":{"footnotes":""},"categories":[4],"tags":[],"class_list":["post-1074","page","type-page","status-publish","hentry","category-forschung"],"_links":{"self":[{"href":"https:\/\/www.hsu-hh.de\/padigi\/wp-json\/wp\/v2\/pages\/1074","targetHints":{"allow":["GET"]}}],"collection":[{"href":"https:\/\/www.hsu-hh.de\/padigi\/wp-json\/wp\/v2\/pages"}],"about":[{"href":"https:\/\/www.hsu-hh.de\/padigi\/wp-json\/wp\/v2\/types\/page"}],"author":[{"embeddable":true,"href":"https:\/\/www.hsu-hh.de\/padigi\/wp-json\/wp\/v2\/users\/4039"}],"replies":[{"embeddable":true,"href":"https:\/\/www.hsu-hh.de\/padigi\/wp-json\/wp\/v2\/comments?post=1074"}],"version-history":[{"count":1,"href":"https:\/\/www.hsu-hh.de\/padigi\/wp-json\/wp\/v2\/pages\/1074\/revisions"}],"predecessor-version":[{"id":1075,"href":"https:\/\/www.hsu-hh.de\/padigi\/wp-json\/wp\/v2\/pages\/1074\/revisions\/1075"}],"wp:attachment":[{"href":"https:\/\/www.hsu-hh.de\/padigi\/wp-json\/wp\/v2\/media?parent=1074"}],"wp:term":[{"taxonomy":"category","embeddable":true,"href":"https:\/\/www.hsu-hh.de\/padigi\/wp-json\/wp\/v2\/categories?post=1074"},{"taxonomy":"post_tag","embeddable":true,"href":"https:\/\/www.hsu-hh.de\/padigi\/wp-json\/wp\/v2\/tags?post=1074"}],"curies":[{"name":"wp","href":"https:\/\/api.w.org\/{rel}","templated":true}]}}