{"id":1042,"date":"2025-05-05T09:43:08","date_gmt":"2025-05-05T07:43:08","guid":{"rendered":"https:\/\/www.hsu-hh.de\/padigi\/?page_id=1042"},"modified":"2026-03-24T09:33:05","modified_gmt":"2026-03-24T08:33:05","slug":"jasmin-theres-beneke","status":"publish","type":"page","link":"https:\/\/www.hsu-hh.de\/padigi\/jasmin-theres-beneke\/","title":{"rendered":"Dr. Jasmin Theres Beneke"},"content":{"rendered":"\n<h3 class=\"wp-block-heading\">Wissenschaftliche Mitarbeiterin \/ Verwaltungswissenschaft, insbesondere Digital Government<\/h3>\n\n\n\n<figure class=\"wp-block-image alignnone size-large is-resized\"><img loading=\"lazy\" decoding=\"async\" width=\"1024\" height=\"628\" src=\"https:\/\/www.hsu-hh.de\/padigi\/wp-content\/uploads\/sites\/920\/2025\/05\/Lichtild_Jasmin-Beneke-2024-1024x628.jpg\" data-credit=\"Jasmin Beneke\" alt=\"\" class=\"wp-image-1036\" style=\"width:590px;height:auto\" srcset=\"https:\/\/www.hsu-hh.de\/padigi\/wp-content\/uploads\/sites\/920\/2025\/05\/Lichtild_Jasmin-Beneke-2024-1024x628.jpg 1024w, https:\/\/www.hsu-hh.de\/padigi\/wp-content\/uploads\/sites\/920\/2025\/05\/Lichtild_Jasmin-Beneke-2024-300x184.jpg 300w, https:\/\/www.hsu-hh.de\/padigi\/wp-content\/uploads\/sites\/920\/2025\/05\/Lichtild_Jasmin-Beneke-2024-768x471.jpg 768w, https:\/\/www.hsu-hh.de\/padigi\/wp-content\/uploads\/sites\/920\/2025\/05\/Lichtild_Jasmin-Beneke-2024-1536x942.jpg 1536w, https:\/\/www.hsu-hh.de\/padigi\/wp-content\/uploads\/sites\/920\/2025\/05\/Lichtild_Jasmin-Beneke-2024-2048x1256.jpg 2048w, https:\/\/www.hsu-hh.de\/padigi\/wp-content\/uploads\/sites\/920\/2025\/05\/Lichtild_Jasmin-Beneke-2024-1100x675.jpg 1100w\" sizes=\"auto, (max-width: 1024px) 100vw, 1024px\" \/><\/figure>\n\n\n\n<div class=\"wp-block-columns is-layout-flex wp-container-core-columns-is-layout-9d6595d7 wp-block-columns-is-layout-flex\">\n<div class=\"wp-block-column is-layout-flow wp-block-column-is-layout-flow\">\n<p>Helmut-Schmidt-Universit\u00e4t<br>Fakult\u00e4t f\u00fcr Wirtschafts- und Sozialwissenschaften<br>Professur f\u00fcr Verwaltungswissenschaft, <abbr title=\"insbesondere\">insb.<\/abbr> Digital Government<br>Friedrich-Ebert-Damm 245<br>22159 Hamburg<\/p>\n<\/div>\n\n\n\n<div class=\"wp-block-column is-layout-flow wp-block-column-is-layout-flow\">\n<p>Geb\u00e4ude: Campus Nord<br>Raum: 3 E 152<br>E-Mail: <a href=\"mailto:benekej@hsu.hamburg\" rel='nofollow'>benekej@hsu.hamburg<\/a><\/p>\n<\/div>\n<\/div>\n\n\n\n<div style=\"height:40px\" aria-hidden=\"true\" class=\"wp-block-spacer\"><\/div>\n\n\n\n<p><strong>Wissenschaftlicher Werdegang<\/strong><\/p>\n\n\n\n<ul class=\"wp-block-list\">\n<li><strong>Seit 04\/2025<\/strong> Wissenschaftliche Mitarbeiterin, Professur Verwaltungswissenschaft, <abbr title=\"insbesondere\">insb.<\/abbr> Digital Government<\/li>\n\n\n\n<li><strong>Seit 10\/2023<\/strong> Lehrauftrag beim Weiterbildungsstudiengang \u201eMaster of Public Administration\u201c (MPA), Universit\u00e4t Kassel<\/li>\n\n\n\n<li><strong>04\/2019-03\/2025<\/strong> Wissenschaftliche Mitarbeiterin im Arbeitsbereich Politikfelder und Politische Verwaltung am Institut f\u00fcr Politikwissenschaft der Leibniz Universit\u00e4t Hannover<\/li>\n\n\n\n<li><strong>04\/2017-03\/2022<\/strong> Mitarbeiterin im Forschungsprojekt zur \u201ePolitisch-Administrativen Elite\u201c (PAE), Erhebungen 2017 &amp; 2021<\/li>\n\n\n\n<li><strong>10\/2013-03\/2019<\/strong> Studentische Hilfskraft und Tutorin am Institut f\u00fcr Politikwissenschaft der Leibniz Universit\u00e4t Hannover<\/li>\n<\/ul>\n\n\n\n<div style=\"height:40px\" aria-hidden=\"true\" class=\"wp-block-spacer\"><\/div>\n\n\n\n<p><strong>Forschungsthemen \/ -schwerpunkte<\/strong><\/p>\n\n\n\n<p>Politikberatung und Wissensnutzung, Verwaltungseliten, Verwissenschaftlichung, Politikfeldanalyse<\/p>\n","protected":false},"excerpt":{"rendered":"<p>Wissenschaftliche Mitarbeiterin \/ Verwaltungswissenschaft, insbesondere Digital Government Helmut-Schmidt-Universit\u00e4tFakult\u00e4t f\u00fcr Wirtschafts- und SozialwissenschaftenProfessur f\u00fcr Verwaltungswissenschaft, insb. Digital GovernmentFriedrich-Ebert-Damm 24522159 Hamburg Geb\u00e4ude: Campus NordRaum: 3 E 152E-Mail: benekej@hsu.hamburg Wissenschaftlicher Werdegang Forschungsthemen \/ [&hellip;]<\/p>\n","protected":false},"author":4039,"featured_media":0,"parent":0,"menu_order":0,"comment_status":"closed","ping_status":"closed","template":"","meta":{"footnotes":""},"categories":[4],"tags":[],"class_list":["post-1042","page","type-page","status-publish","hentry","category-forschung"],"_links":{"self":[{"href":"https:\/\/www.hsu-hh.de\/padigi\/wp-json\/wp\/v2\/pages\/1042","targetHints":{"allow":["GET"]}}],"collection":[{"href":"https:\/\/www.hsu-hh.de\/padigi\/wp-json\/wp\/v2\/pages"}],"about":[{"href":"https:\/\/www.hsu-hh.de\/padigi\/wp-json\/wp\/v2\/types\/page"}],"author":[{"embeddable":true,"href":"https:\/\/www.hsu-hh.de\/padigi\/wp-json\/wp\/v2\/users\/4039"}],"replies":[{"embeddable":true,"href":"https:\/\/www.hsu-hh.de\/padigi\/wp-json\/wp\/v2\/comments?post=1042"}],"version-history":[{"count":2,"href":"https:\/\/www.hsu-hh.de\/padigi\/wp-json\/wp\/v2\/pages\/1042\/revisions"}],"predecessor-version":[{"id":1353,"href":"https:\/\/www.hsu-hh.de\/padigi\/wp-json\/wp\/v2\/pages\/1042\/revisions\/1353"}],"wp:attachment":[{"href":"https:\/\/www.hsu-hh.de\/padigi\/wp-json\/wp\/v2\/media?parent=1042"}],"wp:term":[{"taxonomy":"category","embeddable":true,"href":"https:\/\/www.hsu-hh.de\/padigi\/wp-json\/wp\/v2\/categories?post=1042"},{"taxonomy":"post_tag","embeddable":true,"href":"https:\/\/www.hsu-hh.de\/padigi\/wp-json\/wp\/v2\/tags?post=1042"}],"curies":[{"name":"wp","href":"https:\/\/api.w.org\/{rel}","templated":true}]}}