{"id":1035,"date":"2025-05-05T09:34:58","date_gmt":"2025-05-05T07:34:58","guid":{"rendered":"https:\/\/www.hsu-hh.de\/padigi\/?page_id=1035"},"modified":"2025-05-05T09:36:06","modified_gmt":"2025-05-05T07:36:06","slug":"thies-baars","status":"publish","type":"page","link":"https:\/\/www.hsu-hh.de\/padigi\/thies-baars\/","title":{"rendered":"Thies Baars"},"content":{"rendered":"\n<figure class=\"wp-block-image size-large is-resized\"><img loading=\"lazy\" decoding=\"async\" width=\"768\" height=\"1024\" src=\"https:\/\/www.hsu-hh.de\/padigi\/wp-content\/uploads\/sites\/920\/2025\/05\/Bild-HSU-768x1024.jpg\" data-credit=\"Thies Baars\" alt=\"\" class=\"wp-image-1037\" style=\"width:227px;height:auto\" srcset=\"https:\/\/www.hsu-hh.de\/padigi\/wp-content\/uploads\/sites\/920\/2025\/05\/Bild-HSU-768x1024.jpg 768w, https:\/\/www.hsu-hh.de\/padigi\/wp-content\/uploads\/sites\/920\/2025\/05\/Bild-HSU-225x300.jpg 225w, https:\/\/www.hsu-hh.de\/padigi\/wp-content\/uploads\/sites\/920\/2025\/05\/Bild-HSU-1152x1536.jpg 1152w, https:\/\/www.hsu-hh.de\/padigi\/wp-content\/uploads\/sites\/920\/2025\/05\/Bild-HSU-1100x1467.jpg 1100w, https:\/\/www.hsu-hh.de\/padigi\/wp-content\/uploads\/sites\/920\/2025\/05\/Bild-HSU.jpg 1200w\" sizes=\"auto, (max-width: 768px) 100vw, 768px\" \/><\/figure>\n\n\n\n<div class=\"wp-block-columns is-layout-flex wp-container-core-columns-is-layout-9d6595d7 wp-block-columns-is-layout-flex\">\n<div class=\"wp-block-column is-layout-flow wp-block-column-is-layout-flow\">\n<p>Helmut-Schmidt-Universit\u00e4t<br>Fakult\u00e4t f\u00fcr Wirtschafts- und Sozialwissenschaften<br>Professur f\u00fcr Verwaltungswissenschaft, <abbr title=\"insbesondere\">insb.<\/abbr> Digital Government<br>Friedrich-Ebert-Damm 245<br>22159 Hamburg<\/p>\n<\/div>\n\n\n\n<div class=\"wp-block-column is-layout-flow wp-block-column-is-layout-flow\">\n<p>E-Mail: <a href=\"mailto:baarst@hsu.hamburg\" rel='nofollow'>baarst@hsu.hamburg<\/a><\/p>\n<\/div>\n<\/div>\n\n\n\n<div style=\"height:50px\" aria-hidden=\"true\" class=\"wp-block-spacer\"><\/div>\n\n\n\n<p><strong>Akademischer Werdegang<\/strong><\/p>\n\n\n\n<ul class=\"wp-block-list\">\n<li><strong>Seit 10\/2022<\/strong> Studium B.Sc. Public Governance across Borders an der Universit\u00e4t M\u00fcnster und University of Twente<\/li>\n<\/ul>\n","protected":false},"excerpt":{"rendered":"<p>Helmut-Schmidt-Universit\u00e4tFakult\u00e4t f\u00fcr Wirtschafts- und SozialwissenschaftenProfessur f\u00fcr Verwaltungswissenschaft, insb. Digital GovernmentFriedrich-Ebert-Damm 24522159 Hamburg E-Mail: baarst@hsu.hamburg Akademischer Werdegang<\/p>\n","protected":false},"author":4039,"featured_media":0,"parent":0,"menu_order":0,"comment_status":"closed","ping_status":"closed","template":"","meta":{"footnotes":""},"categories":[4],"tags":[],"class_list":["post-1035","page","type-page","status-publish","hentry","category-forschung"],"_links":{"self":[{"href":"https:\/\/www.hsu-hh.de\/padigi\/wp-json\/wp\/v2\/pages\/1035","targetHints":{"allow":["GET"]}}],"collection":[{"href":"https:\/\/www.hsu-hh.de\/padigi\/wp-json\/wp\/v2\/pages"}],"about":[{"href":"https:\/\/www.hsu-hh.de\/padigi\/wp-json\/wp\/v2\/types\/page"}],"author":[{"embeddable":true,"href":"https:\/\/www.hsu-hh.de\/padigi\/wp-json\/wp\/v2\/users\/4039"}],"replies":[{"embeddable":true,"href":"https:\/\/www.hsu-hh.de\/padigi\/wp-json\/wp\/v2\/comments?post=1035"}],"version-history":[{"count":2,"href":"https:\/\/www.hsu-hh.de\/padigi\/wp-json\/wp\/v2\/pages\/1035\/revisions"}],"predecessor-version":[{"id":1039,"href":"https:\/\/www.hsu-hh.de\/padigi\/wp-json\/wp\/v2\/pages\/1035\/revisions\/1039"}],"wp:attachment":[{"href":"https:\/\/www.hsu-hh.de\/padigi\/wp-json\/wp\/v2\/media?parent=1035"}],"wp:term":[{"taxonomy":"category","embeddable":true,"href":"https:\/\/www.hsu-hh.de\/padigi\/wp-json\/wp\/v2\/categories?post=1035"},{"taxonomy":"post_tag","embeddable":true,"href":"https:\/\/www.hsu-hh.de\/padigi\/wp-json\/wp\/v2\/tags?post=1035"}],"curies":[{"name":"wp","href":"https:\/\/api.w.org\/{rel}","templated":true}]}}