{"id":9,"date":"2016-06-07T18:09:30","date_gmt":"2016-06-07T16:09:30","guid":{"rendered":"https:\/\/webbox.hsu-hh.de\/vorlage\/?page_id=9"},"modified":"2018-01-24T10:05:30","modified_gmt":"2018-01-24T09:05:30","slug":"impressum","status":"publish","type":"page","link":"https:\/\/www.hsu-hh.de\/orgasoz\/impressum","title":{"rendered":"Impressum"},"content":{"rendered":"<h2>Angaben gem. \u00a7 5 Telemediengesetz<\/h2>\n<p><strong>Herausgeber<\/strong><\/p>\n<p>Univ. Prof.\u00ecn <abbr title=\"Doktor\">Dr.<\/abbr> Cristina Besio<br \/>\nProfessur f\u00fcr Soziologie mit Schwerpunkt Organisationssoziologie<\/p>\n<p>Helmut-Schmidt-Universit\u00e4t<br \/>\nUniversit\u00e4t der Bundeswehr Hamburg<br \/>\nHolstenhofweg 85<br \/>\n22043 Hamburg<\/p>\n<p><strong>Telefon<\/strong><br \/>\n(040) 6541-2824<\/p>\n<p><strong>E-Mail<\/strong><br \/>\n<a href=\"mailto:cristina.besio@hsu-hh.de\" rel='nofollow'>cristina.besio@hsu-hh.de<\/a><\/p>\n<p><strong>Inhaltlich Verantwortliche gem\u00e4\u00df \u00a7 7 Telemediengesetz<\/strong><br \/>\nCristina Besio<\/p>\n","protected":false},"excerpt":{"rendered":"<p>Angaben gem. \u00a7 5 Telemediengesetz Herausgeber Univ. Prof.\u00ecn Dr. Cristina Besio Professur f\u00fcr Soziologie mit Schwerpunkt Organisationssoziologie Helmut-Schmidt-Universit\u00e4t Universit\u00e4t der Bundeswehr Hamburg Holstenhofweg 85 22043 Hamburg Telefon (040) 6541-2824 E-Mail [&hellip;]<\/p>\n","protected":false},"author":1,"featured_media":0,"parent":0,"menu_order":0,"comment_status":"closed","ping_status":"closed","template":"","meta":{"footnotes":""},"categories":[38],"tags":[42],"class_list":["post-9","page","type-page","status-publish","hentry","category-impressum","tag-impressum"],"_links":{"self":[{"href":"https:\/\/www.hsu-hh.de\/orgasoz\/wp-json\/wp\/v2\/pages\/9","targetHints":{"allow":["GET"]}}],"collection":[{"href":"https:\/\/www.hsu-hh.de\/orgasoz\/wp-json\/wp\/v2\/pages"}],"about":[{"href":"https:\/\/www.hsu-hh.de\/orgasoz\/wp-json\/wp\/v2\/types\/page"}],"author":[{"embeddable":true,"href":"https:\/\/www.hsu-hh.de\/orgasoz\/wp-json\/wp\/v2\/users\/1"}],"replies":[{"embeddable":true,"href":"https:\/\/www.hsu-hh.de\/orgasoz\/wp-json\/wp\/v2\/comments?post=9"}],"version-history":[{"count":4,"href":"https:\/\/www.hsu-hh.de\/orgasoz\/wp-json\/wp\/v2\/pages\/9\/revisions"}],"predecessor-version":[{"id":300,"href":"https:\/\/www.hsu-hh.de\/orgasoz\/wp-json\/wp\/v2\/pages\/9\/revisions\/300"}],"wp:attachment":[{"href":"https:\/\/www.hsu-hh.de\/orgasoz\/wp-json\/wp\/v2\/media?parent=9"}],"wp:term":[{"taxonomy":"category","embeddable":true,"href":"https:\/\/www.hsu-hh.de\/orgasoz\/wp-json\/wp\/v2\/categories?post=9"},{"taxonomy":"post_tag","embeddable":true,"href":"https:\/\/www.hsu-hh.de\/orgasoz\/wp-json\/wp\/v2\/tags?post=9"}],"curies":[{"name":"wp","href":"https:\/\/api.w.org\/{rel}","templated":true}]}}