{"id":222,"date":"2017-11-07T01:52:29","date_gmt":"2017-11-07T00:52:29","guid":{"rendered":"https:\/\/www.hsu-hh.de\/orgasoz\/?page_id=222"},"modified":"2026-02-06T15:14:29","modified_gmt":"2026-02-06T14:14:29","slug":"lehre-und-informationen-fuer-studierende","status":"publish","type":"page","link":"https:\/\/www.hsu-hh.de\/orgasoz\/lehre-und-informationen-fuer-studierende","title":{"rendered":"Lehre"},"content":{"rendered":"\n<div style=\"height:44px\" aria-hidden=\"true\" class=\"wp-block-spacer\"><\/div>\n\n\n\n<h2 class=\"wp-block-heading\">Lehrveranstaltungen im Wintertrimester 2026:<\/h2>\n\n\n\n<div style=\"height:59px\" aria-hidden=\"true\" class=\"wp-block-spacer\"><\/div>\n\n\n\n<p><strong>(V) Einf\u00fchrung in die Soziologie (WS15P18)<\/strong><br><strong><abbr title=\"Professor\">Prof.<\/abbr> <abbr title=\"Doktor\">Dr.<\/abbr> Cristina Besio<\/strong><\/p>\n\n\n\n<p>Dienstag, 15:45 &#8211; 17:15 Uhr &#8211; H1, SR 301\/302<\/p>\n\n\n\n<hr class=\"wp-block-separator has-alpha-channel-opacity\" \/>\n\n\n\n<p><strong>(S) Einf\u00fchrung in die Organisationssoziologie I (WS21P36)<br><abbr title=\"Professor\">Prof.<\/abbr> <abbr title=\"Doktor\">Dr.<\/abbr> Cristina Besio<\/strong><br><br>Mittwoch,  08:00 &#8211; 09:30 Uhr   &#8211;  H1, SR 110<\/p>\n\n\n\n<hr class=\"wp-block-separator has-alpha-channel-opacity\" \/>\n\n\n\n<p><strong>(S) Organisationen im gesellschaftlichen Feld: Lehrforschung II: Organisationstheorie und Auswertungsmethoden (WS23P37)<br><abbr title=\"Professor\">Prof.<\/abbr> <abbr title=\"Doktor\">Dr.<\/abbr> Cristina Besio<\/strong><\/p>\n\n\n\n<p>Mittwoch, 11:30 &#8211; 13:00 Uhr  &#8211;  H1, SR 405\/406<\/p>\n\n\n\n<hr class=\"wp-block-separator has-alpha-channel-opacity\" \/>\n\n\n\n<p><strong>(\u00dc) Einf\u00fchrung in die Soziologie: Lekt\u00fcrekurs (WS15P18), Gruppe 1<br><abbr title=\"Doktor\">Dr.<\/abbr> Marco J\u00f6stingmeier<\/strong><\/p>\n\n\n\n<p>Mittwoch,  11:30 &#8211; 13:00 Uhr  &#8211;  H1, SR 109<\/p>\n\n\n\n<hr class=\"wp-block-separator has-alpha-channel-opacity\" \/>\n\n\n\n<p><strong>(\u00dc) Einf\u00fchrung in die Soziologie: Lekt\u00fcrekurs (WS15P18), Gruppe 2<br><abbr title=\"Doktor\">Dr.<\/abbr> Marco J\u00f6stingmeier<\/strong><\/p>\n\n\n\n<p>Dienstag,  17:30 &#8211; 19:00 Uhr  &#8211;  H1, SR 108<\/p>\n\n\n\n<hr class=\"wp-block-separator has-alpha-channel-opacity\" \/>\n\n\n\n<p><strong>(\u00dc) Einf\u00fchrung in die Soziologie: Lekt\u00fcrekurs (WS15P18), Gruppe 3<br><abbr title=\"Doktor\">Dr.<\/abbr> Marco J\u00f6stingmeier<\/strong><\/p>\n\n\n\n<p>Mittwoch,  14:00 &#8211; 15:30 Uhr  &#8211;  Aulageb\u00e4ude, Aula Raum 2<\/p>\n\n\n\n<hr class=\"wp-block-separator has-alpha-channel-opacity\" \/>\n\n\n\n<div style=\"height:100px\" aria-hidden=\"true\" class=\"wp-block-spacer\"><\/div>\n\n\n\n<h2 class=\"wp-block-heading\">Vergangene Lehrveranstaltungen:<\/h2>\n\n\n\n<div style=\"height:40px\" aria-hidden=\"true\" class=\"wp-block-spacer\"><\/div>\n\n\n\n<h2 class=\"wp-block-heading\">Herbsttrimester 2025:<\/h2>\n\n\n\n<ul class=\"wp-block-list\">\n<li>Internationale Organisationen: Weltgesellschaft aus organisationssoziologischer Perspektive (WS23P41), Gruppe 1<br><abbr title=\"Professor\">Prof.<\/abbr> <abbr title=\"Doktor\">Dr.<\/abbr> Cristina Besio<\/li>\n\n\n\n<li>Internationale Organisationen: Weltgesellschaft aus organisationssoziologischer Perspektive (WS23P41), Gruppe 2<br><abbr title=\"Professor\">Prof.<\/abbr> <abbr title=\"Doktor\">Dr.<\/abbr> Cristina Besio<\/li>\n\n\n\n<li>Organisationen im gesellschaftlichen Feld: Lehrforschung I: Organisationstheorie und organisationssoziologische Erhebungsmethoden <br><abbr title=\"Professor\">Prof.<\/abbr> <abbr title=\"Doktor\">Dr.<\/abbr> Cristina Besio<\/li>\n<\/ul>\n\n\n\n<h2 class=\"wp-block-heading\">Fr\u00fchjahrstrimester 2025:<\/h2>\n\n\n\n<ul class=\"wp-block-list\">\n<li>Politische Organisation und Digitalisierung: Politische Organisationen im Kontext der Digitalisierung (WS16P15)<br><abbr title=\"Professor\">Prof.<\/abbr> <abbr title=\"Doktor\">Dr.<\/abbr> C. Besio  \/  <abbr title=\"Professor\">Prof.<\/abbr> <abbr title=\"Doktor\">Dr.<\/abbr> G. Schaal<\/li>\n\n\n\n<li>Einf\u00fchrung in die soziologische Theorie I (WS16P21)<br><abbr title=\"Professor\">Prof.<\/abbr> <abbr title=\"Doktor\">Dr.<\/abbr> Cristina Besio<\/li>\n\n\n\n<li>Einf\u00fchrung in die Organisationssoziologie II (WS21P36)<br><abbr title=\"Professor\">Prof.<\/abbr> <abbr title=\"Doktor\">Dr.<\/abbr> Cristina Besio<\/li>\n<\/ul>\n\n\n\n<hr class=\"wp-block-separator has-alpha-channel-opacity\" \/>\n\n\n\n<h2 class=\"wp-block-heading\">Wintertrimester 2025:<\/h2>\n\n\n\n<ul class=\"wp-block-list\">\n<li>Einf\u00fchrung in die Soziologie (WS15P18) &#8211; (V) &#8211; <abbr title=\"Professor\">Prof.<\/abbr> <abbr title=\"Doktor\">Dr.<\/abbr> Cristina Besio<\/li>\n\n\n\n<li>Einf\u00fchrung in die Organisationssoziologie I (WS21P36) &#8211; (S) &#8211; <abbr title=\"Professor\">Prof.<\/abbr> <abbr title=\"Doktor\">Dr.<\/abbr> Cristina Besio<\/li>\n\n\n\n<li>Forschungsseminar (WS24P43), Gruppe 2 &#8211; <abbr title=\"Professor\">Prof.<\/abbr> <abbr title=\"Doktor\">Dr.<\/abbr> Cristina Besio<\/li>\n\n\n\n<li>Organisationen im gesellschaftlichen Feld: Lehrforschung II: Organisationstheorie und Auswertungsmethoden (WS23P37) &#8211; (S) &#8211; <abbr title=\"Professor\">Prof.<\/abbr> <abbr title=\"Doktor\">Dr.<\/abbr> Cristina Besio<\/li>\n<\/ul>\n\n\n\n<hr class=\"wp-block-separator has-alpha-channel-opacity\" \/>\n\n\n\n<h2 class=\"wp-block-heading\">Herbsttrimester 2024:<\/h2>\n\n\n\n<ul class=\"wp-block-list\">\n<li>Internationale Organisationen: Weltgesellschaft aus organisationssoziologischer Perspektive (WS23P41), Gruppe 1 &#8211; <abbr title=\"Professor\">Prof.<\/abbr> Besio<\/li>\n\n\n\n<li>Internationale Organisationen: Weltgesellschaft aus organisationssoziologischer Perspektive (WS23P41), Gruppe 2 &#8211; <abbr title=\"Professor\">Prof.<\/abbr> Besio<\/li>\n\n\n\n<li>Organisationen im gesellschaftlichen Feld: Lehrforschung I: Organisationstheorie und organisationssoziologische Erhebungsmethoden (WS23P37) &#8211; <abbr title=\"Professor\">Prof.<\/abbr> Besio<\/li>\n\n\n\n<li>Einf\u00fchrung in die soziologische Theorie II (WS16P21) &#8211; <abbr title=\"Professor\">Prof.<\/abbr> <abbr title=\"Doktor\">Dr.<\/abbr> Cristina Besio<\/li>\n<\/ul>\n\n\n\n<hr class=\"wp-block-separator has-alpha-channel-opacity\" \/>\n\n\n\n<h2 class=\"wp-block-heading\">Fr\u00fchjahrstrimester 2024:<\/h2>\n\n\n\n<ul class=\"wp-block-list\">\n<li>Einf\u00fchrung in die Organisationssoziologie II (WS21P36)&nbsp;&#8211; <abbr title=\"Professor\">Prof.<\/abbr> C. Besio<\/li>\n\n\n\n<li>Einf\u00fchrung in die soziologische Theorie I (WS16P21)&nbsp; &#8211; <abbr title=\"Professor\">Prof.<\/abbr> C. Besio<\/li>\n\n\n\n<li>Politische Organisation und Digitalisierung  &#8211;  <abbr title=\"Professor\">Prof.<\/abbr> C. Besio<\/li>\n<\/ul>\n\n\n\n<hr class=\"wp-block-separator has-alpha-channel-opacity\" \/>\n\n\n\n<h2 class=\"wp-block-heading\">Wintertrimester 2024:<\/h2>\n\n\n\n<ul class=\"wp-block-list\">\n<li>Einf\u00fchrung in die Soziologie (WS15P18)&nbsp;&nbsp;&nbsp;&nbsp;&nbsp;&nbsp;&nbsp;&nbsp;&nbsp;&nbsp;&nbsp;&nbsp;&nbsp;&nbsp;&nbsp;&nbsp;&nbsp;&nbsp;&nbsp;&nbsp;&nbsp;&nbsp;&nbsp;&nbsp;&nbsp;&nbsp;&nbsp;&nbsp;&nbsp;&nbsp;&nbsp;&nbsp;&nbsp;&nbsp;&nbsp;&nbsp;&nbsp;&nbsp;&nbsp;&nbsp;&nbsp;&nbsp;&nbsp;&nbsp;&nbsp;&nbsp;&nbsp;&nbsp;&nbsp;&nbsp;&nbsp;&nbsp;&nbsp;&nbsp;&nbsp;&nbsp; &nbsp; &nbsp;&nbsp;&nbsp;&nbsp;&nbsp;&nbsp;&nbsp;&nbsp;&nbsp;&nbsp;&nbsp;&nbsp;&nbsp;&nbsp; <abbr title=\"Professor\">Prof.<\/abbr> C. Besio<\/li>\n\n\n\n<li>Einf\u00fchrung in die Organisationssoziologie I (WS21P36)&nbsp;&nbsp;&nbsp;&nbsp;&nbsp;&nbsp;&nbsp;&nbsp;&nbsp;&nbsp;&nbsp;&nbsp;&nbsp;&nbsp;&nbsp;&nbsp;&nbsp;&nbsp;&nbsp;&nbsp;&nbsp;&nbsp;&nbsp;&nbsp;&nbsp;&nbsp;&nbsp;&nbsp;&nbsp;&nbsp;&nbsp;&nbsp;&nbsp;&nbsp;&nbsp;&nbsp;&nbsp;&nbsp;&nbsp;&nbsp;&nbsp;&nbsp;&nbsp;&nbsp;&nbsp;&nbsp; &nbsp; <abbr title=\"Professor\">Prof.<\/abbr> C. Besio<\/li>\n\n\n\n<li>Organisationen im gesellschaftlichen Feld: Lehrforschung II:&nbsp;&nbsp;&nbsp;&nbsp;&nbsp;&nbsp;&nbsp;&nbsp;&nbsp;&nbsp;&nbsp;&nbsp;&nbsp;&nbsp;&nbsp;&nbsp;&nbsp;&nbsp;&nbsp;&nbsp;&nbsp;&nbsp;&nbsp;&nbsp;&nbsp;&nbsp;&nbsp;&nbsp;&nbsp;&nbsp;&nbsp;&nbsp;&nbsp;&nbsp;&nbsp;&nbsp;&nbsp; &nbsp;&nbsp; <abbr title=\"Professor\">Prof.<\/abbr> C. Besio<\/li>\n\n\n\n<li>Organisationstheorie und Auswertungsmethoden (WS23P37), Gruppe 1<\/li>\n\n\n\n<li>Einf\u00fchrung in die Soziologie: Lekt\u00fcrekurs (WS15P18) &nbsp; &nbsp; &nbsp; &nbsp; &nbsp; &nbsp; &nbsp; &nbsp;&nbsp;&nbsp; &nbsp;&nbsp; &nbsp;&nbsp;&nbsp;&nbsp;&nbsp;&nbsp;&nbsp;&nbsp;&nbsp;&nbsp;&nbsp;&nbsp;&nbsp;&nbsp;&nbsp;&nbsp;&nbsp;&nbsp;&nbsp;&nbsp;&nbsp;&nbsp;&nbsp;&nbsp;&nbsp;&nbsp;&nbsp; <abbr title=\"Doktor\">Dr.<\/abbr> M. J\u00f6stingmeier<\/li>\n\n\n\n<li>Gruppe 1, Gruppe 2, Gruppe 3<\/li>\n\n\n\n<li>Organisationen im gesellschaftlichen Feld: Lehrforschung II:&nbsp;&nbsp;&nbsp;&nbsp;&nbsp;&nbsp;&nbsp;&nbsp;&nbsp;&nbsp;&nbsp;&nbsp;&nbsp;&nbsp;&nbsp;&nbsp;&nbsp;&nbsp;&nbsp;&nbsp;&nbsp;&nbsp;&nbsp;&nbsp;&nbsp;&nbsp;&nbsp;&nbsp;&nbsp;&nbsp;&nbsp;&nbsp;&nbsp;&nbsp;&nbsp;&nbsp;&nbsp;&nbsp; <abbr title=\"Doktor\">Dr.<\/abbr> M. J\u00f6stingmeier<\/li>\n\n\n\n<li>Organisationstheorie und Auswertungsmethoden (WS23P37), Gruppe 2<\/li>\n<\/ul>\n\n\n\n<hr class=\"wp-block-separator has-alpha-channel-opacity\" \/>\n\n\n\n<h2 class=\"wp-block-heading\">Herbsttrimester 2023:<\/h2>\n\n\n\n<ul class=\"wp-block-list\">\n<li>Einf\u00fchrung in die soziologische Theorie II (WS16P21), Gruppe 1&nbsp;&nbsp;&nbsp;&nbsp;&nbsp;&nbsp;&nbsp;&nbsp;&nbsp;&nbsp;&nbsp;&nbsp;&nbsp;&nbsp;&nbsp;&nbsp;&nbsp;&nbsp;&nbsp;&nbsp;&nbsp;&nbsp;&nbsp;&nbsp;&nbsp;&nbsp;&nbsp;&nbsp;&nbsp;&nbsp;&nbsp;&nbsp;&nbsp;&nbsp;&nbsp;&nbsp;&nbsp; <abbr title=\"Professor\">Prof.<\/abbr> C. Besio<\/li>\n\n\n\n<li>Einf\u00fchrung in die soziologische Theorie II (WS16P21), Gruppe 2&nbsp;&nbsp;&nbsp;&nbsp;&nbsp;&nbsp;&nbsp;&nbsp;&nbsp;&nbsp;&nbsp;&nbsp;&nbsp;&nbsp;&nbsp;&nbsp;&nbsp;&nbsp;&nbsp;&nbsp;&nbsp;&nbsp;&nbsp;&nbsp;&nbsp;&nbsp;&nbsp;&nbsp;&nbsp;&nbsp;&nbsp;&nbsp;&nbsp;&nbsp;&nbsp;&nbsp;&nbsp; <abbr title=\"Professor\">Prof.<\/abbr> C. Besio<\/li>\n\n\n\n<li>Internationale Organisationen: Weltgesellschaft aus<\/li>\n\n\n\n<li>organisationssoziologischer Perspektive (WS23P41), Gruppe 1&nbsp;&nbsp;&nbsp;&nbsp;&nbsp;&nbsp;&nbsp;&nbsp;&nbsp;&nbsp; &nbsp; &nbsp; &nbsp; &nbsp; &nbsp; &nbsp; &nbsp; &nbsp; &nbsp; &nbsp; &nbsp; &nbsp;&nbsp; &nbsp;&nbsp;&nbsp; <abbr title=\"Professor\">Prof.<\/abbr> C. Besio<\/li>\n\n\n\n<li>Internationale Organisationen: Weltgesellschaft aus<\/li>\n\n\n\n<li>organisationssoziologischer Perspektive (WS23P41), Gruppe 2&nbsp;&nbsp;&nbsp;&nbsp;&nbsp;&nbsp; &nbsp; &nbsp; &nbsp; &nbsp; &nbsp; &nbsp; &nbsp; &nbsp; &nbsp; &nbsp; &nbsp; &nbsp; &nbsp;&nbsp; &nbsp;&nbsp;&nbsp;&nbsp;&nbsp;&nbsp; <abbr title=\"Professor\">Prof.<\/abbr> C. Besio<\/li>\n\n\n\n<li>Organisationen im gesellschaftlichen Feld: Lehrforschung I:&nbsp;&nbsp;&nbsp;&nbsp;&nbsp;&nbsp;&nbsp;&nbsp;&nbsp;&nbsp;&nbsp;&nbsp;&nbsp;&nbsp;&nbsp;&nbsp;&nbsp;&nbsp;&nbsp;&nbsp;&nbsp;&nbsp;&nbsp;&nbsp;&nbsp;&nbsp;&nbsp;&nbsp;&nbsp;&nbsp;&nbsp;&nbsp;&nbsp;&nbsp;&nbsp;&nbsp;&nbsp;&nbsp;&nbsp;&nbsp;&nbsp;&nbsp;&nbsp;&nbsp; <abbr title=\"Doktor\">Dr.<\/abbr> M. J\u00f6stingmeier<\/li>\n\n\n\n<li>Organisationstheorie und organisationssoziologische<\/li>\n\n\n\n<li>Erhebungsmethoden (WS23P37)&nbsp;&nbsp;&nbsp;&nbsp;&nbsp;&nbsp;&nbsp;&nbsp;&nbsp;&nbsp;&nbsp;<\/li>\n<\/ul>\n\n\n\n<hr class=\"wp-block-separator has-alpha-channel-opacity\" \/>\n\n\n\n<h2 class=\"wp-block-heading\">Herbsttrimester 2022:<\/h2>\n\n\n\n<ul class=\"wp-block-list\">\n<li>Einf\u00fchrung in die soziologische Theorie II (WS16P21), Gruppe 1 &nbsp;&nbsp;&nbsp;&nbsp;&nbsp;&nbsp; <abbr title=\"Professor\">Prof.<\/abbr> C. Besio<\/li>\n\n\n\n<li>Internationale Organisationen:<\/li>\n\n\n\n<li>Weltgesellschaft aus organisationssoziologischer Perspektive&nbsp; &nbsp; &nbsp; &nbsp; &nbsp;&nbsp;&nbsp; <abbr title=\"Professor\">Prof.<\/abbr> C. Besio<\/li>\n\n\n\n<li>(WS23P41), Gruppe 1<\/li>\n\n\n\n<li>Internationale Organisationen:<\/li>\n\n\n\n<li>Weltgesellschaft aus organisationssoziologischer Perspektive &nbsp; &nbsp;&nbsp; &nbsp;&nbsp;&nbsp;&nbsp; <abbr title=\"Professor\">Prof.<\/abbr> C. Besio<\/li>\n\n\n\n<li>(WS23P41), Gruppe 2<\/li>\n\n\n\n<li>Organisationen im gesellschaftlichen Feld: Lehrforschung I:<\/li>\n\n\n\n<li>Organisationstheorie und organisationssoziologische Erhebungsmethoden (WS23P37)&nbsp;&nbsp;&nbsp;&nbsp;&nbsp;&nbsp;&nbsp;&nbsp;&nbsp;&nbsp;&nbsp;&nbsp;&nbsp;&nbsp;&nbsp;&nbsp;&nbsp;&nbsp; <abbr title=\"Professor\">Prof.<\/abbr> C. Besio<\/li>\n\n\n\n<li>Verwaltungsarrangements in Politikfeldern I (WS23P35)&nbsp;&nbsp;&nbsp;&nbsp;&nbsp;&nbsp;&nbsp;&nbsp;&nbsp;&nbsp;&nbsp;&nbsp;&nbsp;&nbsp;&nbsp;&nbsp;&nbsp; <abbr title=\"Professor\">Prof.<\/abbr> C. Besio<\/li>\n<\/ul>\n\n\n\n<hr class=\"wp-block-separator has-alpha-channel-opacity\" \/>\n\n\n\n<h2 class=\"wp-block-heading\">Fr\u00fchjahrstrimester 2022:<\/h2>\n\n\n\n<ul class=\"wp-block-list\">\n<li>Politische Organisation und Digitalisierung:&nbsp;&nbsp;&nbsp;&nbsp;&nbsp;&nbsp;&nbsp;&nbsp;&nbsp;&nbsp;&nbsp;&nbsp;&nbsp;&nbsp;&nbsp;&nbsp;&nbsp;&nbsp;&nbsp;&nbsp;&nbsp;&nbsp;&nbsp;&nbsp;&nbsp;&nbsp;&nbsp;&nbsp;&nbsp;&nbsp;&nbsp;&nbsp;&nbsp;&nbsp;&nbsp;&nbsp;&nbsp;&nbsp;&nbsp;&nbsp;&nbsp;&nbsp;&nbsp;&nbsp;&nbsp;&nbsp;&nbsp;&nbsp;&nbsp;&nbsp;&nbsp;&nbsp;&nbsp; <abbr title=\"Professor\">Prof.<\/abbr> Besio\/<abbr title=\"Professor\">Prof.<\/abbr> Schaal<\/li>\n\n\n\n<li>Politische Organisationen im Kontext der Digitalisierung (WS16P15)<\/li>\n\n\n\n<li>Einf\u00fchrung in die soziologische Theorie I (WS16P21)&nbsp;&nbsp;&nbsp;&nbsp;&nbsp;&nbsp;&nbsp;&nbsp;&nbsp;&nbsp;&nbsp;&nbsp;&nbsp;&nbsp;&nbsp;&nbsp;&nbsp;&nbsp;&nbsp;&nbsp;&nbsp;&nbsp;&nbsp;&nbsp;&nbsp;&nbsp;&nbsp;&nbsp;&nbsp;&nbsp;&nbsp;&nbsp;&nbsp;&nbsp;&nbsp;&nbsp;&nbsp;&nbsp; <abbr title=\"Professor\">Prof.<\/abbr> Besio<\/li>\n\n\n\n<li>Einf\u00fchrung in die Organisationssoziologie II (WS21P36)&nbsp;&nbsp;&nbsp;&nbsp;&nbsp;&nbsp;&nbsp;&nbsp;&nbsp;&nbsp;&nbsp;&nbsp;&nbsp;&nbsp;&nbsp;&nbsp;&nbsp;&nbsp;&nbsp;&nbsp;&nbsp;&nbsp;&nbsp;&nbsp;&nbsp;&nbsp;&nbsp;&nbsp;&nbsp;&nbsp;&nbsp;&nbsp;&nbsp; <abbr title=\"Professor\">Prof.<\/abbr> Besio<\/li>\n\n\n\n<li>Einf\u00fchrung in die Organisationssoziologie II (WS21P36)&nbsp;&nbsp;&nbsp;&nbsp;&nbsp;&nbsp;&nbsp;&nbsp;&nbsp;&nbsp;&nbsp;&nbsp;&nbsp;&nbsp;&nbsp;&nbsp;&nbsp;&nbsp;&nbsp;&nbsp;&nbsp;&nbsp;&nbsp;&nbsp;&nbsp;&nbsp;&nbsp;&nbsp;&nbsp;&nbsp;&nbsp;&nbsp;&nbsp; <abbr title=\"Professor\">Prof.<\/abbr> Besio<\/li>\n<\/ul>\n\n\n\n<hr class=\"wp-block-separator has-alpha-channel-opacity\" \/>\n\n\n\n<h2 class=\"wp-block-heading\">Wintertrimester 2022:<\/h2>\n\n\n\n<ul class=\"wp-block-list\">\n<li>&#8211;&nbsp;&nbsp; digitale Lehre &#8211;<\/li>\n\n\n\n<li>Forschungsseminar (WS24P43), Gruppe 4&nbsp;&nbsp;&nbsp;&nbsp;&nbsp;&nbsp;&nbsp;&nbsp;&nbsp;&nbsp;&nbsp;&nbsp;&nbsp;&nbsp; &nbsp; &nbsp; &nbsp; &nbsp; &nbsp; &nbsp; &nbsp; &nbsp; &nbsp; &nbsp; &nbsp;&nbsp;&nbsp;&nbsp;&nbsp;&nbsp;&nbsp;&nbsp;&nbsp;&nbsp;&nbsp;&nbsp;&nbsp; <abbr title=\"Professor\">Prof.<\/abbr> Besio \/ <abbr title=\"Professor\">Prof.<\/abbr> Klenk<\/li>\n\n\n\n<li>Einf\u00fchrung in die Soziologie: Lekt\u00fcrekurs (WS15P18), Gruppe 1&nbsp;&nbsp;&nbsp;&nbsp;&nbsp;&nbsp;&nbsp;&nbsp;&nbsp;&nbsp;&nbsp;&nbsp;&nbsp;&nbsp; <abbr title=\"Doktor\">Dr.<\/abbr> J\u00f6stingmeier<\/li>\n\n\n\n<li>Einf\u00fchrung in die Soziologie: Lekt\u00fcrekurs (WS15P18), Gruppe 2&nbsp;&nbsp;&nbsp;&nbsp;&nbsp;&nbsp;&nbsp;&nbsp;&nbsp;&nbsp;&nbsp;&nbsp;&nbsp;&nbsp; <abbr title=\"Doktor\">Dr.<\/abbr> J\u00f6stingmeier<\/li>\n\n\n\n<li>Einf\u00fchrung in die Soziologie: Lekt\u00fcrekurs (WS15P18), Gruppe 3&nbsp;&nbsp;&nbsp;&nbsp;&nbsp;&nbsp;&nbsp;&nbsp;&nbsp;&nbsp;&nbsp;&nbsp;&nbsp;&nbsp;&nbsp; <abbr title=\"Doktor\">Dr.<\/abbr> J\u00f6stingmeier<\/li>\n\n\n\n<li>Einf\u00fchrung in die Organisationssoziologie I (WS21P36)&nbsp;&nbsp;&nbsp;&nbsp;&nbsp;&nbsp;&nbsp;&nbsp;&nbsp;&nbsp;&nbsp;&nbsp;&nbsp;&nbsp;&nbsp;&nbsp;&nbsp;&nbsp;&nbsp;&nbsp;&nbsp;&nbsp;&nbsp;&nbsp;&nbsp;&nbsp;&nbsp;&nbsp; A. Skripchenko<\/li>\n<\/ul>\n\n\n\n<hr class=\"wp-block-separator has-alpha-channel-opacity\" \/>\n\n\n\n<h2 class=\"wp-block-heading\">Herbsttrimester 2021:<\/h2>\n\n\n\n<ul class=\"wp-block-list\">\n<li>&#8211;&nbsp; digitale Lehre &#8211;<\/li>\n\n\n\n<li>Einf\u00fchrung in die soziologische Theorie II (WS16P21)&nbsp;&nbsp;&nbsp;&nbsp;&nbsp;&nbsp; &nbsp; &nbsp; &nbsp; &nbsp; &nbsp;&nbsp;&nbsp;&nbsp;&nbsp; <abbr title=\"Doktor\">Dr.<\/abbr> J\u00f6stingmeier<\/li>\n\n\n\n<li>Internationale Organisationen: Weltgesellschaft ausorganisationssoziologischer Perspektive&nbsp;&nbsp;&nbsp;&nbsp;&nbsp;&nbsp;&nbsp;&nbsp;&nbsp;&nbsp; <abbr title=\"Doktor\">Dr.<\/abbr> J\u00f6stingmeier<\/li>\n<\/ul>\n\n\n\n<hr class=\"wp-block-separator has-alpha-channel-opacity\" \/>\n\n\n\n<h2 class=\"wp-block-heading\">Fr\u00fchjahrstrimester 2021:<\/h2>\n\n\n\n<ul class=\"wp-block-list\">\n<li>&#8211;&nbsp;&nbsp; digitale Lehre&nbsp; &#8211;<\/li>\n\n\n\n<li>Politische Organisationen im Kontext der Digitalisierung (WS16P15)&nbsp;&nbsp;&nbsp;&nbsp;&nbsp; <abbr title=\"Professor\">Prof.<\/abbr> C. Besio \/ <abbr title=\"Professor\">Prof.<\/abbr> G. Schaal<\/li>\n\n\n\n<li>Einf\u00fchrung in die soziologische Theorie I (WS16P52)&nbsp;&nbsp;&nbsp; <abbr title=\"Doktor\">Dr.<\/abbr> J\u00f6stingmeier<\/li>\n\n\n\n<li>Einf\u00fchrung in die Organisationssoziologie II (WS21P36)&nbsp;&nbsp;&nbsp; <abbr title=\"Doktor\">Dr.<\/abbr> J\u00f6stingmeier<\/li>\n<\/ul>\n\n\n\n<hr class=\"wp-block-separator has-alpha-channel-opacity\" \/>\n\n\n\n<h2 class=\"wp-block-heading\">Wintertrimester 2021:<\/h2>\n\n\n\n<ul class=\"wp-block-list\">\n<li>&#8211; digitale Lehre &#8211;<\/li>\n\n\n\n<li>Einf\u00fchrung in die Organisationssoziologie I (WS21P36)&nbsp;&nbsp; &#8211;&nbsp; <abbr title=\"Professor\">Prof.<\/abbr> Besio<\/li>\n\n\n\n<li>Einf\u00fchrung in die Soziologie (WS15P18)&nbsp; &#8211;&nbsp;&nbsp; <abbr title=\"Professor\">Prof.<\/abbr> Besio<\/li>\n\n\n\n<li>Forschungsseminar (WS24P43), Gruppe 5&nbsp;&nbsp; &#8211;&nbsp;&nbsp; <abbr title=\"Professor\">Prof.<\/abbr> Besio<\/li>\n\n\n\n<li>Organisationen im gesell. Feld: Lehrforschung II- Organisationstheorie und Auswertungsmethoden (WS23P37)&nbsp;&nbsp; &#8211;&nbsp; <abbr title=\"Professor\">Prof.<\/abbr> Besio<\/li>\n\n\n\n<li>Einf\u00fchrung in die Soziologie: Lekt\u00fcrekurs (WS15P18), Gruppe 1&nbsp; &#8211;&nbsp; M. J\u00f6stingmeier<\/li>\n\n\n\n<li>Einf\u00fchrung in die Soziologie: Lekt\u00fcrekurs (WS15P18), Gruppe 2&nbsp; &#8211;&nbsp; M. J\u00f6stingmeier<\/li>\n\n\n\n<li>Einf\u00fchrung in die Soziologie: Lekt\u00fcrekurs (WS15P18), Gruppe 3&nbsp;&nbsp; &#8211;&nbsp;&nbsp; M. J\u00f6stingmeier<\/li>\n<\/ul>\n\n\n\n<hr class=\"wp-block-separator has-alpha-channel-opacity\" \/>\n\n\n\n<h2 class=\"wp-block-heading\">Herbsttrimester 2020:<\/h2>\n\n\n\n<ul class=\"wp-block-list\">\n<li>&#8211;&nbsp;&nbsp; digitale Lehre&nbsp;&nbsp; &#8211;<\/li>\n\n\n\n<li>Einf\u00fchrung in die soziologische Theorie II (WS16P52)&nbsp;&nbsp; &#8211;&nbsp;&nbsp; <abbr title=\"Professor\">Prof.<\/abbr> Besio<\/li>\n\n\n\n<li>Internationale Organisationen: Weltgesellschaft aus organisationssoziologischer Perspektive (WS23P41), Gruppe 1&nbsp;&nbsp; &#8211;&nbsp; <abbr title=\"Professor\">Prof.<\/abbr> Besio<\/li>\n\n\n\n<li>Internationale Organisationen: Weltgesellschaft aus organisationssoziologischer Perspektive (WS23P41), Gruppe 2&nbsp;&nbsp; &#8211;&nbsp;&nbsp; <abbr title=\"Professor\">Prof.<\/abbr> Besio<\/li>\n\n\n\n<li>Lehrforschung: Organisationstheorie und organisationssoziologische Erhebungsmethoden (WS23P37)&nbsp;&nbsp; &#8211;&nbsp; <abbr title=\"Professor\">Prof.<\/abbr> Besio<\/li>\n<\/ul>\n\n\n\n<hr class=\"wp-block-separator has-alpha-channel-opacity\" \/>\n\n\n\n<h2 class=\"wp-block-heading\">Fr\u00fchjahrstrimester 2020:<\/h2>\n\n\n\n<ul class=\"wp-block-list\">\n<li>digitale Lehre &#8211;<\/li>\n\n\n\n<li>Einf\u00fchrung in die soziologische Theorie I (WS16P52), Gruppe 1&nbsp; &#8211;&nbsp; <abbr title=\"Professor\">Prof.<\/abbr> Besio<\/li>\n\n\n\n<li>Einf\u00fchrung in die soziologische Theorie I (WS16P52), Gruppe 2 &#8211;&nbsp; <abbr title=\"Professor\">Prof.<\/abbr> Besio<\/li>\n\n\n\n<li>Einf\u00fchrung in die Organisationssoziologie II (WS21P36),&nbsp;&nbsp; &#8211;&nbsp;&nbsp; <abbr title=\"Doktor\">Dr.<\/abbr> N\u00e4ser-Lather<\/li>\n<\/ul>\n\n\n\n<hr class=\"wp-block-separator has-alpha-channel-opacity\" \/>\n\n\n\n<h2 class=\"wp-block-heading\">Wintertrimester 2020:<\/h2>\n\n\n\n<ul class=\"wp-block-list\">\n<li>Einf\u00fchrung in die Organisationssoziologie I&nbsp; &#8211;&nbsp; <abbr title=\"Professor\">Prof.<\/abbr> Besio<\/li>\n\n\n\n<li>Politische Interessenvermittlung im gesellschaftlichen Kontext: Politik und Gesellschaft&nbsp; &#8211;&nbsp; <abbr title=\"Professor\">Prof.<\/abbr> Besio<\/li>\n\n\n\n<li>Lehrforschung: Organisationstheorie und Auswertungsmethoden&nbsp; &#8211;&nbsp; <abbr title=\"Professor\">Prof.<\/abbr> Besio<\/li>\n<\/ul>\n\n\n\n<hr class=\"wp-block-separator has-alpha-channel-opacity\" \/>\n\n\n\n<h2 class=\"wp-block-heading\">Herbsttrimester 2019:<\/h2>\n\n\n\n<ul class=\"wp-block-list\">\n<li>Einf\u00fchrung in die Soziologie&nbsp; &#8211;&nbsp; <abbr title=\"Professor\">Prof.<\/abbr> Besio<\/li>\n\n\n\n<li>Lehrforschung: Organisationstheorie und organisationssoziologische Erhebungsmethoden&nbsp; &#8211;&nbsp; <abbr title=\"Professor\">Prof.<\/abbr> Besio<\/li>\n\n\n\n<li>Internationale Organisationen: Weltgesellschaft aus organisationssoziologischer Perspektive, Gruppe 1&nbsp; &#8211; <abbr title=\"Professor\">Prof.<\/abbr> Besio<\/li>\n\n\n\n<li>Internationale Organisationen: Weltgesellschaft aus organisationssoziologischer Perspektive, Gruppe 2&nbsp; &#8211;&nbsp; <abbr title=\"Professor\">Prof.<\/abbr> Besio<\/li>\n\n\n\n<li>Lekt\u00fcrekurs Soziologie, Gruppe 1&nbsp; &#8211; <abbr title=\"Doktor\">Dr.<\/abbr> Grothe-Hammer<\/li>\n\n\n\n<li>Lekt\u00fcrekurs Soziologie, Gruppe 2&nbsp; &#8211;&nbsp; <abbr title=\"Doktor\">Dr.<\/abbr> Grothe-Hammer<\/li>\n\n\n\n<li>Lekt\u00fcrekurs Soziologie, Gruppe 3&nbsp; &#8211;&nbsp; <abbr title=\"Doktor\">Dr.<\/abbr> Grothe-Hammer<\/li>\n\n\n\n<li>Einf\u00fchrung in die soziologische Theorie II&nbsp; &#8211;&nbsp; A. Armbruster<\/li>\n<\/ul>\n\n\n\n<hr class=\"wp-block-separator has-alpha-channel-opacity\" \/>\n\n\n\n<h2 class=\"wp-block-heading\">Fr\u00fchjahrstrimester 2019:<\/h2>\n\n\n\n<ul class=\"wp-block-list\">\n<li>Einf\u00fchrung in die Organisationssoziologie II (<abbr title=\"Professor\">Prof.<\/abbr> Besio)<\/li>\n\n\n\n<li>Einf\u00fchrung in die soziologische Theorie I (B. Ewert)<\/li>\n<\/ul>\n\n\n\n<hr class=\"wp-block-separator has-alpha-channel-opacity\" \/>\n\n\n\n<h2 class=\"wp-block-heading\">Wintertrimester 2019:<\/h2>\n\n\n\n<ul class=\"wp-block-list\">\n<li>Politische Interessenvermittlung im gesellschaftlichen Kontext: Politik und Gesellschaft (<abbr title=\"Professor\">Prof.<\/abbr> C. Besio)<\/li>\n\n\n\n<li>Einf\u00fchrung in die Organisationssoziologie I (<abbr title=\"Professor\">Prof.<\/abbr> C. Besio)<\/li>\n\n\n\n<li>Lehrforschung: Organisationstheorie und Auswertungsmethoden (<abbr title=\"Professor\">Prof.<\/abbr> C. Besio)<\/li>\n\n\n\n<li>Forschungsseminar (<abbr title=\"Professor\">Prof.<\/abbr> C. Besio)<\/li>\n<\/ul>\n\n\n\n<hr class=\"wp-block-separator has-alpha-channel-opacity\" \/>\n\n\n\n<h2 class=\"wp-block-heading\">Herbsttrimester 2018:<\/h2>\n\n\n\n<ul class=\"wp-block-list\">\n<li>Einf\u00fchrung in die Soziologie (<abbr title=\"Professor\">Prof.<\/abbr> C. Besio)<\/li>\n\n\n\n<li>Lehrforschung: Organisationstheorie und organisationssoziologische Erhebungsmethoden (<abbr title=\"Professor\">Prof.<\/abbr> C. Besio)<\/li>\n\n\n\n<li>Internationale Organisationen: Weltgesellschaft aus organisationssoziologischer Perspektive (<abbr title=\"Professor\">Prof.<\/abbr> C. Besio)<\/li>\n\n\n\n<li>Lekt\u00fcrekurs Soziologie, Grupp1 &#8211; Gruppe 3 (<abbr title=\"Doktor\">Dr.<\/abbr> F. Meier)<\/li>\n\n\n\n<li>Einf\u00fchrung in die soziologische Theorie II (A. Armbruster)<\/li>\n<\/ul>\n\n\n\n<div style=\"height:100px\" aria-hidden=\"true\" class=\"wp-block-spacer\"><\/div>\n\n\n\n<hr class=\"wp-block-separator has-alpha-channel-opacity\" \/>\n\n\n\n<p>Formale&nbsp;<a href=\"https:\/\/www.hsu-hh.de\/orgasoz\/wp-content\/uploads\/sites\/739\/2017\/11\/Kriterien.pdf\">Kriterien f\u00fcr Abschlussarbeiten<\/a><\/p>\n","protected":false},"excerpt":{"rendered":"<p>Lehrveranstaltungen im Wintertrimester 2026: (V) Einf\u00fchrung in die Soziologie (WS15P18)Prof. Dr. Cristina Besio Dienstag, 15:45 &#8211; 17:15 Uhr &#8211; H1, SR 301\/302 (S) Einf\u00fchrung in die Organisationssoziologie I (WS21P36)Prof. Dr. [&hellip;]<\/p>\n","protected":false},"author":141,"featured_media":0,"parent":0,"menu_order":0,"comment_status":"closed","ping_status":"closed","template":"","meta":{"footnotes":""},"categories":[6],"tags":[],"class_list":["post-222","page","type-page","status-publish","hentry","category-lehre"],"_links":{"self":[{"href":"https:\/\/www.hsu-hh.de\/orgasoz\/wp-json\/wp\/v2\/pages\/222","targetHints":{"allow":["GET"]}}],"collection":[{"href":"https:\/\/www.hsu-hh.de\/orgasoz\/wp-json\/wp\/v2\/pages"}],"about":[{"href":"https:\/\/www.hsu-hh.de\/orgasoz\/wp-json\/wp\/v2\/types\/page"}],"author":[{"embeddable":true,"href":"https:\/\/www.hsu-hh.de\/orgasoz\/wp-json\/wp\/v2\/users\/141"}],"replies":[{"embeddable":true,"href":"https:\/\/www.hsu-hh.de\/orgasoz\/wp-json\/wp\/v2\/comments?post=222"}],"version-history":[{"count":95,"href":"https:\/\/www.hsu-hh.de\/orgasoz\/wp-json\/wp\/v2\/pages\/222\/revisions"}],"predecessor-version":[{"id":1188,"href":"https:\/\/www.hsu-hh.de\/orgasoz\/wp-json\/wp\/v2\/pages\/222\/revisions\/1188"}],"wp:attachment":[{"href":"https:\/\/www.hsu-hh.de\/orgasoz\/wp-json\/wp\/v2\/media?parent=222"}],"wp:term":[{"taxonomy":"category","embeddable":true,"href":"https:\/\/www.hsu-hh.de\/orgasoz\/wp-json\/wp\/v2\/categories?post=222"},{"taxonomy":"post_tag","embeddable":true,"href":"https:\/\/www.hsu-hh.de\/orgasoz\/wp-json\/wp\/v2\/tags?post=222"}],"curies":[{"name":"wp","href":"https:\/\/api.w.org\/{rel}","templated":true}]}}