{"id":173,"date":"2017-11-07T01:11:55","date_gmt":"2017-11-07T00:11:55","guid":{"rendered":"https:\/\/www.hsu-hh.de\/orgasoz\/?page_id=173"},"modified":"2025-05-09T12:16:57","modified_gmt":"2025-05-09T10:16:57","slug":"lehrbeauftragte","status":"publish","type":"page","link":"https:\/\/www.hsu-hh.de\/orgasoz\/lehrbeauftragte","title":{"rendered":"Lehrbeauftragte"},"content":{"rendered":"\n<div style=\"height:49px\" aria-hidden=\"true\" class=\"wp-block-spacer\"><\/div>\n\n\n\n<h2 class=\"wp-block-heading\">Andr\u00e9 Armbruster<\/h2>\n\n\n\n<p>Weitere Informationen:    <a href=\"https:\/\/www.uni-due.de\/soziologie\/armbruster.php\" rel='nofollow'>Universit\u00e4t Duisburg-Essen<\/a>.<\/p>\n\n\n\n<div style=\"height:31px\" aria-hidden=\"true\" class=\"wp-block-spacer\"><\/div>\n\n\n\n<hr class=\"wp-block-separator has-alpha-channel-opacity\" \/>\n\n\n\n<h2 class=\"wp-block-heading\">V\u00e9ronique-Isabelle Lutz<\/h2>\n\n\n\n<div style=\"height:31px\" aria-hidden=\"true\" class=\"wp-block-spacer\"><\/div>\n\n\n\n<hr class=\"wp-block-separator has-alpha-channel-opacity\" \/>\n\n\n\n<p><\/p>\n","protected":false},"excerpt":{"rendered":"<p>Andr\u00e9 Armbruster Weitere Informationen: Universit\u00e4t Duisburg-Essen. V\u00e9ronique-Isabelle Lutz<\/p>\n","protected":false},"author":141,"featured_media":0,"parent":0,"menu_order":0,"comment_status":"closed","ping_status":"closed","template":"","meta":{"footnotes":""},"categories":[8],"tags":[100,45],"class_list":["post-173","page","type-page","status-publish","hentry","category-team","tag-lehrbeauftragte","tag-team"],"_links":{"self":[{"href":"https:\/\/www.hsu-hh.de\/orgasoz\/wp-json\/wp\/v2\/pages\/173","targetHints":{"allow":["GET"]}}],"collection":[{"href":"https:\/\/www.hsu-hh.de\/orgasoz\/wp-json\/wp\/v2\/pages"}],"about":[{"href":"https:\/\/www.hsu-hh.de\/orgasoz\/wp-json\/wp\/v2\/types\/page"}],"author":[{"embeddable":true,"href":"https:\/\/www.hsu-hh.de\/orgasoz\/wp-json\/wp\/v2\/users\/141"}],"replies":[{"embeddable":true,"href":"https:\/\/www.hsu-hh.de\/orgasoz\/wp-json\/wp\/v2\/comments?post=173"}],"version-history":[{"count":12,"href":"https:\/\/www.hsu-hh.de\/orgasoz\/wp-json\/wp\/v2\/pages\/173\/revisions"}],"predecessor-version":[{"id":1127,"href":"https:\/\/www.hsu-hh.de\/orgasoz\/wp-json\/wp\/v2\/pages\/173\/revisions\/1127"}],"wp:attachment":[{"href":"https:\/\/www.hsu-hh.de\/orgasoz\/wp-json\/wp\/v2\/media?parent=173"}],"wp:term":[{"taxonomy":"category","embeddable":true,"href":"https:\/\/www.hsu-hh.de\/orgasoz\/wp-json\/wp\/v2\/categories?post=173"},{"taxonomy":"post_tag","embeddable":true,"href":"https:\/\/www.hsu-hh.de\/orgasoz\/wp-json\/wp\/v2\/tags?post=173"}],"curies":[{"name":"wp","href":"https:\/\/api.w.org\/{rel}","templated":true}]}}