{"id":153,"date":"2017-11-07T00:49:32","date_gmt":"2017-11-06T23:49:32","guid":{"rendered":"https:\/\/www.hsu-hh.de\/orgasoz\/?page_id=153"},"modified":"2025-05-09T11:35:42","modified_gmt":"2025-05-09T09:35:42","slug":"sekretariat-von-prof-dr-cristina-besio","status":"publish","type":"page","link":"https:\/\/www.hsu-hh.de\/orgasoz\/sekretariat-von-prof-dr-cristina-besio","title":{"rendered":"Susanne Latzel"},"content":{"rendered":"\n<div style=\"height:49px\" aria-hidden=\"true\" class=\"wp-block-spacer\"><\/div>\n\n\n\n<div class=\"wp-block-columns is-layout-flex wp-container-core-columns-is-layout-9d6595d7 wp-block-columns-is-layout-flex\">\n<div class=\"wp-block-column is-layout-flow wp-block-column-is-layout-flow\">\n<p>Helmut-Schmidt-Universit\u00e4t<br>Fakult\u00e4t f\u00fcr Wirtschafts- und Sozialwissenschaften<br>Professur f\u00fcr Soziologie<br>Holstenhofweg 85<br>22043 Hamburg<\/p>\n\n\n\n<p>Geb\u00e4ude: H1, Raum:&nbsp;2164<\/p>\n\n\n\n<p>Telefon: 040\/ 6541 2954<br>Fax: 040\/ 6541 3784<br>E-Mail: susanne.latzel@hsu.hamburg<\/p>\n<\/div>\n\n\n\n<div class=\"wp-block-column is-layout-flow wp-block-column-is-layout-flow\"><div class=\"wp-block-image\">\n<figure class=\"aligncenter size-medium\"><img loading=\"lazy\" decoding=\"async\" width=\"273\" height=\"300\" src=\"https:\/\/www.hsu-hh.de\/orgasoz\/wp-content\/uploads\/sites\/739\/2025\/05\/Foto_Susanne_Latzel-273x300.jpg\" data-credit=\"\" alt=\"\" class=\"wp-image-1094\" srcset=\"https:\/\/www.hsu-hh.de\/orgasoz\/wp-content\/uploads\/sites\/739\/2025\/05\/Foto_Susanne_Latzel-273x300.jpg 273w, https:\/\/www.hsu-hh.de\/orgasoz\/wp-content\/uploads\/sites\/739\/2025\/05\/Foto_Susanne_Latzel-933x1024.jpg 933w, https:\/\/www.hsu-hh.de\/orgasoz\/wp-content\/uploads\/sites\/739\/2025\/05\/Foto_Susanne_Latzel-768x843.jpg 768w, https:\/\/www.hsu-hh.de\/orgasoz\/wp-content\/uploads\/sites\/739\/2025\/05\/Foto_Susanne_Latzel-1399x1536.jpg 1399w, https:\/\/www.hsu-hh.de\/orgasoz\/wp-content\/uploads\/sites\/739\/2025\/05\/Foto_Susanne_Latzel-1100x1208.jpg 1100w, https:\/\/www.hsu-hh.de\/orgasoz\/wp-content\/uploads\/sites\/739\/2025\/05\/Foto_Susanne_Latzel.jpg 1816w\" sizes=\"auto, (max-width: 273px) 100vw, 273px\" \/><\/figure>\n<\/div><\/div>\n<\/div>\n\n\n\n<div style=\"height:65px\" aria-hidden=\"true\" class=\"wp-block-spacer\"><\/div>\n\n\n\n<hr class=\"wp-block-separator has-alpha-channel-opacity\" \/>\n","protected":false},"excerpt":{"rendered":"<p>Helmut-Schmidt-Universit\u00e4tFakult\u00e4t f\u00fcr Wirtschafts- und SozialwissenschaftenProfessur f\u00fcr SoziologieHolstenhofweg 8522043 Hamburg Geb\u00e4ude: H1, Raum:&nbsp;2164 Telefon: 040\/ 6541 2954Fax: 040\/ 6541 3784E-Mail: susanne.latzel@hsu.hamburg<\/p>\n","protected":false},"author":141,"featured_media":0,"parent":0,"menu_order":0,"comment_status":"closed","ping_status":"closed","template":"","meta":{"footnotes":""},"categories":[8],"tags":[88,45],"class_list":["post-153","page","type-page","status-publish","hentry","category-team","tag-sekretariat-de","tag-team"],"_links":{"self":[{"href":"https:\/\/www.hsu-hh.de\/orgasoz\/wp-json\/wp\/v2\/pages\/153","targetHints":{"allow":["GET"]}}],"collection":[{"href":"https:\/\/www.hsu-hh.de\/orgasoz\/wp-json\/wp\/v2\/pages"}],"about":[{"href":"https:\/\/www.hsu-hh.de\/orgasoz\/wp-json\/wp\/v2\/types\/page"}],"author":[{"embeddable":true,"href":"https:\/\/www.hsu-hh.de\/orgasoz\/wp-json\/wp\/v2\/users\/141"}],"replies":[{"embeddable":true,"href":"https:\/\/www.hsu-hh.de\/orgasoz\/wp-json\/wp\/v2\/comments?post=153"}],"version-history":[{"count":3,"href":"https:\/\/www.hsu-hh.de\/orgasoz\/wp-json\/wp\/v2\/pages\/153\/revisions"}],"predecessor-version":[{"id":1095,"href":"https:\/\/www.hsu-hh.de\/orgasoz\/wp-json\/wp\/v2\/pages\/153\/revisions\/1095"}],"wp:attachment":[{"href":"https:\/\/www.hsu-hh.de\/orgasoz\/wp-json\/wp\/v2\/media?parent=153"}],"wp:term":[{"taxonomy":"category","embeddable":true,"href":"https:\/\/www.hsu-hh.de\/orgasoz\/wp-json\/wp\/v2\/categories?post=153"},{"taxonomy":"post_tag","embeddable":true,"href":"https:\/\/www.hsu-hh.de\/orgasoz\/wp-json\/wp\/v2\/tags?post=153"}],"curies":[{"name":"wp","href":"https:\/\/api.w.org\/{rel}","templated":true}]}}