{"id":11,"date":"2016-06-07T18:10:35","date_gmt":"2016-06-07T16:10:35","guid":{"rendered":"https:\/\/webbox.hsu-hh.de\/vorlage\/?page_id=11"},"modified":"2024-09-25T09:22:32","modified_gmt":"2024-09-25T07:22:32","slug":"imprint","status":"publish","type":"page","link":"https:\/\/www.hsu-hh.de\/orgasoz\/en\/imprint","title":{"rendered":"Imprint"},"content":{"rendered":"<h2>Information according to \u00a7 5 Telemedien Law<\/h2>\n<p><strong>Publisher<\/strong><\/p>\n<p><abbr title=\"Professor\">Prof.<\/abbr>\u00ecn <abbr title=\"Doktor\">Dr.<\/abbr> Cristina Besio<br \/>\nProfessorship of Social Sciences<\/p>\n<p>Helmut-Schmidt-Universit\u00e4t<br \/>\nUniversit\u00e4t der Bundeswehr Hamburg<br \/>\nHolstenhofweg 85<br \/>\n22043 Hamburg<\/p>\n<p><strong>Telephone<\/strong><br \/>\n(040) 6541-2824<\/p>\n<p><strong>E-Mail<\/strong><br \/>\n<a href=\"mailto:cristina.besio@hsu-hh.de\" rel='nofollow'>cristina.besio@hsu-hh.de<\/a><\/p>\n<p><strong>Publisher and persons responsible for the content according to \u00a7 7 Telemedien Law<\/strong><br \/>\nCristina Besio<\/p>\n","protected":false},"excerpt":{"rendered":"<p>Information according to \u00a7 5 Telemedien Law Publisher Prof.\u00ecn Dr. Cristina Besio Professorship of Social Sciences Helmut-Schmidt-Universit\u00e4t Universit\u00e4t der Bundeswehr Hamburg Holstenhofweg 85 22043 Hamburg Telephone (040) 6541-2824 E-Mail cristina.besio@hsu-hh.de [&hellip;]<\/p>\n","protected":false},"author":1,"featured_media":0,"parent":0,"menu_order":0,"comment_status":"closed","ping_status":"closed","template":"","meta":{"footnotes":""},"categories":[40],"tags":[],"class_list":["post-11","page","type-page","status-publish","hentry","category-impressum-en"],"_links":{"self":[{"href":"https:\/\/www.hsu-hh.de\/orgasoz\/wp-json\/wp\/v2\/pages\/11","targetHints":{"allow":["GET"]}}],"collection":[{"href":"https:\/\/www.hsu-hh.de\/orgasoz\/wp-json\/wp\/v2\/pages"}],"about":[{"href":"https:\/\/www.hsu-hh.de\/orgasoz\/wp-json\/wp\/v2\/types\/page"}],"author":[{"embeddable":true,"href":"https:\/\/www.hsu-hh.de\/orgasoz\/wp-json\/wp\/v2\/users\/1"}],"replies":[{"embeddable":true,"href":"https:\/\/www.hsu-hh.de\/orgasoz\/wp-json\/wp\/v2\/comments?post=11"}],"version-history":[{"count":5,"href":"https:\/\/www.hsu-hh.de\/orgasoz\/wp-json\/wp\/v2\/pages\/11\/revisions"}],"predecessor-version":[{"id":1022,"href":"https:\/\/www.hsu-hh.de\/orgasoz\/wp-json\/wp\/v2\/pages\/11\/revisions\/1022"}],"wp:attachment":[{"href":"https:\/\/www.hsu-hh.de\/orgasoz\/wp-json\/wp\/v2\/media?parent=11"}],"wp:term":[{"taxonomy":"category","embeddable":true,"href":"https:\/\/www.hsu-hh.de\/orgasoz\/wp-json\/wp\/v2\/categories?post=11"},{"taxonomy":"post_tag","embeddable":true,"href":"https:\/\/www.hsu-hh.de\/orgasoz\/wp-json\/wp\/v2\/tags?post=11"}],"curies":[{"name":"wp","href":"https:\/\/api.w.org\/{rel}","templated":true}]}}