{"id":108,"date":"2017-10-18T15:23:22","date_gmt":"2017-10-18T13:23:22","guid":{"rendered":"https:\/\/www.hsu-hh.de\/orgasoz\/?page_id=108"},"modified":"2024-12-10T10:56:01","modified_gmt":"2024-12-10T09:56:01","slug":"prof-dr-cristina-besio-2","status":"publish","type":"page","link":"https:\/\/www.hsu-hh.de\/orgasoz\/en\/prof-dr-cristina-besio-2","title":{"rendered":"Prof. Dr. Cristina Besio"},"content":{"rendered":"<h2><\/h2>\n<h2>Professor for Sociology, especially Sociology of Organizations<\/h2>\n<p><strong>Address<\/strong><br \/>\nHelmut Schmidt University<br \/>\nProfessorship of Social Sciences<br \/>\nHolstenhofweg 85<br \/>\n22043 Hamburg<br \/>\nGermany<\/p>\n<p>Building H1, Room: 1171<\/p>\n<p>Phone: +49-40-6541-2824<br \/>\nE-mail: cristina.besio@hsu-hh.de<\/p>\n<h2>\nPublications<\/h2>\n<p><strong>Monographs and Editorships<\/strong><\/p>\n<p>Moral und Innovation in Organisationen. Wiesbaden: Springer VS, 2018.<\/p>\n<p>Wissen \u2013 Organisation \u2013 Forschungspraxis. Der Makro-Meso-Mikro-Link in der Wissenschaft.\u00a0Weihnheim: Beltz Juventa, 2016\u00a0(with N. Baur, M. Norkus and G. Petschick, eds.).<\/p>\n<p>Zum gesellschaftlichen Umgang mit dem Klimawandel. Kooperationen und Kollisionen. Baden-Baden: Nomos, 2016 (with G. Romano, eds.).<\/p>\n<p>Lariopoiesis. Bisogni e attese del volontariato organizzato. Como: NodoLibri, 2010 (with L. Morici, eds.).<\/p>\n<p>Forschungsprojekte. Zum Organisationswandel in der Wissenschaft. Bielefeld: transcript, 2009.<\/p>\n<p><strong>Journal Articles<\/strong><\/p>\n<p>Gesundheits\u00e4mter als B\u00fcrokratien in der Krise. In: Leviathan, Sonderband 41, 2023: 207-234 (mit H. Grauert und U. Meyer).<\/p>\n<p>Welche Digitalisierung braucht Nachhaltigkeit? Streit um die Normen und die Umsetzung bei der Digitalisierung der Netze. Soziologie Und Nachhaltigkeit 9, 1, 2023: 1\u201326 (mit Skripchenko, A., Albrecht, J.-M., Besio, C., &amp; Hoffmann, T.<\/p>\n<p>Old and New Organizational Forms in a Complex Society: A Systems-Theoretical Perspective. Critical Sociology, 2023 https:\/\/doi.org\/10.1177\/08969205231189472 (mit V. Tacke).<\/p>\n<p>Participatory Organizations as Infrastructures of Sustainability? The Case of Energy Cooperatives and Their Ways for Increasing Influence. Historical Social Research 47, 4, 2022: 91-113 (mit D. Ametowobla und N. Arnold).<\/p>\n<p>Gesellschaftliche Wirkung organisationaler Re-Kombinationen: Die Neuausrichtung von Gewerkschaften und Genossenschaften jenseits der Mitgliedervertretung. Soziale Welt, 73, 3, 2022: 546-577 (mit U. Meyer).<\/p>\n<p>Verantwortungsvolle Maschinen ohne Verantwortlichkeit? Datenintensive Algorithmen in Organisationen. Soziale Systeme, 26, 1, 2021: 129-159 (mit C. Fedtke, M. Grothe-Hammer, A. Karafillidis und A. Pronzini).<\/p>\n<p>Organisationale Re-Kombination und sozialer Wandel: Eine Forschungsagenda. Soziale Systeme, 25, 2, 2020: 436-456 (mit U. Meyer).<\/p>\n<p>Semantiken des sozialen Wandels &#8211; Zur diskursiven Gestaltung von Innovation. In: Zeitschrift f\u00fcr Diskursforschung. Beiheft. Bosan\u010di\u0107, B\u00f6schen und Schubert (Hrsg): Diskursive Konstruktion und sch\u00f6pferische Zerst\u00f6rung, 2018: 11-42 (mit R. Jungmann).<\/p>\n<p>Resurrecting organization without renouncing society. A response to Ahrne, Brunsson and Seidl. In:\u00a0European Management Journal\u00a035, 1, 2017:\u00a08-14 (with M.\u00a0Apelt, G. Corsi, V. von Groddeck, M. Grothe-Hammer and V. Tacke).<\/p>\n<p>Effects of project-based research work on the career paths of young academics. In: Work Organisation, Labour and Globalisation 10, 2, 2016: 9-26 (with M. Norkus and N. Baur).<\/p>\n<p>Uncertainty and attribution of personal responsibility in organizations. In: Soziale Systeme 19, 2013\/2014: 307-326.<\/p>\n<p>Strategien der Balance. Vermittlung zwischen Moral und Profit am Beispiel von Energiekonzernen. In:\u00a0Sociologia Internationalis 52, 1, 2014: 93\u2013118.<\/p>\n<p>Innovation und Organisation. Drei Thesen zum Passungsverh\u00e4ltnis zweier Formen der Moderne. In: Soziale Systeme 19, 2013\/14: 127-151 (with R. Jungmann).<\/p>\n<p>Morality, Ethics and Values outside and inside organizations. An example of the discourse on climate change. In: Journal of Business Ethics 119, 3, 2014: 1-41 (with A. Pronzini)<\/p>\n<p>Inside Organizations and Out. Methodological Tenets for Empirical Research Inspired by Systems Theory. In: Forum Qualitative Sozialforschung 11, 3, 2010, Art. 16, http:\/\/nbn-resolving.de\/urn:nbn:de:0114-fqs1003165 (with A. Pronzini).<\/p>\n<p>Niklas Luhmann as an empirical sociologist \u2013 methodological implications of the system theory of society. In: Cybernetics &amp; Human Knowing 15, 2, 2008: 9-31 (with A. Pronzini).<\/p>\n<p>The implementation of the quota requirements of the directive &#8218;Television without Frontiers&#8216;: the broadcasters&#8216; perspective. In: International Communication Gazette 70, 2, 2008: 175-191 (with R. Hungerb\u00fchler, L. Morici and B. Prario).<\/p>\n<p>A Multiplied Perspective on the Object of Study: The Example of Multidisciplinary Research in the Domain Of Media Regulation. In: Studies in Communication Sciences 6, 2, 2006: 235-244 (with R. Hungerb\u00fchler, L. Morici and B. Prario).<\/p>\n<p>Die Unverzichtbarkeit organisa\u00adtionstheoretischer Ans\u00e4tze f\u00fcr die Kommunikations- und Medienwissenschaften. In: Medienwissenschaft Schweiz, 2, 2005: 33-41 (with R. Hungerb\u00fchler, L. Morici, B. Prario).<\/p>\n<p>Die Medienwirksamkeit von Betroffenheit oder weshalb Ethikkommissionen mit Risikofragen betraut werden. In: Medienwissenschaft Schweiz, 1, 2005: 47-56 (with A. Corti).<\/p>\n<p>Auf dem Weg zu einer entgrenzten Wissenschaft? Irritationen, die Massenmedien in der Forschung ausl\u00f6sen. In: Schweizerische Zeitschrift f\u00fcr Soziologie 31, 3, 2005: 487-506 (with L. Morici).<\/p>\n<p>Radio und Fernsehen online: neue Wege der Bildung? In: Medienwissenschaft Schweiz, 2, 2002: 28-36 (with R. Hungerb\u00fchler, L. Morici and E. Spoerl).<\/p>\n<p>Die Beobachtung von Theorien und Methoden. Antwort auf A. Nassehi. In: Soziale Systeme 5, 2, 1999: 385-397 (with A. Pronzini).<\/p>\n<p><strong>Book Chapters<\/strong><\/p>\n<p>Ver\u00e4nderungen organisationaler Legitimationsmuster durch Digitalisierung. In: C. Onnen, C.\/R. Stein-Redent\/B. Bl\u00e4ttel-Mink\/T. Noack\/M. Opielka und K. Sp\u00e4te, K. (<abbr title=\"Herausgeber\">Hrsg.<\/abbr>): Organisationen in Zeiten der Digitalisierung. Wiesbaden: Springer VS, 2022, 63-81 (mit C. Fedtke und A. Pronzini).<\/p>\n<p>Free Floating or Free Riding? Recursive Norm Building in the German Energy Transition Using the Example of the Approval of e-scooters in German Cities. In: C. Fernandes Campilongo\/L. Fucci Amato\/ M. A. Loschiavo Leme de Barros (<abbr title=\"Herausgeber\">Hrsg.<\/abbr>): Luhmann and Socio-Legal Research. An Empirical Agenda for Social Systems Theory. London: Routledge, 2021: 96-109 (mit M. Seckelmann).<\/p>\n<p>Nachhaltigkeit organisieren. in: SONA \u2013 Netzwerk Soziologie der Nachhaltigkeit (<abbr title=\"Herausgeber\">Hrsg.<\/abbr>): Soziologie der Nachhaltigkeit. Bielefeld: Transcript, 2021: 355-375 (mit D. Ametowobla und N. Arnold).<\/p>\n<p>Autonomy and Interdependence: The Relationship of Experts and Laypeople in Science from a Sociological Perspective. In: M. Seckelmann\/L. Violini\/C. Fraenkel-Haeberle\/G. Ragone (<abbr title=\"Herausgeber\">Hrsg.<\/abbr>): Academic Freedom under Pressure? A Comparative Perspective. Wiesbaden: Springer, 2021: 245-256 (mit M. J\u00f6stingmeier).<\/p>\n<p>Innovation und Projekte. In: B. Bl\u00e4ttel-Mink\/I. Schulz-Schaeffer und A. Windeler (<abbr title=\"Herausgeber\">Hrsg.<\/abbr>): Handbuch Innovationsforschung. Wiesbaden: Springer VS, 2021: 467-479.<\/p>\n<p>Projektifizierung und Intersektionalit\u00e4t. Ungleiche Folgen von tempor\u00e4ren Organisationsstrukturen in der Wissenschaft.\u00a0 In: Seeliger, Martin\/Gruhlich, Julia (<abbr title=\"Herausgeber\">Hrsg.<\/abbr>): Intersektionalit\u00e4t, Arbeit und Organisation. Weinheim und Basel: Beltz Juventa, 2019: 130\u2013144 (mit M. Norkus und N. Baur).<\/p>\n<p>Organisationale Devianz. Schleichende Ver\u00e4nderungen durch Wiederholung in Organisationen. In: N. Eke\/P. Hohlweck (<abbr title=\"Herausgeber\">Hrsg.<\/abbr>): Zersetzung, Automatismen und Strukturl\u00f6sung. Paderborn: Wilhelm Fink Verlag, 2019: 123-137.<\/p>\n<p>Vergleich vor der Leistung. In: C. Dorn\/V. Hacke (<abbr title=\"Herausgeber\">Hrsg.<\/abbr>): Vergleich und Leistung in der funktional differenzierten Gesellschaft. Wiesbaden: VS Verlag f\u00fcr Sozialwissenschaften, 2018: 165-187.<\/p>\n<p>Projekte und Wissenschaft. Der Einfluss tempor\u00e4rer organisationaler Strukturen auf wissenschaftliche Karrieren, Organisationen und Wissensproduktion. In: N. Baur\/C. Besio\/M. Norkus\/G. Petschick (eds.): Wissen \u2013 Organisation \u2013 Forschungspraxis. Der Makro-Meso-Mikro-Link in der Wissenschaft. Weihnheim: Beltz Juventa, 2016: 341-370 (with N. Baur, M. Norkus and G. Petschik).<\/p>\n<p>Wissenschaft als Mehrebenen-Ph\u00e4nomen: Der Makro-Meso-Mikro-Link in der Wissenschaft. In: N. Baur\/C. Besio\/M. Norkus\/G. Petschick (eds.): Wissen \u2013 Organisation \u2013 Forschungspraxis. Der Makro-Meso-Mikro-Link in der Wissenschaft. Weihnheim: Beltz Juventa, 2016: 13-43 (with N. Baur, M. Norkus and G. Petschik).<\/p>\n<p>Organisationale\u00a0Innovation am Beispiel der Projektifizierung der Wissenschaft. In: W. Rammert\/A. Windeler\/ H. Knoblauch\/M. Hutter (eds.): Innovationsgesellschaft heute. Perspektiven, Felder und F\u00e4lle. Wiesbaden: Springer VS, 2016: 373-402 (with N. Baur and M. Norkus).<\/p>\n<p>Der Klimawandel der modernen Gesellschaft. In: C. Besio\/G. Romano (eds.): Zum gesellschaftlichen Umgang mit dem Klimawandel \u2013 Kooperationen und Kollisionen. Baden-Baden: Nomos, 2016: 7-22 (with G. Romano).<\/p>\n<p>Klimawandel und Energiewirtschaft. In: C. Besio\/G. Romano (eds.): Zum gesellschaftlichen Umgang mit dem Klimawandel \u2013 Kooperationen und Kollisionen. Baden-Baden: Nomos, 2016: 219-238.<\/p>\n<p>Organisation und Gesellschaft: Beitr\u00e4ge der Organisationssoziologie zum Verst\u00e4ndnis ihrer Wechselwirkung. In: M. Apelt\/U. Wilkesmann (eds.): Zur Zukunft der Organisationssoziologie. Wiesbaden: Springer VS, 2015: 157-171.<\/p>\n<p>Heterogeneity in world society. How organizations handle contradicting logics. In: F. Kastner\/B. Holzer\/T. Werron: From Globalization to World Society. Neo-Institutional and Systems-Theoretical Perspectives. London\/New York: Routledge, 2015: 237-257 (with U. Meyer).<\/p>\n<p>Kompromisse in Forschungsorganisationen. In: L. Knoll (ed.): Organisationen und Konventionen. Wiesbaden: Springer VS, 2014: 225-247 (with U. Meyer).<\/p>\n<p>Das Projekt als quantifiziertes Versprechen. In: A. Cevolini (ed.): Die Ordnung des Kontingenten. Wiesbaden: Springer VS, 2014: 133-152.<\/p>\n<p>Transforming Risks into Moral Issues in Organizations. In: C. Luetge\/J. Jauernig (eds.): Business Ethics and Risk Management. Dordrecht: Springer, 2014: 71-84.<\/p>\n<p>Wie l\u00e4sst sich Nachhaltigkeit durch Innovation managen? In:\u00a0J. R\u00fcckert-John\u00a0(ed.): Soziale Innovation und Nachhaltigkeit. Perspektiven sozialen Wandels. Wiesbaden: Springer VS, 2013: 71-86.<\/p>\n<p>Wie ver\u00e4ndern Projekte die Forschungspraxis? In: Schweizerische Akademie der Geistes- und Sozialwissenschaften, F\u00fcr eine neue Kultur der Geisteswissenschaften? SAGW Tagungsakten, Bern, 2012: 47-54.<\/p>\n<p>Transdisziplinarit\u00e4t als Chance und Risiko der Klimaforschung. In: H.-G. Soeffner (ed.): Transnationale Vergesellschaftungen. Verhandlungen des 35. Kongresses der Deutschen Gesellschaft f\u00fcr Soziologie in Frankfurt 2010. Wiesbaden: VS Verlag f\u00fcr Sozialwissenschaften, 2012: CD-ROM (with A. Corti and A. Pronzini).<\/p>\n<p>Versprechen der Innovation. Das Beispiel des politischen Diskurses \u00fcber Klimawandel. In: J. Aderhold\/I. Bormann\/R. John (eds.): Indikatoren des Neuen. Innovation als Sozialtechnologie oder als Sozialmethodologie? Wiesbaden: VS Verlag f\u00fcr Sozialwissenschaften, 2012: 155-175 (with A. Pronzini and R. Schmidt).<\/p>\n<p>Forschungsorganisationen. In: M. Apelt\/V. Tacke (eds.): Handbuch Organisationstypen. Wiesbaden: VS Verlag f\u00fcr Sozialwissenschaften, 2012: 253-273.<\/p>\n<p>Unruhe und Stabilit\u00e4t in der Kommunikation \u00fcber \u201aKlima\u00adwandel\u2019. In: H.-G. Soeffner (ed.): Unsichere Zeiten. Herausforderungen gesellschaftlicher Transformationen.Verhandlungen des 34. Kongresses der Deutschen Gesellschaft f\u00fcr Soziologie in Jena 2008. Wiesbaden: VS Verlag f\u00fcr Sozialwissenschaften, 2010: CD-ROM (with A. Pronzini).<\/p>\n<p>Netzwerke der Wissenschaft. In: M. Bommes\/V. Tacke (eds.): Netz\u00adwerke in der funktional differenzierten Gesellschaft. Wiesbaden: VS Verlag f\u00fcr Sozialwissenschaften, 2010: 119-142.<\/p>\n<p>Analisi dei bisogni e delle attese delle Organizzazioni di Volontariato e dell\u2019Associazionismo nella provincia di Como. In: C. Besio\/L. Morici (eds.): Lariopoiesis. Bisogni e attese del volontariato organizzato. Como: NodoLibri, 2010: 9-63 (with L. Morici).<\/p>\n<p>Unruhe und Stabilit\u00e4t als Form der massenmedialen Kommunikation \u00fcber Klimawandel. In: M. Voss (ed.): Der Klimawandel. Sozialwissenschaftliche Perspektiven. Wiesbaden: VS Verlag f\u00fcr Sozialwissen\u00adschaften, 2010: 283-299 (with A. Pronzini).<\/p>\n<p>Experten und Laien in Wissenschaftssendungen: Rollen, Autorit\u00e4t und Legitimation. In: O. Stenchschke\/S. Wichter (eds.): Wissenstransfer und Diskurs. Reihe Transferwissenschaften,\u00a0<abbr title=\"Band\">Bd.<\/abbr>6. Frankfurt am Main: Peter Lang, 2009: 335-346 (with R. Hungerb\u00fchler).<\/p>\n<p>L\u2019impatto del trattamento sugli stranieri in carcere. In: G. Corsi et al. (eds.): Percorsi personali e di reclusione. Dogliani: Sensibili alle foglie, 2002: 107-123.<\/p>\n<p><strong>Reviews and Encyclopedia Entries<\/strong><\/p>\n<p>B. BF. Wittneben, C. Okereke, S.B. Banerjee und D. L. Levy (<abbr title=\"Herausgeber\">Hrsg.<\/abbr>) (2012): Climate Change and the Emergence of New OrganizationalLandscapes. In: Y. Ibrahim und S. R\u00f6dder (<abbr title=\"Herausgeber\">Hrsg.<\/abbr>): Schl\u00fcsselwerke der sozialwissenschaftlichen Klimaforschung. Bielefeld: transcript, 2022, 235-239 (mit N. Arnold).<\/p>\n<p>Michael D. Cohen\/James G. March (1974): Leadership and Ambiguity. The American College President. In: S. K\u00fchl: Schl\u00fcsselwerke der Organisationsforschung. Wiesbaden: Springer VS, 2015, forthcoming.<\/p>\n<p>Sammelbesprechung: Organisation von Heterogenit\u00e4t &#8211; Heterogenit\u00e4t von Organisation. In: Soziologische Revue 34, 4, 2014: 415-425 (with U. Meyer).<\/p>\n<p>Bereichsrezension: Systemtheorie. In: Soziologische Revue 34, 1, 2011: 105-112.<\/p>\n<p>B. Heintz, B. Nievergelt (eds.): Wissenschafts- und Technikforschung in der Schweiz. Sondierungen einer neuen Disziplin (1998). H. Nowotny, Es ist so. Es k\u00f6nnte auch anders sein. \u00dcber das ver\u00e4nderte Verh\u00e4ltnis von Wissenschaft und Gesellschaft (1999). In: Studies in Communication Sciences 1, 1, 2001: 310-316.<\/p>\n<p>Grigione italiano, Il (giornale). In: Historisches Lexikon der Schweiz, 1999.<\/p>\n<p><strong>Working and Research Papers<\/strong><\/p>\n<p>Innovation als spezifische Form sozialer Evolution: Ein systemtheoretischer Entwurf. Technical University Technology Studies. Working Papers. TUTS-WP-3-2012. 2012 (with R. J. Schmidt).<\/p>\n<p>Constructing Research Problems while Addressing Society\u00b4s Concerns. The Public Communication on Climate Change in Switzerland and its Impact on Science. Schlussbericht Schweizerischer Nationalfonds, Luzern, 2011 (with A. Pronzini and G. Romano).<\/p>\n<p>Scienza e tecnica nei programmi radiotelevisivi della SSR SRG id\u00e9e suisse. Offerta e uso in un contesto multimediale. Rapporto finale per l\u2019Ufficio federale della comunicazione (Ufcom), Lugano, 2006 (with S. Calvo, R. Hungerb\u00fchler and L. Morici).<\/p>\n<p>Zwischen guten Absichten und unerwarteten Nebenfolgen. Die Implementierung der Quotenregelung am Beispiel der europ\u00e4ischen Richtlinie &#8218;Fernsehen ohne Grenzen&#8216;. Istituto Media e Giornalismo (ImeG). Universit\u00e0 della Svizzera italiana, Lugano, 2005 (with R. Hungerb\u00fchler, L. Morici and B. Prario).<\/p>\n<p>Quale rete osserva come? La percezione dei progetti sociali (L. 45\/99) del Comune di Como da parte della rete locale. Servizi sociali, Comune di Como, 2004 (with L. Morici).<\/p>\n<p>Tendenze della popolazione over 65 residente a Cernobbio. L&#8217;anziano come portatore di bisogni e risorsa per il territorio. Servizi Sociali, Comune di Cernobbio, 2003 (with L. Morici).<\/p>\n<p>Wissenschaftlicher Fortschritt und Risikodiskurs \u2013 Ethik\u00adkommissionen zwischen Wissenschaft und Politik. AK Diskursanalyse und Sektion Wissenssoziologie der DGS. Workshop: \u201eDiskurs \u2013 Wissen \u2013 Kultur\u201c, Augsburg, 25. &#8211; 26. September 2003,\u00a0http:\/\/www.philso.uni-augsburg.de\/ soziologie\/sozkunde\/diskurs\/content\/corti.htm\u00a0(with A. Corti).<\/p>\n<p>Radio-TV online: nuove vie per l&#8217;edu-formazione. Quaderni dell&#8217;Istituto\/ICeF 7, Lugano, 2002 (with L. Bosshart, R. Hungerb\u00fchler, L. Morici and E. Spoerl).<\/p>\n<p>Pianificare la novit\u00e0. Il progetto come struttura del lavoro scientifico. Rapporto finale. Borsa di ricerca per ricercatori esordienti del Fondo Nazionale per la Ricerca Scientifica, Lugano, 2002.<\/p>\n<h3>Curriculum Vitae<\/h3>\n<p>since 2014:\u00a0Professor for Sociology, especially Sociology of Organizations, Helmut-Schmidt-University \/ University of the Federal Armed Forces.<\/p>\n<p>2014:\u00a0Post-Doc at the DFG-Research Training Group Automatisms, University Paderborn.<\/p>\n<p>2013:\u00a0Research Associate, Research Project: genderDynamics, Institute for Sociology, University of Technology Berlin.<\/p>\n<p>2013:\u00a0Habilitation, University of Technology Berlin. Postdoctoral Thesis: \u201eInnovation und Moral in Organisationen. Zum gesellschaftlichen Umgang mit Heterogenit\u00e4t\u201c.<\/p>\n<p>2009-2010:\u00a0Visiting Lecturer, Department for Sociology, University of Bielefeld.<\/p>\n<p>2007-2013:\u00a0Research Associate, Organizational Sociology, Institute for Sociology, University of Technology Berlin.<\/p>\n<p>2006:\u00a0Doctorate, Sociology, University of Bielefeld. Dissertation: \u201eDas Projekt als Form der Forschung\u201c.<\/p>\n<p>2002-2006:\u00a0Project Member, Istituto Media e Giornalismo (ImeG), Universit\u00e0 della Svizzera italiana, Lugano. Main topics: Science and Technology in Television, Television in a multimedia Environment, Media Regulation.<\/p>\n<p>2001:\u00a0Research Scholarship from the Swiss National Science Foundation.<\/p>\n<p>1997-2000:\u00a0Research Fellow, Istituto di scienze sociali della comunicazione (ISSCom), Universit\u00e0 della Svizzera italiana, Lugano.<\/p>\n<p>1990-1996:\u00a0Sociology Studies, Universit\u00e0 degli Studi di Urbino. Thesis: \u201eSemantica dell&#8217;infinito e struttura della societ\u00e0\u201c (\u201eSemantics of Infinity and Structure of Society\u201c).<\/p>\n","protected":false},"excerpt":{"rendered":"<p>Professor for Sociology, especially Sociology of Organizations Address Helmut Schmidt University Professorship of Social Sciences Holstenhofweg 85 22043 Hamburg Germany Building H1, Room: 1171 Phone: +49-40-6541-2824 E-mail: cristina.besio@hsu-hh.de Publications Monographs [&hellip;]<\/p>\n","protected":false},"author":141,"featured_media":0,"parent":0,"menu_order":0,"comment_status":"closed","ping_status":"closed","template":"","meta":{"footnotes":""},"categories":[9],"tags":[65,63,59,57,67,55,61],"class_list":["post-108","page","type-page","status-publish","hentry","category-team-en","tag-organization-studies","tag-organization-theory","tag-organizational-sociology","tag-organizations","tag-professor-en","tag-sociology","tag-sociology-of-organizations"],"_links":{"self":[{"href":"https:\/\/www.hsu-hh.de\/orgasoz\/wp-json\/wp\/v2\/pages\/108","targetHints":{"allow":["GET"]}}],"collection":[{"href":"https:\/\/www.hsu-hh.de\/orgasoz\/wp-json\/wp\/v2\/pages"}],"about":[{"href":"https:\/\/www.hsu-hh.de\/orgasoz\/wp-json\/wp\/v2\/types\/page"}],"author":[{"embeddable":true,"href":"https:\/\/www.hsu-hh.de\/orgasoz\/wp-json\/wp\/v2\/users\/141"}],"replies":[{"embeddable":true,"href":"https:\/\/www.hsu-hh.de\/orgasoz\/wp-json\/wp\/v2\/comments?post=108"}],"version-history":[{"count":19,"href":"https:\/\/www.hsu-hh.de\/orgasoz\/wp-json\/wp\/v2\/pages\/108\/revisions"}],"predecessor-version":[{"id":1052,"href":"https:\/\/www.hsu-hh.de\/orgasoz\/wp-json\/wp\/v2\/pages\/108\/revisions\/1052"}],"wp:attachment":[{"href":"https:\/\/www.hsu-hh.de\/orgasoz\/wp-json\/wp\/v2\/media?parent=108"}],"wp:term":[{"taxonomy":"category","embeddable":true,"href":"https:\/\/www.hsu-hh.de\/orgasoz\/wp-json\/wp\/v2\/categories?post=108"},{"taxonomy":"post_tag","embeddable":true,"href":"https:\/\/www.hsu-hh.de\/orgasoz\/wp-json\/wp\/v2\/tags?post=108"}],"curies":[{"name":"wp","href":"https:\/\/api.w.org\/{rel}","templated":true}]}}