{"id":993,"date":"2023-02-20T13:32:10","date_gmt":"2023-02-20T12:32:10","guid":{"rendered":"https:\/\/www.hsu-hh.de\/orga\/?page_id=993"},"modified":"2023-02-20T13:32:11","modified_gmt":"2023-02-20T12:32:11","slug":"konferenzbeitraege-auszug","status":"publish","type":"page","link":"https:\/\/www.hsu-hh.de\/orga\/konferenzbeitraege-auszug","title":{"rendered":"Konferenzbeitr\u00e4ge (Auszug)"},"content":{"rendered":"\n<ul class=\"wp-block-list\">\n<li>G\u00e4rtner, Ch.\/Duschek, S.\/H\u00fclsbeck, M.\/M\u00fcller-Seitz, G.\/Ortmann, G.\/Sch\u00fc\u00dfler, E. (2015): Responsiveness across organizations, networks, and clusters: Towards a multilevel theory of responsiveness for explicating dynamic capabilities.&nbsp;31th EGOS Colloquium, 2.-4. July 2015, Athen.<\/li>\n\n\n\n<li>G\u00e4rtner, Ch. (2015): A remedy called affordances.&nbsp;Seventh International Symposium on Process Organization Studies, \u201cSkilful Performance: Enacting Expertise, Competence, and Capabilities in Organizations\u201d,&nbsp;24.-27. June 2015, Kos.<\/li>\n\n\n\n<li>G\u00e4rtner, Ch.\/Huber, Ch. (2015): Designing mindful performances in operation theaters.&nbsp;Seventh International Symposium on Process Organization Studies, \u201cSkilful Performance: Enacting Expertise, Competence, and Capabilities in Organizations\u201d,&nbsp;24.-27. June 2015, Kos.<\/li>\n\n\n\n<li>G\u00e4rtner, Ch. (2015): Organization Inc.: How modern organization shape embodied understanding and cognition,&nbsp;International Convention of Psychological Science, 12.-14. March 2015, Amsterdam.<\/li>\n\n\n\n<li>G\u00e4rtner, Ch. (2014): The linkages between individual and collective mindfulness,&nbsp;Academy of Management Annual Meeting, 1.-5. August 2014, Philadelphia (PDW \u201cResearching organisational mindfulness and mindful organising: theory, method, and practice\u201d).<\/li>\n\n\n\n<li>G\u00e4rtner, Ch. (2012): Designing knowledge development by by applying tools-for-reflection. Academy of Management Annual Meeting, 3.-7. August 2012, Boston.<\/li>\n\n\n\n<li>G\u00e4rtner, Ch. (2012): The role of tools in management consulting: Neither rhetoric nor real efficiency improvement but &#8218;carefully crafting bullshit&#8220;. 28th EGOS Colloquium &#8222;Design!?&#8220;, 5.-7. Juli 2012, Helsinki.<\/li>\n\n\n\n<li>G\u00e4rtner, Ch. (2011): Organizing reflexivity and developing knowledge in professional service work. 27th EGOS Colloquium &#8222;Reassembling Organizations&#8220;, 6.-9. Juli 2011, Gothenburg<\/li>\n\n\n\n<li>G\u00e4rtner, Ch. (2011): Sensemaking and organizing \u2013 a phenomenological view. 11th EURAM Annual Conference \u201cManagement Culture in the 21st Century\u201d, 1.-4. Juni 2011, Tallinn.<\/li>\n\n\n\n<li>G\u00e4rtner, Ch. (2011): Organizing for knowing and learning in the flesh. 11th EURAM Annual Conference \u201cManagement Culture in the 21st Century\u201d, 1.-4. Juni 2011, Tallinn<\/li>\n\n\n\n<li>G\u00e4rtner, Ch. (2011): Change Management Toolbox. Change Management &#8211; den Wandel erfolgreich gestalten (Quadriga Hochschule), 24.-25. Februar 2011, Berlin.<\/li>\n\n\n\n<li>M\u00fcller-Seitz, G.\/Lerch, F. (2011): Network Absorptive Capacity via Interorganizational Practices \u2013 A Comparative Case Study in the High-Technology Industries. Paper presentation at the EURAM Conference, June 1-4, Tallinn, Estonia.<\/li>\n\n\n\n<li>Sydow, J.\/M\u00fcller-Seitz, G.\/Lerch, F. (2011): Practicing Uncertainty in R&amp;D Networks \u2013 Explorative Evidence from a Semiconductor Industry Network. Paper presentation at the R&amp;D Management Conference 2011, June 28-30 Norrk\u00f6ping, Sweden.<\/li>\n\n\n\n<li>Cao, X.\/ Lerch, F. (2011): The Role of Guanxi in Changing Corporate Environment Strategy of Localized Foreign Invested Enterprises in China. Paper at the Development Workshop on Strategy as Practice during the 27th EGOS Colloquium \u201eReassembling Organizations\u201d July 7-9, 2011, Gothenburg, Sweden.<\/li>\n\n\n\n<li>Wilhelm, M.\/Lerch, F. (2011): How open are Open Innovation networks? A longitudinal analysis of the coopetitive dynamics in the German \u201cNetwork of Automotive Excellence\u201d. Paper presentation at the Academy of Management Annual Meeting \u201cWest Meets East: Enlightening, Balancing, Transcending\u201d August 12-16, 2011, San Antonio, Texas, USA.<\/li>\n\n\n\n<li>Lerch, F.\/Sch\u00fcssler, E.\/Decker, C. (2011): Varieties of knowledge governance practices in cluster alliances. Paper presentation at the 27th EGOS Colloquium \u201eReassembling Organizations\u201d July 7-9, 2011, Gothenburg, Sweden.<\/li>\n\n\n\n<li>Sydow, J.\/M\u00fcller-Seitz, G.\/Lerch, F. (2011): Tackling technological uncertainty by means of interorganizational stretching practices \u2013 Explorative evidence from a semiconductor industry network. Paper presentation at the 27th EGOS Colloquium \u201eReassembling Organizations\u201d July 7-9, 2011, Gothenburg, Sweden.<\/li>\n\n\n\n<li>Lerch, F.\/Wagner, R. (2010): Technology transfer and absorptive capacity \u2013 Processual insights from four cases in optics in the U.S. and Germany. Paper presentation at the EURAM Conference, May 19-22, Rome, Italy.<\/li>\n\n\n\n<li>Lerch, F.\/Wagner, R.\/M\u00fcller-Seitz, G. (2010): Technology transfer and absorptive capacity \u2013 Processual insights from four cases in optics in the U.S. and Germany. Paper presentation at the OLKC Conference, June 03-05, Boston, Ma., U.S.A.<\/li>\n\n\n\n<li>Wilhelm, M.\/Lerch, F. (2010): Coopetitive innovation scouting \u2013 Comparing practices of he Network of Automotive Excellence and a strategic OEM-supplier network in Germany. Paper presentation at the Gerpisa Colloquium, June 9-11, Berlin\/Wolfsburg, Germany.<\/li>\n\n\n\n<li>Lerch, F.\/M\u00fcller-Seitz, G. (2010): Network absorptive capacity: An interorganizational practice-based analysis regarding the development of x-ray technologies. Paper presentation at the 26th EGOS Colloquium, July 1-3, Lisbon, Portugal.<\/li>\n\n\n\n<li>Duschek, S.\/Lerch, F. (2010): Co-operative core competences \u2013 Comparing the generation of unique network resources in airport logistics, optics and the automobile industry in Germany. Paper presentation at the 26th EGOS Colloquium, July 1-3, Lisbon, Portugal.<\/li>\n\n\n\n<li>Lerch, F. (2010): Netzwerkanalyse am Beispiel des Clusters optische Technologien in der Region Berlin-Brandenburg. Paper presentation at the Fraunhofer ISI Workshop \u201eClusterpolitik quo vadis?\u201c, July 5-6, Berlin, Germany.<\/li>\n\n\n\n<li>Lendel, I.\/Lerch, F. (2010): German landscape of (re)emerging optics: regional clusters, IP specialization, and role of academia. Paper presentation at the Technology Transfer Society Annual Conference, November 12-13, Washington, D.C., USA.<\/li>\n\n\n\n<li>Duschek, S. (2009): Network Consulting in Regional Clusters. Paper presented at the 4th International Conference on Management Consulting, Academy of Management, Management Consulting Division, June 11 &#8211; June 13, 2009 (zusammen mit J\u00f6rg Sydow und Frank Lerch).<\/li>\n\n\n\n<li>G\u00e4rtner, Ch. (2009): Whole lives: Mind, Body, and Practices. The 6th Critical Management Studies Conference at Warwick University, 13th-15th July 2009, Warwick.<\/li>\n\n\n\n<li>G\u00e4rtner, Ch.\/Lederle, S. (2009): Der Rand als Mittelpunkt kreativen Handelns \u2013 Eine neue Perspektive auf Change Management. 15. Fachtagung der Gesellschaft f\u00fcr angewandte Wirtschaftspsychologie (GWP), 10.-11. Juli 2009, Ludwigshafen.<\/li>\n\n\n\n<li>G\u00e4rtner, Ch. (2009): Organizational Effectiveness. Vorlesungsreihe zum Strategischen Management am Lehrstuhl f\u00fcr Innovation und Internationales Management, 19. Juni 2009, Augsburg.<\/li>\n\n\n\n<li>G\u00e4rtner, Ch. (2009): Kritik vergeistigter Organisationstheorien und leiblich bewegte(s) Antworten. 1. Forum Kritische Organisationsforschung, 8.-9. Mai 2009, Chemnitz.<\/li>\n\n\n\n<li>Lerch, F.\/Sydow, J.\/Duschek, S. (2009): Network consulting in regional clusters. Paper presentation at the 4th International Conference on Management Consulting \u201cThe Changing Paradigm of Consulting\u201d organized by the Academy of Management\u2019s Management Consultancy Division (MCD), Vienna, Austria, June 11-13, 2009.<\/li>\n\n\n\n<li>Duschek, S. (2008): Net-Management im \u201cNetwork of Automotive Excellence (NoAE)\u201c. Pr\u00e4sentation auf dem W\u00fcrzburger Automobil Gipfel 2008, 11. \u2013 12. Juni 2008 in W\u00fcrzburg (zusammen mit Ren\u00e9 Niethammer).<\/li>\n\n\n\n<li>Kutsenko, D.\/Lerch, F. (2008): Cluster alliances from a knowledge-based perspective: A comparison of three alliances. Paper presentation at the Regional Studies Association Workshop on \u201cSub-national collaboration for regional development: the role of networking among regions\u201d, 13-14 June 2008 in Pisa, Italy.<\/li>\n\n\n\n<li>Lerch, F.\/Provan, K.G.\/Sydow, J. (2008): Network integration in regional clusters and firm innovation \u2013 A comparison of measures. Paper presentation at the Academy of Management Annual Meeting, 8-13 August 2008 in Anaheim, California, USA.<\/li>\n\n\n\n<li>Hibbert, P., Huxham, C., Sydow, J. and Lerch, F. (2008) Barriers to process learning in clusters: concentration and confusion. Paper presentation at the Academy of Management Annual Meeting, 8-13 August 2008 in Anaheim, California, USA.<\/li>\n\n\n\n<li>Duschek, S. (2007): \u201eBeyond Path Dependency: Why and How Mineral Oil Companies Support the Development of Sustainable Fuels\u201c. Paper pr\u00e4sentiert auf dem 19. SASE-Jahrestreffen \u201eChanging Political Economies: Macro Trends and Micro Experiments\u201c, 28.-30. Juni 2007, Kopenhagen (zusammen mit Jan Strobel).<\/li>\n\n\n\n<li>G\u00e4rtner, Ch. (2007): The lived body as the locus of (innovation) practices. 23rd EGOS Colloquium &#8222;Beyond Waltz &#8211; Dances of Individuals and Organization&#8220;, 5th-7th July 2007, Vienna.<\/li>\n\n\n\n<li>G\u00e4rtner, Ch. (2007): Thoughtless acts, embodied mind or practices? Social practices of knowledge and innovation. 4th Conference on Professional Knowledge Management. Experiences and Visions, 28.-30. M\u00e4rz 2007, Potsdam.<\/li>\n\n\n\n<li>Sydow, J.\/Lerch, F.\/Huxham, C.\/Hibbert, P. (2007): On leading (in) clusters \u2013 Insights into leadership processes in photonics clusters. Paper presentation at the International Workshop of the Cardiff Organization Research Group (CORGies) &amp; the Advanced Institute of Management Research (AIM) \u201cMaking Connections: Relational Analysis, Boundary Concepts and the Future of Organization Studies\u201c, 2nd and 3rd April 2007 in Cardiff, Whales, U.K.<\/li>\n\n\n\n<li>Huxham, C.\/Hibbert, P.\/Sydow, J.\/Lerch, F. (2007): Clusters as obstructed collaboration: Barriers to local process learning. Paper presentation at the EURAM Conference, May 17-19, Paris, France.<\/li>\n\n\n\n<li>Lerch, F.\/Provan, K.G.\/Sydow, J.(2007): Network integration in regional clusters and firm performance \u2013 A comparison of measures. Paper presentation at the 23rd EGOS Colloquium, 5-7 July 2007 in Vienna, Austria.<\/li>\n\n\n\n<li>Sydow, J.\/Lerch, F.\/Huxham, C.\/Hibbert, P. (2007): Leadership of clusters\u2026 or clusters of leadership? Paper presentation at the British Academy of Management Conference, 11-13 September 2007 in Warwick, U.K.<\/li>\n\n\n\n<li>Sydow, J.\/Lerch, F.\/Staber, U. (2007): Emergence and planning in path dependency: The case of the Berlin-Brandenburg optic technologies cluster. Paper presentation at the Workshop \u201cRegional technological and industrial trajectories \u2013 Theoretical background and empirical observations\u201d at the Max Planck Institute of Economics hosted by the Evolutionary Economics Group, 27.-29. September 2007 in Jena.<\/li>\n\n\n\n<li>Lerch, F.\/Sydow, J.\/Huxham, C.\/Hibbert, P. (2007): Leadership in clusters \u2013 A comparison of four photonics clusters. Paper presentation at the 2007 Cluster Conference of The Competitiveness Institute (TCI) 09. October 2007 in Portland, Oregon, USA.<\/li>\n\n\n\n<li>Bl\u00fcmel, C.\/Heidler, R.\/Lerch, F. (2006): Struktur vor Entscheidung. Ein Beitrag zur Diskussion der Governance am Beispiel der Blockmodellanalyse eines interorganisationalen Netzwerkes. Paper presentation at the Governance-Workshop of the Graduiertenkolleg Modern Governance, Universit\u00e4t Potsdam.<\/li>\n\n\n\n<li>Sydow, J.\/Lerch, F. (2006): Pfade der Netzwerkentwicklung im Feld optischer Technologien \u2013 Die Region Berlin-Brandenburg zwischen Emergenz und Planung. Paper presentation at the 29. Wissenschaftliches Symposium der Gesellschaft f\u00fcr Unternehmensgeschichte (GUG): \u201eUnternehmerische Netzwerke. Eine historische Organisationsform mit Zukunft?\u201c, October 12-13, 2006, Stuttgart.<\/li>\n\n\n\n<li>Lerch, F.\/Sydow, J.\/Provan, K.G. (2006), Cliques within clusters: Multi-dimensional network integration and innovation activities. Paper presentation at the 22nd EGOS Colloquium, July 6-8, 2006, Bergen, Norway.<\/li>\n\n\n\n<li>Duschek, S. (2005): Transactive Knowledge Systems and Competitive Advantage: Re-Conceptualizing Knowledge in the Knowledge-Based Perspective of the Firm. Paper presented at 21st EGOS-Colloquium: &#8222;Unlocking Organizations&#8220;. Subtheme 18: When Organization Studies Meet Economics: Alternative Philosophies of Knowledge Management and the Theory of the Firm. Berlin, 30.06.-02.07.2005 (zusammen mit Elisabeth Brauner).<\/li>\n\n\n\n<li>G\u00e4rtner, Ch. (2005): Vom ein-bilden zum aus-handeln: Beobachtung und Beratung. 1. Augsburger Konferenz: Systemische Entwicklung und Beratung von Organisationen, 23.-24. September 2005, Augsburg.<\/li>\n\n\n\n<li>Lerch, F. (2005): The co-evolution of networks and their environment. The case of Photonics. Paper presentation at the 21st EGOS Colloquium, Berlin.<\/li>\n\n\n\n<li>Duschek, S. (2004): Neue Institutionen\u00f6konomik als Theorieperspektive des Internationalen Managements \u2013 Ein Pl\u00e4doyer f\u00fcr theoretische Stringenz. Arbeitspapier pr\u00e4sentiert im Colloquium der MANAGEMENTFORSCHUNG vom 19.-20. Nov. 2004, Berlin, Freie Universit\u00e4t Berlin.<\/li>\n\n\n\n<li>H\u00fclsbeck, M.\/G\u00e4rtner, Ch. (2004): Systemische Organisationsberatung. Kongress des Bundesverbandes Deutscher Studentischer Unternehmensberatungen (BDSU), 2.-3. Dezember 2004, Augsburg.<\/li>\n\n\n\n<li>Duschek, S. (2003): Netzwerkressourcen im Fokus: Die \u201aRelational View\u2019 des strategischen Managements. Arbeitspapier pr\u00e4sentiert auf der Tagung \u201eNachhaltigkeit von Arbeit und Rationalisierung\u201c Themenfeld \u201eZukunftsf\u00e4hige Arbeitsforschung\u201c, 23.-24. Januar 2003, Chemnitz.<\/li>\n\n\n\n<li>Duschek, S. (2003): Ressourcen im Spannungsfeld von Kompetition und Kooperation: Zwei ressourcenbasierter Perspektiven auf Unternehmungskooperation. Paper presented at \u201eStrategisches Kompetenzmanagement 2003: State of the Art \u2013 Anwendung und Integration\u201c, 25.-26. September 2003, Innsbruck, \u00d6sterreich.<\/li>\n\n\n\n<li>Duschek, S. (2002): Going Beyond the Resources Given: A Structurationist View on Knowledge and Strategic Management. Paper presented at \u201cThe Third European Conference of Organizational Knowledge, Learning, and Capabilities\u201d, April 5-6, 2002, Athens, Greece (zusammen mit Albrecht Becker).<\/li>\n<\/ul>\n","protected":false},"excerpt":{"rendered":"","protected":false},"author":36,"featured_media":0,"parent":0,"menu_order":0,"comment_status":"closed","ping_status":"closed","template":"","meta":{"footnotes":""},"categories":[4],"tags":[],"class_list":["post-993","page","type-page","status-publish","hentry","category-forschung"],"_links":{"self":[{"href":"https:\/\/www.hsu-hh.de\/orga\/wp-json\/wp\/v2\/pages\/993","targetHints":{"allow":["GET"]}}],"collection":[{"href":"https:\/\/www.hsu-hh.de\/orga\/wp-json\/wp\/v2\/pages"}],"about":[{"href":"https:\/\/www.hsu-hh.de\/orga\/wp-json\/wp\/v2\/types\/page"}],"author":[{"embeddable":true,"href":"https:\/\/www.hsu-hh.de\/orga\/wp-json\/wp\/v2\/users\/36"}],"replies":[{"embeddable":true,"href":"https:\/\/www.hsu-hh.de\/orga\/wp-json\/wp\/v2\/comments?post=993"}],"version-history":[{"count":1,"href":"https:\/\/www.hsu-hh.de\/orga\/wp-json\/wp\/v2\/pages\/993\/revisions"}],"predecessor-version":[{"id":994,"href":"https:\/\/www.hsu-hh.de\/orga\/wp-json\/wp\/v2\/pages\/993\/revisions\/994"}],"wp:attachment":[{"href":"https:\/\/www.hsu-hh.de\/orga\/wp-json\/wp\/v2\/media?parent=993"}],"wp:term":[{"taxonomy":"category","embeddable":true,"href":"https:\/\/www.hsu-hh.de\/orga\/wp-json\/wp\/v2\/categories?post=993"},{"taxonomy":"post_tag","embeddable":true,"href":"https:\/\/www.hsu-hh.de\/orga\/wp-json\/wp\/v2\/tags?post=993"}],"curies":[{"name":"wp","href":"https:\/\/api.w.org\/{rel}","templated":true}]}}