{"id":991,"date":"2023-02-20T13:33:58","date_gmt":"2023-02-20T12:33:58","guid":{"rendered":"https:\/\/www.hsu-hh.de\/orga\/?page_id=991"},"modified":"2023-02-20T13:33:58","modified_gmt":"2023-02-20T12:33:58","slug":"sonstige-publikationen","status":"publish","type":"page","link":"https:\/\/www.hsu-hh.de\/orga\/sonstige-publikationen","title":{"rendered":"Sonstige Publikationen"},"content":{"rendered":"\n<ul class=\"wp-block-list\">\n<li>Duschek, S.\/Schramm, F. (2016): Altersgerechte und -\u00fcbergreifende Fachkr\u00e4fteentwicklung in Hochtechnologie-Clustern am Beispiel optischer Technologien und Mikrosystemtechnik in Berlin und Brandenburg. In: Deutsches Zentrum f\u00fcr Luft- und Raum\u00adfahrt, Projekttr\u00e4ger im DLR ( <abbr title=\"Herausgeber\">Hrsg.<\/abbr>): Innovative Arbeitsgestaltung und Dienstleistung, Jahresbericht 2015\/2016 (im Druck).<\/li>\n\n\n\n<li>Duschek, S.\/G\u00e4rtner, C. (2014): Altersgerechte und -\u00fcbergreifende Fachkr\u00e4fteentwicklung in Hochtechnologie-Clustern am Beispiel optischer Technologien und Mikrosystemtechnik in Berlin und Brandenburg. In: Deutsches Zentrum f\u00fcr Luft- und Raum\u00adfahrt, Projekttr\u00e4ger im DLR ( <abbr title=\"Herausgeber\">Hrsg.<\/abbr>): Innovative Arbeitsgestaltung und Dienstleistung, Jahresbericht 2013\/2014, S. 419-423.<\/li>\n\n\n\n<li>Wulfsberg, J.\/Duschek, S. (2014): Entwicklung und Implementierung von neuer Dachmarke, Kommunikationsstrategie und Wissensmanagement f\u00fcr das Luftfahrtcluster Metropolregion Hamburg: Abschlussbericht<\/li>\n\n\n\n<li>Duschek, S. (1998): Steuerung in und von Netzwerken. In: DBW 58 (6), S. 823-825. Bericht vom DFG-Workshop im Rahmen des DFG-Schwerpunktes \u201eRegulierung und Restrukturier-ung der Arbeit in den Spannungsfeldern von Globalisierung und Dezentralisierung\u201c vom 20. bis 21. Februar 1998 in Berlin.<\/li>\n\n\n\n<li>Sydow, J.\/ Best, D.\/ Duschek, S.\/Wirth, C (1997): Flughafenbetreibergesellschaften als Netzwerkorganisationen. Forschungsbericht f\u00fcr die Flughafen Frankfurt Main AG.<\/li>\n<\/ul>\n","protected":false},"excerpt":{"rendered":"","protected":false},"author":36,"featured_media":0,"parent":0,"menu_order":0,"comment_status":"closed","ping_status":"closed","template":"","meta":{"footnotes":""},"categories":[4],"tags":[],"class_list":["post-991","page","type-page","status-publish","hentry","category-forschung"],"_links":{"self":[{"href":"https:\/\/www.hsu-hh.de\/orga\/wp-json\/wp\/v2\/pages\/991","targetHints":{"allow":["GET"]}}],"collection":[{"href":"https:\/\/www.hsu-hh.de\/orga\/wp-json\/wp\/v2\/pages"}],"about":[{"href":"https:\/\/www.hsu-hh.de\/orga\/wp-json\/wp\/v2\/types\/page"}],"author":[{"embeddable":true,"href":"https:\/\/www.hsu-hh.de\/orga\/wp-json\/wp\/v2\/users\/36"}],"replies":[{"embeddable":true,"href":"https:\/\/www.hsu-hh.de\/orga\/wp-json\/wp\/v2\/comments?post=991"}],"version-history":[{"count":1,"href":"https:\/\/www.hsu-hh.de\/orga\/wp-json\/wp\/v2\/pages\/991\/revisions"}],"predecessor-version":[{"id":992,"href":"https:\/\/www.hsu-hh.de\/orga\/wp-json\/wp\/v2\/pages\/991\/revisions\/992"}],"wp:attachment":[{"href":"https:\/\/www.hsu-hh.de\/orga\/wp-json\/wp\/v2\/media?parent=991"}],"wp:term":[{"taxonomy":"category","embeddable":true,"href":"https:\/\/www.hsu-hh.de\/orga\/wp-json\/wp\/v2\/categories?post=991"},{"taxonomy":"post_tag","embeddable":true,"href":"https:\/\/www.hsu-hh.de\/orga\/wp-json\/wp\/v2\/tags?post=991"}],"curies":[{"name":"wp","href":"https:\/\/api.w.org\/{rel}","templated":true}]}}