{"id":989,"date":"2023-02-20T13:31:38","date_gmt":"2023-02-20T12:31:38","guid":{"rendered":"https:\/\/www.hsu-hh.de\/orga\/?page_id=989"},"modified":"2025-09-08T13:09:41","modified_gmt":"2025-09-08T11:09:41","slug":"zeitschriften-und-sammelwerkbeitraege","status":"publish","type":"page","link":"https:\/\/www.hsu-hh.de\/orga\/zeitschriften-und-sammelwerkbeitraege","title":{"rendered":"Zeitschriften-, Sammelwerkbeitr\u00e4ge und Herausgeberschaften"},"content":{"rendered":"\n<ul class=\"wp-block-list\">\n<li>Duschek, S. (2024): Jahresbericht der Hamburger Cluster. Projekt Co-Learning Space f\u00fcr Hamburger Cluster. Verlag: Online Publikation der Helmut-Schmidt-Universit\u00e4t, Professur f\u00fcr Betriebswirtschaftslehre, <abbr title=\"insbesondere\">insb.<\/abbr> Organisationstheorie (<abbr title=\"Herausgeber\">Hrsg.<\/abbr>).<\/li>\n\n\n\n<li>Duschek, S. (2023): Jahresbericht der Hamburger Cluster. Projekt Co-Learning Space f\u00fcr Hamburger Cluster. Verlag: Online Publikation der Helmut-Schmidt-Universit\u00e4t, Professur f\u00fcr Betriebswirtschaftslehre, <abbr title=\"insbesondere\">insb.<\/abbr> Organisationstheorie (<abbr title=\"Herausgeber\">Hrsg.<\/abbr>).<\/li>\n\n\n\n<li>Duschek, S.\/Vogel, A. (2023): Hamburg`s Clusters and Networks. Booklet. Verlag: Online Publikation der Helmut-Schmidt-Universit\u00e4t, Professur f\u00fcr Betriebswirtschaftslehre, <abbr title=\"insbesondere\">insb.<\/abbr> Organisationstheorie (<abbr title=\"Herausgeber\">Hrsg.<\/abbr>).<\/li>\n\n\n\n<li>Duschek, S. (2022): Jahresbericht der Hamburger Cluster. Projekt Co-Learning Space f\u00fcr Hamburger Cluster. Verlag: Online Publikation der Helmut-Schmidt-Universit\u00e4t, Professur f\u00fcr Betriebswirtschaftslehre, <abbr title=\"insbesondere\">insb.<\/abbr> Organisationstheorie (<abbr title=\"Herausgeber\">Hrsg.<\/abbr>).<\/li>\n\n\n\n<li>Duschek, S. (2021): Hamburg`s Clusters. Annual Report. Verlag: Online Publikation der Helmut-Schmidt-Universit\u00e4t, Professur f\u00fcr Betriebswirtschaftslehre, <abbr title=\"insbesondere\">insb.<\/abbr> Organisationstheorie (<abbr title=\"Herausgeber\">Hrsg.<\/abbr>).<\/li>\n\n\n\n<li>Duschek, S. (2021): Jahresbericht der Hamburger Cluster. Projekt Co-Learning Space f\u00fcr Hamburger Cluster. Verlag: Online Publikation der Helmut-Schmidt-Universit\u00e4t, Professur f\u00fcr Betriebswirtschaftslehre, <abbr title=\"insbesondere\">insb.<\/abbr> Organisationstheorie (<abbr title=\"Herausgeber\">Hrsg.<\/abbr>).<\/li>\n\n\n\n<li>Duschek, S.\/Schramm, F. (2018): Einleitung zum Sammelband, in: Duschek, S.\/Schramm, F. (<abbr title=\"Herausgeber\">Hrsg.<\/abbr>): Kompetenzmanagement in Clustern und Organisationen: Fachkr\u00e4fteentwicklung im demografischen Wandel. Augsburg, M\u00fcnchen, S. 7-12.<\/li>\n\n\n\n<li>Duschek, S.\/G\u00e4rtner, c. (2018): Integratives Kompetenzmanagement. In: Duschek, S.\/Schramm, F. (<abbr title=\"Herausgeber\">Hrsg.<\/abbr>): Kompetenzmanagement in Clustern und Organisationen: Fachkr\u00e4fteentwicklung im demografischen Wandel. Augsburg, M\u00fcnchen, S. 79-92.<\/li>\n\n\n\n<li>Duschek, S.\/G\u00e4rtner, C.\/Kannenberg, W.\/Schramm, F.\/Scheier, F. (2018): Kompetenzmanagement im Spannungsfeld von Kooperation und Wettbewerb. In: Bullinger-Hoffmann, A. (<abbr title=\"Herausgeber\">Hrsg.<\/abbr>): Kompetenzmanagement in Organisationen (im Druck).<\/li>\n\n\n\n<li>Scheier, F.\/Schramm, F.\/Duschek, S.\/Kannenberg, W.\/G\u00e4rtner, C. (2018): Identifikation von Kompetenzbedarfen in Spitzentechnologien. In: Bullinger-Hoffmann, A. (<abbr title=\"Herausgeber\">Hrsg.<\/abbr>): Kompetenzmanagement in Organisationen (im Druck).<\/li>\n\n\n\n<li>Duschek, S.\/G\u00e4rtner, C.\/Kannenberg, W.\/Schramm, F.\/Scheier, F. (2017): Kompe\u00adtenzma\u00adnagement im Spannungsfeld von Kooperation und Wettbewerb, in: Bullinger-Hoff\u00admann, A. (<abbr title=\"Herausgeber\">Hrsg.<\/abbr>): Kompetenzmanagement in Organisationen (im Druck).<\/li>\n\n\n\n<li>Scheier, F.\/Schramm, F.\/Duschek, S.\/Kannenberg, W.\/G\u00e4rtner, C. (2017): Identifikation von Kompetenzbedarfen in Spitzentechnologien, in: Bullinger-Hoffmann, A. (<abbr title=\"Herausgeber\">Hrsg.<\/abbr>): &nbsp; Kompetenzmanagement in Organisationen (im Druck).<\/li>\n\n\n\n<li>G\u00e4rtner, C.\/Duschek, S.\/Ortmann, G.\/Sch\u00fc\u00dfler, E.\/M\u00fcller-Seitz, G.\/H\u00fclsbeck, M. (2017): Emergence of Responsiveness across Organizations, Networks, and Clusters from a Dynamic Capability Perspective. Journal of Competence, Strategy &amp; Management (JCSM), Volume 9, S. 7-32.<\/li>\n\n\n\n<li>Duschek, S.\/G\u00e4rtner, C.\/Scheier, F.\/Schramm, F. (2015): Co-opetition auf einem regionalen Fachkr\u00e4ftemarkt: Eine Trag\u00f6die kollektiver Ressourcennutzung? Praeview \u2013 Zeitschrift f\u00fcr innovative Arbeitsgestaltung und Pr\u00e4vention, 2\/2015, 20-21.<\/li>\n\n\n\n<li>G\u00e4rtner, C.\/Ludwig, R. (2015): Design Thinking im Projektmanagement. In:&nbsp;Zeitschrift F\u00fchrung + Organisation, 4\/2015, 253-259.<\/li>\n\n\n\n<li>G\u00e4rtner, C.\/Huber, C. (2015): Drawing the line: Outlining the concepts of mindful organizing and sketching out the role of visual templates. In: Reb, J.\/Atkins, P. (<abbr title=\"Herausgeber\">Hrsg.<\/abbr>): Mindfulness in Organizations, Cambridge (Cambridge University Press), 305-331.<\/li>\n\n\n\n<li>Duschek, S. (2014): Strategisches Management eines Netzwerkorganisators: Ressourcenbasierte Wettbewerbsvorteile aus strukturationstheoretischer Perspektive. In: Sydow, J.\/Wirth, C. (<abbr title=\"Herausgeber\">Hrsg.<\/abbr>): Organisation und Strukturation: Eine fallbasierte Einf\u00fchrung. Wiesbaden, S. 57-125.<\/li>\n\n\n\n<li>G\u00e4rtner, Ch. (2014):&nbsp;Tools revisited: Wie der materialisierte Aufforderungscharakter von Tools Management- und Beratungsarbeit beeinflusst.&nbsp;In: Conrad, P.\/Sadowski, D.\/Sydow, J.&nbsp;(<abbr title=\"Herausgeber\">Hrsg.<\/abbr>): Managementforschung 24. Arbeit \u2013 eine Neubestimmung. Wiesbaden (Springer), 139-171.<\/li>\n\n\n\n<li>Duschek, S.\/Sydow, J. (2013): Netzwerkzeuge \u2013 Einf\u00fchrung und \u00dcberblick. In: Sydow, J.\/Duschek, S. (<abbr title=\"Herausgeber\">Hrsg.<\/abbr>): Netzwerkzeuge: Tools f\u00fcr das Netzwerkmanagement. Wiesbaden, S. 1-7.<\/li>\n\n\n\n<li>Duschek, S.\/G\u00e4rtner, C. (2013): Kollektive Intelligenz in Netzwerken durch Tools reflexiver Netzwerkberatung. In: Sydow, J.\/Duschek, S. (<abbr title=\"Herausgeber\">Hrsg.<\/abbr>): Netzwerkzeuge: Tools f\u00fcr das Netzwerkmanagement. Wiesbaden, S. 19-32.<\/li>\n\n\n\n<li>Duschek, S.\/Sydow, J. (2013): Aktionsforschung \u2013 K\u00f6nigsweg zu Netzwerkzeugen? In: Sydow, J.\/Duschek, S. (<abbr title=\"Herausgeber\">Hrsg.<\/abbr>): Netzwerkzeuge: Tools f\u00fcr das Netzwerkmanagement. Wiesbaden, S. 129-138.<\/li>\n\n\n\n<li>G\u00e4rtner, Ch. (2013): Cognition, knowing and learning in the flesh: Six views on embodied knowing in organization studies. In: Scandinavian Journal of Management, 29(4), 338-352.<\/li>\n\n\n\n<li>G\u00e4rtner, Ch. (2013): Pathfinder: Ein Tool f\u00fcr das Pfadmanagement. In: Austrian Management Review, 03\/2013, S. 28-35.<\/li>\n\n\n\n<li>G\u00e4rtner, Ch. (2013): Enhancing readiness for change by organizing for mindulness. In: Journal of Change Management, 13(1), S. 52-68.<\/li>\n\n\n\n<li>Duschek, S. (2012): Die Wirkm\u00e4chte des (Miss-)Erfolgs von Organisationen. In: Duschek, S.\/Gaitanides, M.\/Matiaske, W.\/Ortmann, G. (2012). Organisationen regeln: Die Wirkmacht korporativer Akteure. Wiesbaden (im Druck)<\/li>\n\n\n\n<li>Duschek, S.\/Gaitanides, M.\/Matiaske, W.\/Ortmann, G. (2012): Einleitung: Macht, die aus Organisationen kommt. In: Duschek, S.\/Gaitanides, M.\/Matiaske, W.\/Ortmann, G. (2012). Organisationen regeln: Die Wirkmacht korporativer Akteure. Wiesbaden (im Druck).<\/li>\n\n\n\n<li>Lerch, F.\/M\u00fcller-Seitz, G. (2012): Network Absorptive Capacity: An Interorganizational Practice-based Analysis Regarding the Development of X-ray Technologies. In: International Journal of Knowledge Mangement Studies (im Druck).<\/li>\n\n\n\n<li>Lerch, F. (2012): Reflexive Netzwerk- und Clusterentwicklung. In: Dieterle, W. K. M. (<abbr title=\"Herausgeber\">Hrsg.<\/abbr>): Network Guide. Dieterle Gr\u00fcndungsnetzwerk, Wildau, (im Druck).<\/li>\n\n\n\n<li>Cla\u00dfen, M.\/G\u00e4rtner, Ch. (2012): Schmerzen in der Matrix? Alternativrezepte zur Organisation der Personalarbeit, In: OrganisationsEntwicklung, 3\/2012, 87-93;<\/li>\n\n\n\n<li>wieder abgedruckt in &#8222;HR &#8211; Schl\u00fcssel zum Change?&#8220;, OrganisationsEntwicklung, Dossier 2\/2012, 106-112<\/li>\n\n\n\n<li>G\u00e4rtner, Ch.\/Kern, D. (2012): Was will ich f\u00fcr wen wo und wie sein? In: Personalwirtschaft, 05\/2012, 39-42.<\/li>\n\n\n\n<li>G\u00e4rtner, C.\/Duschek, S. (2011): Kollektive Intelligenz in Netzwerken. Gezielt durch Tools aufbauen. In: Zeitschrift F\u00fchrung + Organisation, 6\/2011, S. 387-393.<\/li>\n\n\n\n<li>Lerch, F.\/Sydow, J.\/Duschek, S. (2011): Beyond the organizational focus: Network consulting in regional clusters. In: Buono, A. (Ed.): The Changing Paradigm of Consulting: Adjusting to the Fast-Paced World. Vol. 13. Research in Management Consulting series. Information Age Publishing, Charlotte, N.C., S. 185-209.<\/li>\n\n\n\n<li>Duschek, S.\/Niethammer, R. (2011): Durch kooperative Ressourcenvorteile raus aus der Krise und rein in die Weltspitze der Automobilindustrie. In: Pechlaner, H.\/Fischer, E. (<abbr title=\"Herausgeber\">Hrsg.<\/abbr>): Kooperative Kernkompetenzen \u2013 Management von Netzwerken in Regionen und Destinationen. Wiesbaden, S. 93-108.<\/li>\n\n\n\n<li>G\u00e4rtner, Ch. (2011): Putting new wine into old bottles: Mindfulness as a micro-foundation of dynamic capabilities. In: Management Decision, Special Issue &#8222;Management theory and practices: criticism and debate&#8220;, 49(2), S. 253-269.<\/li>\n\n\n\n<li>G\u00e4rtner, Ch. (2011): Wisdom in the flesh: embodied social practices of wisdom in organizations. In: Philosophy of Management, Special Issue &#8222;Wisdom in Management&#8220;,10(1), S. 29-42.<\/li>\n\n\n\n<li>Sydow, J.\/Lerch, F.\/Huxham, C.\/Hibbert, P. (2011): A silent cry for leadership: Organizing for leading (in) clusters. In: Leadership Quarterly 22 (2), S. 328-343.<\/li>\n\n\n\n<li>Lerch, F.\/M\u00fcller-Seitz, G.\/Wagner, R. (2011): Absorptive Capacity in collaborative technology transfer \u2013 A practice perspective on four cases in optics in the U.S. and Germany. In: International Journal of Knowledge Mangement Studies (im Druck).<\/li>\n\n\n\n<li>Sydow, J.\/Lerch, F. (2011): Netzwerkzeuge \u2013 Zum reflexiven Umgang mit Methoden und Instrumenten des Netzwerkmanagements. In: Zeitschrift F\u00fchrung+Organisation 89 (6) (im Druck).<\/li>\n\n\n\n<li>Riediger, M.\/Lerch, F. (2011): Europ\u00e4ischer Stresstest f\u00fcr Banken \u2013 Transparenz als Mittel zur \u00dcberwindung der Krise? In: Heyd, R.\/Beyer, M. (<abbr title=\"Herausgeber\">Hrsg.<\/abbr>): Anwendungsm\u00f6glichkeiten betriebswirtschaftlicher Theorien in der Finanzwirtschaft \u2013 Prinzipal-Agenten-Theorie. Erich Schmidt Verlag, Berlin und M\u00fcnchen, S. 43-68.<\/li>\n\n\n\n<li>Duschek, S. (2010): Strategisches Pfadmanagement: &#8222;Beyond Path Dependence&#8220;. In: Managementforschung 20, S. 223-259.<\/li>\n\n\n\n<li>Duschek, S.\/Lerch, F.\/Sydow, J. (2010): Netzwerkberatung in Clustern. In: Gruppendynamik und Organisationsberatung &#8211; Zeitschrift f\u00fcr Angewandte Sozialpsychologie 41 (2), S. 125-143.<\/li>\n\n\n\n<li>Arens-Fischer, W.\/Duschek, S.\/Pfeiffer, S.\/Renvert, E.Ruping, B.\/Valcarcel, S. (2010): Aktionsforschung &#8211; Zeit f\u00fcr eine Neuentdeckung? In: Jacobsen, H.\/Schallock, B. (<abbr title=\"Herausgeber\">Hrsg.<\/abbr>): Innovationsstrategien jenseits traditionellen Managements. Erste Tagung des F\u00f6rderschwerpunkts des&nbsp;<abbr title=\"Bundesministerium f\u00fcr Bildung und Forschung\">BMBF<\/abbr>, Fraunhofer IRB Verlag, Stuttgart, S. 130-150.<\/li>\n\n\n\n<li>Duschek, S.\/Sydow, J. (2010): Aktionsforschung zum Management von Innovationsnetzwerken. In: Jacobsen, H.\/Schallock, B. (<abbr title=\"Herausgeber\">Hrsg.<\/abbr>): Innovationsstrategien jenseits traditionellen Managements. Erste Tagung des F\u00f6rderschwerpunkts des&nbsp;<abbr title=\"Bundesministerium f\u00fcr Bildung und Forschung\">BMBF<\/abbr>, Fraunhofer IRB Verlag, Stuttgart, S. 182-189.<\/li>\n\n\n\n<li>Hibbert, P.\/Huxham, C.\/Sydow, J.\/Lerch, F. (2010): Barriers to process learning: Authority and anomy in regional clusters. In: Management Learning 41 (4), S. 453-471.<\/li>\n\n\n\n<li>Sydow, J.\/Lerch, F.\/Staber, U. (2010): Planning for path dependence? The case of a network in the Berlin-Brandenburg optics cluster. In: Economic Geography 86 (2), S. 173-195.<\/li>\n\n\n\n<li>Brauner, E.\/Becker, A.\/Duschek, S. (2009). Foundations of a Transactive Knowledge-based View. In E. Brauner (<abbr title=\"Herausgeber\">Hrsg.<\/abbr>): Transactive Memory Systems in Groups and Organizations, S. 155-172. Waxmann.<\/li>\n\n\n\n<li>G\u00e4rtner, Ch.\/Lederle, S.\/Volk, T. (2009): Ein Pl\u00e4doyer f\u00fcr VerR\u00c4NDERungsmanagement. In: Raab, G.\/Unger, A. (<abbr title=\"Herausgeber\">Hrsg.<\/abbr>): Der Mensch im Mittelpunkt wirtschaftlichen Handelns. Lengerich (Pabst Publishers), S. 43-57.<\/li>\n\n\n\n<li>Duschek (2008): Strategisches Management eines Netzwerkorganisators: Die Entstehung ressourcenbasierter Wettbewerbsvorteile aus strukturationstheoretischer Netzwerkperspektive. In: Becker, A.\/Duschek, S.\/Sydow, J.\/Wirth, C. (2008): Organisation und Strukturation. Studienbrief der Fernuniversit\u00e4t in Hagen.<\/li>\n\n\n\n<li>G\u00e4rtner, Ch.\/Lederle, S. (2008): Innovation am&nbsp;lunatic fringe: Ist der Rand die Heimat der Innovation? In: Bergknapp, A.\/G\u00e4rtner, Ch.\/Lederle, S. (<abbr title=\"Herausgeber\">Hrsg.<\/abbr>): Sozio\u00f6konomische Organisationsforschung.Hampp (M\u00fcnchen\/Mering), S. 106-142.<\/li>\n\n\n\n<li>G\u00e4rtner, Ch. (2007): Thoughtless acts, embodied mind or practices? Social practices of knowledge and innovation. In: Gronau, Norbert (<abbr title=\"Herausgeber\">Hrsg.<\/abbr>): 4th<br>Conference on Professional Knowledge Management. Experiences and Visions. Berlin (GITO), S. 239-247.<\/li>\n\n\n\n<li>G\u00e4rtner, Ch. (2007): Vom ein-bilden zum aus-handeln: Beobachtung und Beratung. In: Tomaschek, N. (<abbr title=\"Herausgeber\">Hrsg.<\/abbr>): Systemische Entwicklung und Beratung von Organisationen. Aktuelle Trends und neue Perspektiven. Heidelberg (Carl-Auer-Systeme), S. 125-137.<\/li>\n\n\n\n<li>Lerch, F.\/Sydow, J.\/Wilhelm, M. (2007): Wenn Wettbewerber zu Kooperationspartnern (gemacht) werden \u2013 Einsichten aus zwei Netzwerken in einem Cluster optischer Technologien. In: Schrey\u00f6gg, G.\/Sydow, J. (<abbr title=\"Herausgeber\">Hrsg.<\/abbr>): Managementforschung 17. Gabler. Wiesbaden, S. 207-255.<\/li>\n\n\n\n<li>Sydow, J.\/ Lerch, F. (2007): Developing Photonics Clusters \u2013 Commonalities, Contrasts and Contradictions. AIM Working Paper. Advanced Institute of Management Research (AIM), London.<\/li>\n\n\n\n<li>Bl\u00fcmel, C.\/Heidler, R.\/Lerch, F. (2007): Struktur vor Entscheidung. Ein Beitrag zur Diskussion der Governance am Beispiel der Blockmodellanalyse eines interorganisationalen Netzwerkes. In: Wagner, D.\/Lattemann, C.\/Kupke, S.\/Legel, A. (<abbr title=\"Herausgeber\">Hrsg.<\/abbr>): Governance-Theorien oder Governance als Theorie? Wissenschaftlicher Verlag, Berlin, S. 85-110.<\/li>\n\n\n\n<li>Sydow, J.\/Lerch, F. (2007): Pfade der Netzwerkentwicklung im Feld optischer Technologien \u2013 Die Region Berlin-Brandenburg zwischen Emergenz und Planung. In: Berghoff, H.\/Sydow, J. (<abbr title=\"Herausgeber\">Hrsg.<\/abbr>): Unternehmerische Netzwerke. Kohlhammer, S. 197-232.<\/li>\n\n\n\n<li>Becker, A.\/Brauner, E.\/Duschek, S. (2006): Transaktives Wissen, Kompetenzen und Wettbewerbsvorteile: Der Akteur als strategischer Faktor. In: Managementforschung 16, S. 201-230.<\/li>\n\n\n\n<li>G\u00e4rtner, Ch.\/Lederle, S. (2006): Der Rand ist die Heimat der Innovation&nbsp;\u2013&nbsp;Eine theoretische und empirische Diskussion der Beziehung von Innovationen und R\u00e4ndern. In: Neuberger, O. (<abbr title=\"Herausgeber\">Hrsg.<\/abbr>): Augsburger Beitr\u00e4ge zu Organisationspsychologie und Personalwesen, 21, S. 1-63.<\/li>\n\n\n\n<li>Duschek, S. (2005): Wenn schon, denn schon! Ein Pl\u00e4doyer f\u00fcr theoretische Stringenz. Kommentar zum Beitrag von Birgitta Wolff. In: Managementforschung 15, S. 145-151.<\/li>\n\n\n\n<li>Duschek, S.\/Rometsch, M. (2005): Netzwerktypologien \u2013 Nutzen und Grenzen am Beispiel Kompetenzentwicklung. In: Stahl, H.K.\/Friedrich von den Eichen, S. (<abbr title=\"Herausgeber\">Hrsg.<\/abbr>): &#8222;Vernetzt&#8220; \u2212 Netzwerke von und in Unternehmen. Berlin&nbsp;<abbr title=\"unter anderem\">u.a.<\/abbr>, S. 121-138.<\/li>\n\n\n\n<li>Duschek, S. (2004): Inter-firm resources and sustained competitive advantage. In: Management Revue 15 (1), S. 53-73.<\/li>\n\n\n\n<li>Duschek, S.\/Rometsch, M. (2004): Netzwerktypologien im Anwendungsbereich Kompetenzentwicklung. In: QUEM 13 (3), S. 1-7.<\/li>\n\n\n\n<li>Duschek, S. (2004): Kompetenzen, organisationale. In: Schrey\u00f6gg, G.\/Werder, A. v. (<abbr title=\"Herausgeber\">Hrsg.<\/abbr>): Handw\u00f6rterbuch Unternehmensf\u00fchrung und Organisation (HWO), 4. Auflage, Stuttgart, Sp. 612-618.<\/li>\n\n\n\n<li>Duschek, S.\/Sydow, J. (2002): Ressourcenorientierte Ans\u00e4tze des strategischen Managements \u2212 Zwei Perspektiven auf Unternehmungskooperationen. In: Wirtschaftswissenschaftliches Studium 31, S. 426-431.<\/li>\n\n\n\n<li>Duschek, S. (2001): Kooperative Kernkompetenzen \u2212 Zum Management einzigartiger Netzwerkressourcen. In: Ortmann, G.\/Sydow, J. (2001) (<abbr title=\"Herausgeber\">Hrsg.<\/abbr>): Strategie und Strukturation \u2212 Strategisches Management von Unternehmen, Netzwerken und Konzernen. Wiesbaden, S. 173-189 (Wiederabdruck).<\/li>\n\n\n\n<li>Duschek, S. (2001): Modalit\u00e4ten des strategischen Managements \u2212 Zur strukturations-theoretischen Interpretation des Resource-based View. In: Ortmann, G.\/Sydow, J. (<abbr title=\"Herausgeber\">Hrsg.<\/abbr>): Strategie und Strukturation \u2212 Strategisches Management von Unternehmen, Netzwerken und Konzernen. Wiesbaden, S. 57-89.<\/li>\n\n\n\n<li>Duschek, S.\/Ortmann, G.\/Sydow, J. (2001): Grenzmanagement in Unternehmungsnetzwerken: Theoretische Zug\u00e4nge und der Fall eines strategischen Dienstleistungsnetzwerks. In: Ortmann, G.\/Sydow, J. (<abbr title=\"Herausgeber\">Hrsg.<\/abbr>): Strategie und Strukturation \u2212 Strategisches Management von Unternehmen, Netzwerken und Konzernen.Wiesbaden, S. 191-233.<\/li>\n\n\n\n<li>Duschek, S.\/Ortman, G.\/Sydow, J. (2001): Management des limites dans les reseaux d&#8217;entreprises \u2212 le cas d&#8217;un reseau strategique de prestation de services. In: Froehlicher, P.\/Kuhn, A.\/Schmidt, G. (2001) (<abbr title=\"Herausgeber\">Hrsg.<\/abbr>): Comp\u00e9tences relationnelles et m\u00e9tamorphoses des organisations. Paris, S. 371-406. (\u00dcbersetzung)<\/li>\n\n\n\n<li>Sydow, J.\/Duschek, S. (2000): Starke Beziehungen, durchl\u00e4ssige Grenzen \u2212 Grenzmanagement in einem Dienstleistungsnetzwerk. In: DBW 60 (4), S. 441-458.<\/li>\n\n\n\n<li>Duschek, S.\/Sydow, J. (1999): Netzwerke als Quelle neuer Produkte und Prozesse. In: Thexis 16 (3), S. 21-25.<\/li>\n\n\n\n<li>Duschek, S.\/Wirth C. (1999): Mitbestimmte Netzwerkbildung \u2212 Der Fall einer au\u00dfergew\u00f6hnlichen Dienstleistungsunternehmung. In: Sydow, J.\/Wirth, C. (1999) (<abbr title=\"Herausgeber\">Hrsg.<\/abbr>): Arbeit, Personal und Mitbestimmung in Unternehmungsnetzwerken. M\u00fcnchen und Mering, S. 297-336 (Wiederabdruck).<\/li>\n\n\n\n<li>Duschek, S.\/Wirth C. (1999): Mitbestimmte Netzwerkbildung \u2212 Der Fall einer au\u00dfer-gew\u00f6hnlichen Dienstleistungsunternehmung. In: Industrielle Beziehungen \u2212 Zeitschrift f\u00fcr Arbeit, Organisation und Management 6 (1), S. 73-110.<\/li>\n\n\n\n<li>Duschek, S. (1998): Kooperative Kernkompetenzen \u2212 Zum Management einzigartiger Netzwerkressourcen. In: Zeitschrift F\u00fchrung+Organisation 67 (4), S. 230-236.<\/li>\n<\/ul>\n","protected":false},"excerpt":{"rendered":"","protected":false},"author":36,"featured_media":0,"parent":0,"menu_order":0,"comment_status":"closed","ping_status":"closed","template":"","meta":{"footnotes":""},"categories":[4],"tags":[],"class_list":["post-989","page","type-page","status-publish","hentry","category-forschung"],"_links":{"self":[{"href":"https:\/\/www.hsu-hh.de\/orga\/wp-json\/wp\/v2\/pages\/989","targetHints":{"allow":["GET"]}}],"collection":[{"href":"https:\/\/www.hsu-hh.de\/orga\/wp-json\/wp\/v2\/pages"}],"about":[{"href":"https:\/\/www.hsu-hh.de\/orga\/wp-json\/wp\/v2\/types\/page"}],"author":[{"embeddable":true,"href":"https:\/\/www.hsu-hh.de\/orga\/wp-json\/wp\/v2\/users\/36"}],"replies":[{"embeddable":true,"href":"https:\/\/www.hsu-hh.de\/orga\/wp-json\/wp\/v2\/comments?post=989"}],"version-history":[{"count":3,"href":"https:\/\/www.hsu-hh.de\/orga\/wp-json\/wp\/v2\/pages\/989\/revisions"}],"predecessor-version":[{"id":1339,"href":"https:\/\/www.hsu-hh.de\/orga\/wp-json\/wp\/v2\/pages\/989\/revisions\/1339"}],"wp:attachment":[{"href":"https:\/\/www.hsu-hh.de\/orga\/wp-json\/wp\/v2\/media?parent=989"}],"wp:term":[{"taxonomy":"category","embeddable":true,"href":"https:\/\/www.hsu-hh.de\/orga\/wp-json\/wp\/v2\/categories?post=989"},{"taxonomy":"post_tag","embeddable":true,"href":"https:\/\/www.hsu-hh.de\/orga\/wp-json\/wp\/v2\/tags?post=989"}],"curies":[{"name":"wp","href":"https:\/\/api.w.org\/{rel}","templated":true}]}}