{"id":952,"date":"2023-02-16T20:36:47","date_gmt":"2023-02-16T19:36:47","guid":{"rendered":"https:\/\/www.hsu-hh.de\/orga\/?page_id=952"},"modified":"2023-11-01T10:13:10","modified_gmt":"2023-11-01T09:13:10","slug":"dipl-paed-julia-alrutz-m-sc","status":"publish","type":"page","link":"https:\/\/www.hsu-hh.de\/orga\/dipl-paed-julia-alrutz-m-sc","title":{"rendered":"Dipl.-P\u00e4d. Julia Alrutz, M.Sc."},"content":{"rendered":"\n<p>Drittmittelmitarbeiterin<\/p>\n\n\n\n<div class=\"wp-block-columns is-layout-flex wp-container-core-columns-is-layout-9d6595d7 wp-block-columns-is-layout-flex\">\n<div class=\"wp-block-column is-layout-flow wp-block-column-is-layout-flow\">\n<p>Helmut-Schmidt-Universit\u00e4t<br>Fakult\u00e4t f\u00fcr Wirtschafts- und<br>Sozialwissenschaften<br>Holstenhofweg 85<br>22043 Hamburg<\/p>\n<\/div>\n\n\n\n<div class=\"wp-block-column is-layout-flow wp-block-column-is-layout-flow\">\n<p><strong>Raum<\/strong>: H 1, Raum 2503<br><strong>Telefon<\/strong>: +4940 6541 2377<br><strong>E-Mail<\/strong>: <a href=\"mailto:alrutzj@hsu-hh.de\" rel='nofollow'>alrutzj@hsu-hh.de<\/a><\/p>\n\n\n\n<p><\/p>\n<\/div>\n\n\n\n<div class=\"wp-block-column is-layout-flow wp-block-column-is-layout-flow\"><div class=\"wp-block-image is-style-rounded\">\n<figure class=\"aligncenter size-large is-resized\"><img loading=\"lazy\" decoding=\"async\" src=\"https:\/\/www.hsu-hh.de\/orga\/wp-content\/uploads\/sites\/538\/2023\/02\/Julia-Alrutz-684x1024.jpg\" data-credit=\"Caroline Queda\" alt=\"\" class=\"wp-image-917\" style=\"width:142px;height:213px\" width=\"142\" height=\"213\" srcset=\"https:\/\/www.hsu-hh.de\/orga\/wp-content\/uploads\/sites\/538\/2023\/02\/Julia-Alrutz-684x1024.jpg 684w, https:\/\/www.hsu-hh.de\/orga\/wp-content\/uploads\/sites\/538\/2023\/02\/Julia-Alrutz-200x300.jpg 200w, https:\/\/www.hsu-hh.de\/orga\/wp-content\/uploads\/sites\/538\/2023\/02\/Julia-Alrutz-768x1151.jpg 768w, https:\/\/www.hsu-hh.de\/orga\/wp-content\/uploads\/sites\/538\/2023\/02\/Julia-Alrutz.jpg 1024w\" sizes=\"auto, (max-width: 142px) 100vw, 142px\" \/><\/figure>\n<\/div><\/div>\n<\/div>\n\n\n\n<p><strong>Sprechstunde<\/strong><br>nach Vereinbarung<\/p>\n","protected":false},"excerpt":{"rendered":"<p>Drittmittelmitarbeiterin Helmut-Schmidt-Universit\u00e4tFakult\u00e4t f\u00fcr Wirtschafts- undSozialwissenschaftenHolstenhofweg 8522043 Hamburg Raum: H 1, Raum 2503Telefon: +4940 6541 2377E-Mail: alrutzj@hsu-hh.de Sprechstundenach Vereinbarung<\/p>\n","protected":false},"author":36,"featured_media":0,"parent":0,"menu_order":0,"comment_status":"closed","ping_status":"closed","template":"","meta":{"footnotes":""},"categories":[8],"tags":[],"class_list":["post-952","page","type-page","status-publish","hentry","category-team"],"_links":{"self":[{"href":"https:\/\/www.hsu-hh.de\/orga\/wp-json\/wp\/v2\/pages\/952","targetHints":{"allow":["GET"]}}],"collection":[{"href":"https:\/\/www.hsu-hh.de\/orga\/wp-json\/wp\/v2\/pages"}],"about":[{"href":"https:\/\/www.hsu-hh.de\/orga\/wp-json\/wp\/v2\/types\/page"}],"author":[{"embeddable":true,"href":"https:\/\/www.hsu-hh.de\/orga\/wp-json\/wp\/v2\/users\/36"}],"replies":[{"embeddable":true,"href":"https:\/\/www.hsu-hh.de\/orga\/wp-json\/wp\/v2\/comments?post=952"}],"version-history":[{"count":4,"href":"https:\/\/www.hsu-hh.de\/orga\/wp-json\/wp\/v2\/pages\/952\/revisions"}],"predecessor-version":[{"id":1142,"href":"https:\/\/www.hsu-hh.de\/orga\/wp-json\/wp\/v2\/pages\/952\/revisions\/1142"}],"wp:attachment":[{"href":"https:\/\/www.hsu-hh.de\/orga\/wp-json\/wp\/v2\/media?parent=952"}],"wp:term":[{"taxonomy":"category","embeddable":true,"href":"https:\/\/www.hsu-hh.de\/orga\/wp-json\/wp\/v2\/categories?post=952"},{"taxonomy":"post_tag","embeddable":true,"href":"https:\/\/www.hsu-hh.de\/orga\/wp-json\/wp\/v2\/tags?post=952"}],"curies":[{"name":"wp","href":"https:\/\/api.w.org\/{rel}","templated":true}]}}