{"id":934,"date":"2023-02-16T20:34:38","date_gmt":"2023-02-16T19:34:38","guid":{"rendered":"https:\/\/www.hsu-hh.de\/orga\/?page_id=934"},"modified":"2026-03-25T10:49:33","modified_gmt":"2026-03-25T09:49:33","slug":"prof-dr-stephan-duschek","status":"publish","type":"page","link":"https:\/\/www.hsu-hh.de\/orga\/prof-dr-stephan-duschek","title":{"rendered":"Prof. Dr. Stephan Duschek"},"content":{"rendered":"\n<p>Professurinhaber<\/p>\n\n\n\n<div class=\"wp-block-columns is-layout-flex wp-container-core-columns-is-layout-9d6595d7 wp-block-columns-is-layout-flex\">\n<div class=\"wp-block-column is-layout-flow wp-block-column-is-layout-flow\">\n<p>Helmut-Schmidt-Universit\u00e4t<br>Fakult\u00e4t f\u00fcr Wirtschafts- und Sozialwissenschaften<br>Holstenhofweg 85<br>22043 Hamburg<\/p>\n<\/div>\n\n\n\n<div class=\"wp-block-column is-layout-flow wp-block-column-is-layout-flow\">\n<p><strong>Raum<\/strong>: H 1, Raum 2170<br><strong>Telefon<\/strong>: +4940 6541 2584<br><strong>E-Mail:<\/strong> <a href=\"mailto:sduschek@hsu-hh.de\" rel='nofollow'>sduschek@hsu-hh.de<\/a><\/p>\n\n\n\n<p><\/p>\n<\/div>\n\n\n\n<div class=\"wp-block-column is-layout-flow wp-block-column-is-layout-flow\"><div class=\"wp-block-image is-style-rounded\">\n<figure class=\"aligncenter size-full\"><img loading=\"lazy\" decoding=\"async\" width=\"92\" height=\"126\" src=\"https:\/\/www.hsu-hh.de\/orga\/wp-content\/uploads\/sites\/538\/2017\/07\/Foto-Duschek.jpg\" data-credit=\"\" alt=\"Prof. S. Duschek\" class=\"wp-image-335\" \/><\/figure>\n<\/div><\/div>\n<\/div>\n\n\n\n<p><strong>Sprechstunde<\/strong><br>Die Sprechstunde von <abbr title=\"Professor\">Prof.<\/abbr> Duschek findet im Fr\u00fchjahrstrimester 26 immer montags von 13.00-14.00 Uhr und nach Vereinbarung in Raum 2170 statt.<\/p>\n\n\n\n<hr class=\"wp-block-separator has-alpha-channel-opacity is-style-wide\" \/>\n\n\n\n<p><strong>Wissenschaftlicher\/Beruflicher Werdegang<\/strong><\/p>\n\n\n\n<ul class=\"wp-block-list\">\n<li>Nach Berufsausbildung zum \u201eWasserbauwerker\u201c (Emden) Studium des Wirtschaftsingenieurwesens (M\u00fcnchen), der Betriebswirtschaftslehre (Mannheim) und der Wirtschaftswissenschaft (Wuppertal); Abschluss zum&nbsp;<abbr title=\"Diplom\">Dipl.<\/abbr>-\u00d6k. (1994)<\/li>\n\n\n\n<li>1994 \u2013 1995 Wissenschaftlicher Mitarbeiter an der Bergischen Universit\u00e4t GH Wuppertal am Lehrstuhl f\u00fcr Betriebswirtschaftslehre, insbes. Planung und Organisation bei&nbsp;<abbr title=\"Professor Doktor\">Prof. Dr.<\/abbr>&nbsp;G\u00fcnther Ortmann<\/li>\n\n\n\n<li>1995 \u2013 1996 Wissenschaftlicher Mitarbeiter im Forschungsprojekt \u201eFlughafenbetreibergesellschaften als Netzwerkorganisationen?\u201c an der Bergischen Universit\u00e4t GH Wuppertal und der Freien Universit\u00e4t Berlin unter der Leitung von&nbsp;<abbr title=\"Professor\">Prof.<\/abbr>&nbsp;&nbsp;<abbr title=\"Doktor\">Dr.<\/abbr>&nbsp;J\u00f6rg Sydow<\/li>\n\n\n\n<li>1996 \u2013 2009 Wissenschaftlicher Mitarbeiter und Assistent an der Freien Universit\u00e4t Berlin am Institut f\u00fcr Allgemeine Betriebswirtschaftslehre (sp\u00e4ter Institut f\u00fcr Management) bei&nbsp;<abbr title=\"Professor\">Prof.<\/abbr>&nbsp;&nbsp;<abbr title=\"Doktor\">Dr.<\/abbr>&nbsp;&nbsp;J\u00f6rg Sydow<\/li>\n\n\n\n<li>2001 Promotion zum&nbsp;&nbsp;<abbr title=\"Doktor\">Dr.<\/abbr>&nbsp;&nbsp;<abbr title=\"rerum\">rer.<\/abbr>&nbsp;&nbsp;<abbr title=\"politicarum\">pol.<\/abbr>&nbsp;am Fachbereich Wirtschaftswissenschaft der Freien Universit\u00e4t Berlin zum Thema \u201eInnovation in Netzwerken\u201c<\/li>\n\n\n\n<li>2009 Habilitation am Fachbereich Wirtschaftswissenschaft der Freien Universit\u00e4t Berlin mit dem Thema \u201eCorporate Venture Capital als Pfadmanagement\u201c<\/li>\n\n\n\n<li>Im Juli 2009 Ruf an die Helmut-Schmidt-Universit\u00e4t \u2013 Universit\u00e4t der Bundeswehr Hamburg auf die Professur f\u00fcr Betriebswirtschaftslehre, insbes. Organisationstheorie<\/li>\n\n\n\n<li>Seit September 2009 Inhaber der Professur f\u00fcr Betriebswirtschaftslehre, insbes. Organisationstheorie an der Helmut-Schmidt-Universit\u00e4t \u2013 Universit\u00e4t der Bundeswehr Hamburg<\/li>\n\n\n\n<li>Co-Leitung des vom&nbsp;&nbsp;<abbr title=\"Bundesministerium f\u00fcr Bildung und Forschung\">BMBF<\/abbr>&nbsp;gef\u00f6rderten Forschungsprojekts zur Typologie sozialer Kompetenzentwicklungsnetzwerke (2001-2002)<\/li>\n\n\n\n<li>Mitantragsteller und Tr\u00e4ger des von der DFG gef\u00f6rderten Graduiertenkollegs \u201ePfade organisatorischer Prozesse\u201c (2005-2008)<\/li>\n\n\n\n<li>Mitantragsteller des vom&nbsp;&nbsp;<abbr title=\"Bundesministerium f\u00fcr Bildung und Forschung\">BMBF<\/abbr>&nbsp;gef\u00f6rderten Forschungsprojekts \u201eNet-Management\u201c (2008-2011) und im \u00fcbergeordneten&nbsp;&nbsp;<abbr title=\"Bundesministerium f\u00fcr Bildung und Forschung\">BMBF<\/abbr>-F\u00f6rderschwerpunkt \u201eInnovationsstrategien jenseits traditionellen Management\u201c&nbsp;Sprecher&nbsp;der Fokusgruppe \u201eTechnologie und Netzwerkmanagement\u201c (2009-2010)<\/li>\n\n\n\n<li>Lehrauftr\u00e4ge an der Universit\u00e4t Innsbruck (2004) und der Helmut-Schmidt-Universit\u00e4t \u2013 Universit\u00e4t der Bundeswehr Hamburg (2009)<\/li>\n\n\n\n<li>Mitgr\u00fcnder des Start-ups \u201eNetwork Research &amp; Consulting\u201c (NRC) an der Freien Universit\u00e4t Berlin (2008)<\/li>\n\n\n\n<li>T\u00e4tigkeiten als Gutachter&nbsp;&nbsp;<abbr title=\"unter anderem\">u.a.<\/abbr>&nbsp;Managementforschung, Management Learning, Management Revue, Organization Studies, Zeitschrift f\u00fcr Betriebswirtschaft<\/li>\n<\/ul>\n\n\n\n<hr class=\"wp-block-separator has-alpha-channel-opacity is-style-wide\" \/>\n\n\n\n<p><strong>Publikationen<\/strong><br><a href=\"https:\/\/www.hsu-hh.de\/orga\/monographien\">Monographien<\/a><br><a href=\"https:\/\/www.hsu-hh.de\/orga\/zeitschriften-und-sammelwerkbeitraege\">Zeitschriften- und Sammelwerkbeitr\u00e4ge und Herausgeberschaften<\/a><br><a href=\"https:\/\/www.hsu-hh.de\/orga\/sonstige-publikationen\">Sonstige<\/a><br><a href=\"https:\/\/www.hsu-hh.de\/orga\/konferenzbeitraege-auszug\">Konferenzbeitr\u00e4ge (Auszug)<\/a><br><\/p>\n","protected":false},"excerpt":{"rendered":"<p>Professurinhaber Helmut-Schmidt-Universit\u00e4tFakult\u00e4t f\u00fcr Wirtschafts- und SozialwissenschaftenHolstenhofweg 8522043 Hamburg Raum: H 1, Raum 2170Telefon: +4940 6541 2584E-Mail: sduschek@hsu-hh.de SprechstundeDie Sprechstunde von Prof. Duschek findet im Fr\u00fchjahrstrimester 26 immer montags von 13.00-14.00 [&hellip;]<\/p>\n","protected":false},"author":36,"featured_media":0,"parent":0,"menu_order":0,"comment_status":"closed","ping_status":"closed","template":"","meta":{"footnotes":""},"categories":[8],"tags":[],"class_list":["post-934","page","type-page","status-publish","hentry","category-team"],"_links":{"self":[{"href":"https:\/\/www.hsu-hh.de\/orga\/wp-json\/wp\/v2\/pages\/934","targetHints":{"allow":["GET"]}}],"collection":[{"href":"https:\/\/www.hsu-hh.de\/orga\/wp-json\/wp\/v2\/pages"}],"about":[{"href":"https:\/\/www.hsu-hh.de\/orga\/wp-json\/wp\/v2\/types\/page"}],"author":[{"embeddable":true,"href":"https:\/\/www.hsu-hh.de\/orga\/wp-json\/wp\/v2\/users\/36"}],"replies":[{"embeddable":true,"href":"https:\/\/www.hsu-hh.de\/orga\/wp-json\/wp\/v2\/comments?post=934"}],"version-history":[{"count":57,"href":"https:\/\/www.hsu-hh.de\/orga\/wp-json\/wp\/v2\/pages\/934\/revisions"}],"predecessor-version":[{"id":1376,"href":"https:\/\/www.hsu-hh.de\/orga\/wp-json\/wp\/v2\/pages\/934\/revisions\/1376"}],"wp:attachment":[{"href":"https:\/\/www.hsu-hh.de\/orga\/wp-json\/wp\/v2\/media?parent=934"}],"wp:term":[{"taxonomy":"category","embeddable":true,"href":"https:\/\/www.hsu-hh.de\/orga\/wp-json\/wp\/v2\/categories?post=934"},{"taxonomy":"post_tag","embeddable":true,"href":"https:\/\/www.hsu-hh.de\/orga\/wp-json\/wp\/v2\/tags?post=934"}],"curies":[{"name":"wp","href":"https:\/\/api.w.org\/{rel}","templated":true}]}}