{"id":883,"date":"2022-09-08T17:52:29","date_gmt":"2022-09-08T15:52:29","guid":{"rendered":"https:\/\/www.hsu-hh.de\/orga\/?page_id=883"},"modified":"2025-07-15T12:57:57","modified_gmt":"2025-07-15T10:57:57","slug":"herbsttrimester-2022","status":"publish","type":"page","link":"https:\/\/www.hsu-hh.de\/orga\/herbsttrimester-2022","title":{"rendered":"Herbsttrimester 2025"},"content":{"rendered":"\n<h3 class=\"wp-block-heading\">Bachelor-Thesis \/ Bachelor-Kolloquium, n.V.<\/h3>\n\n\n\n<hr class=\"wp-block-separator has-alpha-channel-opacity is-style-wide\" \/>\n\n\n\n<h3 class=\"wp-block-heading\">Planspiel\/Praxis des Entscheidungsverhaltens (WS16B22), Gruppe 1<\/h3>\n\n\n\n<p>Dozent: <abbr title=\"Professor\">Prof.<\/abbr> Duschek<br>Mi 9:45-13 Uhr (14-t\u00e4glich, 1.10.-10.12.2025)<br><em>Aulageb\u00e4ude, Raum 2<\/em><br><br>Mi 9:45-11 Uhr (14-t\u00e4glich, 15.10.-12.11.2025)<br><em>Aulageb\u00e4ude, Aula<\/em><\/p>\n\n\n\n<hr class=\"wp-block-separator has-alpha-channel-opacity is-style-wide\" \/>\n\n\n\n<h3 class=\"wp-block-heading\">Planspiel\/Praxis des Entscheidungsverhaltens (WS16B22), Gruppe 2<\/h3>\n\n\n\n<p>Dozent: <abbr title=\"Professor\">Prof.<\/abbr> Duschek<br>Mo 9:45-13:00 Uhr (Einzelveranstaltung, 29.9.2025)<br><em>Containerdorf C2\/S2, Raum 113-115<\/em><\/p>\n\n\n\n<p>Mi 9:45-11 Uhr (14-t\u00e4glich, 8.10.-19.11.2025)<br><em>Geb\u00e4ude H1, Raum 1503<\/em><\/p>\n\n\n\n<p>Mi 9:45 Uhr-13 Uhr (14-t\u00e4glich, 8.10.-10.12.2025)<br><em>Aulageb\u00e4ude, Raum 2<\/em><\/p>\n\n\n\n<hr class=\"wp-block-separator has-alpha-channel-opacity is-style-wide\" \/>\n\n\n\n<h3 class=\"wp-block-heading\">Seminar MOIN (WS23B54), n.V.&nbsp;<\/h3>\n\n\n\n<p>Dozent: <abbr title=\"Professor\">Prof.<\/abbr> Duschek \/ Nanni Schleicher \/ Lukas Lapschie\u00df<br>Do 9:45-11:15 Uhr (Einzelveranstaltung, 2.10.2025)<br><em>Mensageb\u00e4ude, Raum 0001<\/em><\/p>\n\n\n\n<p>Do 8:00-13:00 Uhr (Einzelveranstaltung, 20.11.2025)<br><em>Mensageb\u00e4ude, Raum 0001<\/em><br><\/p>\n","protected":false},"excerpt":{"rendered":"<p>Bachelor-Thesis \/ Bachelor-Kolloquium, n.V. Planspiel\/Praxis des Entscheidungsverhaltens (WS16B22), Gruppe 1 Dozent: Prof. DuschekMi 9:45-13 Uhr (14-t\u00e4glich, 1.10.-10.12.2025)Aulageb\u00e4ude, Raum 2 Mi 9:45-11 Uhr (14-t\u00e4glich, 15.10.-12.11.2025)Aulageb\u00e4ude, Aula Planspiel\/Praxis des Entscheidungsverhaltens (WS16B22), Gruppe [&hellip;]<\/p>\n","protected":false},"author":36,"featured_media":0,"parent":0,"menu_order":0,"comment_status":"closed","ping_status":"closed","template":"","meta":{"footnotes":""},"categories":[4],"tags":[],"class_list":["post-883","page","type-page","status-publish","hentry","category-forschung"],"_links":{"self":[{"href":"https:\/\/www.hsu-hh.de\/orga\/wp-json\/wp\/v2\/pages\/883","targetHints":{"allow":["GET"]}}],"collection":[{"href":"https:\/\/www.hsu-hh.de\/orga\/wp-json\/wp\/v2\/pages"}],"about":[{"href":"https:\/\/www.hsu-hh.de\/orga\/wp-json\/wp\/v2\/types\/page"}],"author":[{"embeddable":true,"href":"https:\/\/www.hsu-hh.de\/orga\/wp-json\/wp\/v2\/users\/36"}],"replies":[{"embeddable":true,"href":"https:\/\/www.hsu-hh.de\/orga\/wp-json\/wp\/v2\/comments?post=883"}],"version-history":[{"count":11,"href":"https:\/\/www.hsu-hh.de\/orga\/wp-json\/wp\/v2\/pages\/883\/revisions"}],"predecessor-version":[{"id":1330,"href":"https:\/\/www.hsu-hh.de\/orga\/wp-json\/wp\/v2\/pages\/883\/revisions\/1330"}],"wp:attachment":[{"href":"https:\/\/www.hsu-hh.de\/orga\/wp-json\/wp\/v2\/media?parent=883"}],"wp:term":[{"taxonomy":"category","embeddable":true,"href":"https:\/\/www.hsu-hh.de\/orga\/wp-json\/wp\/v2\/categories?post=883"},{"taxonomy":"post_tag","embeddable":true,"href":"https:\/\/www.hsu-hh.de\/orga\/wp-json\/wp\/v2\/tags?post=883"}],"curies":[{"name":"wp","href":"https:\/\/api.w.org\/{rel}","templated":true}]}}