{"id":825,"date":"2022-03-10T13:57:46","date_gmt":"2022-03-10T12:57:46","guid":{"rendered":"https:\/\/www.hsu-hh.de\/orga\/?page_id=825"},"modified":"2022-03-10T13:57:47","modified_gmt":"2022-03-10T12:57:47","slug":"spring-term-2022","status":"publish","type":"page","link":"https:\/\/www.hsu-hh.de\/orga\/spring-term-2022","title":{"rendered":"Spring term 2022"},"content":{"rendered":"\n<p><strong>Seminar Unternehmensf\u00fchrung (WS16B12)<\/strong><br>Prof. Duschek<br>Freitag 10-11:30 Uhr (bis 22.04.2022)<br>Geb\u00e4ude H01, Seminarraum 0109<\/p>\n\n\n\n<p><strong>Netzwerkmanagement: Methoden, Instrumente und Theorien -Fallstudien (WS22B52)<\/strong><br>Prof. Duschek<br>Geb\u00e4ude H01, Seminarraum 0101<br>Montag 20-21:30 Uhr (bis 11.04.2022)<br>Freitag 8-16 Uhr (bis 10.06.2022)<br>Samstag 8-16 Uhr (bis 11.06.2022)<\/p>\n\n\n\n<p><strong>Seminar MOIN (WS23B54): Einf\u00fchrung zur Seminararbeit, n.V.<\/strong><br>Prof. Duschek und Mitarbeiter<\/p>\n\n\n\n<p><strong>Netzwerkmanagement: Management interorganisationaler Beziehungen (WS22B52)<\/strong><br>Prof. Duschek<br>Montag 16-17:30 Uhr (bis 20.06.2022)<br>Geb\u00e4ude H01, Seminarraum 0401<\/p>\n\n\n\n<p><strong>Master-Thesis\/ Master- Kolloquium MOIN (WS25B96)<\/strong><br>Prof. Duschek<br>n. V.<\/p>\n","protected":false},"excerpt":{"rendered":"<p>Seminar Unternehmensf\u00fchrung (WS16B12)Prof. DuschekFreitag 10-11:30 Uhr (bis 22.04.2022)Geb\u00e4ude H01, Seminarraum 0109 Netzwerkmanagement: Methoden, Instrumente und Theorien -Fallstudien (WS22B52)Prof. DuschekGeb\u00e4ude H01, Seminarraum 0101Montag 20-21:30 Uhr (bis 11.04.2022)Freitag 8-16 Uhr (bis 10.06.2022)Samstag [&hellip;]<\/p>\n","protected":false},"author":36,"featured_media":0,"parent":0,"menu_order":0,"comment_status":"closed","ping_status":"closed","template":"","meta":{"footnotes":""},"categories":[4],"tags":[],"class_list":["post-825","page","type-page","status-publish","hentry","category-forschung"],"_links":{"self":[{"href":"https:\/\/www.hsu-hh.de\/orga\/wp-json\/wp\/v2\/pages\/825","targetHints":{"allow":["GET"]}}],"collection":[{"href":"https:\/\/www.hsu-hh.de\/orga\/wp-json\/wp\/v2\/pages"}],"about":[{"href":"https:\/\/www.hsu-hh.de\/orga\/wp-json\/wp\/v2\/types\/page"}],"author":[{"embeddable":true,"href":"https:\/\/www.hsu-hh.de\/orga\/wp-json\/wp\/v2\/users\/36"}],"replies":[{"embeddable":true,"href":"https:\/\/www.hsu-hh.de\/orga\/wp-json\/wp\/v2\/comments?post=825"}],"version-history":[{"count":1,"href":"https:\/\/www.hsu-hh.de\/orga\/wp-json\/wp\/v2\/pages\/825\/revisions"}],"predecessor-version":[{"id":826,"href":"https:\/\/www.hsu-hh.de\/orga\/wp-json\/wp\/v2\/pages\/825\/revisions\/826"}],"wp:attachment":[{"href":"https:\/\/www.hsu-hh.de\/orga\/wp-json\/wp\/v2\/media?parent=825"}],"wp:term":[{"taxonomy":"category","embeddable":true,"href":"https:\/\/www.hsu-hh.de\/orga\/wp-json\/wp\/v2\/categories?post=825"},{"taxonomy":"post_tag","embeddable":true,"href":"https:\/\/www.hsu-hh.de\/orga\/wp-json\/wp\/v2\/tags?post=825"}],"curies":[{"name":"wp","href":"https:\/\/api.w.org\/{rel}","templated":true}]}}