{"id":821,"date":"2022-03-10T13:54:26","date_gmt":"2022-03-10T12:54:26","guid":{"rendered":"https:\/\/www.hsu-hh.de\/orga\/?page_id=821"},"modified":"2026-03-25T11:24:06","modified_gmt":"2026-03-25T10:24:06","slug":"fruehjahrstrimester-2022","status":"publish","type":"page","link":"https:\/\/www.hsu-hh.de\/orga\/fruehjahrstrimester-2022","title":{"rendered":"Fr\u00fchjahrstrimester 2026"},"content":{"rendered":"\n<p><strong>Seminar Unternehmensf\u00fchrung (WS16B12)<\/strong>, n.V.<br><abbr title=\"Professor\">Prof.<\/abbr> Duschek<br>Donnerstag 8:00-9:30 Uhr (16.4.2026) &#8211; Geb\u00e4ude H1, Raum 110<br>Donnerstag 9:45-11.15 Uhr (16.4.2026) &#8211; Geb\u00e4ude H1, Raum 110<br>Donnerstag 8:00-12:15 Uhr (4.6.2026) &#8211; Containerdorf C2\/S2, Raum 113-115<\/p>\n\n\n\n<hr class=\"wp-block-separator has-alpha-channel-opacity is-style-wide\" \/>\n\n\n\n<p><strong>Netzwerkmanagement: Management interorganisationaler Beziehungen (WS22B52)<\/strong><br><abbr title=\"Professor\">Prof.<\/abbr> Duschek<br>Montag 9:45-11:15 Uhr (bis 15.6.2026), Geb\u00e4ude H01, Seminarraum 401\/402<br>* 25.5.26 &#8211; Lehre f\u00e4llt aus &#8211;&gt; Pfingstmontag<\/p>\n\n\n\n<hr class=\"wp-block-separator has-alpha-channel-opacity\" \/>\n\n\n\n<p><strong>Netzwerkmanagement: Methoden, Instrumente und Theorien -Fallstudien (WS22B52)<\/strong><br><abbr title=\"Professor\">Prof.<\/abbr> Duschek<br>Freitag 8-9:30 Uhr (10.4.2026), Geb\u00e4ude H01, Raum 101\/103<br>Freitag 8-16 Uhr (12.6.2026), Geb\u00e4ude H 01, Raum 101\/103<br>Samstag 8-16 Uhr (13.6.2026), Geb\u00e4ude H01, Raum 101\/103<\/p>\n\n\n\n<hr class=\"wp-block-separator has-alpha-channel-opacity is-style-wide\" \/>\n\n\n\n<p><strong>Seminar MOIN (WS23B54): Einf\u00fchrung zur Seminararbeit, n.V.<\/strong><br><abbr title=\"Professor\">Prof.<\/abbr> Duschek<\/p>\n\n\n\n<hr class=\"wp-block-separator has-alpha-channel-opacity is-style-wide\" \/>\n\n\n\n<p><strong>Master-Thesis \/ Master-Kolloquium MOIN (WS25B96), n. V.<\/strong><\/p>\n","protected":false},"excerpt":{"rendered":"<p>Seminar Unternehmensf\u00fchrung (WS16B12), n.V.Prof. DuschekDonnerstag 8:00-9:30 Uhr (16.4.2026) &#8211; Geb\u00e4ude H1, Raum 110Donnerstag 9:45-11.15 Uhr (16.4.2026) &#8211; Geb\u00e4ude H1, Raum 110Donnerstag 8:00-12:15 Uhr (4.6.2026) &#8211; Containerdorf C2\/S2, Raum 113-115 Netzwerkmanagement: [&hellip;]<\/p>\n","protected":false},"author":36,"featured_media":0,"parent":0,"menu_order":0,"comment_status":"closed","ping_status":"closed","template":"","meta":{"footnotes":""},"categories":[4],"tags":[],"class_list":["post-821","page","type-page","status-publish","hentry","category-forschung"],"_links":{"self":[{"href":"https:\/\/www.hsu-hh.de\/orga\/wp-json\/wp\/v2\/pages\/821","targetHints":{"allow":["GET"]}}],"collection":[{"href":"https:\/\/www.hsu-hh.de\/orga\/wp-json\/wp\/v2\/pages"}],"about":[{"href":"https:\/\/www.hsu-hh.de\/orga\/wp-json\/wp\/v2\/types\/page"}],"author":[{"embeddable":true,"href":"https:\/\/www.hsu-hh.de\/orga\/wp-json\/wp\/v2\/users\/36"}],"replies":[{"embeddable":true,"href":"https:\/\/www.hsu-hh.de\/orga\/wp-json\/wp\/v2\/comments?post=821"}],"version-history":[{"count":11,"href":"https:\/\/www.hsu-hh.de\/orga\/wp-json\/wp\/v2\/pages\/821\/revisions"}],"predecessor-version":[{"id":1380,"href":"https:\/\/www.hsu-hh.de\/orga\/wp-json\/wp\/v2\/pages\/821\/revisions\/1380"}],"wp:attachment":[{"href":"https:\/\/www.hsu-hh.de\/orga\/wp-json\/wp\/v2\/media?parent=821"}],"wp:term":[{"taxonomy":"category","embeddable":true,"href":"https:\/\/www.hsu-hh.de\/orga\/wp-json\/wp\/v2\/categories?post=821"},{"taxonomy":"post_tag","embeddable":true,"href":"https:\/\/www.hsu-hh.de\/orga\/wp-json\/wp\/v2\/tags?post=821"}],"curies":[{"name":"wp","href":"https:\/\/api.w.org\/{rel}","templated":true}]}}