{"id":227,"date":"2017-09-28T12:39:29","date_gmt":"2017-09-28T10:39:29","guid":{"rendered":"https:\/\/www.hsu-hh.de\/orga\/?page_id=227"},"modified":"2023-02-16T21:13:36","modified_gmt":"2023-02-16T20:13:36","slug":"lehre","status":"publish","type":"page","link":"https:\/\/www.hsu-hh.de\/orga\/lehre","title":{"rendered":"Lehre"},"content":{"rendered":"\n<p><strong>Seminar und Abschlussarbeiten<\/strong><\/p>\n\n\n\n<p><strong>Anfragen zur \u00dcbernahme von Abschlussarbeiten<\/strong><br>Zur Anfrage einer Betreuung von Master- und Bachelorarbeiten an der Professur f\u00fcr Organisationstheorie reichen Sie ein zwei- bis dreiseitiges Expos\u00e9 ein, auf dessen Basis dann entschieden wird, ob die Professur die Betreuung \u00fcbernimmt. Dieses Expos\u00e9 sollte ein selbst gew\u00e4hltes Thema und die darauf basierende Fragestellung enthalten sowie den theoretischen Ansatz und die Forschungsmethodik darstellen. Dar\u00fcber hinaus soll auf einer Seite die die aktuell f\u00fcr das Thema relevante Basisliteratur\u00a0\u00a0aufgef\u00fchrt werden.<\/p>\n\n\n\n<div class=\"wp-block-hsu-downloadblock\"><div class=\"thumbnail-area\"><img decoding=\"async\" src=\"\/wp-content\/themes\/hsu\/img\/dummy\/downloads_dummy.png\" alt=\"Download Symbol-Icon\" \/><\/div><div class=\"text-area\">Richtlinie wissenschaftliche Arbeiten<\/div><div class=\"download-area\"><a class=\"download-link\" href=\"https:\/\/www.hsu-hh.de\/orga\/wp-content\/uploads\/sites\/538\/2020\/01\/Richtlinie-f\u00fcr-die-Anfertigung-von-wissenschaftlichen-Arbeiten-2014.pdf\"><span class=\"download-name\">pdf laden<\/span><span class=\"download-icon\"><img decoding=\"async\" class=\"download-icon\" alt=\"download icon\" src=\"\/wp-content\/themes\/hsu\/img\/icons\/download_icon.png\" \/><\/span><span class=\"download-size\">432 kB<\/span><\/a><\/div><\/div>\n\n\n\n<div class=\"wp-block-hsu-downloadblock\"><div class=\"thumbnail-area\"><img decoding=\"async\" src=\"\/wp-content\/themes\/hsu\/img\/dummy\/downloads_dummy.png\" alt=\"Download Symbol-Icon\" \/><\/div><div class=\"text-area\">Richtlinie f\u00fcr die Studierendenbetreuung 2017<\/div><div class=\"download-area\"><a class=\"download-link\" href=\"https:\/\/www.hsu-hh.de\/orga\/wp-content\/uploads\/sites\/538\/2017\/09\/Richtlinie-f\u00fcr-die-Studierendenbetreuung-2017.pdf\"><span class=\"download-name\">pdf laden<\/span><span class=\"download-icon\"><img decoding=\"async\" class=\"download-icon\" alt=\"download icon\" src=\"\/wp-content\/themes\/hsu\/img\/icons\/download_icon.png\" \/><\/span><span class=\"download-size\">297 kB<\/span><\/a><\/div><\/div>\n","protected":false},"excerpt":{"rendered":"<p>Seminar und Abschlussarbeiten Anfragen zur \u00dcbernahme von AbschlussarbeitenZur Anfrage einer Betreuung von Master- und Bachelorarbeiten an der Professur f\u00fcr Organisationstheorie reichen Sie ein zwei- bis dreiseitiges Expos\u00e9 ein, auf dessen [&hellip;]<\/p>\n","protected":false},"author":36,"featured_media":0,"parent":0,"menu_order":0,"comment_status":"closed","ping_status":"closed","template":"","meta":{"footnotes":""},"categories":[6],"tags":[],"class_list":["post-227","page","type-page","status-publish","hentry","category-lehre"],"_links":{"self":[{"href":"https:\/\/www.hsu-hh.de\/orga\/wp-json\/wp\/v2\/pages\/227","targetHints":{"allow":["GET"]}}],"collection":[{"href":"https:\/\/www.hsu-hh.de\/orga\/wp-json\/wp\/v2\/pages"}],"about":[{"href":"https:\/\/www.hsu-hh.de\/orga\/wp-json\/wp\/v2\/types\/page"}],"author":[{"embeddable":true,"href":"https:\/\/www.hsu-hh.de\/orga\/wp-json\/wp\/v2\/users\/36"}],"replies":[{"embeddable":true,"href":"https:\/\/www.hsu-hh.de\/orga\/wp-json\/wp\/v2\/comments?post=227"}],"version-history":[{"count":12,"href":"https:\/\/www.hsu-hh.de\/orga\/wp-json\/wp\/v2\/pages\/227\/revisions"}],"predecessor-version":[{"id":979,"href":"https:\/\/www.hsu-hh.de\/orga\/wp-json\/wp\/v2\/pages\/227\/revisions\/979"}],"wp:attachment":[{"href":"https:\/\/www.hsu-hh.de\/orga\/wp-json\/wp\/v2\/media?parent=227"}],"wp:term":[{"taxonomy":"category","embeddable":true,"href":"https:\/\/www.hsu-hh.de\/orga\/wp-json\/wp\/v2\/categories?post=227"},{"taxonomy":"post_tag","embeddable":true,"href":"https:\/\/www.hsu-hh.de\/orga\/wp-json\/wp\/v2\/tags?post=227"}],"curies":[{"name":"wp","href":"https:\/\/api.w.org\/{rel}","templated":true}]}}