{"id":1098,"date":"2023-06-22T11:59:21","date_gmt":"2023-06-22T09:59:21","guid":{"rendered":"https:\/\/www.hsu-hh.de\/orga\/?page_id=1098"},"modified":"2023-06-22T12:00:53","modified_gmt":"2023-06-22T10:00:53","slug":"baheer-awrang","status":"publish","type":"page","link":"https:\/\/www.hsu-hh.de\/orga\/baheer-awrang","title":{"rendered":"Baheer Awrang"},"content":{"rendered":"\n<p>DAAD-Promotionsstipendiat<\/p>\n\n\n\n<div class=\"wp-block-columns is-layout-flex wp-container-core-columns-is-layout-9d6595d7 wp-block-columns-is-layout-flex\">\n<div class=\"wp-block-column is-layout-flow wp-block-column-is-layout-flow\">\n<p>Helmut-Schmidt-Universit\u00e4t<br>Fakult\u00e4t f\u00fcr Wirtschafts- und Sozialwissenschaften<br>Holstenhofweg 85<br>22043 Hamburg<\/p>\n<\/div>\n\n\n\n<div class=\"wp-block-column is-layout-flow wp-block-column-is-layout-flow\">\n<p><strong>Raum<\/strong>: H 1, Raum 2172<br><strong>E-Mail<\/strong>:&nbsp;<a rel=\"noreferrer noopener\" href=\"mailto:nanni.schleicher@hsu-hh.de\" target=\"_blank\">awrangb@hsu-hh.de<\/a><\/p>\n<\/div>\n\n\n\n<div class=\"wp-block-column is-layout-flow wp-block-column-is-layout-flow\"><\/div>\n<\/div>\n","protected":false},"excerpt":{"rendered":"<p>DAAD-Promotionsstipendiat Helmut-Schmidt-Universit\u00e4tFakult\u00e4t f\u00fcr Wirtschafts- und SozialwissenschaftenHolstenhofweg 8522043 Hamburg Raum: H 1, Raum 2172E-Mail:&nbsp;awrangb@hsu-hh.de<\/p>\n","protected":false},"author":36,"featured_media":0,"parent":0,"menu_order":0,"comment_status":"closed","ping_status":"closed","template":"","meta":{"footnotes":""},"categories":[8],"tags":[],"class_list":["post-1098","page","type-page","status-publish","hentry","category-team"],"_links":{"self":[{"href":"https:\/\/www.hsu-hh.de\/orga\/wp-json\/wp\/v2\/pages\/1098","targetHints":{"allow":["GET"]}}],"collection":[{"href":"https:\/\/www.hsu-hh.de\/orga\/wp-json\/wp\/v2\/pages"}],"about":[{"href":"https:\/\/www.hsu-hh.de\/orga\/wp-json\/wp\/v2\/types\/page"}],"author":[{"embeddable":true,"href":"https:\/\/www.hsu-hh.de\/orga\/wp-json\/wp\/v2\/users\/36"}],"replies":[{"embeddable":true,"href":"https:\/\/www.hsu-hh.de\/orga\/wp-json\/wp\/v2\/comments?post=1098"}],"version-history":[{"count":2,"href":"https:\/\/www.hsu-hh.de\/orga\/wp-json\/wp\/v2\/pages\/1098\/revisions"}],"predecessor-version":[{"id":1100,"href":"https:\/\/www.hsu-hh.de\/orga\/wp-json\/wp\/v2\/pages\/1098\/revisions\/1100"}],"wp:attachment":[{"href":"https:\/\/www.hsu-hh.de\/orga\/wp-json\/wp\/v2\/media?parent=1098"}],"wp:term":[{"taxonomy":"category","embeddable":true,"href":"https:\/\/www.hsu-hh.de\/orga\/wp-json\/wp\/v2\/categories?post=1098"},{"taxonomy":"post_tag","embeddable":true,"href":"https:\/\/www.hsu-hh.de\/orga\/wp-json\/wp\/v2\/tags?post=1098"}],"curies":[{"name":"wp","href":"https:\/\/api.w.org\/{rel}","templated":true}]}}