{"id":1076,"date":"2023-05-02T10:56:10","date_gmt":"2023-05-02T08:56:10","guid":{"rendered":"https:\/\/www.hsu-hh.de\/orga\/?page_id=1076"},"modified":"2023-05-11T13:57:15","modified_gmt":"2023-05-11T11:57:15","slug":"dr-nanni-schleicher","status":"publish","type":"page","link":"https:\/\/www.hsu-hh.de\/orga\/dr-nanni-schleicher","title":{"rendered":"Dr. Nanni Schleicher"},"content":{"rendered":"\n<p>Wissenschaftliche Mitarbeiterin<\/p>\n\n\n\n<div class=\"wp-block-columns is-layout-flex wp-container-core-columns-is-layout-9d6595d7 wp-block-columns-is-layout-flex\">\n<div class=\"wp-block-column is-layout-flow wp-block-column-is-layout-flow\">\n<p>Helmut-Schmidt-Universit\u00e4t<br>Fakult\u00e4t f\u00fcr Wirtschafts- und Sozialwissenschaften<br>Holstenhofweg 85<br>22043 Hamburg<\/p>\n<\/div>\n\n\n\n<div class=\"wp-block-column is-layout-flow wp-block-column-is-layout-flow\">\n<p><strong>Raum<\/strong>: H 1, Raum 2172<br><strong>Telefon<\/strong>: +4940 6541 2010<br><strong>E-Mail<\/strong>:&nbsp;<a rel=\"noreferrer noopener\" href=\"mailto:nanni.schleicher@hsu-hh.de\" target=\"_blank\">nanni.schleicher@hsu-hh.de<\/a><\/p>\n<\/div>\n\n\n\n<div class=\"wp-block-column is-layout-flow wp-block-column-is-layout-flow\">\n<figure class=\"wp-block-image size-large is-resized is-style-rounded\"><img loading=\"lazy\" decoding=\"async\" src=\"https:\/\/www.hsu-hh.de\/orga\/wp-content\/uploads\/sites\/538\/2023\/05\/nanni_Schleicher-766x1024.jpg\" data-credit=\"Boris Erceg\" alt=\"\" class=\"wp-image-1079\" width=\"157\" height=\"209\" srcset=\"https:\/\/www.hsu-hh.de\/orga\/wp-content\/uploads\/sites\/538\/2023\/05\/nanni_Schleicher-766x1024.jpg 766w, https:\/\/www.hsu-hh.de\/orga\/wp-content\/uploads\/sites\/538\/2023\/05\/nanni_Schleicher-224x300.jpg 224w, https:\/\/www.hsu-hh.de\/orga\/wp-content\/uploads\/sites\/538\/2023\/05\/nanni_Schleicher-768x1027.jpg 768w, https:\/\/www.hsu-hh.de\/orga\/wp-content\/uploads\/sites\/538\/2023\/05\/nanni_Schleicher-1149x1536.jpg 1149w, https:\/\/www.hsu-hh.de\/orga\/wp-content\/uploads\/sites\/538\/2023\/05\/nanni_Schleicher-1531x2048.jpg 1531w, https:\/\/www.hsu-hh.de\/orga\/wp-content\/uploads\/sites\/538\/2023\/05\/nanni_Schleicher-1100x1471.jpg 1100w, https:\/\/www.hsu-hh.de\/orga\/wp-content\/uploads\/sites\/538\/2023\/05\/nanni_Schleicher.jpg 1616w\" sizes=\"auto, (max-width: 157px) 100vw, 157px\" \/><\/figure>\n<\/div>\n<\/div>\n\n\n\n<p><strong>Sprechstunde<\/strong><br>nach Vereinbarung<\/p>\n","protected":false},"excerpt":{"rendered":"<p>Wissenschaftliche Mitarbeiterin Helmut-Schmidt-Universit\u00e4tFakult\u00e4t f\u00fcr Wirtschafts- und SozialwissenschaftenHolstenhofweg 8522043 Hamburg Raum: H 1, Raum 2172Telefon: +4940 6541 2010E-Mail:&nbsp;nanni.schleicher@hsu-hh.de Sprechstundenach Vereinbarung<\/p>\n","protected":false},"author":36,"featured_media":0,"parent":0,"menu_order":0,"comment_status":"closed","ping_status":"closed","template":"","meta":{"footnotes":""},"categories":[8],"tags":[],"class_list":["post-1076","page","type-page","status-publish","hentry","category-team"],"_links":{"self":[{"href":"https:\/\/www.hsu-hh.de\/orga\/wp-json\/wp\/v2\/pages\/1076","targetHints":{"allow":["GET"]}}],"collection":[{"href":"https:\/\/www.hsu-hh.de\/orga\/wp-json\/wp\/v2\/pages"}],"about":[{"href":"https:\/\/www.hsu-hh.de\/orga\/wp-json\/wp\/v2\/types\/page"}],"author":[{"embeddable":true,"href":"https:\/\/www.hsu-hh.de\/orga\/wp-json\/wp\/v2\/users\/36"}],"replies":[{"embeddable":true,"href":"https:\/\/www.hsu-hh.de\/orga\/wp-json\/wp\/v2\/comments?post=1076"}],"version-history":[{"count":6,"href":"https:\/\/www.hsu-hh.de\/orga\/wp-json\/wp\/v2\/pages\/1076\/revisions"}],"predecessor-version":[{"id":1089,"href":"https:\/\/www.hsu-hh.de\/orga\/wp-json\/wp\/v2\/pages\/1076\/revisions\/1089"}],"wp:attachment":[{"href":"https:\/\/www.hsu-hh.de\/orga\/wp-json\/wp\/v2\/media?parent=1076"}],"wp:term":[{"taxonomy":"category","embeddable":true,"href":"https:\/\/www.hsu-hh.de\/orga\/wp-json\/wp\/v2\/categories?post=1076"},{"taxonomy":"post_tag","embeddable":true,"href":"https:\/\/www.hsu-hh.de\/orga\/wp-json\/wp\/v2\/tags?post=1076"}],"curies":[{"name":"wp","href":"https:\/\/api.w.org\/{rel}","templated":true}]}}