{"id":75,"date":"2017-07-03T15:52:18","date_gmt":"2017-07-03T13:52:18","guid":{"rendered":"https:\/\/www.hsu-hh.de\/vorlage\/?page_id=75"},"modified":"2025-07-01T11:20:15","modified_gmt":"2025-07-01T09:20:15","slug":"startpage","status":"publish","type":"page","link":"https:\/\/www.hsu-hh.de\/ordnung\/en\/","title":{"rendered":"Economics, esp. Regulatory Economics"},"content":{"rendered":"\n<p class=\"has-normal-font-size\">Volkswirtschaftslehre, <abbr title=\"insbesondere\">insb.<\/abbr> Ordnungs\u00f6konomik<\/p>\n\n\n\n<h2 class=\"wp-block-heading\" id=\"block-06b25034-d516-49fb-a46f-79c3ed7dac9e\"><a href=\"https:\/\/www.hsu-hh.de\/ordnung\/prof-meyer\" target=\"_blank\" rel=\"noreferrer noopener\"><strong><abbr title=\"Professor\">Prof.<\/abbr>&nbsp;<abbr title=\"Doktor\">Dr.<\/abbr>&nbsp;Dirk Meyer<\/strong><\/a><\/h2>\n\n\n\n<p id=\"block-02fbbefd-4271-48e9-9e00-46682298e896\">Helmut-Schmidt-Universit\u00e4t<br>Universit\u00e4t der Bundeswehr<br>Geb\u00e4ude H1, R 2205<br>Holstenhofweg 85<br>22043 Hamburg<\/p>\n\n\n\n<p id=\"block-46fb2838-4da0-4496-b790-8e0d47925810\">Tel. (+49) 40 6541 2705<\/p>\n\n\n\n<p id=\"block-f8a6284c-3730-49b5-860a-52b8bc3effe1\"><a href=\"mailto:dirk.meyer@hsu-hh.de\" rel='nofollow'>dirk.meyer@hsu-hh.de<\/a><\/p>\n\n\n\n<p id=\"block-271f39b4-340b-4bca-a198-54165bbef9fa\"><\/p>\n\n\n\n<p id=\"block-03e73b5a-b62f-40c8-9e92-bf291d0e286a\"><\/p>\n\n\n<div class=\"wp-block-image\">\n<figure class=\"aligncenter is-resized\"><a href=\"https:\/\/www.hsu-hh.de\/ordnung\/forschung-1\"><img decoding=\"async\" src=\"https:\/\/www.hsu-hh.de\/ordnung\/wp-content\/uploads\/sites\/549\/2024\/11\/Gastvortrag_WiSo_05_Dezember_24_Plakat-1-725x1024.jpg\" alt=\"Dieses Bild hat ein leeres Alt-Attribut. Der Dateiname ist Gastvortrag_WiSo_05_Dezember_24_Plakat-1-725x1024.jpg\" style=\"width:375px;height:auto\" \/><\/a><\/figure>\n<\/div>\n\n\n<h1 class=\"wp-block-heading\" id=\"block-45e80b7c-5261-4268-bf98-8765ee504d53\"><\/h1>\n\n\n\n<p id=\"block-46dba979-a245-467c-8360-d5f7a69b4624\"><strong>Schuldentragf\u00e4higkeit und die neuen Ausnahmen von der Schuldenbremse<\/strong><\/p>\n\n\n\n<p id=\"block-f4382e72-e2ae-4576-8ba3-0893e5308aa4\"><a href=\"https:\/\/www.hsu-hh.de\/ordnung\/wp-content\/uploads\/sites\/549\/2025\/06\/Lucke-u.-Meyer-2025-Schuldenbremse-GG-Aenderung-Infra-Verteidigung-Nachhaltigkeit_ZfgK_2025-11_DSD-mit-Lit.verz_.pdf\" target=\"_blank\" rel=\"noreferrer noopener\">Lucke, Bernd u. Meyer, Dirk (2025), \u201eSchuldentragf\u00e4higkeit und die neuen Ausnahmen von der Schuldenbremse\u201c, in: Zeitschrift f\u00fcr das gesamte Kreditwesen, 78. <abbr title=\"Jahrgang\">Jg.<\/abbr> (2025), H. 11, S. 530-535.<\/a><\/p>\n\n\n\n<p id=\"block-12a54f7d-aba8-48d4-b9c7-e1eadc8b18a2\">Der vorliegende Beitrag analysiert die neu ins Grundgesetz aufgenommenen Ausnahmen von der bisherigen Schuldenregel (Art. 109, 115 und 143h GG) hinsichtlich der Nachhaltigkeit im Sinne der Schuldentragf\u00e4higkeit als Bedingung f\u00fcr die langfristige Stabilit\u00e4t der Staatsfinanzen.<\/p>\n\n\n\n<hr class=\"wp-block-separator has-alpha-channel-opacity\" id=\"block-3bb92274-ad7d-4465-8555-26b8bae7f3bd\" \/>\n\n\n\n<p id=\"block-c9b7f743-f69b-4598-9026-7a48b287ba5e\"><strong>Germany\u2019s New Constitutional Rules on Public Debt: An Analysis of Debt Sustainability and Intergenerational Fairness<\/strong><\/p>\n\n\n\n<p id=\"block-169a2318-e39b-4692-853a-3883c360e0b7\"><a href=\"https:\/\/www.sciedu.ca\/journal\/index.php\/ijfr\/article\/view\/27758\" target=\"_blank\" rel=\"noreferrer noopener\">Lucke, Bernd u. Meyer, Dirk (2025), \u201cGermany\u2019s New Constitutional Rules on Public Debt \u2013 An Analysis of Debt Sustainability and Intergenerational Fairness\u201d, in: International Journal of Financial Research, Vol. 16, No. 2, April 2025, pp. 39-43.<\/a><\/p>\n\n\n\n<p id=\"block-50c5e861-89dd-4b3e-b306-12a06fd5c279\">This article analyzes the new exceptions to the previous debt rule (Articles 109 and 115 of the German Basic Law) with regard to the normative principles of (debt) sustainability and intergenerational fairness. Sustainability requires that the current level of debt be backed by the present value of future primary surpluses, while intergenerational fairness requires that the amount of net borrowing is limited by the amount of net investment (golden rule of investment). We examine and evaluate the defense exception, the special fund (SF) for Infrastructure and Climate Protection as well as the additional deficit leeway for the German states with regard to their justification and design on the basis of these standards. We also take a brief look at possible multiplier effects and inflationary effects. Finally, from an EU perspective, we take a look at the planned European rearmament program ReArm Europe.<\/p>\n\n\n\n<hr class=\"wp-block-separator has-alpha-channel-opacity\" id=\"block-1fb90aa5-6166-4e58-8a26-5a6433d30b07\" \/>\n\n\n\n<p id=\"block-a9db9582-5aa6-408e-b935-6f393298b1e7\"><strong>Frieden f\u00fcr die Ukraine: Auf den von Russland besetzten ukrainischen Gebieten k\u00f6nnte ein neuer Staat entstehen \u2013 oder mehrere<\/strong><\/p>\n\n\n\n<p id=\"block-7256c25e-a60d-47ee-a310-1adb89d4debc\"><a href=\"https:\/\/www.nzz.ch\/meinung\/frieden-fuer-die-ukraine-trump-und-die-eu-ld.1872482\" target=\"_blank\" rel=\"noreferrer noopener\">Lucke, Bernd, Merkel, Reinhard u. Meyer, Dirk (2025), \u201eFrieden f\u00fcr die Ukraine \u2013 Gastkommentar\u201c, in: Neue Z\u00fcrcher Zeitung, 28.02.2025, S. 20; Online: \u201eFrieden f\u00fcr die Ukraine: Auf den von Russland besetzten ukrainischen Gebieten k\u00f6nnte ein neuer Staat entstehen \u2013 oder mehrere\u201c (inklusive Friedensplan)<\/a><\/p>\n\n\n\n<hr class=\"wp-block-separator has-alpha-channel-opacity\" id=\"block-5ab6f8cf-5450-483e-a6d0-397c1a97aa45\" \/>\n\n\n\n<p id=\"block-db9b3105-3962-47ce-9bb7-dbb2f97a7cf9\"><strong>Zentralbankverluste und leistungslose Zinseinkommen f\u00fcr Gesch\u00e4ftsbanken \u2013 Ein Vorschlag zur Absch\u00f6pfung<\/strong><\/p>\n\n\n\n<p id=\"block-2347d2b2-aa21-4c99-a779-76bccb09249c\"><a href=\"https:\/\/www.zbb-online.com\/59938\" rel='nofollow'>Bernd Lucke u. Dirk Meyer, \u201eZentralbankverluste und leistungslose Zinseinkommen f\u00fcr Gesch\u00e4ftsbanken \u2013 Ein Vorschlag zur Absch\u00f6pfung\u201c, in: Zeitschrift f\u00fcr Bankrecht und Bankwirtschaft, <abbr title=\"Band\">Bd.<\/abbr> 36 (2024), H. 4, S. 252-260.<\/a><\/p>\n\n\n\n<p id=\"block-a7a5574d-c7f5-48ed-ab45-9f6284f75a97\">Die Notenbanken des Europ\u00e4ischen Systems der Zentralbanken haben durch die Politik der quantitativen Lockerung gewaltige Mengen an \u00dcberschussliquidit\u00e4t geschaffen. Diese \u00dcberschussliquidit\u00e4t wird von den Gesch\u00e4ftsbanken \u00fcberwiegend in der <abbr title=\"sogenannt\">sog.<\/abbr> Einlagefazilit\u00e4t gehalten, wo sie mit dem Einlagezins verzinst wird. Dies f\u00fchrt zu einem risikofreien Zinseinkommen der Gesch\u00e4ftsbanken, dem keine erkennbare Gegenleistung gegen\u00fcbersteht. Zugleich belasten die Zinskosten die GuV der nationalen Zentralbanken, sodass absehbar auf Jahre hinaus keine Notenbankgewinne an die nationalen Haushalte abgef\u00fchrt werden k\u00f6nnen \u2013 vielmehr Verlustausweise wahrscheinlich werden. Wir schlagen vor, die leistungslosen Zinseinkommen der Gesch\u00e4ftsbanken ganz oder teilweise durch geldpolitisch unsch\u00e4dliche steuerliche Ma\u00dfnahmen abzusch\u00f6pfen, um damit entweder Ausgabek\u00fcrzungen entbehrlich oder Steuerentlastungen m\u00f6glich zu machen.<\/p>\n\n\n\n<hr class=\"wp-block-separator has-alpha-channel-opacity\" id=\"block-09724357-f0d2-44c8-b12f-176b773b4019\" \/>\n\n\n\n<p id=\"block-bc5e656e-6b10-4234-8146-16d2827a475f\"><strong>Bundesbank-Verluste: Bilanzierungspraxis und etwaige Nachschusspflicht des Bundes<\/strong><\/p>\n\n\n\n<p id=\"block-54810ca0-33d1-4a6c-803a-04610b258093\"><a href=\"https:\/\/www.hsu-hh.de\/ordnung\/wp-content\/uploads\/sites\/549\/2024\/08\/Hansen-2024-BBk-Bilanzierung-und-Nachschusspflicht_WD_2407.pdf\" target=\"_blank\" rel=\"noreferrer noopener\">Arne Hansen, \u201eBundesbank-Verluste: Bilanzierungspraxis und etwaige Nachschusspflicht des Bundes\u201c, in: Wirtschaftsdienst, 104. <abbr title=\"Jahrgang\">Jg.<\/abbr> (2024), H. 7, S. 497-502.<\/a><\/p>\n\n\n\n<p id=\"block-8eef613d-be79-4852-82fb-112fea291c50\">Die Bilanz der Bundesbank und jene anderer Notenbanken des Euroraums weisen aktuell hohe \u201eoperative\u201c Verluste auf, bedingt durch die Diskrepanz aus den weiterhin niedrig verzinsten Wertpapierbest\u00e4nden aus Anleihek\u00e4ufen und den mittlerweile h\u00f6her verzinsten Einlagen der Gesch\u00e4ftsbanken. Indes bildet die aktuelle Bilanzierungspraxis die einhergehenden Wertverluste nicht ann\u00e4hernd marktnah ab. Eine Eigenkapitall\u00fccke ist zuk\u00fcnftig nicht ausgeschlossen, was f\u00fcr Notenbanken gemeinhin als unproblematisch gesehen wird. Risiken bestehen jedoch im Kontext einer Rekapitalisierung durch den Staat. Innerhalb des Euroraums k\u00f6nnten nationale und europ\u00e4ische Vorgaben ebensolche Kapitalzuf\u00fchrungen notwendig machen.<\/p>\n\n\n\n<hr class=\"wp-block-separator has-alpha-channel-opacity\" id=\"block-150d178e-6fdb-4656-a42d-56881df2ff3b\" \/>\n\n\n\n<h2 class=\"wp-block-heading\" id=\"block-4448f401-bc65-408e-a383-7f3086884f3d\">Zeitenwende auch f\u00fcr Haushalt und Beschaffungswesen?<\/h2>\n\n\n\n<p id=\"block-a02765fc-050e-4401-a451-ce04b7bb83f6\"><a href=\"https:\/\/www.hsu-hh.de\/ordnung\/wp-content\/uploads\/sites\/549\/2023\/08\/Zeitenwende-Verteidigungsetat-Sondervermoegen-BW-1.pdf\" target=\"_blank\" rel=\"noreferrer noopener\">in: ifo Schnelldienst, 76. <abbr title=\"Jahrgang\">Jg.<\/abbr> (2023), H. 7, S. 9-12<\/a><\/p>\n\n\n\n<p id=\"block-980de628-2715-4ff1-abab-a5d8cd74a2ba\">Die am 27. Februar 2022 von Bundeskanzler Olaf Scholz beschworene Zeitenwende hat einen so nicht vorhergesehenen gro\u00dfen Wendekreis genommen. Neben&nbsp;haushaltsechtlichen (gesetzlich fixierte Ausgaben, Haushaltsbremse, Vergaberecht) und praktischen Gr\u00fcnden (politischer Widerstand gegen Steuererh\u00f6hungen und m\u00f6gliche Haushaltsumschichtungen) d\u00fcrften die mit h\u00f6heren Ausgaben f\u00fcr Verteidigung einhergehenden Verzichtskosten die Ursache sein. Die Kanonen sind entschieden, doch was ist die Butter?<\/p>\n\n\n\n<hr class=\"wp-block-separator has-alpha-channel-opacity\" id=\"block-ac6e323c-3e72-4177-a8ed-5fdf8aef8d09\" \/>\n\n\n\n<h2 class=\"wp-block-heading\" id=\"block-7cdb9970-eac0-4fa1-9599-980452c4d87c\"><strong>Europ\u00e4ische Union und W\u00e4hrungsunion in der Dauerkrise<\/strong><\/h2>\n\n\n\n<figure class=\"wp-block-image\" id=\"block-20add5f1-3708-429b-ba21-00c4fbf7c21d\"><img decoding=\"async\" src=\"https:\/\/www.hsu-hh.de\/ordnung\/wp-content\/uploads\/sites\/549\/2022\/05\/Dauerkrise-I-300x228.jpg\" alt=\"Dauerkrise I\" \/><figcaption class=\"wp-element-caption\">\u00a9 Springer Fachmedien<\/figcaption><\/figure>\n\n\n\n<p id=\"block-8e0a995f-e3df-4ac4-9335-dda73db17e7d\">\u201eEurop\u00e4ische Union und W\u00e4hrungsunion in der Dauerkrise I \u2013 Eine Bestandsaufnahme\u201c, 2., erweiterte Auflage, Springer Fachmedien Wiesbaden, Wiesbaden 2022, Softcover&nbsp;<abbr title=\"International Standard Book Number\">ISBN<\/abbr>&nbsp;978-3-658-35714-6 und eBook&nbsp;<abbr title=\"International Standard Book Number\">ISBN<\/abbr>&nbsp;978-3-658-35715-3,&nbsp;<a href=\"https:\/\/doi.org\/10.1007\/978-3-658-35715-3\" target=\"_blank\" rel=\"noreferrer noopener\">https:\/\/doi.org\/10.1007\/978-3-658-35715-3<\/a>.<\/p>\n\n\n\n<figure class=\"wp-block-image\" id=\"block-9a5235ab-8c7e-431f-aa4c-77b2ef070f23\"><img decoding=\"async\" src=\"https:\/\/www.hsu-hh.de\/ordnung\/wp-content\/uploads\/sites\/549\/2022\/05\/Dauerkrise-II-300x228.jpg\" alt=\"Dauerkrise I\" \/><figcaption class=\"wp-element-caption\">\u00a9 Springer Fachmedien<\/figcaption><\/figure>\n\n\n\n<p id=\"block-8dbf9a3f-cd64-401c-9f3b-1027eff5559e\">\u201eEurop\u00e4ische Union und W\u00e4hrungsunion in der Dauerkrise II \u2013 Szenarien f\u00fcr die Zukunft des Euro\u201c, 2., erweiterte Auflage, Springer Fachmedien Wiesbaden, Wiesbaden 2022, Softcover&nbsp;<abbr title=\"International Standard Book Number\">ISBN<\/abbr>&nbsp;978-3-658-35712-2 und eBook&nbsp;<abbr title=\"International Standard Book Number\">ISBN<\/abbr>&nbsp;978-3-658-35713-9,&nbsp;<a href=\"https:\/\/doi.org\/10.1007\/978-3-658-35713-9\" target=\"_blank\" rel=\"noreferrer noopener\">https:\/\/doi.org\/10.1007\/978-3-658-35713-9<\/a>.<\/p>\n\n\n\n<hr class=\"wp-block-separator has-alpha-channel-opacity\" id=\"block-7eb16b5e-e28b-4c08-a346-66a63f90ab36\" \/>\n\n\n\n<p class=\"has-normal-font-size\">\ufeff<\/p>\n\n\n\n<p><\/p>\n","protected":false},"excerpt":{"rendered":"<p>Volkswirtschaftslehre, insb. Ordnungs\u00f6konomik Prof.&nbsp;Dr.&nbsp;Dirk Meyer Helmut-Schmidt-Universit\u00e4tUniversit\u00e4t der BundeswehrGeb\u00e4ude H1, R 2205Holstenhofweg 8522043 Hamburg Tel. (+49) 40 6541 2705 dirk.meyer@hsu-hh.de Schuldentragf\u00e4higkeit und die neuen Ausnahmen von der Schuldenbremse Lucke, Bernd u. [&hellip;]<\/p>\n","protected":false},"author":1,"featured_media":0,"parent":0,"menu_order":0,"comment_status":"closed","ping_status":"closed","template":"","meta":{"footnotes":""},"categories":[37],"tags":[],"class_list":["post-75","page","type-page","status-publish","hentry","category-startpage"],"_links":{"self":[{"href":"https:\/\/www.hsu-hh.de\/ordnung\/wp-json\/wp\/v2\/pages\/75","targetHints":{"allow":["GET"]}}],"collection":[{"href":"https:\/\/www.hsu-hh.de\/ordnung\/wp-json\/wp\/v2\/pages"}],"about":[{"href":"https:\/\/www.hsu-hh.de\/ordnung\/wp-json\/wp\/v2\/types\/page"}],"author":[{"embeddable":true,"href":"https:\/\/www.hsu-hh.de\/ordnung\/wp-json\/wp\/v2\/users\/1"}],"replies":[{"embeddable":true,"href":"https:\/\/www.hsu-hh.de\/ordnung\/wp-json\/wp\/v2\/comments?post=75"}],"version-history":[{"count":29,"href":"https:\/\/www.hsu-hh.de\/ordnung\/wp-json\/wp\/v2\/pages\/75\/revisions"}],"predecessor-version":[{"id":3355,"href":"https:\/\/www.hsu-hh.de\/ordnung\/wp-json\/wp\/v2\/pages\/75\/revisions\/3355"}],"wp:attachment":[{"href":"https:\/\/www.hsu-hh.de\/ordnung\/wp-json\/wp\/v2\/media?parent=75"}],"wp:term":[{"taxonomy":"category","embeddable":true,"href":"https:\/\/www.hsu-hh.de\/ordnung\/wp-json\/wp\/v2\/categories?post=75"},{"taxonomy":"post_tag","embeddable":true,"href":"https:\/\/www.hsu-hh.de\/ordnung\/wp-json\/wp\/v2\/tags?post=75"}],"curies":[{"name":"wp","href":"https:\/\/api.w.org\/{rel}","templated":true}]}}