{"id":73,"date":"2017-07-03T15:52:08","date_gmt":"2017-07-03T13:52:08","guid":{"rendered":"https:\/\/www.hsu-hh.de\/vorlage\/?page_id=73"},"modified":"2026-02-18T13:14:20","modified_gmt":"2026-02-18T12:14:20","slug":"startseite","status":"publish","type":"page","link":"https:\/\/www.hsu-hh.de\/ordnung\/","title":{"rendered":"Volkswirtschaftslehre, insb. Ordnungs\u00f6konomik"},"content":{"rendered":"\n<div class=\"wp-block-columns is-layout-flex wp-container-core-columns-is-layout-9d6595d7 wp-block-columns-is-layout-flex\">\n<div class=\"wp-block-column is-layout-flow wp-block-column-is-layout-flow\">\n<h2 class=\"wp-block-heading\"><a rel=\"noreferrer noopener\" href=\"https:\/\/www.hsu-hh.de\/ordnung\/prof-meyer\" target=\"_blank\"><strong><abbr title=\"Professor\">Prof.<\/abbr>&nbsp;<abbr title=\"Doktor\">Dr.<\/abbr>&nbsp;Dirk Meyer<\/strong><\/a><\/h2>\n\n\n\n<p>Helmut-Schmidt-Universit\u00e4t<br>Universit\u00e4t der Bundeswehr<br>Geb\u00e4ude H1, R 2205<br>Holstenhofweg 85<br>22043 Hamburg<\/p>\n\n\n\n<p>Tel. (+49) 40 6541 2705<\/p>\n\n\n\n<p><a href=\"mailto:dirk.meyer@hsu-hh.de\" rel='nofollow'>dirk.meyer@hsu-hh.de<\/a><\/p>\n<\/div>\n\n\n\n<div class=\"wp-block-column is-layout-flow wp-block-column-is-layout-flow\">\n<p class=\"has-medium-font-size\" id=\"Aktuelles\"><mark class=\"has-inline-color has-grey-color\"><strong>Aktuelles s. u.<\/strong><\/mark><\/p>\n<\/div>\n<\/div>\n\n\n\n<p class=\"has-text-align-center has-large-font-size\"><\/p>\n\n\n<div class=\"wp-block-image\">\n<figure class=\"aligncenter size-large is-resized\"><a href=\"https:\/\/www.hsu-hh.de\/ordnung\/forschung-1\"><img loading=\"lazy\" decoding=\"async\" width=\"725\" height=\"1024\" src=\"https:\/\/www.hsu-hh.de\/ordnung\/wp-content\/uploads\/sites\/549\/2024\/11\/Gastvortrag_WiSo_05_Dezember_24_Plakat-1-725x1024.jpg\" data-credit=\"HSU\" alt=\"\" class=\"wp-image-3192\" style=\"width:358px;height:auto\" srcset=\"https:\/\/www.hsu-hh.de\/ordnung\/wp-content\/uploads\/sites\/549\/2024\/11\/Gastvortrag_WiSo_05_Dezember_24_Plakat-1-725x1024.jpg 725w, https:\/\/www.hsu-hh.de\/ordnung\/wp-content\/uploads\/sites\/549\/2024\/11\/Gastvortrag_WiSo_05_Dezember_24_Plakat-1-212x300.jpg 212w, https:\/\/www.hsu-hh.de\/ordnung\/wp-content\/uploads\/sites\/549\/2024\/11\/Gastvortrag_WiSo_05_Dezember_24_Plakat-1-768x1085.jpg 768w, https:\/\/www.hsu-hh.de\/ordnung\/wp-content\/uploads\/sites\/549\/2024\/11\/Gastvortrag_WiSo_05_Dezember_24_Plakat-1-1087x1536.jpg 1087w, https:\/\/www.hsu-hh.de\/ordnung\/wp-content\/uploads\/sites\/549\/2024\/11\/Gastvortrag_WiSo_05_Dezember_24_Plakat-1-1449x2048.jpg 1449w, https:\/\/www.hsu-hh.de\/ordnung\/wp-content\/uploads\/sites\/549\/2024\/11\/Gastvortrag_WiSo_05_Dezember_24_Plakat-1-1100x1555.jpg 1100w, https:\/\/www.hsu-hh.de\/ordnung\/wp-content\/uploads\/sites\/549\/2024\/11\/Gastvortrag_WiSo_05_Dezember_24_Plakat-1.jpg 1665w\" sizes=\"auto, (max-width: 725px) 100vw, 725px\" \/><\/a><\/figure>\n<\/div>\n\n\n<h1 class=\"wp-block-heading\" id=\"Aktuelles\">Aktuelles<\/h1>\n\n\n\n<p class=\"has-medium-font-size\"><strong>Die neuen grundgesetzlichen Regeln zur Staatsverschuldung \u2013 Eine Analyse von Schuldentragf\u00e4higkeit und Generationengerechtigkeit<\/strong><\/p>\n\n\n\n<p>Meyer, Dirk u. Lucke, Bernd (2026), \u201eDie neuen grundgesetzlichen Regeln zur Staatsverschuldung \u2013 Eine Analyse von Schuldentragf\u00e4higkeit und Generationengerechtigkeit\u201c, in: Zeitschrift f\u00fcr Wirtschaftspolitik, 75 <abbr title=\"Jahrgang\">Jg.<\/abbr> (2026), H. 1, vorab online <a href=\"https:\/\/doi.org\/10.1515\/zfwp-2025-2021\" rel='nofollow'>https:\/\/doi.org\/10.1515\/zfwp-2025-2021<\/a>.<\/p>\n\n\n\n<p>Der Beitrag analysiert die neu ins Grundgesetz aufgenommenen Ausnahmen von der bisherigen Schuldenregel (Art. 109, 115 und 143h) hinsichtlich zweier normativer Prinzipien. Unter finanzwirtschaftlichem Blickwinkel soll das Prinzip der Nachhaltigkeit im Sinne einer Schuldentragf\u00e4higkeit die langfristige Stabilit\u00e4t der Staatsfinanzen sicherstellen. Wohlfahrts\u00f6konomisch erfordert die Generationengerechtigkeit, dass sich Neuverschuldung nicht negativ auf das Verm\u00f6gen zuk\u00fcnftiger Generationen auswirkt. Es werden die Bereichsausnahme Verteidigung, das Sonderverm\u00f6gen Infrastruktur und Klimaneutralit\u00e4t sowie der zus\u00e4tzliche strukturelle Verschuldungsspielraum f\u00fcr die L\u00e4nder hinsichtlich ihrer Rechtfertigung und ihrer Ausgestaltung anhand dieser Normen gepr\u00fcft und bewertet . Auch m\u00f6gliche Multiplikatoreffekte und inflation\u00e4re Wirkungen werden angesprochen.<\/p>\n\n\n\n<p><\/p>\n\n\n\n<hr class=\"wp-block-separator has-alpha-channel-opacity\" \/>\n\n\n\n<p class=\"has-medium-font-size\"><strong>Frieden f\u00fcr die Ukraine: Auf den von Russland besetzten ukrainischen Gebieten k\u00f6nnte ein neuer Staat entstehen \u2013 oder mehrere<\/strong><\/p>\n\n\n\n<p><a href=\"https:\/\/www.nzz.ch\/meinung\/frieden-fuer-die-ukraine-trump-und-die-eu-ld.1872482\" target=\"_blank\" rel=\"noreferrer noopener\">Lucke, Bernd, Merkel, Reinhard u. Meyer, Dirk (2025), \u201eFrieden f\u00fcr die Ukraine \u2013 Gastkommentar\u201c, in: Neue Z\u00fcrcher Zeitung, 28.02.2025, S. 20; Online: \u201eFrieden f\u00fcr die Ukraine: Auf den von Russland besetzten ukrainischen Gebieten k\u00f6nnte ein neuer Staat entstehen \u2013 oder mehrere\u201c (inklusive Friedensplan)<\/a><\/p>\n\n\n\n<hr class=\"wp-block-separator has-alpha-channel-opacity\" \/>\n\n\n\n<p class=\"has-medium-font-size\"><strong>Zentralbankverluste und leistungslose Zinseinkommen f\u00fcr Gesch\u00e4ftsbanken \u2013 Ein Vorschlag zur Absch\u00f6pfung<\/strong><\/p>\n\n\n\n<p><a href=\"https:\/\/www.zbb-online.com\/59938\" rel='nofollow'>Bernd Lucke u. Dirk Meyer, \u201eZentralbankverluste und leistungslose Zinseinkommen f\u00fcr Gesch\u00e4ftsbanken \u2013 Ein Vorschlag zur Absch\u00f6pfung\u201c, in: Zeitschrift f\u00fcr Bankrecht und Bankwirtschaft, <abbr title=\"Band\">Bd.<\/abbr> 36 (2024), H. 4, S. 252-260.<\/a><\/p>\n\n\n\n<p>Die Notenbanken des Europ\u00e4ischen Systems der Zentralbanken haben durch die Politik der quantitativen Lockerung gewaltige Mengen an \u00dcberschussliquidit\u00e4t geschaffen. Diese \u00dcberschussliquidit\u00e4t wird von den Gesch\u00e4ftsbanken \u00fcberwiegend in der <abbr title=\"sogenannt\">sog.<\/abbr> Einlagefazilit\u00e4t gehalten, wo sie mit dem Einlagezins verzinst wird. Dies f\u00fchrt zu einem risikofreien Zinseinkommen der Gesch\u00e4ftsbanken, dem keine erkennbare Gegenleistung gegen\u00fcbersteht. Zugleich belasten die Zinskosten die GuV der nationalen Zentralbanken, sodass absehbar auf Jahre hinaus keine Notenbankgewinne an die nationalen Haushalte abgef\u00fchrt werden k\u00f6nnen \u2013 vielmehr Verlustausweise wahrscheinlich werden. Wir schlagen vor, die leistungslosen Zinseinkommen der Gesch\u00e4ftsbanken ganz oder teilweise durch geldpolitisch unsch\u00e4dliche steuerliche Ma\u00dfnahmen abzusch\u00f6pfen, um damit entweder Ausgabek\u00fcrzungen entbehrlich oder Steuerentlastungen m\u00f6glich zu machen.<\/p>\n\n\n\n<hr class=\"wp-block-separator has-alpha-channel-opacity\" \/>\n\n\n\n<p class=\"has-medium-font-size\"><strong>Bundesbank-Verluste: Bilanzierungspraxis und etwaige Nachschusspflicht des Bundes<\/strong><\/p>\n\n\n\n<p><a href=\"https:\/\/www.hsu-hh.de\/ordnung\/wp-content\/uploads\/sites\/549\/2024\/08\/Hansen-2024-BBk-Bilanzierung-und-Nachschusspflicht_WD_2407.pdf\" target=\"_blank\" rel=\"noreferrer noopener\">Arne Hansen, \u201eBundesbank-Verluste: Bilanzierungspraxis und etwaige Nachschusspflicht des Bundes\u201c, in: Wirtschaftsdienst, 104. <abbr title=\"Jahrgang\">Jg.<\/abbr> (2024), H. 7, S. 497-502.<\/a><\/p>\n\n\n\n<p>Die Bilanz der Bundesbank und jene anderer Notenbanken des Euroraums weisen aktuell hohe \u201eoperative\u201c Verluste auf, bedingt durch die Diskrepanz aus den weiterhin niedrig verzinsten Wertpapierbest\u00e4nden aus Anleihek\u00e4ufen und den mittlerweile h\u00f6her verzinsten Einlagen der Gesch\u00e4ftsbanken. Indes bildet die aktuelle Bilanzierungspraxis die einhergehenden Wertverluste nicht ann\u00e4hernd marktnah ab. Eine Eigenkapitall\u00fccke ist zuk\u00fcnftig nicht ausgeschlossen, was f\u00fcr Notenbanken gemeinhin als unproblematisch gesehen wird. Risiken bestehen jedoch im Kontext einer Rekapitalisierung durch den Staat. Innerhalb des Euroraums k\u00f6nnten nationale und europ\u00e4ische Vorgaben ebensolche Kapitalzuf\u00fchrungen notwendig machen.<\/p>\n\n\n\n<hr class=\"wp-block-separator has-alpha-channel-opacity\" \/>\n\n\n\n<h2 class=\"wp-block-heading has-medium-font-size\"><strong>Europ\u00e4ische Union und W\u00e4hrungsunion in der Dauerkrise<\/strong><\/h2>\n\n\n\n<div class=\"wp-block-columns is-layout-flex wp-container-core-columns-is-layout-9d6595d7 wp-block-columns-is-layout-flex\">\n<div class=\"wp-block-column is-layout-flow wp-block-column-is-layout-flow\"><div class=\"wp-block-image\">\n<figure class=\"aligncenter\"><img loading=\"lazy\" decoding=\"async\" width=\"300\" height=\"228\" src=\"https:\/\/www.hsu-hh.de\/ordnung\/wp-content\/uploads\/sites\/549\/2022\/05\/Dauerkrise-I-300x228.jpg\" data-credit=\"Springer Fachmedien\" alt=\"Dauerkrise I\" class=\"wp-image-2271\" srcset=\"https:\/\/www.hsu-hh.de\/ordnung\/wp-content\/uploads\/sites\/549\/2022\/05\/Dauerkrise-I-300x228.jpg 300w, https:\/\/www.hsu-hh.de\/ordnung\/wp-content\/uploads\/sites\/549\/2022\/05\/Dauerkrise-I-1024x778.jpg 1024w, https:\/\/www.hsu-hh.de\/ordnung\/wp-content\/uploads\/sites\/549\/2022\/05\/Dauerkrise-I-768x584.jpg 768w, https:\/\/www.hsu-hh.de\/ordnung\/wp-content\/uploads\/sites\/549\/2022\/05\/Dauerkrise-I-1536x1167.jpg 1536w, https:\/\/www.hsu-hh.de\/ordnung\/wp-content\/uploads\/sites\/549\/2022\/05\/Dauerkrise-I-2048x1556.jpg 2048w, https:\/\/www.hsu-hh.de\/ordnung\/wp-content\/uploads\/sites\/549\/2022\/05\/Dauerkrise-I-1100x836.jpg 1100w\" sizes=\"auto, (max-width: 300px) 100vw, 300px\" \/><figcaption class=\"wp-element-caption\">\u00a9 Springer Fachmedien<\/figcaption><\/figure>\n<\/div>\n\n\n<p>\u201eEurop\u00e4ische Union und W\u00e4hrungsunion in der Dauerkrise I \u2013 Eine Bestandsaufnahme\u201c, 2., erweiterte Auflage, Springer Fachmedien Wiesbaden, Wiesbaden 2022, Softcover&nbsp;<abbr title=\"International Standard Book Number\">ISBN<\/abbr>&nbsp;978-3-658-35714-6 und eBook&nbsp;<abbr title=\"International Standard Book Number\">ISBN<\/abbr>&nbsp;978-3-658-35715-3,&nbsp;<a rel=\"noreferrer noopener\" href=\"https:\/\/doi.org\/10.1007\/978-3-658-35715-3\" target=\"_blank\">https:\/\/doi.org\/10.1007\/978-3-658-35715-3<\/a>.<\/p>\n<\/div>\n\n\n\n<div class=\"wp-block-column is-layout-flow wp-block-column-is-layout-flow\"><div class=\"wp-block-image\">\n<figure class=\"aligncenter is-resized\"><img loading=\"lazy\" decoding=\"async\" width=\"300\" height=\"228\" src=\"https:\/\/www.hsu-hh.de\/ordnung\/wp-content\/uploads\/sites\/549\/2022\/05\/Dauerkrise-II-300x228.jpg\" data-credit=\"Springer Fachmedien\" alt=\"Dauerkrise I\" class=\"wp-image-2282\" style=\"width:300px;height:228px\" srcset=\"https:\/\/www.hsu-hh.de\/ordnung\/wp-content\/uploads\/sites\/549\/2022\/05\/Dauerkrise-II-300x228.jpg 300w, https:\/\/www.hsu-hh.de\/ordnung\/wp-content\/uploads\/sites\/549\/2022\/05\/Dauerkrise-II-1024x778.jpg 1024w, https:\/\/www.hsu-hh.de\/ordnung\/wp-content\/uploads\/sites\/549\/2022\/05\/Dauerkrise-II-768x584.jpg 768w, https:\/\/www.hsu-hh.de\/ordnung\/wp-content\/uploads\/sites\/549\/2022\/05\/Dauerkrise-II-1536x1167.jpg 1536w, https:\/\/www.hsu-hh.de\/ordnung\/wp-content\/uploads\/sites\/549\/2022\/05\/Dauerkrise-II-2048x1556.jpg 2048w, https:\/\/www.hsu-hh.de\/ordnung\/wp-content\/uploads\/sites\/549\/2022\/05\/Dauerkrise-II-1100x836.jpg 1100w\" sizes=\"auto, (max-width: 300px) 100vw, 300px\" \/><figcaption class=\"wp-element-caption\">\u00a9 Springer Fachmedien<\/figcaption><\/figure>\n<\/div>\n\n\n<p>\u201eEurop\u00e4ische Union und W\u00e4hrungsunion in der Dauerkrise II \u2013 Szenarien f\u00fcr die Zukunft des Euro\u201c, 2., erweiterte Auflage, Springer Fachmedien Wiesbaden, Wiesbaden 2022, Softcover&nbsp;<abbr title=\"International Standard Book Number\">ISBN<\/abbr>&nbsp;978-3-658-35712-2 und eBook&nbsp;<abbr title=\"International Standard Book Number\">ISBN<\/abbr>&nbsp;978-3-658-35713-9,&nbsp;<a rel=\"noreferrer noopener\" href=\"https:\/\/doi.org\/10.1007\/978-3-658-35713-9\" target=\"_blank\">https:\/\/doi.org\/10.1007\/978-3-658-35713-9<\/a>.<\/p>\n<\/div>\n<\/div>\n\n\n\n<hr class=\"wp-block-separator has-alpha-channel-opacity\" \/>\n\n\n\n<p><\/p>\n","protected":false},"excerpt":{"rendered":"<p>Prof.&nbsp;Dr.&nbsp;Dirk Meyer Helmut-Schmidt-Universit\u00e4tUniversit\u00e4t der BundeswehrGeb\u00e4ude H1, R 2205Holstenhofweg 8522043 Hamburg Tel. (+49) 40 6541 2705 dirk.meyer@hsu-hh.de Aktuelles s. u. Aktuelles Die neuen grundgesetzlichen Regeln zur Staatsverschuldung \u2013 Eine Analyse von [&hellip;]<\/p>\n","protected":false},"author":1,"featured_media":0,"parent":0,"menu_order":0,"comment_status":"closed","ping_status":"closed","template":"faculty.php","meta":{"footnotes":""},"categories":[35],"tags":[],"class_list":["post-73","page","type-page","status-publish","hentry","category-startseite"],"_links":{"self":[{"href":"https:\/\/www.hsu-hh.de\/ordnung\/wp-json\/wp\/v2\/pages\/73","targetHints":{"allow":["GET"]}}],"collection":[{"href":"https:\/\/www.hsu-hh.de\/ordnung\/wp-json\/wp\/v2\/pages"}],"about":[{"href":"https:\/\/www.hsu-hh.de\/ordnung\/wp-json\/wp\/v2\/types\/page"}],"author":[{"embeddable":true,"href":"https:\/\/www.hsu-hh.de\/ordnung\/wp-json\/wp\/v2\/users\/1"}],"replies":[{"embeddable":true,"href":"https:\/\/www.hsu-hh.de\/ordnung\/wp-json\/wp\/v2\/comments?post=73"}],"version-history":[{"count":323,"href":"https:\/\/www.hsu-hh.de\/ordnung\/wp-json\/wp\/v2\/pages\/73\/revisions"}],"predecessor-version":[{"id":3487,"href":"https:\/\/www.hsu-hh.de\/ordnung\/wp-json\/wp\/v2\/pages\/73\/revisions\/3487"}],"wp:attachment":[{"href":"https:\/\/www.hsu-hh.de\/ordnung\/wp-json\/wp\/v2\/media?parent=73"}],"wp:term":[{"taxonomy":"category","embeddable":true,"href":"https:\/\/www.hsu-hh.de\/ordnung\/wp-json\/wp\/v2\/categories?post=73"},{"taxonomy":"post_tag","embeddable":true,"href":"https:\/\/www.hsu-hh.de\/ordnung\/wp-json\/wp\/v2\/tags?post=73"}],"curies":[{"name":"wp","href":"https:\/\/api.w.org\/{rel}","templated":true}]}}