{"id":2604,"date":"2023-02-09T09:56:09","date_gmt":"2023-02-09T08:56:09","guid":{"rendered":"https:\/\/www.hsu-hh.de\/ordnung\/?page_id=2604"},"modified":"2025-09-17T13:05:26","modified_gmt":"2025-09-17T11:05:26","slug":"verschiedenes","status":"publish","type":"page","link":"https:\/\/www.hsu-hh.de\/ordnung\/verschiedenes","title":{"rendered":"Verschiedenes"},"content":{"rendered":"\n<h2 class=\"wp-block-heading\"><strong>Gutachten und Stellungnahmen<\/strong><\/h2>\n\n\n\n<p><a href=\"https:\/\/www.hsu-hh.de\/ordnung\/wp-content\/uploads\/sites\/549\/2025\/09\/21214-Prof.-Dr.-Dirk-Meyer-Stgn.-MFR-nach-2027.pdf\" target=\"_blank\" rel=\"noreferrer noopener\">Schriftliche Stellungnahme zur \u00f6ffentlichen Anh\u00f6rung durch den Europaausschuss des Deutschen Bundestages am 10. Sept. 2025 \u2013 Anh\u00f6rung zum Mehrj\u00e4hrigen Finanzrahmen der EU nach 2027 \u2013 Defizit\u00e4re demokratische Legitimation, fragw\u00fcrdige Innovationslenkung, drohende \u00dcberforderung durch Westbalkan\/Ukraine-Erweiterung \u2013 Umfangreiche Kreditfazilit\u00e4ten als \u201aEurobonds light\u2018.<\/a><\/p>\n\n\n\n<p><a href=\"https:\/\/www.hsu-hh.de\/ordnung\/wp-content\/uploads\/sites\/549\/2025\/09\/Prof-Dr-Dirk-Meyer.pdf\" target=\"_blank\" rel=\"noreferrer noopener\">Schriftliche Stellungnahme zur \u00f6ffentlichen Anh\u00f6rung durch den Haushaltsausschuss des Deutschen Bundestages am 12. Sept. 2025 \u2013 Anh\u00f6rung zu Infrastrukturinvestitionen von L\u00e4ndern und Kommunen \u2013 \u201aVerschiebebahnhof der Kreditfazilit\u00e4ten\u2018, Gefahren f\u00fcr die Schuldentragf\u00e4higkeit und Versto\u00df gegen die Generationengerechtigkeit.<\/a><\/p>\n\n\n\n<p><a href=\"https:\/\/www.hsu-hh.de\/ordnung\/wp-content\/uploads\/sites\/549\/2025\/06\/Anhoerung-BT-Steuerliches-Investitionssofortprogramm_Stellungnahme-Meyer-250620.pdf\" target=\"_blank\" rel=\"noreferrer noopener\">Schriftliche Stellungnahme zur \u00f6ffentlichen Anh\u00f6rung durch den Finanzausschuss des Deutschen Bundestages am 23. Juni 2025 \u2013 Entwurf eines Gesetzes f\u00fcr ein steuerliches Investitionssofortprogramm zur St\u00e4rkung des Wirtschaftsstandorts Deutschland (BT-Drs. 21\/323) und den Antrag Gerechtigkeitsl\u00fccken im Steuersystem schlie\u00dfen, Steuerbetrug wirksam bek\u00e4mpfen und Einnahmebasis des Staates st\u00e4rken (BT-Drs. 21\/356) \u2013 \u201eInvestitionssofortprogramm \u2013 Booster oder Buster?\u201c<\/a><\/p>\n\n\n\n<p><a href=\"https:\/\/www.hsu-hh.de\/ordnung\/wp-content\/uploads\/sites\/549\/2023\/12\/Anhoerung-Saarland-BVerfG-KTF-Transformationsfonds_Stellungnahme-Meyer-231205.pdf\" target=\"_blank\" rel=\"noreferrer noopener\">Schriftliche Stellungnahme zur \u00f6ffentlichen Anh\u00f6rung durch den Ausschuss f\u00fcr Haushalt und Finanzen des Saarl\u00e4ndischen Landtages am 5. Dez. 2023 \u2013 Auswirkungen des Urteils des Bundesverfassungsgerichts zum Zweiten Nachtragshaushaltsgesetz des Bundes (BVerfG, Urteil des Zweiten Senats vom 15. November 2023 \u2013 2 BvF 1\/22) auf das Saarland.<\/a><\/p>\n\n\n\n<p><a rel=\"noreferrer noopener\" href=\"https:\/\/www.hsu-hh.de\/ordnung\/wp-content\/uploads\/sites\/549\/2023\/11\/Anhoerung-BT-BVerfG-KTF-Haushaltsgesetz-2024_Stellungnahme-Meyer-1.pdf\" target=\"_blank\">Schriftliche Stellungnahme zur \u00f6ffentlichen Anh\u00f6rung durch den Haushaltsausschuss des Deutschen Bundestages am 21. Nov. 2023 \u2013 Entwurf eines Gesetzes \u00fcber die Feststellung des Bundeshaushaltsplans f\u00fcr das Haushaltsjahr 2024 (BT-Drs. 20\/7800) und den Entwurf eines Haushaltsfinanzierungsgesetzes (BT-Drs. 20\/8298) \u2013 Konsequenzen aus dem Urteil BVerfG 2 BvF 1\/22 \u2013 Die Haushaltskrise sinnvoll nutzen.<\/a><\/p>\n\n\n\n<p><a rel=\"noreferrer noopener\" href=\"https:\/\/www.hsu-hh.de\/ordnung\/wp-content\/uploads\/sites\/549\/2022\/11\/Buergergeld-Gesetz-BT-Ausschuss-fuer-Arbeit-und-Soziales-Anhoerung_Stellungnahme-Meyer-data-2011238-221104.pdf\" target=\"_blank\">Schriftliche Stellungnahme zur&nbsp;\u00f6ffentlichen&nbsp;Anh\u00f6rung durch den Ausschuss f\u00fcr Arbeit und Soziales des Deutschen Bundestages am 7. Nov. 2022 \u2013 Ein bedingungsloses Grundbedarfseinkommen bietet keine L\u00f6sung unter der Ber\u00fccksichtigung von Angemessenheit, Anreizen, Finanzierung und b\u00fcrokratischem Aufwand, (BT-Drucksache 20(11)238).<\/a><\/p>\n\n\n\n<p><a href=\"https:\/\/www.hsu-hh.de\/ordnung\/wp-content\/uploads\/sites\/549\/2022\/06\/202164-Prof.-Dr.-Dirk-Meyer-Stgn-Helmut-Schmidt-Universitaet-zu-NGEU.pdf\" target=\"_blank\" rel=\"noreferrer noopener\">Schriftliche Stellungnahme zur Anh\u00f6rung durch den Ausschuss f\u00fcr die Angelegenheiten der Europ\u00e4ischen Union des Deutschen Bundestages am 20. Juni 2022 \u2013 Aufbau- und Resilienzpl\u00e4ne der EU-Mitgliedstaaten im Rahmen von NextGenerationEU sowie Vorschl\u00e4ge der EU-Kommission f\u00fcr neue EU-Eigenmittel (BT-Drucksache 20(21)64).<\/a><\/p>\n\n\n\n<p><a href=\"https:\/\/www.hsu-hh.de\/ordnung\/wp-content\/uploads\/sites\/549\/2022\/05\/Sondervermoegen-BW-BT-Haushaltsausschuss-Anhoerung_Stellungnahme-Meyer.pdf\" target=\"_blank\" rel=\"noreferrer noopener\">Schriftliche Stellungnahme zur Anh\u00f6rung durch den Haushaltsausschuss des Deutschen Bundestages am 9. Mai 2022 \u2013 Entwurf eines Gesetzes zur \u00c4nderung des Grundgesetzes (Artikel 87a), (BT-Drucksache 20\/1410) und Entwurf eines Gesetzes zur Errichtung eines \u201eSonderverm\u00f6gens Bundeswehr&#8220; (BT-Drucksache 20\/1409).<\/a><\/p>\n\n\n\n<p><a href=\"https:\/\/www.hsu-hh.de\/ordnung\/wp-content\/uploads\/sites\/549\/2021\/05\/1921115-Anhoerung-26.10.2020-Eigenmittelsystem-Prof.-Dr.-Dirk-Meyer.pdf\" target=\"_blank\" rel=\"noreferrer noopener\">Schriftliche Stellungnahme zur Anh\u00f6rung durch den Ausschuss f\u00fcr die Angelegenheiten der Europ\u00e4ischen Union des Deutschen Bundestages am 26. Oktober 2020 \u2013 Eigenmittelsystem der EU.<\/a><\/p>\n\n\n\n<p><a href=\"https:\/\/www.hsu-hh.de\/ordnung\/wp-content\/uploads\/sites\/549\/2020\/06\/Urteil-BVerfG-Staatsanleihen-EZB-BT-Europaausschuss-Anh\u00f6rung_Stellungnahme-Prof.-Dr.-Meyer1.pdf\" target=\"_blank\" rel=\"noreferrer noopener\">Schriftliche Stellungnahme zur Anh\u00f6rung durch den Ausschuss f\u00fcr die Angelegenheiten der Europ\u00e4ischen Union des Deutschen Bundestages am 25. Mai 2020 \u2013 Das PSPP-Programm vor dem Hintergrund des Urteils des Bundesverfassungsgerichts v. 5. Mai 2020.<\/a><\/p>\n\n\n\n<p><a href=\"https:\/\/www.hsu-hh.de\/ordnung\/wp-content\/uploads\/sites\/549\/2021\/05\/Prof-Dr-Dirk-Meyer-data.pdf\" target=\"_blank\" rel=\"noreferrer noopener\">Schriftliche Stellungnahme zur Anh\u00f6rung durch den Haushaltsausschuss des Deutschen Bundestages am 2. M\u00e4rz 2020 zur &#8222;Schuldenbremse&#8220;.<\/a><\/p>\n\n\n\n<p>Dirk Meyer, Gerhard Arminger, Carsten Becker u. Stefan Ekert, Wachstumspotenzial von privatwirtschaftlich angebotenen haushaltsnahen und personenbezogenen Dienstleistungen, Forschungsvorhaben im Auftrag des Bundesministerium f\u00fcr Wirtschaft und Arbeit, Berlin 2005.<\/p>\n\n\n\n<p>Mitarbeit bei verschiedenen Kapiteln des Gesundheitsberichts f\u00fcr Deutschland, hrsg. v. Statistischen Bundesamt, Stuttgart 1998.<\/p>\n\n\n\n<p>Wettbewerbliche Neuorientierung der Freien Wohlfahrtspflege, Gutachten im Auftrag der Monopolkommission f\u00fcr das 12. Hauptgutachten (1998): &#8218;Markt\u00f6ffnung umfassend verwirklichen&#8216;.<\/p>\n\n\n\n<p>Dirk Meyer, Frank-Michael Niemann, Josef Georg Brecht, Bernt-Peter Robra, Friedrich Wilhelm Schwarz, \u00dcberpr\u00fcfung der Kostenwirksamkeit neuer, verbesserter Krebsfr\u00fcherkennungsma\u00dfnahmen zur Erweiterung des bestehenden Untersuchungsprogramms der gesetzlichen Krankenversicherung, Forschungsbericht 194, hrsg. v. Bundesminister f\u00fcr Arbeit und Sozialordnung, Bonn 1990.<\/p>\n\n\n\n<h2 class=\"wp-block-heading\"><strong>Arbeitspapiere<\/strong><\/h2>\n\n\n\n<p><a href=\"https:\/\/www.hsu-hh.de\/ordnung\/wp-content\/uploads\/sites\/549\/2017\/08\/Diskussionsspapier-Manuskriptstaus-behindern-den-Wissenschaftsbetrieb-Zur-M\u00f6glichkeit-von-Einreichungsgeb\u00fchren-Autorenhonoraren-und-Gutachterentgelten.pdf\">&#8222;Manuskriptstaus behindern den Wissenschaftsbetrieb \u2013 Zur M\u00f6glichkeit von Einreichungsgeb\u00fchren, Autorenhonoraren und Gutachterentgelten&#8220;, Diskussionspapiere der F\u00e4chergruppe Volkswirtschaftslehre,&nbsp;Nr.&nbsp;40, Hamburg 2005.<\/a><\/p>\n\n\n\n<p><a href=\"https:\/\/www.hsu-hh.de\/ordnung\/wp-content\/uploads\/sites\/549\/2017\/08\/Entmachtung-der-Politik.pdf\">&#8222;Die Entmachtung der Politik. Zur Frage der \u00dcberllebensf\u00e4higkeit demokratischer Nationalstaaten in einer globalisierten Weltwirtschaft&#8220;, Diskussionspapiere der F\u00e4chergruppe&nbsp;&nbsp; <abbr title=\"Volkswirtschaftslehre\">VWL<\/abbr>,&nbsp;Nr.&nbsp;32, Hamburg 2004.<\/a><\/p>\n\n\n\n<p><a href=\"https:\/\/www.hsu-hh.de\/ordnung\/wp-content\/uploads\/sites\/549\/2017\/08\/Energiesparverordnung.pdf\">&#8222;Die Energieeinsparverordnung (EnEV) &#8211; eine ordnungspolitische Analyse&#8220;, Diskussionspapiere der F\u00e4chergruppe&nbsp;&nbsp; <abbr title=\"Volkswirtschaftslehre\">VWL<\/abbr>,&nbsp;Nr.&nbsp;14, Hamburg 2003.<\/a><\/p>\n\n\n\n<p><a href=\"https:\/\/www.hsu-hh.de\/ordnung\/wp-content\/uploads\/sites\/549\/2017\/08\/W\u00e4hrungsdesintegration.pdf\">&#8222;W\u00e4hrungsdesintegration &#8211; Szenarien eines Ausstiegs aus der Europ\u00e4ischen W\u00e4hrungsunion&#8220;, Diskussionsbeitr\u00e4ge zur Wirtschaftspolitik,&nbsp;Nr.&nbsp;100, Hamburg. 1999.<\/a><\/p>\n\n\n\n<p><a href=\"https:\/\/www.hsu-hh.de\/ordnung\/wp-content\/uploads\/sites\/549\/2017\/08\/Diskussionsspapier-Die-freie-Wohlfahrtspflege-zwischen-Wettbewerb-und-Neokorporatismus-Ergebnisse-einer-Pilotstudie-1.pdf\">&#8222;Die Freie Wohlfahrtspflege zwischen Wettbewerb und Neokorporatismus &#8211; Ergebnisse einer Pilotstudie&#8220;, Diskussionsbeitr\u00e4ge zur Wirtschaftspolitik,&nbsp;Nr.&nbsp;83, Hamburg 1998.<\/a><\/p>\n\n\n\n<h2 class=\"wp-block-heading\"><strong>Blog-Beitr\u00e4ge<\/strong><\/h2>\n\n\n\n<p><a href=\"https:\/\/www.tax-legal-excellence.com\/entwicklung-der-waehrungsunion-was-sind-die-alternativen-zu-macron-und-juncker\/\" target=\"_blank\" rel=\"noreferrer noopener\">&#8222;Entwicklung der W\u00e4hrungsunion \u2013 Was sind die Alternativen zu Macron und Juncker?&#8220;, Global Mergers &amp; Transactions, TLE-025-2018, 5. Juni 2018.<\/a><\/p>\n\n\n\n<p><a href=\"http:\/\/www.misesde.org\/?p=14446\" rel='nofollow'>&#8222;Negativzins bei Unternehmensanleihen \u2013 Wie die EZB Wohlstandsdiebstahl betreibt&#8220;, Ludwig von Mises Institut Deutschland, 12. Dez. 2016.<\/a><\/p>\n\n\n\n<p><a href=\"http:\/\/www.kas.de\/wf\/de\/71.10934\/\" rel='nofollow'>&#8222;Freie Wohlfahrtspflege, Stichwort, in: Lexikon Soziale Marktwirtschaft&#8220;,&nbsp;hrsg. v. Hasse, Rolf&nbsp;H., Schneider, Hermann u. Weigelt, Klaus,&nbsp;12.06.2013.<\/a><\/p>\n\n\n\n<p><a href=\"http:\/\/wirtschaftlichefreiheit.de\/wordpress\/?p=7485#more-7485\" rel='nofollow'>&#8222;Option Nord-Euro&#8220;, Blog, in: Wirtschaftliche Freiheit, 4.11.2011<\/a><\/p>\n\n\n\n<p><a href=\"http:\/\/wirtschaftlichefreiheit.de\/wordpress\/?p=6130\" rel='nofollow'>&#8222;Das Prinzip Glaubw\u00fcrdigkeit zum Vorgehen gegen bankrotte EURO-Staaten&#8220;, Blog in: Wirtschaftliche Freiheit, 17.5.2011<\/a><\/p>\n\n\n\n<p><a href=\"http:\/\/wirtschaftlichefreiheit.de\/wordpress\/?p=4879#more-4879\" rel='nofollow'>&#8222;Mindestlohn in der Pflege &#8211; Der Schatten w\u00e4chst&#8220;, Blog in: Wirtschaftliche Freiheit, 31.12.2010<\/a><\/p>\n\n\n\n<p><a href=\"http:\/\/wirtschaftlichefreiheit.de\/wordpress\/?p=3604\" rel='nofollow'>&#8222;Die EZB als &#8218;Marktmacher&#8220;&#8218;, Blog in: Wirtschaftliche Freiheit, 16.6.2010<\/a><\/p>\n\n\n\n<p><a href=\"http:\/\/wirtschaftlichefreiheit.de\/wordpress\/?p=2943\" rel='nofollow'>&#8222;Drei Gr\u00fcnde f\u00fcr ein Ausscheiden Griechenlands aus der Euro-Zone&#8220;, Blog in: Wirtschaftliche Freiheit, 18.3.2010<\/a><\/p>\n\n\n\n<h2 class=\"wp-block-heading\"><strong>Interviews<\/strong><\/h2>\n\n\n\n<p>\u201eStreik als letzte Eskalationsstufe geh\u00f6rt der Vergangenheit an\u201c, WELT-Fernsehen, 10.01.2024, <a rel=\"noreferrer noopener\" href=\"https:\/\/www.welt.de\/wirtschaft\/video249453994\/Bahn-Streik-Prof-Dirk-Meyer-plaediert-fuer-mehr-Regularien.html?icid=search.product.onsitesearch\" target=\"_blank\">https:\/\/www.welt.de\/wirtschaft\/video249453994\/Bahn-Streik-Prof-Dirk-Meyer-plaediert-fuer-mehr-Regularien.html?icid=search.product.onsitesearch<\/a> .<\/p>\n\n\n\n<p>\u201eVereint, vergr\u00f6\u00dfert, versagt &#8211; Ist Europa mehr als nur eine gute Idee?\u201c, MDR SACHSEN &#8211; Das Sachsenradio, 09.05.2023 20:00Uhr 132:13 min,&nbsp;<a rel=\"noreferrer noopener\" href=\"https:\/\/www.mdr.de\/sachsenradio\/podcast\/dienstags\/podcast-dienstags-direkt-eu-europaeische-union-100.html\" target=\"_blank\">https:\/\/www.mdr.de\/sachsenradio\/podcast\/dienstags\/podcast-dienstags-direkt-eu-europaeische-union-100.html<\/a>.<\/p>\n\n\n\n<p>&#8222;Langfristig ist das Wiederaufbauprogramm ein Verlust f\u00fcr die gesamte EU&#8220;, Interview mit Stefan Beig, &nbsp;Austrian Institute of Economics and Social Philosophy v. 8. Juli 2020, <a rel=\"noreferrer noopener\" href=\"https:\/\/austrian-institute.org\/de\/podcast\/dirk-meyer-warnt-vor-negativen-folgen-des-wiederaufbaufonds\/\" target=\"_blank\">https:\/\/austrian-institute.org\/de\/podcast\/dirk-meyer-warnt-vor-negativen-folgen-des-wiederaufbaufonds\/<\/a>.<\/p>\n\n\n\n<p>\u201eDer Euro als Gemeinschafts- statt als Einheitsw\u00e4hrung\u201d, Interview mit Stefan Beig, Austrian Institute of Economics and Social Philosophy v. 10. Juli 2020, <a href=\"https:\/\/austrian-institute.org\/de\/podcast\/der-euro-als-gemeinschafts-statt-als-einheitswaehrung\/\" target=\"_blank\" rel=\"noreferrer noopener\">https:\/\/austrian-institute.org\/de\/podcast\/der-euro-als-gemeinschafts-statt-als-einheitswaehrung\/<\/a>.<\/p>\n\n\n\n<p>\u201eMan muss mit dem deutschen Bundesverfassungsgericht weiterhin rechnen\u201c, Interview mit Stefan Beig, Austrian Institute of Economics and Social Philosophy v. 15. Juli 2020, <a href=\"https:\/\/austrian-institute.org\/de\/podcast\/man-muss-mit-dem-deutschen-bundesverfassungsgericht-weiterhin-rechnen\/\" target=\"_blank\" rel=\"noreferrer noopener\">https:\/\/austrian-institute.org\/de\/podcast\/man-muss-mit-dem-deutschen-bundesverfassungsgericht-weiterhin-rechnen\/<\/a>.<\/p>\n\n\n\n<p><a href=\"https:\/\/www.youtube.com\/watch?v=IT8vIX3T9W0\" target=\"_blank\" rel=\"noreferrer noopener\">&#8222;Soll Deutschland den Euro behalten oder die D-Mark wieder einf\u00fchren&#8220;, Alsterfilm&nbsp;<abbr title=\"Gesellschaft mit beschr\u00e4nkter Haftung\">GmbH<\/abbr>&nbsp;v. 29.01.2019.&nbsp;&nbsp;<\/a><\/p>\n\n\n\n<p><a href=\"http:\/\/www.misesde.org\/?p=13438\" rel='nofollow'>&#8222;Italienische Bankenrettung durch national-autonome Geldsch\u00f6pfung&#8220;, Interview, Ludwig von Mises Institut Deutschland, 5. August 2016.<\/a><\/p>\n\n\n\n<p><a href=\"http:\/\/www.misesde.org\/?p=12091\" rel='nofollow'>&#8222;Das ist ein Sprengsatz f\u00fcr die W\u00e4hrungsunion&#8220;, Interview, Ludwig von Mises Institut Deutschland, 24. Februar 2016.<\/a><\/p>\n\n\n\n<p>Professoren-Profile \u201eDirk Meyer\u201c, in: wisu, 44.&nbsp;&nbsp; <abbr title=\"Jahrgang\">Jg.<\/abbr>&nbsp;(2015),&nbsp;H.&nbsp;2, S. 147-148.<\/p>\n\n\n\n<p><a href=\"https:\/\/www.hsu-hh.de\/ordnung\/wp-content\/uploads\/sites\/549\/2017\/08\/Parallelw\u00f1hrungen-wiwo-130819-1.pdf\">&#8222;Wer hat die bessere Idee?&#8220; &#8211; Streitgespr\u00e4ch Meyer\/Langhammer \u00fcber Parallelw\u00e4hrungen, in: Wirtschaftswoche, D\u00fcsseldorf, 19. August 2013, S. 38-41.<\/a><\/p>\n\n\n\n<p><a href=\"http:\/\/blog.openeuropeberlin.de\/2013\/07\/plan-b-austritt-und-parallelwahrungen_26.html\" rel='nofollow'>&#8222;Plan B: Austritt und Parallelw\u00e4hrungen. Professor Dirk Meyer exklusiv im Open Europe Berlin Interview mit Michael Wohlgemuth&#8220; v. 26.07.2013.<\/a><\/p>\n\n\n\n<p>&#8222;Deutschland soll aus dem Euro austreten&#8220;, in: Hamburger Abendblatt, Hamburg, 5. Dez. 2011, S. 29.<\/p>\n\n\n\n<p>&#8222;Sprengs\u00e4tze f\u00fcr die Eurozone\u201d, Interview EurAktiv.de<br>v. 13.09.2011.<\/p>\n\n\n\n<p>Europas Schuldenkrise: &#8222;Banken n\u00f6tigen die Politik&#8220;, Interview EurAktiv.de<br>v. 13.05.2011.<\/p>\n\n\n\n<p>Eurozone: &#8222;Gefahr des chaotischen Zerfalls&#8220;, Interview EurAktiv.de v.<br>v. 29.11.2010.<\/p>\n\n\n\n<h2 class=\"wp-block-heading\"><strong>Buchbesprechungen\/Kommentare<\/strong><\/h2>\n\n\n\n<p><a href=\"https:\/\/www.hsu-hh.de\/ordnung\/wp-content\/uploads\/sites\/549\/2021\/05\/Buch-Kruse-Buerger-an-die-Macht_Orientierungen_210517.pdf\" target=\"_blank\" rel=\"noreferrer noopener\">Kruse, J\u00f6rn, B\u00fcrger an die Macht \u2013 Wie unsere Demokratie besser funktioniert, Stuttgart 2020, in: Orientierungen zur Wirtschafts- und Gesellschaftspolitik, 17. Mai 2021.<\/a><\/p>\n\n\n\n<p><a href=\"https:\/\/www.hsu-hh.de\/ordnung\/wp-content\/uploads\/sites\/549\/2017\/08\/Besprechung-Cremer-Goldschmidt-H\u00f6fer-Ordo_1115-1.pdf\">Cremer, Georg, Goldschmidt, Nils u. H\u00f6fer, Sven, Soziale Dienstleistungen, T\u00fcbingen 2013 (Mohr Siebeck, UTB), 268 Seiten, 24,99 \u20ac,&nbsp;&nbsp; <abbr title=\"International Standard Book Number\">ISBN<\/abbr>&nbsp;978-3-8252-3665-6, in: ORDO,&nbsp;&nbsp; <abbr title=\"Band\">Bd.<\/abbr>&nbsp;66 (2015), S. 444-445.<\/a><\/p>\n\n\n\n<p><a href=\"https:\/\/www.hsu-hh.de\/ordnung\/wp-content\/uploads\/sites\/549\/2017\/08\/Comment-Beitrag-Winkler-JbNatStat_0515-1.pdf\">Comment on Adalbert Winkler, The ECB as Lender&nbsp;of&nbsp;Last Resort: Banks versus Governments, in: Jahrb\u00fccher f\u00fcr National\u00f6konomie und Statistik, Vol. 235\/3 (2015), S. 345-347.<\/a><\/p>\n\n\n\n<p>Hummer, Waldemar (&nbsp; <abbr title=\"Herausgeber\">Hrsg.<\/abbr>), Die Finanzkrise aus inernationaler und \u00f6sterreichischer Sicht, Innsbruck-Wien-Bozen (Studienverlag) 2011, 422 Seiten, 39.90 \u20ac,&nbsp;&nbsp; <abbr title=\"International Standard Book Number\">ISBN<\/abbr>&nbsp;978-3-7065-5108-3, in: Jahrb\u00fccher f\u00fcr National\u00f6konomie und Statistik, Vol. 233\/2 (2013), S. 252-253.<\/p>\n\n\n\n<p>Konrad, Kai A., Holger Zsch\u00e4pitz, Schulden ohne S\u00fchne? Warum der Absturz der Staatsfinanzen uns alle trifft. M\u00fcnchen (C.H.&nbsp;Beck) 2010, 2.&nbsp;&nbsp; <abbr title=\"Auflage\">Aufl.<\/abbr>, 240 Seiten, 19,95 \u20ac,&nbsp;&nbsp; <abbr title=\"International Standard Book Number\">ISBN<\/abbr>&nbsp;978-3-406-60688-5, in: Jahrb\u00fccher f\u00fcr National\u00f6konomie und Statistik, Vol. 231\/4 (2011), S. 580-582.<\/p>\n","protected":false},"excerpt":{"rendered":"<p>Gutachten und Stellungnahmen Schriftliche Stellungnahme zur \u00f6ffentlichen Anh\u00f6rung durch den Europaausschuss des Deutschen Bundestages am 10. Sept. 2025 \u2013 Anh\u00f6rung zum Mehrj\u00e4hrigen Finanzrahmen der EU nach 2027 \u2013 Defizit\u00e4re demokratische [&hellip;]<\/p>\n","protected":false},"author":37,"featured_media":0,"parent":0,"menu_order":0,"comment_status":"closed","ping_status":"closed","template":"","meta":{"footnotes":""},"categories":[4],"tags":[],"class_list":["post-2604","page","type-page","status-publish","hentry","category-forschung"],"_links":{"self":[{"href":"https:\/\/www.hsu-hh.de\/ordnung\/wp-json\/wp\/v2\/pages\/2604","targetHints":{"allow":["GET"]}}],"collection":[{"href":"https:\/\/www.hsu-hh.de\/ordnung\/wp-json\/wp\/v2\/pages"}],"about":[{"href":"https:\/\/www.hsu-hh.de\/ordnung\/wp-json\/wp\/v2\/types\/page"}],"author":[{"embeddable":true,"href":"https:\/\/www.hsu-hh.de\/ordnung\/wp-json\/wp\/v2\/users\/37"}],"replies":[{"embeddable":true,"href":"https:\/\/www.hsu-hh.de\/ordnung\/wp-json\/wp\/v2\/comments?post=2604"}],"version-history":[{"count":17,"href":"https:\/\/www.hsu-hh.de\/ordnung\/wp-json\/wp\/v2\/pages\/2604\/revisions"}],"predecessor-version":[{"id":3399,"href":"https:\/\/www.hsu-hh.de\/ordnung\/wp-json\/wp\/v2\/pages\/2604\/revisions\/3399"}],"wp:attachment":[{"href":"https:\/\/www.hsu-hh.de\/ordnung\/wp-json\/wp\/v2\/media?parent=2604"}],"wp:term":[{"taxonomy":"category","embeddable":true,"href":"https:\/\/www.hsu-hh.de\/ordnung\/wp-json\/wp\/v2\/categories?post=2604"},{"taxonomy":"post_tag","embeddable":true,"href":"https:\/\/www.hsu-hh.de\/ordnung\/wp-json\/wp\/v2\/tags?post=2604"}],"curies":[{"name":"wp","href":"https:\/\/api.w.org\/{rel}","templated":true}]}}