{"id":2554,"date":"2023-02-09T09:50:32","date_gmt":"2023-02-09T08:50:32","guid":{"rendered":"https:\/\/www.hsu-hh.de\/ordnung\/?page_id=2554"},"modified":"2023-02-09T09:50:33","modified_gmt":"2023-02-09T08:50:33","slug":"buecher","status":"publish","type":"page","link":"https:\/\/www.hsu-hh.de\/ordnung\/buecher","title":{"rendered":"B\u00fccher"},"content":{"rendered":"\n<p>&#8222;European Union and Monetary Union in Permanent Crisis I \u2013 An Inventory&#8220;, Springer Fachmedien Wiesbaden, Wiesbaden 2022, Softcover <abbr title=\"International Standard Book Number\">ISBN<\/abbr> 978-3-658-38642-9 and eBook <a href=\"https:\/\/link.springer.com\/book\/10.1007\/978-3-658-38643-6\" target=\"_blank\" rel=\"noreferrer noopener\"><abbr title=\"International Standard Book Number\">ISBN<\/abbr> 978-3-658-38643-6,&nbsp;https:\/\/doi.org\/10.1007\/978-3-658-38643-6<\/a>.<\/p>\n\n\n\n<p>&#8222;European Union and Monetary Union in Permanent Crisis II \u2013 Scenarios for the Future of the Euro&#8220;, Springer Fachmedien Wiesbaden, Wiesbaden 2022, Softcover <abbr title=\"International Standard Book Number\">ISBN<\/abbr> 978-3-658-38645-0 and eBook <abbr title=\"International Standard Book Number\">ISBN<\/abbr> 978-3-658-38646-7,&nbsp;<a href=\"https:\/\/doi.org\/10.1007\/978-3-658-38646-7\" target=\"_blank\" rel=\"noreferrer noopener\">https:\/\/doi.org\/10.1007\/978-3-658-38646-7<\/a>.<\/p>\n\n\n\n<p>&#8222;Europ\u00e4ische Union und W\u00e4hrungsunion in der Dauerkrise I \u2013 Eine Bestandsaufnahme&#8220;, 2., erweiterte Auflage, Springer Fachmedien Wiesbaden, Wiesbaden 2022, Softcover <abbr title=\"International Standard Book Number\">ISBN<\/abbr> 978-3-658-35714-6 und eBook <abbr title=\"International Standard Book Number\">ISBN<\/abbr> 978-3-658-35715-3, <a href=\"https:\/\/doi.org\/10.1007\/978-3-658-35715-3\" target=\"_blank\" rel=\"noreferrer noopener\">https:\/\/doi.org\/10.1007\/978-3-658-35715-3<\/a>.<\/p>\n\n\n\n<p>&#8222;Europ\u00e4ische Union und W\u00e4hrungsunion in der Dauerkrise II \u2013 Szenarien f\u00fcr die Zukunft des Euro&#8220;, 2., erweiterte Auflage, Springer Fachmedien Wiesbaden, Wiesbaden 2022, Softcover <abbr title=\"International Standard Book Number\">ISBN<\/abbr> 978-3-658-35712-2 und eBook <abbr title=\"International Standard Book Number\">ISBN<\/abbr> 978-3-658-35713-9, <a href=\"https:\/\/doi.org\/10.1007\/978-3-658-35713-9\" target=\"_blank\" rel=\"noreferrer noopener\">https:\/\/doi.org\/10.1007\/978-3-658-35713-9<\/a>.<\/p>\n\n\n\n<p>&#8222;Europ\u00e4ische Union und W\u00e4hrungsunion in der Dauerkrise \u2013 Analysen und Konzepte f\u00fcr einen Neuanfang&#8220;, Springer Fachmedien Wiesbaden, Wiesbaden 2020, <abbr title=\"International Standard Book Number\">ISBN<\/abbr> 978-3-658-27176-3, DOI: 10.1007\/978-3-658-27177-0. <a href=\"https:\/\/www.springer.com\/de\/book\/9783658271763?wt_mc=Affiliate.CommissionJunction.Authors.3.EPR1089.DeepLink&amp;utm_medium=affiliate&amp;utm_source=commission_junction_authors&amp;utm_campaign=3_nsn6445_deeplink_PID9219131&amp;utm_content=deeplink\" target=\"_blank\" rel=\"noreferrer noopener\">Werbelink mit Buchvorschau<\/a><\/p>\n\n\n\n<p>in Herausgeberschaft zusammen mit Ulrich Schmidt: &#8222;Gedenkband f\u00fcr Gerhard Prosi&#8220;, List Forum f\u00fcr Wirtschafts- und Finanzpolitik, Special Issue,&nbsp;&nbsp; <abbr title=\"Band\">Bd.<\/abbr>&nbsp;41 (2016), H. 4.<\/p>\n\n\n\n<p><a href=\"https:\/\/www.hsu-hh.de\/ordnung\/wp-content\/uploads\/sites\/549\/2017\/08\/Diskbd-Flyer-1.pdf\">in Herausgeberschaft: &#8222;Die Zukunft der W\u00e4hrungsunion &#8211; Chancen und Risiken des Euro&#8220;, Reihe Wirtschaft aktuell,&nbsp;&nbsp; <abbr title=\"Band\">Bd.<\/abbr>&nbsp;2, LIT Verlag, M\u00fcnster 2012 (&nbsp; <abbr title=\"International Standard Book Number\">ISBN<\/abbr>&nbsp;3-643-11918-6). (Flyer)<\/a><\/p>\n\n\n\n<p><a href=\"https:\/\/www.hsu-hh.de\/ordnung\/wp-content\/uploads\/sites\/549\/2017\/08\/Flyer-1.pdf\">&#8222;EURO-Krise: Austritt als L\u00f6sung?&#8220;, Reihe Wirtschaft aktuell,&nbsp;&nbsp; <abbr title=\"Band\">Bd.<\/abbr>&nbsp;1, LIT Verlag, Berlin-M\u00fcnster-Wien-Z\u00fcrich-London (2012). (&nbsp; <abbr title=\"International Standard Book Number\">ISBN<\/abbr>&nbsp;3-643-11775-5).&nbsp;(Flyer)<\/a><\/p>\n\n\n\n<p>&#8222;F\u00fcr mehr Wettbewerb im station\u00e4ren Altenhilfesektor &#8211; Handlungsbedarf aufgrund Kapazit\u00e4tsprognose 2050&#8220;, Duncker &amp; Humblot, Berlin 2003.<\/p>\n\n\n\n<p>&#8222;Wettbewerbliche Neuorientierung der Freien Wohlfahrtspflege&#8220;, Volkswirtschaftliche Schriften,&nbsp;Nr.&nbsp;486, Duncker &amp; Humblot, Berlin 1999.<\/p>\n\n\n\n<p>&#8222;Technischer Fortschritt im Gesundheitswesen &#8211; Eine Analyse der Anreizstrukturen aus ordnungstheoretischer Sicht.&#8220; Habilitationsschrift. Schriften zur angewandten Wirtschaftsforschung&nbsp;Nr.&nbsp;61, hrsg. von E. v. B\u00f6venter, B. Gahlen u.&nbsp;H.&nbsp;Hesse, Siebeck \/ Mohr, T\u00fcbingen 1993.<\/p>\n\n\n\n<p>&#8222;Arbeitsmarktpolitische Interventionen in der Bundesrepublik Deutschland &#8211; Eine Analyse unter besonderer Beachtung dynamischer Effekte&#8220;, Dissertation. Frankfurt\/Main, Bern, New York 1988.<\/p>\n","protected":false},"excerpt":{"rendered":"<p>&#8222;European Union and Monetary Union in Permanent Crisis I \u2013 An Inventory&#8220;, Springer Fachmedien Wiesbaden, Wiesbaden 2022, Softcover ISBN 978-3-658-38642-9 and eBook ISBN 978-3-658-38643-6,&nbsp;https:\/\/doi.org\/10.1007\/978-3-658-38643-6. &#8222;European Union and Monetary Union in [&hellip;]<\/p>\n","protected":false},"author":37,"featured_media":0,"parent":0,"menu_order":0,"comment_status":"closed","ping_status":"closed","template":"","meta":{"footnotes":""},"categories":[4],"tags":[],"class_list":["post-2554","page","type-page","status-publish","hentry","category-forschung"],"_links":{"self":[{"href":"https:\/\/www.hsu-hh.de\/ordnung\/wp-json\/wp\/v2\/pages\/2554","targetHints":{"allow":["GET"]}}],"collection":[{"href":"https:\/\/www.hsu-hh.de\/ordnung\/wp-json\/wp\/v2\/pages"}],"about":[{"href":"https:\/\/www.hsu-hh.de\/ordnung\/wp-json\/wp\/v2\/types\/page"}],"author":[{"embeddable":true,"href":"https:\/\/www.hsu-hh.de\/ordnung\/wp-json\/wp\/v2\/users\/37"}],"replies":[{"embeddable":true,"href":"https:\/\/www.hsu-hh.de\/ordnung\/wp-json\/wp\/v2\/comments?post=2554"}],"version-history":[{"count":1,"href":"https:\/\/www.hsu-hh.de\/ordnung\/wp-json\/wp\/v2\/pages\/2554\/revisions"}],"predecessor-version":[{"id":2555,"href":"https:\/\/www.hsu-hh.de\/ordnung\/wp-json\/wp\/v2\/pages\/2554\/revisions\/2555"}],"wp:attachment":[{"href":"https:\/\/www.hsu-hh.de\/ordnung\/wp-json\/wp\/v2\/media?parent=2554"}],"wp:term":[{"taxonomy":"category","embeddable":true,"href":"https:\/\/www.hsu-hh.de\/ordnung\/wp-json\/wp\/v2\/categories?post=2554"},{"taxonomy":"post_tag","embeddable":true,"href":"https:\/\/www.hsu-hh.de\/ordnung\/wp-json\/wp\/v2\/tags?post=2554"}],"curies":[{"name":"wp","href":"https:\/\/api.w.org\/{rel}","templated":true}]}}