{"id":797,"date":"2021-11-26T12:37:11","date_gmt":"2021-11-26T11:37:11","guid":{"rendered":"https:\/\/www.hsu-hh.de\/or\/?page_id=797"},"modified":"2025-08-20T10:50:40","modified_gmt":"2025-08-20T08:50:40","slug":"hipp","status":"publish","type":"page","link":"https:\/\/www.hsu-hh.de\/or\/hipp","title":{"rendered":"Dr. Andreas Hipp"},"content":{"rendered":"\n<h2 class=\"wp-block-heading\">Wissenschaftlicher Mitarbeiter<\/h2>\n\n\n\n<div class=\"wp-block-media-text alignwide has-media-on-the-right is-stacked-on-mobile\" style=\"grid-template-columns:auto 19%\"><div class=\"wp-block-media-text__content\">\n<p class=\"has-large-font-size\"><\/p>\n\n\n\n<div class=\"wp-block-columns is-layout-flex wp-container-core-columns-is-layout-9d6595d7 wp-block-columns-is-layout-flex\">\n<div class=\"wp-block-column is-layout-flow wp-block-column-is-layout-flow\" style=\"flex-basis:33.33%\">\n<p>Telefon:  <br><br>E-Mail:<br>  <br>Adresse: <br><br><br>Sprechzeiten: <\/p>\n<\/div>\n\n\n\n<div class=\"wp-block-column is-layout-flow wp-block-column-is-layout-flow\" style=\"flex-basis:66.66%\">\n<p>+49 40 6541-3095<br><br><a href=\"mailto:s.neumann@hsu-hh.de\" rel='nofollow'><\/a><a href=\"mailto:frank.wiedra@hsu-hh.de\" rel='nofollow'><\/a><a href=\"mailto:andreas.hipp@hsu-hh.de\" data-type=\"mailto\" data-id=\"mailto:andreas.hipp@hsu-hh.de\" rel='nofollow'>andreas.hipp@hsu-hh.de<\/a><br><br>Holstenhofweg 85, 22043 Hamburg <br>Geb\u00e4ude H1, Raum 2203<br><br>flexibel, nach vorheriger Vereinbarung<\/p>\n<\/div>\n<\/div>\n<\/div><figure class=\"wp-block-media-text__media\"><img loading=\"lazy\" decoding=\"async\" width=\"688\" height=\"1024\" src=\"https:\/\/www.hsu-hh.de\/or\/wp-content\/uploads\/sites\/661\/2023\/01\/022_5090-688x1024.jpg\" data-credit=\"HSU\" alt=\"\" class=\"wp-image-1806 size-full\" srcset=\"https:\/\/www.hsu-hh.de\/or\/wp-content\/uploads\/sites\/661\/2023\/01\/022_5090-688x1024.jpg 688w, https:\/\/www.hsu-hh.de\/or\/wp-content\/uploads\/sites\/661\/2023\/01\/022_5090-202x300.jpg 202w, https:\/\/www.hsu-hh.de\/or\/wp-content\/uploads\/sites\/661\/2023\/01\/022_5090-768x1143.jpg 768w, https:\/\/www.hsu-hh.de\/or\/wp-content\/uploads\/sites\/661\/2023\/01\/022_5090-1032x1536.jpg 1032w, https:\/\/www.hsu-hh.de\/or\/wp-content\/uploads\/sites\/661\/2023\/01\/022_5090-1376x2048.jpg 1376w, https:\/\/www.hsu-hh.de\/or\/wp-content\/uploads\/sites\/661\/2023\/01\/022_5090-1100x1637.jpg 1100w, https:\/\/www.hsu-hh.de\/or\/wp-content\/uploads\/sites\/661\/2023\/01\/022_5090-scaled.jpg 1720w\" sizes=\"auto, (max-width: 688px) 100vw, 688px\" \/><\/figure><\/div>\n\n\n\n<h2 class=\"wp-block-heading\">Kurzvita<\/h2>\n\n\n\n<p>Seinen Bachelor of Science in Betriebswirtschaftslehre erhielt Andreas Hipp 2013 an der Universit\u00e4t zu Kiel, bevor er bis Ende 2015 den Master of Science in Wirtschaftswissenschaften an der Universit\u00e4t Hannover absolvierte.<br><br>Von 2016 bis 2019 arbeitete Andreas Hipp als wissenschaftlicher Mitarbeiter am Lehrstuhl f\u00fcr allgemeine Betriebswirtschaftslehre und Operations Management an der Universit\u00e4t Duisburg-Essen. Daraufhin war er von 2019 bis April 2025 Teil der Professur von <abbr title=\"Professor\">Prof.<\/abbr> <abbr title=\"Doktor\">Dr.<\/abbr> Florian Jaehn an der Helmut-Schmidt-Universit\u00e4t. Seit August 2025 ist er ebenda als Post-Doc an der Professur von <abbr title=\"Professor\">Prof.<\/abbr> <abbr title=\"Doktor\">Dr.<\/abbr> Martin J. Geiger angestellt.<br><br>In der Forschung besch\u00e4ftigt sich Andreas Hipp haupts\u00e4chlich mit Themen der Ablaufplanung, insbesondere unter Ber\u00fccksichtigung von zustandsabh\u00e4ngigen Wartungsma\u00dfnahmen in der Maschinenbelegungsplanung.<\/p>\n\n\n\n<h2 class=\"wp-block-heading\" id=\"publikationen\">Publikationen von Andreas Hipp <\/h2>\n\n\n<p><strong>Hipp, Andreas<\/strong> (2024). Machine scheduling problems with position-dependent availability. Dissertation, Helmut-Schmidt-Universit\u00e4t.<br \/><a href=\"https:\/\/openhsu.ub.hsu-hh.de\/handle\/10.24405\/16504\" target=\"_blank\" rel=\"noreferrer noopener\">https:\/\/openhsu.ub.hsu-hh.de\/handle\/10.24405\/16504<\/a><\/p>\n<p><strong>Hipp, A.<\/strong> (2023). Scheduling Position-Dependent Maintenance Operations in Single Machine Layouts. In International Conference on Operations Research (pp. 25-31). Cham: Springer Nature Switzerland.<br \/><a href=\"https:\/\/link.springer.com\/chapter\/10.1007\/978-3-031-58405-3_4\" rel='nofollow'>https:\/\/link.springer.com\/chapter\/10.1007\/978-3-031-58405-3_4<\/a><\/p>\n<p><strong>Hipp, A., &amp; Geldermann, J.<\/strong> (2020). Constructive Heuristics in Hybrid Flow Shop Scheduling with Unrelated Machines and Setup Times. In Operations Research Proceedings 2019 (pp. 569-574). Springer, Cham.<br \/><a href=\"https:\/\/link.springer.com\/chapter\/10.1007\/978-3-030-48439-2_69\" target=\"_blank\" rel=\"noreferrer noopener\">https:\/\/link.springer.com\/chapter\/10.1007\/978-3-030-48439-2_69<\/a><\/p>\n<p><strong>Thommessen, C., Hipp, A., Scheipers, J., Roes, J., &amp; Heinzel, A.<\/strong> (2020). Short-term Scheduling of Distributed Cogeneration Plants in District Heating Systems. In Proceedings of the 33rd International Conference on Information Technologies (InfoTech-2019) &#8211; ECOS 2020 (pp. 1201-1212).<\/p>\n<p><strong>Hipp, A., &amp; Fernandez-Viagas, V.<\/strong> (2019). Influence of no-wait and time lag constraints in flowshop scheduling systems. In 2019 International Conference on Industrial Engineering and Systems Management (IESM) (pp. 1-6). IEEE.<br \/><a href=\"https:\/\/ieeexplore.ieee.org\/abstract\/document\/8948177\" rel='nofollow'>https:\/\/ieeexplore.ieee.org\/abstract\/document\/8948177<\/a><\/p>\n<p><strong>Maassen, K., Hipp, A., &amp; Perez-Gonzalez, P.<\/strong> (2019). Constructive heuristics for the minimization of core waiting time in permutation flow shop problems. In 2019 International Conference on Industrial Engineering and Systems Management (IESM) (pp. 1-6). IEEE.<br \/><a href=\"https:\/\/ieeexplore.ieee.org\/abstract\/document\/8948147\" rel='nofollow'>https:\/\/ieeexplore.ieee.org\/abstract\/document\/8948147<\/a><\/p>","protected":false},"excerpt":{"rendered":"<p>Wissenschaftlicher Mitarbeiter Kurzvita Seinen Bachelor of Science in Betriebswirtschaftslehre erhielt Andreas Hipp 2013 an der Universit\u00e4t zu Kiel, bevor er bis Ende 2015 den Master of Science in Wirtschaftswissenschaften an [&hellip;]<\/p>\n","protected":false},"author":2829,"featured_media":0,"parent":0,"menu_order":0,"comment_status":"closed","ping_status":"closed","template":"","meta":{"footnotes":""},"categories":[8],"tags":[],"class_list":["post-797","page","type-page","status-publish","hentry","category-team"],"_links":{"self":[{"href":"https:\/\/www.hsu-hh.de\/or\/wp-json\/wp\/v2\/pages\/797","targetHints":{"allow":["GET"]}}],"collection":[{"href":"https:\/\/www.hsu-hh.de\/or\/wp-json\/wp\/v2\/pages"}],"about":[{"href":"https:\/\/www.hsu-hh.de\/or\/wp-json\/wp\/v2\/types\/page"}],"author":[{"embeddable":true,"href":"https:\/\/www.hsu-hh.de\/or\/wp-json\/wp\/v2\/users\/2829"}],"replies":[{"embeddable":true,"href":"https:\/\/www.hsu-hh.de\/or\/wp-json\/wp\/v2\/comments?post=797"}],"version-history":[{"count":25,"href":"https:\/\/www.hsu-hh.de\/or\/wp-json\/wp\/v2\/pages\/797\/revisions"}],"predecessor-version":[{"id":2349,"href":"https:\/\/www.hsu-hh.de\/or\/wp-json\/wp\/v2\/pages\/797\/revisions\/2349"}],"wp:attachment":[{"href":"https:\/\/www.hsu-hh.de\/or\/wp-json\/wp\/v2\/media?parent=797"}],"wp:term":[{"taxonomy":"category","embeddable":true,"href":"https:\/\/www.hsu-hh.de\/or\/wp-json\/wp\/v2\/categories?post=797"},{"taxonomy":"post_tag","embeddable":true,"href":"https:\/\/www.hsu-hh.de\/or\/wp-json\/wp\/v2\/tags?post=797"}],"curies":[{"name":"wp","href":"https:\/\/api.w.org\/{rel}","templated":true}]}}