{"id":795,"date":"2021-11-26T12:36:36","date_gmt":"2021-11-26T11:36:36","guid":{"rendered":"https:\/\/www.hsu-hh.de\/or\/?page_id=795"},"modified":"2024-06-21T15:06:23","modified_gmt":"2024-06-21T13:06:23","slug":"fauve","status":"publish","type":"page","link":"https:\/\/www.hsu-hh.de\/or\/fauve","title":{"rendered":"Nicolas Fauv\u00e9, M.Sc."},"content":{"rendered":"\n<h2 class=\"wp-block-heading\">Wissenschaftlicher Mitarbeiter<\/h2>\n\n\n\n<div class=\"wp-block-media-text alignwide has-media-on-the-right is-stacked-on-mobile\" style=\"grid-template-columns:auto 19%\"><div class=\"wp-block-media-text__content\">\n<p class=\"has-large-font-size\"><\/p>\n\n\n\n<div class=\"wp-block-columns is-layout-flex wp-container-core-columns-is-layout-9d6595d7 wp-block-columns-is-layout-flex\">\n<div class=\"wp-block-column is-layout-flow wp-block-column-is-layout-flow\" style=\"flex-basis:33.33%\">\n<p>Telefon:  <br><br>E-Mail:<br>  <br>Adresse: <br><br><br>Sprechzeiten: <\/p>\n<\/div>\n\n\n\n<div class=\"wp-block-column is-layout-flow wp-block-column-is-layout-flow\" style=\"flex-basis:66.66%\">\n<p>+49 40 6541-2873<br><br><a href=\"mailto:s.neumann@hsu-hh.de\" rel='nofollow'><\/a><a href=\"mailto:frank.wiedra@hsu-hh.de\" rel='nofollow'><\/a><a href=\"mailto:nicolas.fauve@hsu-hh.de\" rel='nofollow'><\/a><a href=\"mailto:nicolas.fauve@hsu-hh.de\" rel='nofollow'>nicolas.fauve@hsu-hh.de<\/a><br><br><a href=\"https:\/\/www.google.com\/maps\/dir\/\/53.5687704,10.1087747\/@53.5683839,10.1069894,17z\/data=!4m2!4m1!3e1\" data-type=\"URL\" data-id=\"https:\/\/www.google.com\/maps\/dir\/\/53.5687704,10.1087747\/@53.5683839,10.1069894,17z\/data=!4m2!4m1!3e1\" target=\"_blank\" rel=\"noreferrer noopener\">Holstenhofweg 85, 22043 Hamburg <br>Geb\u00e4ude H1, Raum 2220<br><\/a><br>flexibel, nach vorheriger Vereinbarung <\/p>\n<\/div>\n<\/div>\n<\/div><figure class=\"wp-block-media-text__media\"><img loading=\"lazy\" decoding=\"async\" width=\"796\" height=\"1024\" src=\"https:\/\/www.hsu-hh.de\/or\/wp-content\/uploads\/sites\/661\/2023\/07\/022_5079-Kopie_cr-796x1024.jpg\" data-credit=\"HSU\" alt=\"\" class=\"wp-image-1838 size-full\" srcset=\"https:\/\/www.hsu-hh.de\/or\/wp-content\/uploads\/sites\/661\/2023\/07\/022_5079-Kopie_cr-796x1024.jpg 796w, https:\/\/www.hsu-hh.de\/or\/wp-content\/uploads\/sites\/661\/2023\/07\/022_5079-Kopie_cr-233x300.jpg 233w, https:\/\/www.hsu-hh.de\/or\/wp-content\/uploads\/sites\/661\/2023\/07\/022_5079-Kopie_cr-768x988.jpg 768w, https:\/\/www.hsu-hh.de\/or\/wp-content\/uploads\/sites\/661\/2023\/07\/022_5079-Kopie_cr-1194x1536.jpg 1194w, https:\/\/www.hsu-hh.de\/or\/wp-content\/uploads\/sites\/661\/2023\/07\/022_5079-Kopie_cr-1592x2048.jpg 1592w, https:\/\/www.hsu-hh.de\/or\/wp-content\/uploads\/sites\/661\/2023\/07\/022_5079-Kopie_cr-1100x1415.jpg 1100w, https:\/\/www.hsu-hh.de\/or\/wp-content\/uploads\/sites\/661\/2023\/07\/022_5079-Kopie_cr-scaled.jpg 1990w\" sizes=\"auto, (max-width: 796px) 100vw, 796px\" \/><\/figure><\/div>\n\n\n\n<h2 class=\"wp-block-heading\">Kurzvita<\/h2>\n\n\n\n<p>Nicolas Fauv\u00e9 studierte Wirtschaftsingenieurwesen mit technischer Fachrichtung Elektro- und Informationstechnik an der <abbr title=\"Technische Universit\u00e4t\">TU<\/abbr>-Darmstadt. Studienschwerpunkte lagen im Management sowie der Automatisierungstechnik.<\/p>\n\n\n\n<p>Parallel zu seinem Studium betreute er als Projektingenieur der DB-Netz AG den Ausbau des Predictive-Maintenance-Systems DIANA f\u00fcr den Regionalbereich Mitte.<\/p>\n\n\n\n<p>Seit Juni 2021 ist er wissenschaftlicher Mitarbeiter an der Professur f\u00fcr Management Science und Operations Research an der <abbr title=\"Helmut Schmidt Universit\u00e4t\">HSU<\/abbr>. Sein <a href=\"https:\/\/www.hsu-hh.de\/or\/forschung\" target=\"_blank\" rel=\"noreferrer noopener\">Forschungsinteresse <\/a>liegt in der Intralogistik. Hierf\u00fcr untersucht er im Rahmen des <a href=\"https:\/\/dtecbw.de\/home\/forschung\/hsu\/projekt-aulokomp\" data-type=\"URL\" data-id=\"https:\/\/dtecbw.de\/home\/forschung\/hsu\/projekt-aulokomp\" target=\"_blank\" rel=\"noreferrer noopener\">dtec-Projekts AuLoKomp<\/a> Kompaktlagerl\u00f6sungen f\u00fcr St\u00fcckg\u00fcter.<\/p>\n\n\n\n<p>Er ist stets auf der Suche nach soldatischen Hilfskr\u00e4ften, die einen Einblick in die Forschungst\u00e4tigkeiten erhalten, ihre Skills erweitern oder ihre Ideen und F\u00e4higkeiten einbringen wollen.<\/p>\n\n\n\n<p><\/p>\n","protected":false},"excerpt":{"rendered":"<p>Wissenschaftlicher Mitarbeiter Kurzvita Nicolas Fauv\u00e9 studierte Wirtschaftsingenieurwesen mit technischer Fachrichtung Elektro- und Informationstechnik an der TU-Darmstadt. Studienschwerpunkte lagen im Management sowie der Automatisierungstechnik. Parallel zu seinem Studium betreute er als [&hellip;]<\/p>\n","protected":false},"author":2829,"featured_media":0,"parent":0,"menu_order":0,"comment_status":"closed","ping_status":"closed","template":"","meta":{"footnotes":""},"categories":[8],"tags":[],"class_list":["post-795","page","type-page","status-publish","hentry","category-team"],"_links":{"self":[{"href":"https:\/\/www.hsu-hh.de\/or\/wp-json\/wp\/v2\/pages\/795","targetHints":{"allow":["GET"]}}],"collection":[{"href":"https:\/\/www.hsu-hh.de\/or\/wp-json\/wp\/v2\/pages"}],"about":[{"href":"https:\/\/www.hsu-hh.de\/or\/wp-json\/wp\/v2\/types\/page"}],"author":[{"embeddable":true,"href":"https:\/\/www.hsu-hh.de\/or\/wp-json\/wp\/v2\/users\/2829"}],"replies":[{"embeddable":true,"href":"https:\/\/www.hsu-hh.de\/or\/wp-json\/wp\/v2\/comments?post=795"}],"version-history":[{"count":10,"href":"https:\/\/www.hsu-hh.de\/or\/wp-json\/wp\/v2\/pages\/795\/revisions"}],"predecessor-version":[{"id":2084,"href":"https:\/\/www.hsu-hh.de\/or\/wp-json\/wp\/v2\/pages\/795\/revisions\/2084"}],"wp:attachment":[{"href":"https:\/\/www.hsu-hh.de\/or\/wp-json\/wp\/v2\/media?parent=795"}],"wp:term":[{"taxonomy":"category","embeddable":true,"href":"https:\/\/www.hsu-hh.de\/or\/wp-json\/wp\/v2\/categories?post=795"},{"taxonomy":"post_tag","embeddable":true,"href":"https:\/\/www.hsu-hh.de\/or\/wp-json\/wp\/v2\/tags?post=795"}],"curies":[{"name":"wp","href":"https:\/\/api.w.org\/{rel}","templated":true}]}}