{"id":73,"date":"2017-07-03T15:52:08","date_gmt":"2017-07-03T13:52:08","guid":{"rendered":"https:\/\/www.hsu-hh.de\/vorlage\/?page_id=73"},"modified":"2024-07-30T16:25:06","modified_gmt":"2024-07-30T14:25:06","slug":"startseite","status":"publish","type":"page","link":"https:\/\/www.hsu-hh.de\/or\/","title":{"rendered":"Professur f\u00fcr Betriebswirtschaftslehre, insbesondere Management Science und Operations Research"},"content":{"rendered":"\n<h2 class=\"wp-block-heading\"> <abbr title=\"Professor\">Prof.<\/abbr> <abbr title=\"Doktor\">Dr.<\/abbr> Florian Jaehn <\/h2>\n\n\n\n<div style=\"height:40px\" aria-hidden=\"true\" class=\"wp-block-spacer\"><\/div>\n\n\n\n<h2 class=\"wp-block-heading\">Herzlich Willkommen!<\/h2>\n\n\n\n<div class=\"wp-block-media-text is-stacked-on-mobile\"><figure class=\"wp-block-media-text__media\"><img loading=\"lazy\" decoding=\"async\" width=\"1024\" height=\"683\" src=\"https:\/\/www.hsu-hh.de\/or\/wp-content\/uploads\/sites\/661\/2023\/09\/023_1123-1024x683.jpg\" data-credit=\"\" alt=\"Florian Jaehn\" class=\"wp-image-1861 size-full\" \/><\/figure><div class=\"wp-block-media-text__content\">\n<p>&#8222;Ich begr\u00fc\u00dfe Sie auf der Website des Instituts f\u00fcr Betriebswirtschaftslehre, insbesondere Management Science und Operations Research an der Helmut-Schmidt-Universit\u00e4t \/ Universit\u00e4t der Bundeswehr Hamburg! Wir entwickeln wissenschaftlich fundierte Werkzeuge zur Entscheidungsunterst\u00fctzung und wenden diese auf betriebliche Problemstellungen, insbesondere im Bereich der Produktion und Logistik, an. Der Schwerpunkt liegt dabei auf der Formulierung mathematischer Modelle, der Analyse und Entwicklung von Methoden und deren Anwendung auf praxisorientierte Probleme.&#8220;<\/p>\n<\/div><\/div>\n\n\n\n<div style=\"height:40px\" aria-hidden=\"true\" class=\"wp-block-spacer\"><\/div>\n\n\n\n<h3 class=\"wp-block-heading\"><strong>Stellenausschreibungen<\/strong> <strong>\/ Promotion<\/strong><\/h3>\n\n\n<p>Im Moment gibt es keine Stellenausschreibungen.<\/p>\n\n\n<p><\/p>\n\n\n\n<p><a href=\"https:\/\/www.hsu-hh.de\/or\/wp-content\/uploads\/sites\/661\/2022\/06\/AllgemeineInfosPromotion.pdf\">Allgemeine Infos zur Promotion<\/a><\/p>\n\n\n\n<div style=\"height:40px\" aria-hidden=\"true\" class=\"wp-block-spacer\"><\/div>\n\n\n<hr>\n<p>Sie finden uns ebenfalls auf <a href=\"https:\/\/www.linkedin.com\/company\/hsu-msor\" rel='nofollow'>LinkedIn<\/a><\/p>","protected":false},"excerpt":{"rendered":"<p>Prof. Dr. Florian Jaehn Herzlich Willkommen! &#8222;Ich begr\u00fc\u00dfe Sie auf der Website des Instituts f\u00fcr Betriebswirtschaftslehre, insbesondere Management Science und Operations Research an der Helmut-Schmidt-Universit\u00e4t \/ Universit\u00e4t der Bundeswehr Hamburg! [&hellip;]<\/p>\n","protected":false},"author":1,"featured_media":0,"parent":0,"menu_order":0,"comment_status":"closed","ping_status":"closed","template":"","meta":{"footnotes":""},"categories":[35],"tags":[],"class_list":["post-73","page","type-page","status-publish","hentry","category-startseite"],"_links":{"self":[{"href":"https:\/\/www.hsu-hh.de\/or\/wp-json\/wp\/v2\/pages\/73","targetHints":{"allow":["GET"]}}],"collection":[{"href":"https:\/\/www.hsu-hh.de\/or\/wp-json\/wp\/v2\/pages"}],"about":[{"href":"https:\/\/www.hsu-hh.de\/or\/wp-json\/wp\/v2\/types\/page"}],"author":[{"embeddable":true,"href":"https:\/\/www.hsu-hh.de\/or\/wp-json\/wp\/v2\/users\/1"}],"replies":[{"embeddable":true,"href":"https:\/\/www.hsu-hh.de\/or\/wp-json\/wp\/v2\/comments?post=73"}],"version-history":[{"count":91,"href":"https:\/\/www.hsu-hh.de\/or\/wp-json\/wp\/v2\/pages\/73\/revisions"}],"predecessor-version":[{"id":2127,"href":"https:\/\/www.hsu-hh.de\/or\/wp-json\/wp\/v2\/pages\/73\/revisions\/2127"}],"wp:attachment":[{"href":"https:\/\/www.hsu-hh.de\/or\/wp-json\/wp\/v2\/media?parent=73"}],"wp:term":[{"taxonomy":"category","embeddable":true,"href":"https:\/\/www.hsu-hh.de\/or\/wp-json\/wp\/v2\/categories?post=73"},{"taxonomy":"post_tag","embeddable":true,"href":"https:\/\/www.hsu-hh.de\/or\/wp-json\/wp\/v2\/tags?post=73"}],"curies":[{"name":"wp","href":"https:\/\/api.w.org\/{rel}","templated":true}]}}