{"id":540,"date":"2020-12-09T13:14:12","date_gmt":"2020-12-09T12:14:12","guid":{"rendered":"https:\/\/www.hsu-hh.de\/or\/?page_id=540"},"modified":"2026-01-06T16:01:31","modified_gmt":"2026-01-06T15:01:31","slug":"lehre","status":"publish","type":"page","link":"https:\/\/www.hsu-hh.de\/or\/lehre","title":{"rendered":"Lehre"},"content":{"rendered":"<p>Bitte schreiben Sie sich \u00fcber den bei dem jeweiligen Kurs angegebenen Link im Ilias-Kurs ein, um alle relevanten Informationen und Unterlagen zu erhalten.<\/p>\n<p>Team Professur Jaehn<\/p>\n<table width=\"982\">\n<tbody>\n<tr>\n<th>\u00a0<\/th>\n<th>Wintertrimester<\/th>\n<th>Fr\u00fchjahrstrimester<\/th>\n<th>Herbsttrimester<\/th>\n<\/tr>\n<tr>\n<th>BA<\/th>\n<td>Einf\u00fchrung in Operations Research (<abbr title=\"Logistik\">LOG<\/abbr>)<\/td>\n<td>Seminar Operations Research (<abbr title=\"Betriebswirtschaftslehre\">BWL<\/abbr>, <abbr title=\"Logistik\">LOG<\/abbr>)<\/td>\n<td>Unternehmensplanspiel LUDUS (<abbr title=\"Betriebswirtschaftslehre\">BWL<\/abbr>, <abbr title=\"Volkswirtschaftslehre\">VWL<\/abbr>)<\/td>\n<\/tr>\n<tr>\n<th>\u00a0<\/th>\n<td>Methoden des Operations Research (<abbr title=\"Wirtschaftsingenieurwesen\">WI<\/abbr>)<\/td>\n<td>\u00a0<\/td>\n<td>Bachelorarbeiten<\/td>\n<\/tr>\n<tr>\n<th>MA<\/th>\n<td>Methoden des Operations Research (<abbr title=\"Betriebswirtschaftslehre\">BWL<\/abbr>, <abbr title=\"Logistik\">LOG<\/abbr>, <abbr title=\"Volkswirtschaftslehre\">VWL<\/abbr>)<\/td>\n<td>Ablaufplanung (<abbr title=\"Betriebswirtschaftslehre\">BWL<\/abbr>, <abbr title=\"Wirtschaftsingenieurwesen\">WI<\/abbr>, <abbr title=\"Logistik\">LOG<\/abbr>)<\/td>\n<td>Ablaufplanung (<abbr title=\"Betriebswirtschaftslehre\">BWL<\/abbr>, <abbr title=\"Wirtschaftsingenieurwesen\">WI<\/abbr>, <abbr title=\"Logistik\">LOG<\/abbr>)<\/td>\n<\/tr>\n<tr>\n<th>\u00a0<\/th>\n<td>\u00a0<\/td>\n<td>\u00a0<\/td>\n<td>Seminar Logistik-Management (<abbr title=\"Betriebswirtschaftslehre\">BWL<\/abbr>, <abbr title=\"Wirtschaftsingenieurwesen\">WI<\/abbr>, <abbr title=\"Volkswirtschaftslehre\">VWL<\/abbr>)<\/td>\n<\/tr>\n<tr>\n<th>\u00a0<\/th>\n<td>Seminar Logistik (<abbr title=\"Logistik\">LOG<\/abbr>)<\/td>\n<td>Seminar Logistik (<abbr title=\"Logistik\">LOG<\/abbr>)<\/td>\n<td>Seminar Logistik (<abbr title=\"Logistik\">LOG<\/abbr>)<\/td>\n<\/tr>\n<tr>\n<th>\u00a0<\/th>\n<td>\u00a0<\/td>\n<td>Masterarbeiten<\/td>\n<td>Masterarbeitskolloquium<\/td>\n<\/tr>\n<\/tbody>\n<\/table>\n<div>\n<div>\n<div>\n<div>\n<p><strong>Master-Seminar Logistik (LO12102) &#8211; jedes Trimester<\/strong><\/p>\n<p>Das Seminar wird ab sofort jedes Trimester und in der Sommerpause angeboten.<\/p>\n<ul>\n<li>Melden Sie sich bitte sp\u00e4testens in der ersten (!) Trimesterwoche per E-Mail, sofern Sie das Seminar innerhalb des Trimesters belegen m\u00f6chten. Sie erhalten dann ein Thema und alle relevanten Hinweise.<\/li>\n<li>Bitte melden Sie sich in der ersten (!) Juni-Woche per E-Mail, wenn Sie das Seminar innerhalb der Sommerpause (Juli, August, September) belegen m\u00f6chten. Sie erhalten dann ein Thema und alle relevanten Hinweise.<\/li>\n<\/ul>\n<\/div>\n<\/div>\n<\/div>\n<\/div>\n\n\n<div style=\"height:40px\" aria-hidden=\"true\" class=\"wp-block-spacer\"><\/div>\n\n\n\n<details class=\"wp-block-details is-layout-flow wp-block-details-is-layout-flow\"><summary>Abschlussarbeiten<\/summary>\n<p><\/p>\n\n\n\n<p><strong>Master-Arbeiten<br><\/strong>Beginn: nach Vereinbarung<br>Details siehe <a href=\"https:\/\/ilias.hsu-hh.de\/goto_unibw_crs_178431.html\" rel='nofollow'>ILIAS<\/a><\/p>\n\n\n\n<p><strong>Bachelor-Arbeiten<\/strong><\/p>\n\n\n\n<p>Beginn: nach Vereinbarung<br>Details siehe <a href=\"https:\/\/ilias.hsu-hh.de\/goto_unibw_crs_165591.html\" rel='nofollow'>ILIAS<\/a><\/p>\n<\/details>\n\n\n\n<div style=\"height:22px\" aria-hidden=\"true\" class=\"wp-block-spacer\"><\/div>\n\n\n\n<details class=\"wp-block-details is-layout-flow wp-block-details-is-layout-flow\"><summary>Fr\u00fchjahrstrimester 2025<\/summary>\n<p><\/p>\n\n\n\n<p><strong>Seminar Operations Research (<abbr title=\"Betriebswirtschaftslehre\">BWL<\/abbr>, <abbr title=\"Logistik\">LOG<\/abbr>) &#8211; BACHELOR<\/strong><\/p>\n\n\n\n<p>Das Seminar \u201eOperations Research\u201c umfasst wechselnde Inhalte aus grundlegenden Themengebieten des Operations Research. Die aktuellen Seminarthemen werden zu Beginn der Veranstaltung bekanntgegeben. Das Seminar soll die Teilnehmer daf\u00fcr qualifizieren, sich selbst\u00e4ndig in ein aus Lehrb\u00fcchern bekanntes Thema aus dem Bereich Operations Research einzuarbeiten und die Inhalte in eigenen Worten wiederzugeben. Am Ende des Seminars beherrschen die Studierenden dieses Thema inklusive der verwendeten Methodik. Die Studierenden bearbeiten selbst\u00e4ndig ein vorgegebenes Thema und tragen ihre Ergebnisse vor. Dar\u00fcber hinaus werden sie in Didaktik und Pr\u00e4sentationstechnik eingewiesen.<\/p>\n\n\n\n<p>Seminar Operations Research (WS16B18)<\/p>\n\n\n\n<p>Blockveranstaltung (23641)<\/p>\n\n\n\n<p><em>Einf\u00fchrungsveranstaltung:<\/em><\/p>\n\n\n\n<p><abbr title=\"Betriebswirtschaftslehre\">BWL<\/abbr>: Fr., 11.04.2025, 08.00 &#8211; 09.30 Uhr, Geb. H1, Seminarraum 108<\/p>\n\n\n\n<p>Logistik: Fr., 11.04.2025, 09.45 &#8211; 11.15 Uhr, Geb. H1, Seminarraum 108<\/p>\n\n\n\n<p>Unterlagen: siehe <a href=\"https:\/\/ilias.hsu-hh.de\/goto.php?target=crs_520431&amp;client_id=unibw\" rel='nofollow'>ILIAS<\/a><br>Dozent: <abbr title=\"Professor\">Prof.<\/abbr> <abbr title=\"Doktor\">Dr.<\/abbr> Florian Jaehn<\/p>\n\n\n\n<p><strong>Ablaufplanung (<abbr title=\"Betriebswirtschaftslehre\">BWL<\/abbr>, <abbr title=\"Wirtschaftsingenieurwesen\">WI<\/abbr>, <abbr title=\"Logistik\">LOG<\/abbr>) &#8211; MASTER<\/strong><\/p>\n\n\n\n<p>In der Vorlesung \u201eAblaufplanung\u201c wird die Frage der Zuordnung begrenzter Ressourcen auf zu bearbeitende Auftr\u00e4ge unter Erf\u00fcllung vordefinierter Ziele thematisiert, wie sie in verschiedensten unternehmerischen Kontexten zu finden ist. Unter dem Schlagwort der Maschinenbelegungsplanung werden verschiedene Problemstellungen und ihre L\u00f6sungsverfahren dargelegt und in das komplexit\u00e4tstheoretische Umfeld eingeordnet.<\/p>\n\n\n\n<p>Schwerpunkte:<\/p>\n\n\n\n<p>Grundlagen der Maschinenbelegungsplanung und Komplexit\u00e4tstheorie<br>L\u00f6sen von Problemen unter Ber\u00fccksichtigung verschiedener Maschinenumgebungen, Restriktionen und Zielfunktionen<br>Zuordnung von Problemen der Ablaufplanung zu praxisrelevanten Anwendungsbeispielen<\/p>\n\n\n\n<p>Ablaufplanung: Einf\u00fchrung in Scheduling (WS22B75)<\/p>\n\n\n\n<p>Vorlesung\/\u00dcbung (23939\/23976)<\/p>\n\n\n\n<p>Do., 8.00 \u2013 11.15 Uhr, ab 10.04.2025, Geb\u00e4ude H01 &#8211; Seminarraum 0405\/0406<\/p>\n\n\n\n<p>Zeitraum: 10.04. \u2013 19.06.2025<\/p>\n\n\n\n<p>Unterlagen: siehe <a href=\"https:\/\/ilias.hsu-hh.de\/goto.php?target=crs_573865&amp;client_id=unibw\" target=\"_blank\" rel=\"noreferrer noopener\">ILIAS<\/a><\/p>\n\n\n\n<p>Dozent: <abbr title=\"Professor\">Prof.<\/abbr> <abbr title=\"Doktor\">Dr.<\/abbr> Florian Jaehn<\/p>\n<\/details>\n\n\n\n<div style=\"height:22px\" aria-hidden=\"true\" class=\"wp-block-spacer\"><\/div>\n\n\n\n<details class=\"wp-block-details is-layout-flow wp-block-details-is-layout-flow\"><summary>Herbsttrimester 2025<\/summary>\n<p><\/p>\n\n\n\n<p><strong>Unternehmensplanspiel LUDUS (<abbr title=\"Betriebswirtschaftslehre\">BWL<\/abbr>, <abbr title=\"Volkswirtschaftslehre\">VWL<\/abbr>) &#8211; BACHELOR<\/strong><\/p>\n\n\n\n<p>Die Veranstaltung soll Ihnen helfen, Ihr Wissen aus dem Bachelorstudium in seinem Zusammenhang zu sehen und einzusetzen: fast wie in einem richtigen Unternehmen!<br>LUDUS simuliert die Entscheidungsprozesse auf der obersten F\u00fchrungsebene deutscher Industrieunternehmen. Es zeigt die Wirkung und erlaubt die Kontrolle solcher Entscheidungen. Dabei stehen sowohl die strategische Planung als auch die operative Umsetzung im Vordergrund.<\/p>\n\n\n\n<p>Die Ausgangssituation ist, dass die Teilnehmergruppen identische Unternehmen in der Rechtsform einer Aktiengesellschaft als Vorstand \u00fcbernehmen. Jede Teilnehmergruppe (= Unternehmen) muss sich so organisieren, dass sie bis zu drei Produkte produziert und auf bis zu vier M\u00e4rkten absetzt. Durch die Marktform des Angebotsoligopols wird die in modernen Marktwirtschaften verbreitetste Wettbewerbssituation abgebildet. Die konkurrierende (= gemeinsame) Flie\u00dffertigung veranschaulicht die typische industrielle Produktion.<br>Die Spielsituation ver\u00e4ndert sich von Periode (= Quartal) zu Periode, entsprechend den konkurrierenden Handlungen der Unternehmen. Nach acht Perioden (= zwei Spieljahren) werden mit Offenlegung der Strategien und deren Umsetzung durch die Teilnehmer in einer Abschlussbesprechung die Unternehmen an die Spielleitung zur\u00fcck \u00fcbertragen.<\/p>\n\n\n\n<p><strong>Seminar Logistik-Management (<abbr title=\"Betriebswirtschaftslehre\">BWL<\/abbr>, <abbr title=\"Wirtschaftsingenieurwesen\">WI<\/abbr>, <abbr title=\"Volkswirtschaftslehre\">VWL<\/abbr>) &#8211; MASTER<\/strong><\/p>\n\n\n\n<p>Im Seminar Logistik-Management werden selbst\u00e4ndig Themen aus dem quantitativen Bereich der Logistik bearbeitet. In der Regel erhalten Studierende einen englischsprachigen Zeitschriftenartikel zum Einstieg, welchen sie eigenst\u00e4ndig durchdringen sollen und verfassen zu diesem Themenbereich eine deutschsprachige Ausarbeitung sowie eine Pr\u00e4sentation.<\/p>\n\n\n\n<p><strong>Ablaufplanung (<abbr title=\"Betriebswirtschaftslehre\">BWL<\/abbr>, <abbr title=\"Wirtschaftsingenieurwesen\">WI<\/abbr>, <abbr title=\"Logistik\">LOG<\/abbr>) &#8211; MASTER<\/strong><\/p>\n\n\n\n<p>In der Vorlesung \u201eAblaufplanung\u201c wird die Frage der Zuordnung begrenzter Ressourcen auf zu bearbeitende Auftr\u00e4ge unter Erf\u00fcllung vordefinierter Ziele thematisiert, wie sie in verschiedensten unternehmerischen Kontexten zu finden ist. Unter dem Schlagwort der Maschinenbelegungsplanung werden verschiedene Problemstellungen und ihre L\u00f6sungsverfahren dargelegt und in das komplexit\u00e4tstheoretische Umfeld eingeordnet.<\/p>\n\n\n\n<p>Schwerpunkte:<\/p>\n\n\n\n<p>Grundlagen der Maschinenbelegungsplanung und Komplexit\u00e4tstheorie<br>L\u00f6sen von Problemen unter Ber\u00fccksichtigung verschiedener Maschinenumgebungen, Restriktionen und Zielfunktionen<br>Zuordnung von Problemen der Ablaufplanung zu praxisrelevanten Anwendungsbeispielen<\/p>\n\n\n\n<p>Ablaufplanung: Einf\u00fchrung in Scheduling (WS22B75)<\/p>\n\n\n\n<p>Vorlesung\/\u00dcbung (231048\/231077)<\/p>\n\n\n\n<p>Zeitraum: 29.09.2025 &#8211; 08.12.2025<br>detaillierte Termininformationen und Unterlagen: siehe <a href=\"https:\/\/intranet.hsu-hh.de\/ilias.php?baseClass=ilrepositorygui&amp;ref_id=225985\" rel='nofollow'>ILIAS<\/a><br>Dozent: <abbr title=\"Professor\">Prof.<\/abbr> <abbr title=\"Doktor\">Dr.<\/abbr> Florian Jaehn<\/p>\n<\/details>\n\n\n\n<div style=\"height:22px\" aria-hidden=\"true\" class=\"wp-block-spacer\"><\/div>\n\n\n\n<details class=\"wp-block-details is-layout-flow wp-block-details-is-layout-flow\"><summary>Wintertrimester 2026<\/summary>\n<p><\/p>\n\n\n\n<p><strong>Einf\u00fchrung in Operations Research &#8211; BACHELOR<\/strong><\/p>\n\n\n\n<p>Die Veranstaltung \u201eEinf\u00fchrung ins Operations Research\u201c dient als Einstieg f\u00fcr die Auseinandersetzung mit Fragestellungen aus dem Bereich des Operations Research, einem Forschungszweig, der Teile der Mathematik, Informatik, Ingenieurwissenschaften und Betriebswirtschaftslehre vereint. Der Schwerpunkt dieser Veranstaltung liegt in der korrekten Modellierung von Problemstellungen und deren L\u00f6sung mit Hilfe von geeigneten Verfahren\/Algorithmen.<\/p>\n\n\n\n<p>Schwerpunkte:<\/p>\n\n\n\n<p>Grundlagen der Modellformulierung und -l\u00f6sung<br>L\u00f6sen von Problemen der Graphentheorie, wie das Finden k\u00fcrzester Wege, verschiedenen Arten von Fl\u00fcssen und Matchings<br>Definition und L\u00f6sung des klassischen Brieftr\u00e4gerproblems<br><\/p>\n\n\n\n<p>Einf\u00fchrung in Operations Research (LO-WS-101)<\/p>\n\n\n\n<p>Vorlesung\/\u00dcbung (23242)<\/p>\n\n\n\n<p><em>Vorlesung:<\/em> 14-t\u00e4glich, Mo., 15:45 &#8211; 17:15 Uhr, SR 108, Di. 14:00 &#8211; 15:30 Uhr, SR 108, ab 05.01.2025<br><em>\u00dcbung:<\/em> 14-t\u00e4glich, Mo., 15:45 &#8211; 17:15 Uhr, SR 108, Di. 14:00 &#8211; 15:30 Uhr, SR 108, ab 12.01.2025<\/p>\n\n\n\n<p>Zeitraum: 05.01.2025 &#8211; 17.03.2025<\/p>\n\n\n\n<p>Unterlagen: siehe <a href=\"https:\/\/intranet.hsu-hh.de\/ilias.php?baseClass=ilrepositorygui&amp;ref_id=288046\" rel='nofollow'>ILIAS<\/a><br>Dozenten: <abbr title=\"Professor\">Prof.<\/abbr> <abbr title=\"Doktor\">Dr.<\/abbr> Florian Jaehn, Nicolas Fauv\u00e9<\/p>\n\n\n\n<p><strong>Methoden des Operations Research (<abbr title=\"Wirtschaftsingenieurwesen\">WI<\/abbr>) \u2013 BACHELOR \/ (<abbr title=\"Betriebswirtschaftslehre\">BWL<\/abbr>\/<abbr title=\"Logistik\">LOG<\/abbr>\/<abbr title=\"Volkswirtschaftslehre\">VWL<\/abbr>) \u2013 MASTER<\/strong><\/p>\n\n\n\n<p>In Erg\u00e4nzung zur Veranstaltung \u201eEinf\u00fchrung ins Operations Research\u201c deckt die Veranstaltung \u201eMethoden des Operations Research\u201c bekannte Fragestellungen des Operations Research jenseits der Graphentheorie ab. Studierende lernen am Beispiel der Extremwertsuche Verfahren zum L\u00f6sen unrestringierter nichtlinearer Optimierungsprobleme kennen. Weiterhin werden restringierte lineare Optimierungsprobleme erschlossen, indem Studierende die Modellierung vom Optimierungsproblemen erlernen. Zum L\u00f6sen werden der duale Simplex-Algorithmus, verschiedene (Meta-) Heuristiken, die dynamische Programmierung und der Branch-and-Bound-Algorithmus behandelt.<\/p>\n\n\n\n<p>Schwerpunkte:<\/p>\n\n\n\n<ul class=\"wp-block-list\">\n<li>Verfahren zum L\u00f6sen unrestringierter nichtlinearer Optimierungsprobleme<\/li>\n\n\n\n<li>Verfahren zum L\u00f6sen restringierter linearer Optimierungsprobleme<\/li>\n\n\n\n<li>Modellierung von Optimierungsproblemen\u00a0\u00a0\u00a0 <\/li>\n<\/ul>\n\n\n\n<p><em>Vorlesung:<\/em> 14-t\u00e4glich, Mo., 17:30 &#8211; 20:45 Uhr, SR 0401\/0402, Di. 15:45 &#8211; 19:00 Uhr, SR 0401\/0402, ab 06.01.2025<br><em>\u00dcbung:<\/em> 14-t\u00e4glich, Di. 15:45 &#8211; 19:00 Uhr, SR 0401\/0402, ab 13.01.2025<\/p>\n\n\n\n<p>Zeitraum: 06.01.2025 &#8211; 17.03.2025<\/p>\n\n\n\n<p>Unterlagen: siehe <a href=\"https:\/\/intranet.hsu-hh.de\/ilias.php?baseClass=ilrepositorygui&amp;ref_id=287003\" rel='nofollow'>ILIAS<\/a><br>Dozenten: <abbr title=\"Doktor\">Dr.<\/abbr> Finn Meissner,  Nicolas Fauv\u00e9<\/p>\n<\/details>\n\n\n\n<p><\/p>\n\n\n\n<p>Auf der Seite <a href=\"http:\/\/orel.hsu-hh.de\" rel='nofollow'>orel.hsu-hh.de<\/a> finden Sie eine Lernsoftware, in der sich sowohl die Verfahren finden lassen, die in den Vorlesungen unserer Professur als auch der <a href=\"https:\/\/www.hsu-hh.de\/bp\/\">Professur f\u00fcr Beschaffung und Produktion von <abbr title=\"Professor\">Prof.<\/abbr> <abbr title=\"Doktor\">Dr.<\/abbr> Dominik Kre\u00df<\/a> behandelt werden. Diese Software soll Sie beim Lernen und Verstehen der Verfahren unterst\u00fctzen.<\/p>\n\n\n\n<p>Die Website befindet sich inhaltlich noch im Aufbau, die vorhandenen Verfahren k\u00f6nnen jedoch vollumf\u00e4nglich genutzt werden.<\/p>\n","protected":false},"excerpt":{"rendered":"<p>Bitte schreiben Sie sich \u00fcber den bei dem jeweiligen Kurs angegebenen Link im Ilias-Kurs ein, um alle relevanten Informationen und Unterlagen zu erhalten. Team Professur Jaehn \u00a0 Wintertrimester Fr\u00fchjahrstrimester Herbsttrimester [&hellip;]<\/p>\n","protected":false},"author":694,"featured_media":0,"parent":0,"menu_order":0,"comment_status":"closed","ping_status":"closed","template":"","meta":{"footnotes":""},"categories":[6],"tags":[],"class_list":["post-540","page","type-page","status-publish","hentry","category-lehre"],"_links":{"self":[{"href":"https:\/\/www.hsu-hh.de\/or\/wp-json\/wp\/v2\/pages\/540","targetHints":{"allow":["GET"]}}],"collection":[{"href":"https:\/\/www.hsu-hh.de\/or\/wp-json\/wp\/v2\/pages"}],"about":[{"href":"https:\/\/www.hsu-hh.de\/or\/wp-json\/wp\/v2\/types\/page"}],"author":[{"embeddable":true,"href":"https:\/\/www.hsu-hh.de\/or\/wp-json\/wp\/v2\/users\/694"}],"replies":[{"embeddable":true,"href":"https:\/\/www.hsu-hh.de\/or\/wp-json\/wp\/v2\/comments?post=540"}],"version-history":[{"count":254,"href":"https:\/\/www.hsu-hh.de\/or\/wp-json\/wp\/v2\/pages\/540\/revisions"}],"predecessor-version":[{"id":2405,"href":"https:\/\/www.hsu-hh.de\/or\/wp-json\/wp\/v2\/pages\/540\/revisions\/2405"}],"wp:attachment":[{"href":"https:\/\/www.hsu-hh.de\/or\/wp-json\/wp\/v2\/media?parent=540"}],"wp:term":[{"taxonomy":"category","embeddable":true,"href":"https:\/\/www.hsu-hh.de\/or\/wp-json\/wp\/v2\/categories?post=540"},{"taxonomy":"post_tag","embeddable":true,"href":"https:\/\/www.hsu-hh.de\/or\/wp-json\/wp\/v2\/tags?post=540"}],"curies":[{"name":"wp","href":"https:\/\/api.w.org\/{rel}","templated":true}]}}