{"id":2266,"date":"2025-04-03T11:52:57","date_gmt":"2025-04-03T09:52:57","guid":{"rendered":"https:\/\/www.hsu-hh.de\/or\/?page_id=2266"},"modified":"2025-04-03T13:21:58","modified_gmt":"2025-04-03T11:21:58","slug":"udomyat","status":"publish","type":"page","link":"https:\/\/www.hsu-hh.de\/or\/udomyat","title":{"rendered":"Wachiraya Udomyat, M.Sc."},"content":{"rendered":"\n<h2 class=\"wp-block-heading\">Wissenschaftliche Mitarbeiterin<\/h2>\n\n\n\n<div class=\"wp-block-media-text alignwide has-media-on-the-right is-stacked-on-mobile\" style=\"grid-template-columns:auto 19%\"><div class=\"wp-block-media-text__content\">\n<div class=\"wp-block-columns is-layout-flex wp-container-core-columns-is-layout-9d6595d7 wp-block-columns-is-layout-flex\">\n<div class=\"wp-block-column is-layout-flow wp-block-column-is-layout-flow\" style=\"flex-basis:33.33%\">\n<p>E-Mail:<br>  <br>Adresse: <br><br><br>Sprechzeiten: <\/p>\n<\/div>\n\n\n\n<div class=\"wp-block-column is-layout-flow wp-block-column-is-layout-flow\" style=\"flex-basis:66.66%\">\n<p><a href=\"mailto:wachiraya.udomyat@hsu-hh.de\" rel='nofollow'>wachiraya.udomyat@hsu-hh.de<br><\/a><br>Holstenhofweg 85, 22043 Hamburg <br>Geb\u00e4ude H1, Raum 2220<br><br>flexibel, nach vorheriger Vereinbarung<\/p>\n<\/div>\n<\/div>\n<\/div><figure class=\"wp-block-media-text__media\"><img decoding=\"async\" src=\"https:\/\/www.hsu-hh.de\/or\/wp-content\/uploads\/sites\/661\/2025\/04\/Wachiraya-Udomyat.jpg\" data-credit=\"Finn Meissner\" alt=\"Wachiraya Udomyat\" class=\"wp-image-753 size-full\" \/><\/figure><\/div>\n\n\n\n<h2 class=\"wp-block-heading\">Kurzvita<\/h2>\n\n\n\n<p>Wachiraya Udomyat studierte von 2018 bis 2024 Logistik und Mobilit\u00e4t (B.Sc.) sowie Logistik, Infrastruktur und Mobilit\u00e4t (<abbr title=\"Master of Science\">M.Sc.<\/abbr>) an der Technischen Universit\u00e4t Hamburg. Ihre Studienschwerpunkt lag im Bereich Operations Research.\nSeit April 2025 ist sie wissenschaftliche Mitarbeiterin an der Professur f\u00fcr Betriebswirtschaftslehre, insbesondere Management Science und Operations Research, unter der Leitung von <abbr title=\"Professor\">Prof.<\/abbr> <abbr title=\"Doktor\">Dr.<\/abbr> Florian Jaehn an der Helmut-Schmidt-Universit\u00e4t.<\/p>\n","protected":false},"excerpt":{"rendered":"<p>Wissenschaftliche Mitarbeiterin Kurzvita Wachiraya Udomyat studierte von 2018 bis 2024 Logistik und Mobilit\u00e4t (B.Sc.) sowie Logistik, Infrastruktur und Mobilit\u00e4t (M.Sc.) an der Technischen Universit\u00e4t Hamburg. Ihre Studienschwerpunkt lag im Bereich [&hellip;]<\/p>\n","protected":false},"author":694,"featured_media":0,"parent":0,"menu_order":0,"comment_status":"closed","ping_status":"closed","template":"","meta":{"footnotes":""},"categories":[8],"tags":[],"class_list":["post-2266","page","type-page","status-publish","hentry","category-team"],"_links":{"self":[{"href":"https:\/\/www.hsu-hh.de\/or\/wp-json\/wp\/v2\/pages\/2266","targetHints":{"allow":["GET"]}}],"collection":[{"href":"https:\/\/www.hsu-hh.de\/or\/wp-json\/wp\/v2\/pages"}],"about":[{"href":"https:\/\/www.hsu-hh.de\/or\/wp-json\/wp\/v2\/types\/page"}],"author":[{"embeddable":true,"href":"https:\/\/www.hsu-hh.de\/or\/wp-json\/wp\/v2\/users\/694"}],"replies":[{"embeddable":true,"href":"https:\/\/www.hsu-hh.de\/or\/wp-json\/wp\/v2\/comments?post=2266"}],"version-history":[{"count":8,"href":"https:\/\/www.hsu-hh.de\/or\/wp-json\/wp\/v2\/pages\/2266\/revisions"}],"predecessor-version":[{"id":2321,"href":"https:\/\/www.hsu-hh.de\/or\/wp-json\/wp\/v2\/pages\/2266\/revisions\/2321"}],"wp:attachment":[{"href":"https:\/\/www.hsu-hh.de\/or\/wp-json\/wp\/v2\/media?parent=2266"}],"wp:term":[{"taxonomy":"category","embeddable":true,"href":"https:\/\/www.hsu-hh.de\/or\/wp-json\/wp\/v2\/categories?post=2266"},{"taxonomy":"post_tag","embeddable":true,"href":"https:\/\/www.hsu-hh.de\/or\/wp-json\/wp\/v2\/tags?post=2266"}],"curies":[{"name":"wp","href":"https:\/\/api.w.org\/{rel}","templated":true}]}}