{"id":2096,"date":"2024-06-28T14:23:10","date_gmt":"2024-06-28T12:23:10","guid":{"rendered":"https:\/\/www.hsu-hh.de\/or\/?page_id=2096"},"modified":"2025-04-03T13:20:09","modified_gmt":"2025-04-03T11:20:09","slug":"julius-hardt-m-sc","status":"publish","type":"page","link":"https:\/\/www.hsu-hh.de\/or\/julius-hardt-m-sc","title":{"rendered":"Julius Hardt, M.Sc."},"content":{"rendered":"\n<h2 class=\"wp-block-heading\">Wissenschaftlicher Mitarbeiter<\/h2>\n\n\n\n<div class=\"wp-block-media-text has-media-on-the-right is-stacked-on-mobile\" style=\"grid-template-columns:auto 18%\"><div class=\"wp-block-media-text__content\">\n<p>Telefon: +49 40 65 41 3585<\/p>\n\n\n\n<p><br>Email: <a href=\"https:\/\/www.hsu-hh.de\/or\/julius-hardt-m-sc\" data-type=\"page\" data-id=\"2096\">julius.hardt@hsu-hh.de<br><\/a><\/p>\n\n\n\n<p>Geb\u00e4ude H1, Raum 2221<\/p>\n<\/div><figure class=\"wp-block-media-text__media\"><img loading=\"lazy\" decoding=\"async\" width=\"768\" height=\"1024\" src=\"https:\/\/www.hsu-hh.de\/or\/wp-content\/uploads\/sites\/661\/2024\/06\/DSC07118-Kopie_cr-768x1024.jpg\" data-credit=\"Jaehn\" alt=\"Julius\" class=\"wp-image-2050 size-full\" srcset=\"https:\/\/www.hsu-hh.de\/or\/wp-content\/uploads\/sites\/661\/2024\/06\/DSC07118-Kopie_cr-768x1024.jpg 768w, https:\/\/www.hsu-hh.de\/or\/wp-content\/uploads\/sites\/661\/2024\/06\/DSC07118-Kopie_cr-225x300.jpg 225w, https:\/\/www.hsu-hh.de\/or\/wp-content\/uploads\/sites\/661\/2024\/06\/DSC07118-Kopie_cr-1152x1536.jpg 1152w, https:\/\/www.hsu-hh.de\/or\/wp-content\/uploads\/sites\/661\/2024\/06\/DSC07118-Kopie_cr-1536x2048.jpg 1536w, https:\/\/www.hsu-hh.de\/or\/wp-content\/uploads\/sites\/661\/2024\/06\/DSC07118-Kopie_cr-1100x1467.jpg 1100w, https:\/\/www.hsu-hh.de\/or\/wp-content\/uploads\/sites\/661\/2024\/06\/DSC07118-Kopie_cr.jpg 1655w\" sizes=\"auto, (max-width: 768px) 100vw, 768px\" \/><\/figure><\/div>\n\n\n\n<p>Seinen Bachelor of Science in Mathematik schloss Julius Hardt Anfang 2022 an der Technischen Universit\u00e4t Dortmund ab. Im gleichen Jahr absolvierte er an der gleichen Universit\u00e4t den Bachelor of Science f\u00fcr Lehramt an Gymnasien und Gesamtschulen mit F\u00e4chern Mathematik und Physik, bevor er 2024 den Master of Science in Mathematik ebenfalls an der Technischen Universit\u00e4t Dortmund abschloss.<br><br>Seit April 2024 ist Julius Hardt Teil der Professur von <abbr title=\"Professor\">Prof.<\/abbr> <abbr title=\"Doktor\">Dr.<\/abbr> Florian Jaehn an der Helmut-Schmidt-Universit\u00e4t.<br><br>Er besch\u00e4ftigt sich in der Forschung haupts\u00e4chlich mit Themen der Ablaufplanung. Besondere Beachtung finden dabei positionsabh\u00e4ngige Wartungsma\u00dfnahmen in der Maschinenbelegungsplanung.<\/p>\n","protected":false},"excerpt":{"rendered":"<p>Wissenschaftlicher Mitarbeiter Telefon: +49 40 65 41 3585 Email: julius.hardt@hsu-hh.de Geb\u00e4ude H1, Raum 2221 Seinen Bachelor of Science in Mathematik schloss Julius Hardt Anfang 2022 an der Technischen Universit\u00e4t Dortmund [&hellip;]<\/p>\n","protected":false},"author":42,"featured_media":0,"parent":0,"menu_order":0,"comment_status":"closed","ping_status":"closed","template":"","meta":{"footnotes":""},"categories":[8],"tags":[],"class_list":["post-2096","page","type-page","status-publish","hentry","category-team"],"_links":{"self":[{"href":"https:\/\/www.hsu-hh.de\/or\/wp-json\/wp\/v2\/pages\/2096","targetHints":{"allow":["GET"]}}],"collection":[{"href":"https:\/\/www.hsu-hh.de\/or\/wp-json\/wp\/v2\/pages"}],"about":[{"href":"https:\/\/www.hsu-hh.de\/or\/wp-json\/wp\/v2\/types\/page"}],"author":[{"embeddable":true,"href":"https:\/\/www.hsu-hh.de\/or\/wp-json\/wp\/v2\/users\/42"}],"replies":[{"embeddable":true,"href":"https:\/\/www.hsu-hh.de\/or\/wp-json\/wp\/v2\/comments?post=2096"}],"version-history":[{"count":4,"href":"https:\/\/www.hsu-hh.de\/or\/wp-json\/wp\/v2\/pages\/2096\/revisions"}],"predecessor-version":[{"id":2319,"href":"https:\/\/www.hsu-hh.de\/or\/wp-json\/wp\/v2\/pages\/2096\/revisions\/2319"}],"wp:attachment":[{"href":"https:\/\/www.hsu-hh.de\/or\/wp-json\/wp\/v2\/media?parent=2096"}],"wp:term":[{"taxonomy":"category","embeddable":true,"href":"https:\/\/www.hsu-hh.de\/or\/wp-json\/wp\/v2\/categories?post=2096"},{"taxonomy":"post_tag","embeddable":true,"href":"https:\/\/www.hsu-hh.de\/or\/wp-json\/wp\/v2\/tags?post=2096"}],"curies":[{"name":"wp","href":"https:\/\/api.w.org\/{rel}","templated":true}]}}