{"id":2065,"date":"2024-06-18T14:17:34","date_gmt":"2024-06-18T12:17:34","guid":{"rendered":"https:\/\/www.hsu-hh.de\/or\/?page_id=2065"},"modified":"2024-10-10T14:55:55","modified_gmt":"2024-10-10T12:55:55","slug":"david-fischer-m-sc","status":"publish","type":"page","link":"https:\/\/www.hsu-hh.de\/or\/david-fischer-m-sc","title":{"rendered":"David Fischer, M.Sc."},"content":{"rendered":"\n<div class=\"wp-block-columns is-layout-flex wp-container-core-columns-is-layout-9d6595d7 wp-block-columns-is-layout-flex\">\n<div class=\"wp-block-column is-layout-flow wp-block-column-is-layout-flow\">\n<p><\/p>\n\n\n\n<p>Telefon: <\/p>\n\n\n\n<p>E-Mail: <\/p>\n\n\n\n<p>Adresse:<\/p>\n\n\n\n<p><\/p>\n\n\n\n<p><\/p>\n\n\n\n<p><\/p>\n<\/div>\n\n\n\n<div class=\"wp-block-column is-layout-flow wp-block-column-is-layout-flow\">\n<p><\/p>\n\n\n\n<p>+49 40 6541 35 85<\/p>\n\n\n\n<p><a href=\"mailto:fischerd@hsu-hh.de\" rel='nofollow'>fischerd@hsu-hh.de<\/a><\/p>\n\n\n\n<p>Holstenhofweg 85<br>22043 Hamburg<br>Geb\u00e4ude H1, Raum 2221<\/p>\n\n\n\n<p>Sprechzeiten nach Vereinbarung<\/p>\n<\/div>\n\n\n\n<div class=\"wp-block-column is-layout-flow wp-block-column-is-layout-flow\">\n<figure class=\"wp-block-image size-full\"><img loading=\"lazy\" decoding=\"async\" width=\"640\" height=\"640\" src=\"https:\/\/www.hsu-hh.de\/or\/wp-content\/uploads\/sites\/661\/2024\/06\/David-Fischer.jpg\" data-credit=\"HSU\" alt=\"David Fischer\" class=\"wp-image-2066\" srcset=\"https:\/\/www.hsu-hh.de\/or\/wp-content\/uploads\/sites\/661\/2024\/06\/David-Fischer.jpg 640w, https:\/\/www.hsu-hh.de\/or\/wp-content\/uploads\/sites\/661\/2024\/06\/David-Fischer-300x300.jpg 300w, https:\/\/www.hsu-hh.de\/or\/wp-content\/uploads\/sites\/661\/2024\/06\/David-Fischer-150x150.jpg 150w, https:\/\/www.hsu-hh.de\/or\/wp-content\/uploads\/sites\/661\/2024\/06\/David-Fischer-100x100.jpg 100w\" sizes=\"auto, (max-width: 640px) 100vw, 640px\" \/><\/figure>\n<\/div>\n<\/div>\n\n\n\n<p><strong>Kurzvita:<\/strong><\/p>\n\n\n\n<p>David Fischer studierte von 2014 bis 2021 Informatik an der Universit\u00e4t W\u00fcrzburg, wo er 2021 seinen Master mit einer Spezialisierung in Algorithmik und Theorie abschloss. In den Jahren 2021 &#8211; 2023 war er als wissenschaftlicher Mitarbeiter an der Technischen Universit\u00e4t Hamburg, 2023 &#8211; 2024 an der Universit\u00e4t Kiel t\u00e4tig. Seit Juni 2024 ist er wissenschaftlicher Mitarbeiter am Lehrstuhl f\u00fcr Management Science und Operations Research an der <abbr title=\"Helmut Schmidt Universit\u00e4t\">HSU<\/abbr>. Sein Forschungsinteresse liegt besonders bei Themen der Ablaufplanung, speziell Approximationsalgorithmen f\u00fcr Ablaufplanungsprobleme, sowie diskreter Optimierung.<\/p>\n\n\n\n<p>Ver\u00f6ffentlichungen:<\/p>\n\n\n\n<p>David Fischer, P\u00e9ter Gy\u00f6rgyi: Approximation algorithms for coupled task scheduling minimizing the sum of completion times. Ann. Oper. Res. 328(2): 1387-1408 (2023)<\/p>\n","protected":false},"excerpt":{"rendered":"<p>Telefon: E-Mail: Adresse: +49 40 6541 35 85 fischerd@hsu-hh.de Holstenhofweg 8522043 HamburgGeb\u00e4ude H1, Raum 2221 Sprechzeiten nach Vereinbarung Kurzvita: David Fischer studierte von 2014 bis 2021 Informatik an der Universit\u00e4t [&hellip;]<\/p>\n","protected":false},"author":42,"featured_media":0,"parent":0,"menu_order":0,"comment_status":"closed","ping_status":"closed","template":"","meta":{"footnotes":""},"categories":[8],"tags":[],"class_list":["post-2065","page","type-page","status-publish","hentry","category-team"],"_links":{"self":[{"href":"https:\/\/www.hsu-hh.de\/or\/wp-json\/wp\/v2\/pages\/2065","targetHints":{"allow":["GET"]}}],"collection":[{"href":"https:\/\/www.hsu-hh.de\/or\/wp-json\/wp\/v2\/pages"}],"about":[{"href":"https:\/\/www.hsu-hh.de\/or\/wp-json\/wp\/v2\/types\/page"}],"author":[{"embeddable":true,"href":"https:\/\/www.hsu-hh.de\/or\/wp-json\/wp\/v2\/users\/42"}],"replies":[{"embeddable":true,"href":"https:\/\/www.hsu-hh.de\/or\/wp-json\/wp\/v2\/comments?post=2065"}],"version-history":[{"count":7,"href":"https:\/\/www.hsu-hh.de\/or\/wp-json\/wp\/v2\/pages\/2065\/revisions"}],"predecessor-version":[{"id":2143,"href":"https:\/\/www.hsu-hh.de\/or\/wp-json\/wp\/v2\/pages\/2065\/revisions\/2143"}],"wp:attachment":[{"href":"https:\/\/www.hsu-hh.de\/or\/wp-json\/wp\/v2\/media?parent=2065"}],"wp:term":[{"taxonomy":"category","embeddable":true,"href":"https:\/\/www.hsu-hh.de\/or\/wp-json\/wp\/v2\/categories?post=2065"},{"taxonomy":"post_tag","embeddable":true,"href":"https:\/\/www.hsu-hh.de\/or\/wp-json\/wp\/v2\/tags?post=2065"}],"curies":[{"name":"wp","href":"https:\/\/api.w.org\/{rel}","templated":true}]}}