{"id":103,"date":"2017-10-26T15:43:52","date_gmt":"2017-10-26T13:43:52","guid":{"rendered":"https:\/\/www.hsu-hh.de\/or\/?page_id=103"},"modified":"2024-08-28T11:40:58","modified_gmt":"2024-08-28T09:40:58","slug":"forschung","status":"publish","type":"page","link":"https:\/\/www.hsu-hh.de\/or\/forschung","title":{"rendered":"Forschung"},"content":{"rendered":"\n<div class=\"wp-block-columns is-layout-flex wp-container-core-columns-is-layout-9d6595d7 wp-block-columns-is-layout-flex\">\n<div class=\"wp-block-column is-vertically-aligned-center is-layout-flow wp-block-column-is-layout-flow\" style=\"flex-basis:66.66%\">\n<h2 class=\"wp-block-heading\">Zustandsabh\u00e4ngige Wartungsma\u00dfnahmen in der Ablaufplanung<\/h2>\n\n\n\n<p>Die Ablaufplanung besch\u00e4ftigt sich als Teil des Operations Research mit der Zuordnung von begrenzten Ressourcen (<abbr title=\"zum Beispiel\">z.B.<\/abbr> Personal, Maschinen, <abbr title=\"et cetera\">etc.<\/abbr>) auf eine zu bearbeitende Zahl an Auftr\u00e4gen \u00fcber einen definierten Zeitraum unter Ber\u00fccksichtigung eines vorgegebenen Ziels und bestimmter Restriktionen. In der Regel werden hierbei Ressourcen als Maschinen und Auftr\u00e4ge als Jobs bezeichnet. <br><br>Derzeit besch\u00e4ftigen wir uns mit Problemen, bei denen die Maschinen nicht uneingeschr\u00e4nkt zur Verf\u00fcgung stehen, sondern sich abnutzen und so Wartungsma\u00dfnahmen ben\u00f6tigen, um wieder ihren origin\u00e4ren Zustand herzustellen. Die Abnutzung der Maschinen orientiert sich prim\u00e4r an der Anzahl der bearbeiteten Jobs und nicht, wie klassischerweise angenommen, an der Zeit als Dimension der Abnutzung. Unter Ber\u00fccksichtigung verschiedener Aspekte untersuchen wir, wie sich diese Ablaufplanungsprobleme hinsichtlich ihrer L\u00f6sungskomplexit\u00e4t verhalten, um so Strategien f\u00fcr praxisnahe Anwendungsf\u00e4lle abzuleiten.<br><br> Ansprechpartner: <a href=\"https:\/\/www.hsu-hh.de\/or\/julius-hardt-m-sc\" data-type=\"page\" data-id=\"2096\">Julius Hardt<\/a>, <a href=\"https:\/\/www.hsu-hh.de\/or\/hipp\" data-type=\"page\" data-id=\"797\" target=\"_blank\" rel=\"noreferrer noopener\"><abbr title=\"Doktor\">Dr.<\/abbr> Andreas Hipp<\/a><\/p>\n<\/div>\n\n\n\n<div class=\"wp-block-column is-vertically-aligned-center is-layout-flow wp-block-column-is-layout-flow\" style=\"flex-basis:33.33%\"><div class=\"wp-block-image\">\n<figure class=\"alignleft size-full is-resized\"><img loading=\"lazy\" decoding=\"async\" width=\"800\" height=\"260\" src=\"https:\/\/www.hsu-hh.de\/or\/wp-content\/uploads\/sites\/661\/2021\/11\/dfg_logo_schriftzug_blau_foerderung_en.gif\" data-credit=\"DFG\" alt=\"DFG\" class=\"wp-image-1051\" style=\"width:250px;height:81px\" \/><\/figure>\n<\/div>\n\n<div class=\"wp-block-image\">\n<figure class=\"alignleft size-full\"><img loading=\"lazy\" decoding=\"async\" width=\"877\" height=\"690\" src=\"https:\/\/www.hsu-hh.de\/or\/wp-content\/uploads\/sites\/661\/2021\/12\/Gantt-Charts.png\" data-credit=\"Andreas Hipp\" alt=\"Gantt-Charts\" class=\"wp-image-1270\" srcset=\"https:\/\/www.hsu-hh.de\/or\/wp-content\/uploads\/sites\/661\/2021\/12\/Gantt-Charts.png 877w, https:\/\/www.hsu-hh.de\/or\/wp-content\/uploads\/sites\/661\/2021\/12\/Gantt-Charts-300x236.png 300w, https:\/\/www.hsu-hh.de\/or\/wp-content\/uploads\/sites\/661\/2021\/12\/Gantt-Charts-768x604.png 768w\" sizes=\"auto, (max-width: 877px) 100vw, 877px\" \/><\/figure>\n<\/div><\/div>\n<\/div>\n\n\n\n<div class=\"wp-block-columns is-layout-flex wp-container-core-columns-is-layout-9d6595d7 wp-block-columns-is-layout-flex\">\n<div class=\"wp-block-column is-vertically-aligned-bottom is-layout-flow wp-block-column-is-layout-flow\" style=\"flex-basis:33.33%\">\n<figure class=\"wp-block-image size-large\"><img loading=\"lazy\" decoding=\"async\" width=\"1024\" height=\"768\" src=\"https:\/\/www.hsu-hh.de\/or\/wp-content\/uploads\/sites\/661\/2021\/12\/AdobeStock_239158691-1024x768.jpeg\" data-credit=\"Pawinee - stock.adobe.com\" alt=\"Ro-ro ship\" class=\"wp-image-1160\" srcset=\"https:\/\/www.hsu-hh.de\/or\/wp-content\/uploads\/sites\/661\/2021\/12\/AdobeStock_239158691-1024x768.jpeg 1024w, https:\/\/www.hsu-hh.de\/or\/wp-content\/uploads\/sites\/661\/2021\/12\/AdobeStock_239158691-300x225.jpeg 300w, https:\/\/www.hsu-hh.de\/or\/wp-content\/uploads\/sites\/661\/2021\/12\/AdobeStock_239158691-768x576.jpeg 768w, https:\/\/www.hsu-hh.de\/or\/wp-content\/uploads\/sites\/661\/2021\/12\/AdobeStock_239158691-1536x1151.jpeg 1536w, https:\/\/www.hsu-hh.de\/or\/wp-content\/uploads\/sites\/661\/2021\/12\/AdobeStock_239158691-2048x1535.jpeg 2048w, https:\/\/www.hsu-hh.de\/or\/wp-content\/uploads\/sites\/661\/2021\/12\/AdobeStock_239158691-1100x825.jpeg 1100w\" sizes=\"auto, (max-width: 1024px) 100vw, 1024px\" \/><\/figure>\n<\/div>\n\n\n\n<div class=\"wp-block-column is-vertically-aligned-center is-layout-flow wp-block-column-is-layout-flow\" style=\"flex-basis:66.66%\">\n<h2 class=\"wp-block-heading\">Terminals f\u00fcr Automobilumschlag <\/h2>\n\n\n\n<p>Zwischen Terminals f\u00fcr Automobilumschlag werden mit Roll-on-\/Roll-off-Schiffen (RoRo-Schiffen) Autos transportiert, um sie auf dem globalen Markt zu verkaufen. Aufgrund der hohen operativen Kosten f\u00fcr RoRo-Schiffe sind die Liegezeiten eng terminiert und die Terminals gezwungen, das Personal f\u00fcr die Ent- und Beladevorg\u00e4nge effizient zu planen. <br><br>Auf Grundlage einer Case Study werden im Rahmen dieses Forschungsprojekts die Herausforderungen bei der Personaleinsatzplanung f\u00fcr die Ent- und Beladevorg\u00e4nge genauer betrachtet.<br><br> Ansprechpartner: <a href=\"https:\/\/www.hsu-hh.de\/or\/wiedra\" data-type=\"page\" data-id=\"782\" target=\"_blank\" rel=\"noreferrer noopener\">Hptm Frank Wiedra<\/a><\/p>\n<\/div>\n<\/div>\n\n\n\n<div class=\"wp-block-columns is-layout-flex wp-container-core-columns-is-layout-9d6595d7 wp-block-columns-is-layout-flex\">\n<div class=\"wp-block-column is-vertically-aligned-center is-layout-flow wp-block-column-is-layout-flow\" style=\"flex-basis:66.66%\">\n<h2 class=\"wp-block-heading\">Der Boardingprozess bei Passagierflugzeugen<\/h2>\n\n\n\n<p>Das Boarding von Passagierflugzeugen stellt einen Prozess dar, der sich \u00fcblicherweise auf dem kritischen Pfad des Flugzeug-Turnarounds befindet, weshalb allein wenige Minuten Einsparung pro Flug zu immensen Kostenreduktionen f\u00fchren k\u00f6nnen.<br>Ziel unserer Forschung ist es, sowohl \u00fcber die Anwendung analytischer Modelle und Methoden als auch durch die Auswertung selbst erhobener realer Daten Einflussfaktoren auf die Boardingzeit zu bestimmen sowie zu analysieren, welche Eigenschaften optimale Boardingstrategien aufweisen. Auf Basis der Ergebnisse k\u00f6nnen anwendbare effiziente Boardingstrategien abgeleitet werden.<br>In einem <a href=\"https:\/\/www.hsu-hh.de\/boarding-von-flugzeugen-was-flugpassagiere-wirklich-wollen\" target=\"_blank\" rel=\"noreferrer noopener\">aktuellen Forschungsprojekt<\/a> wurden Pr\u00e4ferenzen von Passagieren ermittelt und mit Hilfe analytischer Modelle Boardingstrategien entwickelt, die sowohl die Boardingzeit minimieren als auch die Kundenpr\u00e4ferenzen ber\u00fccksichtigen.<br><br>Ansprechpartner: <a href=\"https:\/\/www.hsu-hh.de\/or\/meissner\" data-type=\"page\" data-id=\"784\" target=\"_blank\" rel=\"noreferrer noopener\"><abbr title=\"Doktor\">Dr.<\/abbr> Finn Meissner<\/a><\/p>\n<\/div>\n\n\n\n<div class=\"wp-block-column is-vertically-aligned-center is-layout-flow wp-block-column-is-layout-flow\" style=\"flex-basis:33.33%\"><div class=\"wp-block-image\">\n<figure class=\"alignleft size-full is-resized\"><img loading=\"lazy\" decoding=\"async\" width=\"800\" height=\"260\" src=\"https:\/\/www.hsu-hh.de\/or\/wp-content\/uploads\/sites\/661\/2021\/11\/dfg_logo_schriftzug_blau_foerderung_en.gif\" data-credit=\"DFG\" alt=\"DFG\" class=\"wp-image-1051\" style=\"width:250px;height:81px\" \/><\/figure>\n<\/div>\n\n\n<figure class=\"wp-block-image size-large\"><img loading=\"lazy\" decoding=\"async\" width=\"1024\" height=\"683\" src=\"https:\/\/www.hsu-hh.de\/or\/wp-content\/uploads\/sites\/661\/2021\/11\/AdobeStock_159999128-1-1024x683.jpeg\" data-credit=\"kadosafia - stock.adobe.com\" alt=\"Airplane Boarding\" class=\"wp-image-1010\" srcset=\"https:\/\/www.hsu-hh.de\/or\/wp-content\/uploads\/sites\/661\/2021\/11\/AdobeStock_159999128-1-1024x683.jpeg 1024w, https:\/\/www.hsu-hh.de\/or\/wp-content\/uploads\/sites\/661\/2021\/11\/AdobeStock_159999128-1-300x200.jpeg 300w, https:\/\/www.hsu-hh.de\/or\/wp-content\/uploads\/sites\/661\/2021\/11\/AdobeStock_159999128-1-768x512.jpeg 768w, https:\/\/www.hsu-hh.de\/or\/wp-content\/uploads\/sites\/661\/2021\/11\/AdobeStock_159999128-1-1536x1024.jpeg 1536w, https:\/\/www.hsu-hh.de\/or\/wp-content\/uploads\/sites\/661\/2021\/11\/AdobeStock_159999128-1-2048x1365.jpeg 2048w, https:\/\/www.hsu-hh.de\/or\/wp-content\/uploads\/sites\/661\/2021\/11\/AdobeStock_159999128-1-1100x733.jpeg 1100w\" sizes=\"auto, (max-width: 1024px) 100vw, 1024px\" \/><\/figure>\n<\/div>\n<\/div>\n\n\n\n<div class=\"wp-block-columns is-layout-flex wp-container-core-columns-is-layout-9d6595d7 wp-block-columns-is-layout-flex\">\n<div class=\"wp-block-column is-vertically-aligned-center is-layout-flow wp-block-column-is-layout-flow\" style=\"flex-basis:33.33%\">\n<figure class=\"wp-block-image size-large is-resized\"><a href=\"https:\/\/dtecbw.de\/home\" target=\"_blank\" rel=\"noopener\"><img loading=\"lazy\" decoding=\"async\" width=\"1024\" height=\"313\" src=\"https:\/\/www.hsu-hh.de\/or\/wp-content\/uploads\/sites\/661\/2021\/12\/dtec.bw_Logo_RGB_komplett-1024x313.jpg\" data-credit=\"DTEC\" alt=\"dtec Logo\" class=\"wp-image-1393\" style=\"width:220px;height:67px\" srcset=\"https:\/\/www.hsu-hh.de\/or\/wp-content\/uploads\/sites\/661\/2021\/12\/dtec.bw_Logo_RGB_komplett-1024x313.jpg 1024w, https:\/\/www.hsu-hh.de\/or\/wp-content\/uploads\/sites\/661\/2021\/12\/dtec.bw_Logo_RGB_komplett-300x92.jpg 300w, https:\/\/www.hsu-hh.de\/or\/wp-content\/uploads\/sites\/661\/2021\/12\/dtec.bw_Logo_RGB_komplett-768x235.jpg 768w, https:\/\/www.hsu-hh.de\/or\/wp-content\/uploads\/sites\/661\/2021\/12\/dtec.bw_Logo_RGB_komplett-1536x469.jpg 1536w, https:\/\/www.hsu-hh.de\/or\/wp-content\/uploads\/sites\/661\/2021\/12\/dtec.bw_Logo_RGB_komplett-1100x336.jpg 1100w, https:\/\/www.hsu-hh.de\/or\/wp-content\/uploads\/sites\/661\/2021\/12\/dtec.bw_Logo_RGB_komplett.jpg 1944w\" sizes=\"auto, (max-width: 1024px) 100vw, 1024px\" \/><\/a><\/figure>\n\n\n\n<div style=\"height:30px\" aria-hidden=\"true\" class=\"wp-block-spacer\"><\/div>\n\n\n\n<figure class=\"wp-block-image size-large\"><img loading=\"lazy\" decoding=\"async\" width=\"1024\" height=\"683\" src=\"https:\/\/www.hsu-hh.de\/or\/wp-content\/uploads\/sites\/661\/2021\/12\/Herobild-Multishuttle-1024x683.jpg\" data-credit=\"Dematic GmbH (Multishuttle)\" alt=\"Multishuttle-Lager Dematic\" class=\"wp-image-1381\" srcset=\"https:\/\/www.hsu-hh.de\/or\/wp-content\/uploads\/sites\/661\/2021\/12\/Herobild-Multishuttle-1024x683.jpg 1024w, https:\/\/www.hsu-hh.de\/or\/wp-content\/uploads\/sites\/661\/2021\/12\/Herobild-Multishuttle-300x200.jpg 300w, https:\/\/www.hsu-hh.de\/or\/wp-content\/uploads\/sites\/661\/2021\/12\/Herobild-Multishuttle-768x513.jpg 768w, https:\/\/www.hsu-hh.de\/or\/wp-content\/uploads\/sites\/661\/2021\/12\/Herobild-Multishuttle-1536x1025.jpg 1536w, https:\/\/www.hsu-hh.de\/or\/wp-content\/uploads\/sites\/661\/2021\/12\/Herobild-Multishuttle-2048x1367.jpg 2048w, https:\/\/www.hsu-hh.de\/or\/wp-content\/uploads\/sites\/661\/2021\/12\/Herobild-Multishuttle-1100x734.jpg 1100w\" sizes=\"auto, (max-width: 1024px) 100vw, 1024px\" \/><\/figure>\n<\/div>\n\n\n\n<div class=\"wp-block-column is-vertically-aligned-center is-layout-flow wp-block-column-is-layout-flow\" style=\"flex-basis:66.66%\">\n<h2 class=\"wp-block-heading\">Ein- und Auslagerungsstrategien f\u00fcr Kompaktlager<\/h2>\n\n\n\n<p>Die Raumknappheit in den St\u00e4dten und der wachsende Onlinehandel mit seinen immer k\u00fcrzeren Lieferzeiten stellen die Logistik vor neue Herausforderungen. Ein neuer Lagertyp mit sowohl hohem Raumnutzungsgrad als auch schnellen Zugriffszeiten soll hierbei Abhilfe schaffen.<\/p>\n\n\n\n<p>Ziel unserer Forschung ist es, den neuartigen Lagertyp zu erfassen und in die bestehende Forschung zu Lagertypen einzugliedern. Zu diesem Zweck sollen relevante Problemstellungen identifiziert und analysiert werden.<\/p>\n\n\n\n<p>In einem aktuellen <a rel=\"noreferrer noopener\" href=\"https:\/\/dtecbw.de\/home\/forschung\/hsu\/projekt-aulokomp\" data-type=\"URL\" data-id=\"https:\/\/dtecbw.de\/home\/forschung\/hsu\/projekt-aulokomp\" target=\"_blank\">Forschungsprojekt<\/a> wird gemeinsam mit der <a rel=\"noreferrer noopener\" href=\"https:\/\/www.hsu-hh.de\/log\/\" target=\"_blank\">Professur Technologie von Logistiksystemen<\/a> und einem Praxispartner ein Kompaktlagersystem entwickelt. Die aus dem Lagertyp abgeleiteten Problembeschreibungen werden auf ihre Eigenschaften untersucht. Unter Ber\u00fccksichtigung zentraler Leistungskennzahlen \u2013 <abbr title=\"zum Beispiel\">z.B.<\/abbr> Durchsatz, Energieverbrauch \u2013 werden Ein- und Auslagerungsstrategien entwickelt, deren Evaluation erfolgt sowohl am Modell sowie am realen System.<\/p>\n\n\n\n<p>Ansprechpartner: <a href=\"https:\/\/www.hsu-hh.de\/or\/fauve\" target=\"_blank\" rel=\"noreferrer noopener\">Nicolas Fauv\u00e9<\/a><\/p>\n<\/div>\n<\/div>\n\n\n\n<div class=\"wp-block-columns is-layout-flex wp-container-core-columns-is-layout-9d6595d7 wp-block-columns-is-layout-flex\">\n<div class=\"wp-block-column is-vertically-aligned-center is-layout-flow wp-block-column-is-layout-flow\" style=\"flex-basis:66.66%\">\n<h2 class=\"wp-block-heading\">Rebound-Effekte in Transportnetzwerken<\/h2>\n\n\n\n<p>Manchmal erreichen Ma\u00dfnahmen zur Steigerung der Ressourceneffizienz nicht das erwartete Ausma\u00df, da ein Teil der Reduktion durch die Reaktion auf das ver\u00e4nderte Entscheidungsumfeld entf\u00e4llt. Dieser so genannte Rebound-Effekt wird in der Literatur des Energiesektors intensiv er\u00f6rtert, doch in der Logistik findet er kaum Beachtung. Unsere Forschung hat gezeigt, dass Rebound-Effekte auch in der Logistik auftreten. Die aktuelle Forschung befasst sich mit der genaueren Quantifizierung des Effekts sowie mit der Suche nach M\u00f6glichkeiten f\u00fcr Entscheidungstr\u00e4ger, dem Effekt entgegenzuwirken.<br><br>Ansprechpartner: <a href=\"https:\/\/www.bwl.uni-hamburg.de\/en\/nlms\/team\/finn-meissner.html\" data-type=\"page\" data-id=\"784\" target=\"_blank\" rel=\"noreferrer noopener\"><abbr title=\"Doktor\">Dr.<\/abbr> Finn Meissner<\/a><\/p>\n<\/div>\n\n\n\n<div class=\"wp-block-column is-vertically-aligned-bottom is-layout-flow wp-block-column-is-layout-flow\" style=\"flex-basis:33.33%\">\n<figure class=\"wp-block-image size-large\"><img loading=\"lazy\" decoding=\"async\" width=\"1024\" height=\"629\" src=\"https:\/\/www.hsu-hh.de\/or\/wp-content\/uploads\/sites\/661\/2021\/12\/AdobeStock_221667826-1024x629.jpeg\" data-credit=\"Lukas Gojda - stock.adobe.com\" alt=\"Truck\" class=\"wp-image-1382\" srcset=\"https:\/\/www.hsu-hh.de\/or\/wp-content\/uploads\/sites\/661\/2021\/12\/AdobeStock_221667826-1024x629.jpeg 1024w, https:\/\/www.hsu-hh.de\/or\/wp-content\/uploads\/sites\/661\/2021\/12\/AdobeStock_221667826-300x184.jpeg 300w, https:\/\/www.hsu-hh.de\/or\/wp-content\/uploads\/sites\/661\/2021\/12\/AdobeStock_221667826-768x472.jpeg 768w, https:\/\/www.hsu-hh.de\/or\/wp-content\/uploads\/sites\/661\/2021\/12\/AdobeStock_221667826-1536x944.jpeg 1536w, https:\/\/www.hsu-hh.de\/or\/wp-content\/uploads\/sites\/661\/2021\/12\/AdobeStock_221667826-2048x1259.jpeg 2048w, https:\/\/www.hsu-hh.de\/or\/wp-content\/uploads\/sites\/661\/2021\/12\/AdobeStock_221667826-1100x676.jpeg 1100w\" sizes=\"auto, (max-width: 1024px) 100vw, 1024px\" \/><\/figure>\n<\/div>\n<\/div>\n\n\n\n<h1 class=\"wp-block-heading\">Publikationen<\/h1>\n\n\n\n<p><a href=\"https:\/\/www.hsu-hh.de\/or\/jaehn\">Publikationen von Florian Jaehn<\/a><br><br><a rel=\"noreferrer noopener\" href=\"https:\/\/www.hsu-hh.de\/or\/hipp#hipp-publikationen\" target=\"_blank\">Publikationen von Andreas Hipp<\/a><br><br><a rel=\"noreferrer noopener\" href=\"https:\/\/www.hsu-hh.de\/or\/meissner#meissner-publikationen\" data-type=\"page\" target=\"_blank\">Publikationen von Finn Meissner<\/a><br><br><\/p>\n","protected":false},"excerpt":{"rendered":"<p>Zustandsabh\u00e4ngige Wartungsma\u00dfnahmen in der Ablaufplanung Die Ablaufplanung besch\u00e4ftigt sich als Teil des Operations Research mit der Zuordnung von begrenzten Ressourcen (z.B. Personal, Maschinen, etc.) auf eine zu bearbeitende Zahl an [&hellip;]<\/p>\n","protected":false},"author":42,"featured_media":0,"parent":0,"menu_order":0,"comment_status":"closed","ping_status":"closed","template":"","meta":{"footnotes":""},"categories":[4],"tags":[],"class_list":["post-103","page","type-page","status-publish","hentry","category-forschung"],"_links":{"self":[{"href":"https:\/\/www.hsu-hh.de\/or\/wp-json\/wp\/v2\/pages\/103","targetHints":{"allow":["GET"]}}],"collection":[{"href":"https:\/\/www.hsu-hh.de\/or\/wp-json\/wp\/v2\/pages"}],"about":[{"href":"https:\/\/www.hsu-hh.de\/or\/wp-json\/wp\/v2\/types\/page"}],"author":[{"embeddable":true,"href":"https:\/\/www.hsu-hh.de\/or\/wp-json\/wp\/v2\/users\/42"}],"replies":[{"embeddable":true,"href":"https:\/\/www.hsu-hh.de\/or\/wp-json\/wp\/v2\/comments?post=103"}],"version-history":[{"count":108,"href":"https:\/\/www.hsu-hh.de\/or\/wp-json\/wp\/v2\/pages\/103\/revisions"}],"predecessor-version":[{"id":2135,"href":"https:\/\/www.hsu-hh.de\/or\/wp-json\/wp\/v2\/pages\/103\/revisions\/2135"}],"wp:attachment":[{"href":"https:\/\/www.hsu-hh.de\/or\/wp-json\/wp\/v2\/media?parent=103"}],"wp:term":[{"taxonomy":"category","embeddable":true,"href":"https:\/\/www.hsu-hh.de\/or\/wp-json\/wp\/v2\/categories?post=103"},{"taxonomy":"post_tag","embeddable":true,"href":"https:\/\/www.hsu-hh.de\/or\/wp-json\/wp\/v2\/tags?post=103"}],"curies":[{"name":"wp","href":"https:\/\/api.w.org\/{rel}","templated":true}]}}