{"id":664,"date":"2019-10-08T16:34:07","date_gmt":"2019-10-08T14:34:07","guid":{"rendered":"https:\/\/www.hsu-hh.de\/opal\/?page_id=664"},"modified":"2026-03-23T15:06:21","modified_gmt":"2026-03-23T14:06:21","slug":"664-2","status":"publish","type":"page","link":"https:\/\/www.hsu-hh.de\/opal\/664-2\/","title":{"rendered":""},"content":{"rendered":"<p>Die W3 \u2013 Werkstatt f\u00fcr internationale Kultur und Politik e.V. &#8211;\u00a0 Themenreihe &#8222;arbeit global&#8220; geht in die zweite Runde und l\u00e4dt herzlichzu den beigef\u00fcgten Veranstaltungen ein.<\/p>\n<p>&nbsp;<\/p>\n<p>Das 3-j\u00e4hrige W3_Projekt arbeit global besch\u00e4ftigt sich mit dem Wandel aktueller Arbeitsbedingungen, globalisierten und digitalen Arbeitswelten sowie m\u00f6glichen Zukunftsentw\u00fcrfen. Dabei werden auch Formen von Arbeit jenseits von Lohnarbeit in den Blick genommen. Im zweiten Themenblock werfen wir den Blick auf transnational Arbeitsarrangements, beleuchten Zusammenh\u00e4nge zwischen Arbeit und Migration und diskutieren \u00fcber Arbeitsk\u00e4mpfe, die entlang internationaler Produktionslinien und globaler Sorge-Ketten gef\u00fchrt\u00a0werden.<\/p>\n<p>Das sind die Termine im Oktober:<\/p>\n<p><strong>\u00a0Mo 7. Oktober 2019, 19 Uhr, Eintritt frei<\/strong><\/p>\n<p><strong>\u00a0Red-Black Thread<\/strong><\/p>\n<p>Lecture Performance<\/p>\n<p>Mit Slavs and Tatars<\/p>\n<p>Ort: Kunsthaus Hamburg, Klosterwall 15, 20095 Hamburg<\/p>\n<p>in englischer Sprache ohne \u00dcbersetzung<\/p>\n<p>Red-Black Thread explores the construction of black identity not from the traditional Anglophone and Francophone worlds of the Atlantic but rather from the Russophone idiom of imperial Russia and the Soviet\u00a0Union. Commissioned by the Walker and Metropolitan Museums on the\u00a0occasion of the Siah Armajani retrospective &#8222;Follow This Line&#8220;,\u00a0Red-Black Thread looks at the experience of labor, race, and sexuality\u00a0from a shared Russian\/Soviet and African-American perspective to\u00a0better understand failed promises of conviviality and co-existence.<\/p>\n<p>Die Veranstaltung findet statt in Kooperation mit dem Kunsthaus\u00a0Hamburg im Rahmen der Ausstellung ,,hybrID&#8220;.<\/p>\n<p>+++ noch freie Pl\u00e4tze +++<\/p>\n<p>&nbsp;<\/p>\n<p><strong>\u00a0Sa 12. Oktober 2019, 15 Uhr<\/strong><\/p>\n<p>&nbsp;<\/p>\n<p><strong>\u00a0Migration und Entwicklung<\/strong><\/p>\n<p>Stadtrundgang<\/p>\n<p>Mit grenzg\u00e4nger e.V.<\/p>\n<p>Treffpunkt: Ausgang S-Bahn-Haltestelle Sternschanze (Richtung<\/p>\n<p>Messe\/Schlachthof\/Schanzenh\u00f6fe)<\/p>\n<p>Dauer: ca. 2 h<\/p>\n<p>Anmeldung unter: info@w3-hamburg.de &lt;mailto:info@w3-hamburg.de<\/p>\n<p>&nbsp;<\/p>\n<p>Migration findet statt. Oft wird diese Tatsache allerdings sehr\u00a0einseitig beleuchtet. Bei einem Rundgang\u00a0 durch das von Diversit\u00e4t\u00a0gepr\u00e4gte Schanzenviertel wollen wir uns mit den Bedingungen und\u00a0Auswirkungen von Migration in seiner Vielfalt auseinandersetzen. Dabei\u00a0sind die Begriffe Migration und Entwicklung eng miteinander verkn\u00fcpft.\u00a0\u00d6konomische und politische Entwicklungen auf globaler und lokaler\u00a0Ebene, migrantische Arbeitspl\u00e4tze und die Rolle von Diaspora\u00a0Communities werden auf dem Rundgang ebenso thematisiert, wie die Wege\u00a0die so manches Handy oder H\u00fchnerbein gehen.<\/p>\n<p>&nbsp;<\/p>\n<p><strong>\u00a0Di 22. Oktober 2019, 19 Uhr<\/strong><\/p>\n<p><strong>\u00a0Maximal ausgebeutet: Zwangsarbeit in Deutschland<\/strong><\/p>\n<p>&nbsp;<\/p>\n<p>Vortrag + Diskussion<\/p>\n<p>Mit Kordula Heineck &#8211; Servicestelle gegen Arbeitsausbeutung,<\/p>\n<p>Zwangsarbeit und Menschenhandel (Arbeit und Leben DGB\/VHS<\/p>\n<p>Berlin-Brandenburg)<\/p>\n<p>&nbsp;<\/p>\n<p>Laut dem Global Slavery Index (2018) sind 24,9 Millionen weltweit von\u00a0Zwangsarbeit betroffen &#8211; auch in Deutschland und Europa. In absoluten\u00a0Zahlen sind das mehr als jemals zuvor. Was aber genau ist Zwangsarbeit\u00a0und unter welchen Umst\u00e4nden werden Betroffene heutzutage gegen ihren\u00a0Willen zur Arbeit gebracht und ausgebeutet? Wie h\u00e4ngen Zwangsarbeit\u00a0und Migration zusammen? Welche Rechte k\u00f6nnen Betroffene geltend machen\u00a0und inwiefern werden Zwangsarbeit, Arbeitsausbeutung und\u00a0Menschenhandel durch globale M\u00e4rkte und die internationale\u00a0Organisation von Arbeit beg\u00fcnstigt?<\/p>\n<p>&nbsp;<\/p>\n<p>&nbsp;<\/p>\n<p>Weitere Termine und Infos unter:<\/p>\n<p>www.w3-hamburg.de &lt;http:\/\/www.w3-hamburg.de<\/p>\n<p>www.facebook.com\/w3.hamburg &lt;http:\/\/www.facebook.com\/w3.hamburg<\/p>\n<p>&nbsp;<\/p>\n","protected":false},"excerpt":{"rendered":"<p>Die W3 \u2013 Werkstatt f\u00fcr internationale Kultur und Politik e.V. &#8211;\u00a0 Themenreihe &#8222;arbeit global&#8220; geht in die zweite Runde und l\u00e4dt herzlichzu den beigef\u00fcgten Veranstaltungen ein. &nbsp; Das 3-j\u00e4hrige W3_Projekt [&hellip;]<\/p>\n","protected":false},"author":2146,"featured_media":665,"parent":0,"menu_order":0,"comment_status":"closed","ping_status":"closed","template":"","meta":{"footnotes":""},"categories":[61],"tags":[],"class_list":["post-664","page","type-page","status-publish","has-post-thumbnail","hentry","category-news"],"_links":{"self":[{"href":"https:\/\/www.hsu-hh.de\/opal\/wp-json\/wp\/v2\/pages\/664","targetHints":{"allow":["GET"]}}],"collection":[{"href":"https:\/\/www.hsu-hh.de\/opal\/wp-json\/wp\/v2\/pages"}],"about":[{"href":"https:\/\/www.hsu-hh.de\/opal\/wp-json\/wp\/v2\/types\/page"}],"author":[{"embeddable":true,"href":"https:\/\/www.hsu-hh.de\/opal\/wp-json\/wp\/v2\/users\/2146"}],"replies":[{"embeddable":true,"href":"https:\/\/www.hsu-hh.de\/opal\/wp-json\/wp\/v2\/comments?post=664"}],"version-history":[{"count":1,"href":"https:\/\/www.hsu-hh.de\/opal\/wp-json\/wp\/v2\/pages\/664\/revisions"}],"predecessor-version":[{"id":666,"href":"https:\/\/www.hsu-hh.de\/opal\/wp-json\/wp\/v2\/pages\/664\/revisions\/666"}],"wp:featuredmedia":[{"embeddable":true,"href":"https:\/\/www.hsu-hh.de\/opal\/wp-json\/wp\/v2\/media\/665"}],"wp:attachment":[{"href":"https:\/\/www.hsu-hh.de\/opal\/wp-json\/wp\/v2\/media?parent=664"}],"wp:term":[{"taxonomy":"category","embeddable":true,"href":"https:\/\/www.hsu-hh.de\/opal\/wp-json\/wp\/v2\/categories?post=664"},{"taxonomy":"post_tag","embeddable":true,"href":"https:\/\/www.hsu-hh.de\/opal\/wp-json\/wp\/v2\/tags?post=664"}],"curies":[{"name":"wp","href":"https:\/\/api.w.org\/{rel}","templated":true}]}}