{"id":230,"date":"2018-06-12T12:07:05","date_gmt":"2018-06-12T10:07:05","guid":{"rendered":"https:\/\/www.hsu-hh.de\/opal\/?page_id=230"},"modified":"2020-03-31T09:30:31","modified_gmt":"2020-03-31T07:30:31","slug":"publikationen-organisationskulturen","status":"publish","type":"page","link":"https:\/\/www.hsu-hh.de\/opal\/publikationen-organisationskulturen\/","title":{"rendered":"Publikationen &#8211; Organisationskulturen (Auswahl)"},"content":{"rendered":"<p>&nbsp;<\/p>\n<p>Besio, Cristina (2016): Klimawandel und Energiewirtschaft. In: Besio, Cristina; Romano, Gaetano (Hg.): <em>Zum gesellschaftlichen Umgang mit dem Klimawandel \u2013 Kooperationen und Kollisionen.<\/em> Baden-Baden: Nomos, S. 219-238.<\/p>\n<p>Besio, Cristina (2018): <em>Moral und Innovation in Organisationen.<\/em> Wiesbaden: Springer VS.<\/p>\n<p>Domsch, M. &amp; Ladwig, D.H. (2013): Innovative Laufbahnkonzepte f\u00fcr Spitzenfrauen. In: Sagebiel, Felizitas (<abbr title=\"Herausgeber\">Hrsg.<\/abbr>): Organisationskultur und Macht. Ver\u00e4nderungspotentiale und Gender, Berlin 2013, S. 261 \u2013 270.<\/p>\n<p>Domsch, M. (2005): Auslandseinsatz von weiblichen Fach- und F\u00fchrungskr\u00e4ften. Pr\u00e4sentation eines<br \/>\nFallbeispiels. In: Krell, Gertraude (<abbr title=\"Herausgeber\">Hrsg.<\/abbr>): Betriebswirtschaftslehre und Gender Studies. Analysen aus Organisation, Personal, Marketing und Controlling,<br \/>\nWiesbaden 2005, S. 205-228.<\/p>\n<p>Gr\u00f6neweg, C. und W. Matiaske (2018): Dresscode entschl\u00fcsseln: Eine organisationstheoretische Perspektive f\u00fcr die CSR-Forschung.\u00a0 In:\u00a0C. Jakobeit, R. Kappel und U. M\u00fcckenberger (<abbr title=\"Herausgeber\">Hrsg.<\/abbr>): Transnationale\u00a0Akteure und Normbildungsnetzwerke.\u00a0 S. 143\u2013178, Baden-Baden: Nomos.<\/p>\n<p>Krzywdzinski, Martin (2017): Consent in autorit\u00e4ren Gesellschaften. Betriebliche Sozialordnungen in Russland und China. Baden-Baden: Nomos Verlagsgesellschaft, 354 S.<\/p>\n","protected":false},"excerpt":{"rendered":"<p>&nbsp; Besio, Cristina (2016): Klimawandel und Energiewirtschaft. In: Besio, Cristina; Romano, Gaetano (Hg.): Zum gesellschaftlichen Umgang mit dem Klimawandel \u2013 Kooperationen und Kollisionen. Baden-Baden: Nomos, S. 219-238. Besio, Cristina (2018): [&hellip;]<\/p>\n","protected":false},"author":1710,"featured_media":0,"parent":0,"menu_order":0,"comment_status":"closed","ping_status":"closed","template":"","meta":{"footnotes":""},"categories":[4,59],"tags":[],"class_list":["post-230","page","type-page","status-publish","hentry","category-forschung","category-publikationen"],"_links":{"self":[{"href":"https:\/\/www.hsu-hh.de\/opal\/wp-json\/wp\/v2\/pages\/230","targetHints":{"allow":["GET"]}}],"collection":[{"href":"https:\/\/www.hsu-hh.de\/opal\/wp-json\/wp\/v2\/pages"}],"about":[{"href":"https:\/\/www.hsu-hh.de\/opal\/wp-json\/wp\/v2\/types\/page"}],"author":[{"embeddable":true,"href":"https:\/\/www.hsu-hh.de\/opal\/wp-json\/wp\/v2\/users\/1710"}],"replies":[{"embeddable":true,"href":"https:\/\/www.hsu-hh.de\/opal\/wp-json\/wp\/v2\/comments?post=230"}],"version-history":[{"count":7,"href":"https:\/\/www.hsu-hh.de\/opal\/wp-json\/wp\/v2\/pages\/230\/revisions"}],"predecessor-version":[{"id":921,"href":"https:\/\/www.hsu-hh.de\/opal\/wp-json\/wp\/v2\/pages\/230\/revisions\/921"}],"wp:attachment":[{"href":"https:\/\/www.hsu-hh.de\/opal\/wp-json\/wp\/v2\/media?parent=230"}],"wp:term":[{"taxonomy":"category","embeddable":true,"href":"https:\/\/www.hsu-hh.de\/opal\/wp-json\/wp\/v2\/categories?post=230"},{"taxonomy":"post_tag","embeddable":true,"href":"https:\/\/www.hsu-hh.de\/opal\/wp-json\/wp\/v2\/tags?post=230"}],"curies":[{"name":"wp","href":"https:\/\/api.w.org\/{rel}","templated":true}]}}