{"id":145,"date":"2018-06-01T12:49:19","date_gmt":"2018-06-01T10:49:19","guid":{"rendered":"https:\/\/www.hsu-hh.de\/opal\/?page_id=145"},"modified":"2024-01-08T10:54:36","modified_gmt":"2024-01-08T09:54:36","slug":"beteiligte","status":"publish","type":"page","link":"https:\/\/www.hsu-hh.de\/opal\/beteiligte\/","title":{"rendered":"Beteiligte"},"content":{"rendered":"<div class=\"content-block3\">\n<p><a href=\"https:\/\/www.hsu-hh.de\/orgasoz\/\"><abbr title=\"Professor\">Prof.<\/abbr> <abbr title=\"Doktor\">Dr.<\/abbr> Cristina Besio<\/a><\/p>\n<p><a href=\"https:\/\/www.hsu-hh.de\/bbp\/team\/karin-buechter\/\"><abbr title=\"Professor\">Prof.<\/abbr> <abbr title=\"Doktor\">Dr.<\/abbr> Karin B\u00fcchter<\/a><\/p>\n<p><a href=\"https:\/\/www.hsu-hh.de\/ioek\/\"><abbr title=\"Professor\">Prof.<\/abbr> <abbr title=\"Doktor\">Dr.<\/abbr> Ralf Dewenter<\/a><\/p>\n<p><a href=\"https:\/\/www.hsu-hh.de\/ipa\/startpage\"><abbr title=\"Professor\">Prof.<\/abbr> <abbr title=\"Doktor\">Dr.<\/abbr> Michel E. Domsch<\/a><\/p>\n<p><a href=\"https:\/\/www.hsu-hh.de\/orga\/\"><abbr title=\"Professor\">Prof.<\/abbr> <abbr title=\"Doktor\">Dr.<\/abbr> Stephan Duschek<\/a><\/p>\n<p><a href=\"https:\/\/www.hsu-hh.de\/psyaow\/team\/felfe\/\"><abbr title=\"Professor\">Prof.<\/abbr> <abbr title=\"Doktor\">Dr.<\/abbr> J\u00f6rg Felfe<\/a><\/p>\n<p><a href=\"https:\/\/www.hsu-hh.de\/utheorie\/team\"><abbr title=\"Professor\">Prof.<\/abbr> <abbr title=\"Doktor\">Dr.<\/abbr> Markus G\u00f6bel<\/a><\/p>\n<p><a href=\"https:\/\/www.hsu-hh.de\/arbeitsrecht\/team\"><abbr title=\"Professor\">Prof.<\/abbr> <abbr title=\"Doktor\">Dr.<\/abbr> Hans Hanau<\/a><\/p>\n<\/div>\n<div class=\"content-block3\">\n<p><a href=\"https:\/\/www.hsu-hh.de\/sozgov\/team\/prof-dr-sigrid-hartong\/\"><abbr title=\"Doktor\">Dr.<\/abbr> <abbr title=\"habilitatus\">habil.<\/abbr> Sigrid Hartong<\/a><\/p>\n<p><a href=\"https:\/\/www.hsu-hh.de\/apo\/\"><abbr title=\"Professor\">Prof.<\/abbr> <abbr title=\"Doktor\">Dr.<\/abbr> Sven Hauff<\/a><\/p>\n<p><a href=\"https:\/\/www.hsu-hh.de\/methoden\/team\/kelle\"><abbr title=\"Professor\">Prof.<\/abbr> <abbr title=\"Doktor\">Dr.<\/abbr> Udo Kelle<\/a><\/p>\n<p><a href=\"https:\/\/www.hsu-hh.de\/vw\/tanja\"><abbr title=\"Professor\">Prof.<\/abbr> <abbr title=\"Doktor\">Dr.<\/abbr> Tanja Klenk<\/a><\/p>\n<p><a href=\"https:\/\/www.hsu-hh.de\/arbeit\/univ-prof-dr-martin-krzywdzinski\/\"><abbr title=\"Professor\">Prof.<\/abbr> <abbr title=\"Doktor\">Dr.<\/abbr> Martin Krzywdzinski <\/a><\/p>\n<p><a href=\"https:\/\/www.hsu-hh.de\/mikrosoz\/mitarbeiter\/prof-dr-katharina-liebsch\/\"><abbr title=\"Professor\">Prof.<\/abbr> <abbr title=\"Doktor\">Dr.<\/abbr> Katharina Liebsch<\/a><\/p>\n<p><a href=\"https:\/\/www.hsu-hh.de\/ipa\/univ-prof-dr-wenzel-matiaske\"><abbr title=\"Professor\">Prof.<\/abbr> <abbr title=\"Doktor\">Dr.<\/abbr> Wenzel Matiaske<\/a><\/p>\n<\/div>\n<div class=\"content-block3\">\n<p><a href=\"https:\/\/www.hsu-hh.de\/hisfnz\/mitarbeiter\/nowosadtko\/\"><abbr title=\"Professor\">Prof.<\/abbr> <abbr title=\"Doktor\">Dr.<\/abbr> Jutta Nowosadtko<\/a><\/p>\n<p><a href=\"https:\/\/www.hsu-hh.de\/verwwiss\/schaefer\"><abbr title=\"Professor\">Prof.<\/abbr> <abbr title=\"Doktor\">Dr.<\/abbr> Christina Schaefer<\/a><\/p>\n<p><a href=\"https:\/\/www.hsu-hh.de\/afb\/startseite\/mitarbeiter\/\">PDDr. Martin Scherm<\/a><\/p>\n<p><a href=\"https:\/\/www.hsu-hh.de\/icu\/scheytt\/\"><abbr title=\"Professor\">Prof.<\/abbr> <abbr title=\"Doktor\">Dr.<\/abbr> Tobias Scheytt<\/a><\/p>\n<p><a href=\"https:\/\/www.hsu-hh.de\/bapaed\/mitarbeitende\/schloemer\/\"><abbr title=\"Professor\">Prof.<\/abbr> <abbr title=\"Doktor\">Dr.<\/abbr> Tobias Schl\u00f6mer<\/a><\/p>\n<p><a href=\"https:\/\/www.hsu-hh.de\/verwaltungsrecht\/\"><abbr title=\"Professor\">Prof.<\/abbr> <abbr title=\"Doktor\">Dr.<\/abbr> Margarete Schuler-Harms<\/a><\/p>\n<p><a href=\"https:\/\/www.hsu-hh.de\/hrm-pol\/\"><abbr title=\"Professor\">Prof.<\/abbr> <abbr title=\"Doktor\">Dr.<\/abbr> Barbara Sieben<\/a><\/p>\n<p><a href=\"https:\/\/www.hsu-hh.de\/be\/\"><abbr title=\"Professor\">Prof.<\/abbr> <abbr title=\"Doktor\">Dr.<\/abbr> Stefan Traub<\/a><\/p>\n<p><a href=\"https:\/\/www.hsu-hh.de\/laft\/jens-wulfsberg\"><abbr title=\"Professor\">Prof.<\/abbr> <abbr title=\"Doktor\">Dr.<\/abbr>&#8211;<abbr title=\"Ingenieur\">Ing.<\/abbr> Jens P. Wulfsberg<\/a><\/p>\n<\/div>\n","protected":false},"excerpt":{"rendered":"<p>Prof. Dr. Cristina Besio Prof. Dr. Karin B\u00fcchter Prof. Dr. Ralf Dewenter Prof. Dr. Michel E. Domsch Prof. Dr. Stephan Duschek Prof. Dr. J\u00f6rg Felfe Prof. Dr. Markus G\u00f6bel Prof. [&hellip;]<\/p>\n","protected":false},"author":1710,"featured_media":0,"parent":0,"menu_order":0,"comment_status":"closed","ping_status":"closed","template":"","meta":{"footnotes":""},"categories":[43,8],"tags":[],"class_list":["post-145","page","type-page","status-publish","hentry","category-mitglieder","category-team"],"_links":{"self":[{"href":"https:\/\/www.hsu-hh.de\/opal\/wp-json\/wp\/v2\/pages\/145","targetHints":{"allow":["GET"]}}],"collection":[{"href":"https:\/\/www.hsu-hh.de\/opal\/wp-json\/wp\/v2\/pages"}],"about":[{"href":"https:\/\/www.hsu-hh.de\/opal\/wp-json\/wp\/v2\/types\/page"}],"author":[{"embeddable":true,"href":"https:\/\/www.hsu-hh.de\/opal\/wp-json\/wp\/v2\/users\/1710"}],"replies":[{"embeddable":true,"href":"https:\/\/www.hsu-hh.de\/opal\/wp-json\/wp\/v2\/comments?post=145"}],"version-history":[{"count":48,"href":"https:\/\/www.hsu-hh.de\/opal\/wp-json\/wp\/v2\/pages\/145\/revisions"}],"predecessor-version":[{"id":1221,"href":"https:\/\/www.hsu-hh.de\/opal\/wp-json\/wp\/v2\/pages\/145\/revisions\/1221"}],"wp:attachment":[{"href":"https:\/\/www.hsu-hh.de\/opal\/wp-json\/wp\/v2\/media?parent=145"}],"wp:term":[{"taxonomy":"category","embeddable":true,"href":"https:\/\/www.hsu-hh.de\/opal\/wp-json\/wp\/v2\/categories?post=145"},{"taxonomy":"post_tag","embeddable":true,"href":"https:\/\/www.hsu-hh.de\/opal\/wp-json\/wp\/v2\/tags?post=145"}],"curies":[{"name":"wp","href":"https:\/\/api.w.org\/{rel}","templated":true}]}}