{"id":73,"date":"2017-07-03T15:52:08","date_gmt":"2017-07-03T13:52:08","guid":{"rendered":"https:\/\/www.hsu-hh.de\/vorlage\/?page_id=73"},"modified":"2026-04-13T14:15:14","modified_gmt":"2026-04-13T12:15:14","slug":"startseite","status":"publish","type":"page","link":"https:\/\/www.hsu-hh.de\/ohg\/","title":{"rendered":"Gemeinsame Heimgesellschaft \/ Offizierheimgesellschaft der HSU\/UniBw H"},"content":{"rendered":"\n<div style=\"height:50px\" aria-hidden=\"true\" class=\"wp-block-spacer\"><\/div>\n\n\n\n<p><\/p>\n\n\n\n<div style=\"height:50px\" aria-hidden=\"true\" class=\"wp-block-spacer\"><\/div>\n\n\n\n<hr class=\"wp-block-separator has-alpha-channel-opacity\"\/>\n\n\n\n<h2 class=\"wp-block-heading\">Wir realisieren f\u00fcr Sie die barrierefreie Zuwegung zu unseren R\u00e4umlichkeiten und bitten Sie deshalb in den n\u00e4chsten Wochen um Verst\u00e4ndnis f\u00fcr m\u00f6gliche Einschr\u00e4nkungen.<\/h2>\n\n\n\n<hr class=\"wp-block-separator has-alpha-channel-opacity\"\/>\n\n\n\n<div style=\"height:25px\" aria-hidden=\"true\" class=\"wp-block-spacer\"><\/div>\n\n\n\n<p>Sehr geehrte G\u00e4ste,<br><br>wir sind erfreut dar\u00fcber, dass unser Mittagsangebot bestehend aus einem frischen<br>und saisonalem Angebot, so gut angenommen wird. <\/p>\n\n\n\n<p>Damit Sie m\u00f6gliche Wartezeiten umgehen k\u00f6nnen bieten wir Ihnen an, vorab unter ohg-kontakt@hsu-hh.de oder der Durchwahl 3970 eine Anmeldung durchzuf\u00fchren.<\/p>\n\n\n\n<div style=\"height:25px\" aria-hidden=\"true\" class=\"wp-block-spacer\"><\/div>\n\n\n\n<hr class=\"wp-block-separator has-alpha-channel-opacity\"\/>\n\n\n\n<div style=\"height:25px\" aria-hidden=\"true\" class=\"wp-block-spacer\"><\/div>\n\n\n\n<p class=\"has-text-align-center\">An dieser Stelle finden Sie unsere <strong>Wochenkarte<\/strong> <br><strong>13. April &#8211; 13. Mai 2026<\/strong><\/p>\n\n\n\n<div style=\"height:25px\" aria-hidden=\"true\" class=\"wp-block-spacer\"><\/div>\n\n\n\n<div class=\"wp-block-columns is-not-stacked-on-mobile background-grey is-layout-flex wp-container-core-columns-is-layout-9d6595d7 wp-block-columns-is-layout-flex\">\n<div class=\"wp-block-column is-layout-flow wp-block-column-is-layout-flow\" style=\"flex-basis:90%\">\n<p class=\"has-text-align-center\"><strong>Spargelcremesuppe<\/strong><br>Frische Spargelcremesuppe mit Sahnehaube und Kr\u00e4utern<br><strong>3,90 Euro<\/strong><\/p>\n<\/div>\n\n\n\n<div class=\"wp-block-column is-layout-flow wp-block-column-is-layout-flow\" style=\"flex-basis:10%\">\n<p class=\"has-small-font-size\"><\/p>\n<\/div>\n<\/div>\n\n\n\n<div style=\"height:50px\" aria-hidden=\"true\" class=\"wp-block-spacer\"><\/div>\n\n\n\n<div class=\"wp-block-columns is-not-stacked-on-mobile background-grey is-layout-flex wp-container-core-columns-is-layout-9d6595d7 wp-block-columns-is-layout-flex\">\n<div class=\"wp-block-column is-layout-flow wp-block-column-is-layout-flow\" style=\"flex-basis:90%\">\n<p class=\"has-text-align-center\"><strong>Portion Deutscher Stangenspargel<\/strong><br>mit Sauce Hollandaise oder zerlassener Butter<br>dazu Petersilienkartoffeln<br><strong>14,50 Euro<\/strong><\/p>\n<\/div>\n\n\n\n<div class=\"wp-block-column is-layout-flow wp-block-column-is-layout-flow\" style=\"flex-basis:10%\">\n<p class=\"has-small-font-size\"><\/p>\n<\/div>\n<\/div>\n\n\n\n<div style=\"height:50px\" aria-hidden=\"true\" class=\"wp-block-spacer\"><\/div>\n\n\n\n<div class=\"wp-block-columns is-not-stacked-on-mobile background-grey is-layout-flex wp-container-core-columns-is-layout-9d6595d7 wp-block-columns-is-layout-flex\">\n<div class=\"wp-block-column is-layout-flow wp-block-column-is-layout-flow\" style=\"flex-basis:90%\">\n<p class=\"has-text-align-center\"><strong>Spargel mit Rumpsteak<\/strong><br>Stangenspargel mit Sauce Hollandaise oder Butter<br>dazu ein saftiges Rumpsteak vom Grill und Petersilienkartoffeln<br><strong>19,50 Euro<\/strong><\/p>\n<\/div>\n\n\n\n<div class=\"wp-block-column is-layout-flow wp-block-column-is-layout-flow\" style=\"flex-basis:10%\">\n<p class=\"has-small-font-size\"><\/p>\n<\/div>\n<\/div>\n\n\n\n<div style=\"height:50px\" aria-hidden=\"true\" class=\"wp-block-spacer\"><\/div>\n\n\n\n<div class=\"wp-block-columns is-not-stacked-on-mobile background-grey is-layout-flex wp-container-core-columns-is-layout-9d6595d7 wp-block-columns-is-layout-flex\">\n<div class=\"wp-block-column is-layout-flow wp-block-column-is-layout-flow\" style=\"flex-basis:90%\">\n<p class=\"has-text-align-center\"><strong>Spargel mit Lachsfilet<\/strong><br>Stangenspargel mit gebratenem Lachsfilet<br>Sauce Hollandaise und Petersilienkartoffeln<br><strong>19,00 Euro<\/strong><\/p>\n<\/div>\n\n\n\n<div class=\"wp-block-column is-layout-flow wp-block-column-is-layout-flow\" style=\"flex-basis:10%\">\n<p class=\"has-small-font-size\"><\/p>\n<\/div>\n<\/div>\n\n\n\n<div style=\"height:50px\" aria-hidden=\"true\" class=\"wp-block-spacer\"><\/div>\n\n\n\n<div class=\"wp-block-columns is-not-stacked-on-mobile background-grey is-layout-flex wp-container-core-columns-is-layout-9d6595d7 wp-block-columns-is-layout-flex\">\n<div class=\"wp-block-column is-layout-flow wp-block-column-is-layout-flow\" style=\"flex-basis:90%\">\n<p class=\"has-text-align-center\"><strong>Spargel mit Schinken<\/strong><br>Frischer Stangenspargel mit Grander Schinken<br>Sauce Hollandaise und Petersilienkartoffeln<br><strong>18,00 Euro<\/strong><\/p>\n<\/div>\n\n\n\n<div class=\"wp-block-column is-layout-flow wp-block-column-is-layout-flow\" style=\"flex-basis:10%\">\n<p class=\"has-small-font-size\"><\/p>\n<\/div>\n<\/div>\n\n\n\n<div style=\"height:50px\" aria-hidden=\"true\" class=\"wp-block-spacer\"><\/div>\n\n\n\n<div class=\"wp-block-columns is-not-stacked-on-mobile background-grey is-layout-flex wp-container-core-columns-is-layout-9d6595d7 wp-block-columns-is-layout-flex\">\n<div class=\"wp-block-column is-layout-flow wp-block-column-is-layout-flow\" style=\"flex-basis:90%\">\n<p class=\"has-text-align-center\"><strong>Erdbeeren mit Vanilleeis<\/strong> <strong>Konfekt<\/strong><br><strong>3,00 Euro<\/strong><\/p>\n<\/div>\n\n\n\n<div class=\"wp-block-column is-layout-flow wp-block-column-is-layout-flow\" style=\"flex-basis:10%\">\n<p class=\"has-small-font-size\"><\/p>\n<\/div>\n<\/div>\n\n\n\n<div style=\"height:50px\" aria-hidden=\"true\" class=\"wp-block-spacer\"><\/div>\n\n\n\n<p class=\"has-text-align-center background-grey\"><strong>Wir w\u00fcnschen Ihnen einen guten Appetit!<\/strong><\/p>\n\n\n\n<div style=\"height:25px\" aria-hidden=\"true\" class=\"wp-block-spacer\"><\/div>\n\n\n\n<p class=\"has-text-align-center background-grey\"><a href=\"https:\/\/www.hsu-hh.de\/ohg\/wp-content\/uploads\/sites\/654\/2025\/02\/Speisekarte-2025-Offizierheimgesellschaft-an-der-HSU-Bundeswehruniversitaet-Hamburg.pdf\" data-type=\"link\" data-id=\"https:\/\/www.hsu-hh.de\/ohg\/wp-content\/uploads\/sites\/654\/2025\/02\/Speisekart-Offizierheimgesellschaft-der-HSU-UniBw-Hamburg.pdf\">Speisen- und Getr\u00e4nkekarte<\/a><\/p>\n\n\n\n<div style=\"height:25px\" aria-hidden=\"true\" class=\"wp-block-spacer\"><\/div>\n\n\n\n<hr class=\"wp-block-separator has-alpha-channel-opacity\"\/>\n\n\n\n<div style=\"height:25px\" aria-hidden=\"true\" class=\"wp-block-spacer\"><\/div>\n\n\n<div class=\"wp-block-image\">\n<figure class=\"aligncenter size-full is-resized\" id=\"fruehstueck\"><img loading=\"lazy\" decoding=\"async\" width=\"1080\" height=\"1920\" src=\"https:\/\/www.hsu-hh.de\/ohg\/wp-content\/uploads\/sites\/654\/2026\/03\/GHG_Fruehstueck.png\" data-credit=\"HSU \/ TDI\" alt=\"\" class=\"wp-image-2168\" style=\"width:720px\" srcset=\"https:\/\/www.hsu-hh.de\/ohg\/wp-content\/uploads\/sites\/654\/2026\/03\/GHG_Fruehstueck.png 1080w, https:\/\/www.hsu-hh.de\/ohg\/wp-content\/uploads\/sites\/654\/2026\/03\/GHG_Fruehstueck-169x300.png 169w, https:\/\/www.hsu-hh.de\/ohg\/wp-content\/uploads\/sites\/654\/2026\/03\/GHG_Fruehstueck-576x1024.png 576w, https:\/\/www.hsu-hh.de\/ohg\/wp-content\/uploads\/sites\/654\/2026\/03\/GHG_Fruehstueck-768x1365.png 768w, https:\/\/www.hsu-hh.de\/ohg\/wp-content\/uploads\/sites\/654\/2026\/03\/GHG_Fruehstueck-864x1536.png 864w\" sizes=\"auto, (max-width: 1080px) 100vw, 1080px\" \/><\/figure>\n<\/div>\n\n\n<div style=\"height:25px\" aria-hidden=\"true\" class=\"wp-block-spacer\"><\/div>\n\n\n\n<hr class=\"wp-block-separator has-alpha-channel-opacity\"\/>\n\n\n\n<div style=\"height:25px\" aria-hidden=\"true\" class=\"wp-block-spacer\"><\/div>\n\n\n\n<p style=\"font-size:18px\"> Auf Grund der geringen Bestellmengen (MHD!) k\u00f6nnen einzelne Artikel (<abbr title=\"zum Beispiel\">z.B.<\/abbr> Salat) kurzfristig ausverkauft sein.<\/p>\n\n\n\n<p style=\"font-size:18px\">Bei telefonischer Bestellung bitten wir darum, dass die Lebensmittel (Hei\u00dfausgabe) z\u00fcgig abgeholt werden, damit die vorgeschriebene Mindesttemperatur bei der Ausgabe gehalten werden kann. Ohne telefonische Vorbestellung betr\u00e4gt die Wartezeit (je nach Umfang) etwa 10 Minuten. <\/p>\n\n\n\n<p style=\"font-size:18px\">Es gilt die aktuell ausliegende Karte!<\/p>\n\n\n\n<p>Wir bitten darum, bereits angemeldete Veranstaltungen und\/oder reservierte R\u00e4umlichkeiten bei Ausfall mindestens 7 Werktage vor der Veranstaltung abzusagen, da ansonsten angefallene Kosten in Rechnung gestellt werden m\u00fcssen. Bitte senden Sie die Abmeldung an die E-Mail Adresse: <a href=\"mailto:ohg-kontakt@hsu-hh.de\" rel='nofollow'>ohg-kontakt@hsu-hh.de<\/a><br><br>Vielen Dank!<\/p>\n\n\n\n<div style=\"height:25px\" aria-hidden=\"true\" class=\"wp-block-spacer\"><\/div>\n\n\n\n<hr class=\"wp-block-separator has-css-opacity is-style-wide\"\/>\n\n\n\n<div style=\"height:25px\" aria-hidden=\"true\" class=\"wp-block-spacer\"><\/div>\n\n\n\n<h2 class=\"wp-block-heading\">Aktion Pf\u00f6tchen &#8211; Kronkorken f\u00fcr&nbsp; Assistenz- und Therapiehunde<\/h2>\n\n\n\n<h3 class=\"wp-block-heading\">Wir helfen einsatzgesch\u00e4digten Soldaten<\/h3>\n\n\n\n<div class=\"wp-block-columns is-layout-flex wp-container-core-columns-is-layout-9d6595d7 wp-block-columns-is-layout-flex\">\n<div class=\"wp-block-column is-vertically-aligned-center is-layout-flow wp-block-column-is-layout-flow\" style=\"flex-basis:66.66%\">\n<p>Die Gemeinsame Heimgesellschaft unterst\u00fctzt die &#8222;Aktion Pf\u00f6tchen&#8220;.<br>Helfen Sie einfach mit, indem Sie Kronkorken sammeln!<br>Der Erl\u00f6s kommt Kameradinnen und Kameraden mit PTBS zugute.<br>N\u00e4heres zu der Aktion unter: <a href=\"https:\/\/www.kronkorken-fuer-therapiehunde.de\/\" data-type=\"link\" data-id=\"https:\/\/www.kronkorken-fuer-therapiehunde.de\/\" rel='nofollow'>www.kronkorken-fuer-therapiehunde.de<\/a>,<br>oder im <a href=\"https:\/\/www.hsu-hh.de\/ohg\/wp-content\/uploads\/sites\/654\/2024\/06\/Flyer_Pfoetchen_Wickelfalz_TH_2023-12-06_V1.pdf\" data-type=\"link\" data-id=\"https:\/\/www.hsu-hh.de\/ohg\/wp-content\/uploads\/sites\/654\/2024\/06\/Flyer_Pfoetchen_Wickelfalz_TH_2023-12-06_V1.pdf\">Flyer<\/a><\/p>\n\n\n\n<p>Vielen Dank!<\/p>\n<\/div>\n\n\n\n<div class=\"wp-block-column is-vertically-aligned-center is-layout-flow wp-block-column-is-layout-flow\" style=\"flex-basis:33.33%\"><div class=\"wp-block-image\">\n<figure class=\"aligncenter size-large is-resized\"><img loading=\"lazy\" decoding=\"async\" width=\"1024\" height=\"1024\" src=\"https:\/\/www.hsu-hh.de\/ohg\/wp-content\/uploads\/sites\/654\/2024\/06\/Aktuelles-Logo-2023-1024x1024.png\" data-credit=\"\" alt=\"\" class=\"wp-image-1791\" style=\"width:auto;height:200px\" srcset=\"https:\/\/www.hsu-hh.de\/ohg\/wp-content\/uploads\/sites\/654\/2024\/06\/Aktuelles-Logo-2023-1024x1024.png 1024w, https:\/\/www.hsu-hh.de\/ohg\/wp-content\/uploads\/sites\/654\/2024\/06\/Aktuelles-Logo-2023-300x300.png 300w, https:\/\/www.hsu-hh.de\/ohg\/wp-content\/uploads\/sites\/654\/2024\/06\/Aktuelles-Logo-2023-150x150.png 150w, https:\/\/www.hsu-hh.de\/ohg\/wp-content\/uploads\/sites\/654\/2024\/06\/Aktuelles-Logo-2023-768x768.png 768w, https:\/\/www.hsu-hh.de\/ohg\/wp-content\/uploads\/sites\/654\/2024\/06\/Aktuelles-Logo-2023-100x100.png 100w, https:\/\/www.hsu-hh.de\/ohg\/wp-content\/uploads\/sites\/654\/2024\/06\/Aktuelles-Logo-2023-1100x1100.png 1100w, https:\/\/www.hsu-hh.de\/ohg\/wp-content\/uploads\/sites\/654\/2024\/06\/Aktuelles-Logo-2023.png 1122w\" sizes=\"auto, (max-width: 1024px) 100vw, 1024px\" \/><\/figure>\n<\/div><\/div>\n<\/div>\n\n\n\n<details class=\"wp-block-details has-medium-font-size is-layout-flow wp-block-details-is-layout-flow\"><summary>Weitere Informationen zur Aktion Pf\u00f6tchen an der&nbsp;<abbr title=\"Helmut Schmidt Universit\u00e4t\">HSU<\/abbr>\/UniBw Hamburg<br><\/summary>\n<div style=\"height:25px\" aria-hidden=\"true\" class=\"wp-block-spacer\"><\/div>\n\n\n\n<ul class=\"wp-block-list\">\n<li>Ganzj\u00e4hrige Abgabem\u00f6glichkeiten sind zum einen die Tonne vor dem B\u00fcro des Studentischen Konvents im H1. Zum anderen in Einkaufst\u00fcten\/ M\u00fclls\u00e4cken im Eingangsbereich Geb\u00e4ude 19 (Hanseatenbereich)<\/li>\n\n\n\n<li>Die J\u00e4hrliche Abholung wird per Bulletin bekanntgegeben<\/li>\n\n\n\n<li>Neben Kronkorken nehmen wir auch <strong>unbedingt!<\/strong> die Alu Schraubverschl\u00fcsse von Schnaps und Weinflaschen<\/li>\n<\/ul>\n<\/details>\n","protected":false},"excerpt":{"rendered":"<p>Wir realisieren f\u00fcr Sie die barrierefreie Zuwegung zu unseren R\u00e4umlichkeiten und bitten Sie deshalb in den n\u00e4chsten Wochen um Verst\u00e4ndnis f\u00fcr m\u00f6gliche Einschr\u00e4nkungen. Sehr geehrte G\u00e4ste, wir sind erfreut dar\u00fcber, [&hellip;]<\/p>\n","protected":false},"author":1,"featured_media":0,"parent":0,"menu_order":0,"comment_status":"closed","ping_status":"closed","template":"","meta":{"footnotes":"[]"},"categories":[35],"tags":[],"class_list":["post-73","page","type-page","status-publish","hentry","category-startseite"],"_links":{"self":[{"href":"https:\/\/www.hsu-hh.de\/ohg\/wp-json\/wp\/v2\/pages\/73","targetHints":{"allow":["GET"]}}],"collection":[{"href":"https:\/\/www.hsu-hh.de\/ohg\/wp-json\/wp\/v2\/pages"}],"about":[{"href":"https:\/\/www.hsu-hh.de\/ohg\/wp-json\/wp\/v2\/types\/page"}],"author":[{"embeddable":true,"href":"https:\/\/www.hsu-hh.de\/ohg\/wp-json\/wp\/v2\/users\/1"}],"replies":[{"embeddable":true,"href":"https:\/\/www.hsu-hh.de\/ohg\/wp-json\/wp\/v2\/comments?post=73"}],"version-history":[{"count":616,"href":"https:\/\/www.hsu-hh.de\/ohg\/wp-json\/wp\/v2\/pages\/73\/revisions"}],"predecessor-version":[{"id":2182,"href":"https:\/\/www.hsu-hh.de\/ohg\/wp-json\/wp\/v2\/pages\/73\/revisions\/2182"}],"wp:attachment":[{"href":"https:\/\/www.hsu-hh.de\/ohg\/wp-json\/wp\/v2\/media?parent=73"}],"wp:term":[{"taxonomy":"category","embeddable":true,"href":"https:\/\/www.hsu-hh.de\/ohg\/wp-json\/wp\/v2\/categories?post=73"},{"taxonomy":"post_tag","embeddable":true,"href":"https:\/\/www.hsu-hh.de\/ohg\/wp-json\/wp\/v2\/tags?post=73"}],"curies":[{"name":"wp","href":"https:\/\/api.w.org\/{rel}","templated":true}]}}