{"id":1839,"date":"2024-08-27T12:20:03","date_gmt":"2024-08-27T10:20:03","guid":{"rendered":"https:\/\/www.hsu-hh.de\/ohg\/?page_id=1839"},"modified":"2025-10-15T14:54:17","modified_gmt":"2025-10-15T12:54:17","slug":"ball-der-hsu-unibwh","status":"publish","type":"page","link":"https:\/\/www.hsu-hh.de\/ohg\/ball-der-hsu-unibwh","title":{"rendered":"Ball der Helmut-Schmidt-Universit\u00e4t\/Universit\u00e4t der Bundeswehr Hamburg"},"content":{"rendered":"\n<div style=\"height:50px\" aria-hidden=\"true\" class=\"wp-block-spacer\"><\/div>\n\n\n\n<div class=\"wp-block-columns has-grey-background-color has-background is-layout-flex wp-container-core-columns-is-layout-9d6595d7 wp-block-columns-is-layout-flex\">\n<div class=\"wp-block-column is-vertically-aligned-center is-layout-flow wp-block-column-is-layout-flow\" style=\"flex-basis:10%\">\n<p class=\"has-text-align-center\" style=\"font-size:100px\"><strong>!<\/strong><\/p>\n<\/div>\n\n\n\n<div class=\"wp-block-column is-layout-flow wp-block-column-is-layout-flow\" style=\"flex-basis:80%\">\n<h1 class=\"wp-block-heading\">Verschiebung \u201eBall der <abbr title=\"Helmut Schmidt Universit\u00e4t\">HSU<\/abbr>\u201c 2025<\/h1>\n\n\n\n<p class=\"has-text-align-left has-medium-font-size\"><strong>Schweren Herzens m\u00fcssen wir den f\u00fcr den 24. Oktober 2025 geplanten \u201eBall der <abbr title=\"Helmut Schmidt Universit\u00e4t\">HSU<\/abbr>\u201c verschieben.<\/strong><\/p>\n\n\n\n<p class=\"has-text-align-left has-medium-font-size\"><strong>Trotz gro\u00dfer Vorfreude und intensiver Planung zeichnete sich ab, dass der Termin f\u00fcr viele Interessierte leider nicht optimal war \u2013 sei es durch \u00dcberschneidungen mit anderen Veranstaltungen oder Urlaubszeiten.<\/strong><\/p>\n\n\n\n<p class=\"has-text-align-left has-medium-font-size\"><strong>Wir danken allen, die sich bereits Gedanken gemacht <abbr title=\"beziehungsweise\">bzw.<\/abbr> geplant haben. Euer Interesse zeigt uns, dass die Idee lebt \u2013 nur eben nicht an diesem Datum.<\/strong><\/p>\n\n\n\n<p class=\"has-text-align-left has-medium-font-size\"><strong>Wir pr\u00fcfen aktuell eine Neuauflage im I. Quartal 2026 und halten Euch auf dem Laufenden.<\/strong><\/p>\n\n\n\n<p class=\"has-medium-font-size\"><strong>Mit freundlichem Gru\u00df<\/strong><\/p>\n\n\n\n<p class=\"has-medium-font-size\"><strong>Euer Organisationsteam<\/strong><\/p>\n<\/div>\n\n\n\n<div class=\"wp-block-column is-vertically-aligned-center is-layout-flow wp-block-column-is-layout-flow\" style=\"flex-basis:10%\">\n<p class=\"has-text-align-center\" style=\"font-size:100px\"><strong>!<\/strong><\/p>\n<\/div>\n<\/div>\n\n\n\n<div style=\"height:50px\" aria-hidden=\"true\" class=\"wp-block-spacer\"><\/div>\n\n\n\n<div class=\"wp-block-columns is-layout-flex wp-container-core-columns-is-layout-9d6595d7 wp-block-columns-is-layout-flex\">\n<div class=\"wp-block-column is-vertically-aligned-center is-layout-flow wp-block-column-is-layout-flow\" style=\"flex-basis:66.66%\">\n<p>Die GHG organisiert den zweiten Ball der Helmut-Schmidt-Universit\u00e4t\/Universit\u00e4t<br>der Bundeswehr Hamburg.<\/p>\n\n\n\n<p class=\"has-medium-font-size\">Am\u00fcsieren sie sich mit einer Live-Band im gro\u00dfen Ballsaal. Der Ball findet in der GHG\/Offizierheimgesellschaft der Helmut-Schmidt-Universit\u00e4t\/Universit\u00e4t der Bundeswehr Hamburg statt.<\/p>\n\n\n\n<p>Lassen Sie uns Campuskultur leben und diesen festlichen Abend gemeinsam mit G\u00e4sten aus Politik, Wirtschaft, Diplomatie sowie den Streitkr\u00e4ften und Freunden der Universit\u00e4t feiern.<br><br>Flanieren Sie einen Abend lang und entdecken Sie dabei eine Vielzahl unterschiedlicher Orte, die zum Verweilen, Tanzen oder Genie\u00dfen einladen.<br>Der Reinerl\u00f6s einer Tombola mit einer Vielzahl hochwertiger Preise wird auch in diesem Jahr dem Bundeswehrsozialwerk \u00fcbergeben.<\/p>\n<\/div>\n\n\n\n<div class=\"wp-block-column is-vertically-aligned-center is-layout-flow wp-block-column-is-layout-flow\" style=\"flex-basis:33.33%\"><div class=\"wp-block-image\">\n<figure class=\"aligncenter size-large\"><img loading=\"lazy\" decoding=\"async\" width=\"683\" height=\"1024\" src=\"https:\/\/www.hsu-hh.de\/ohg\/wp-content\/uploads\/sites\/654\/2025\/09\/Untitled-1-1-683x1024.png\" data-credit=\"HSU\/UniBw H\" alt=\"\" class=\"wp-image-2089\" srcset=\"https:\/\/www.hsu-hh.de\/ohg\/wp-content\/uploads\/sites\/654\/2025\/09\/Untitled-1-1-683x1024.png 683w, https:\/\/www.hsu-hh.de\/ohg\/wp-content\/uploads\/sites\/654\/2025\/09\/Untitled-1-1-200x300.png 200w, https:\/\/www.hsu-hh.de\/ohg\/wp-content\/uploads\/sites\/654\/2025\/09\/Untitled-1-1-768x1152.png 768w, https:\/\/www.hsu-hh.de\/ohg\/wp-content\/uploads\/sites\/654\/2025\/09\/Untitled-1-1-1024x1536.png 1024w, https:\/\/www.hsu-hh.de\/ohg\/wp-content\/uploads\/sites\/654\/2025\/09\/Untitled-1-1-1365x2048.png 1365w, https:\/\/www.hsu-hh.de\/ohg\/wp-content\/uploads\/sites\/654\/2025\/09\/Untitled-1-1-1100x1650.png 1100w, https:\/\/www.hsu-hh.de\/ohg\/wp-content\/uploads\/sites\/654\/2025\/09\/Untitled-1-1-scaled.png 1707w\" sizes=\"auto, (max-width: 683px) 100vw, 683px\" \/><\/figure>\n<\/div><\/div>\n<\/div>\n\n\n\n<div class=\"wp-block-columns is-layout-flex wp-container-core-columns-is-layout-9d6595d7 wp-block-columns-is-layout-flex\">\n<div class=\"wp-block-column is-vertically-aligned-center is-layout-flow wp-block-column-is-layout-flow\" style=\"flex-basis:33.33%\"><div class=\"wp-block-image\">\n<figure class=\"aligncenter size-large\"><img loading=\"lazy\" decoding=\"async\" width=\"683\" height=\"1024\" src=\"https:\/\/www.hsu-hh.de\/ohg\/wp-content\/uploads\/sites\/654\/2025\/09\/Ball-der-HSU-2025-Fotos-683x1024.png\" data-credit=\"HSU\/UniBw H\" alt=\"\" class=\"wp-image-2090\" srcset=\"https:\/\/www.hsu-hh.de\/ohg\/wp-content\/uploads\/sites\/654\/2025\/09\/Ball-der-HSU-2025-Fotos-683x1024.png 683w, https:\/\/www.hsu-hh.de\/ohg\/wp-content\/uploads\/sites\/654\/2025\/09\/Ball-der-HSU-2025-Fotos-200x300.png 200w, https:\/\/www.hsu-hh.de\/ohg\/wp-content\/uploads\/sites\/654\/2025\/09\/Ball-der-HSU-2025-Fotos-768x1152.png 768w, https:\/\/www.hsu-hh.de\/ohg\/wp-content\/uploads\/sites\/654\/2025\/09\/Ball-der-HSU-2025-Fotos-1024x1536.png 1024w, https:\/\/www.hsu-hh.de\/ohg\/wp-content\/uploads\/sites\/654\/2025\/09\/Ball-der-HSU-2025-Fotos-1365x2048.png 1365w, https:\/\/www.hsu-hh.de\/ohg\/wp-content\/uploads\/sites\/654\/2025\/09\/Ball-der-HSU-2025-Fotos-1100x1650.png 1100w, https:\/\/www.hsu-hh.de\/ohg\/wp-content\/uploads\/sites\/654\/2025\/09\/Ball-der-HSU-2025-Fotos-scaled.png 1707w\" sizes=\"auto, (max-width: 683px) 100vw, 683px\" \/><\/figure>\n<\/div><\/div>\n\n\n\n<div class=\"wp-block-column is-vertically-aligned-center is-layout-flow wp-block-column-is-layout-flow\" style=\"flex-basis:66.66%\">\n<p class=\"has-text-align-right\">Eine Live-Band wird uns musikalisch durch den Abend begleiten.<br><br>Der Kartenpreis richtet sich nach Besoldungsstufe pro Person und beinhaltet einen Sektempfang, verschiedene kulinarische Leckereien, einen Mitternachts-Snack sowie eine Auswahl an alkoholischen und alkoholfreien Getr\u00e4nken.<br><br>Bitte richten Sie Ihre Kartenanfragen per E-Mail unter <a href=\"mailto:Ballanmeldung@hsu-hh.de\" rel=\"nofollow\">Ballanmeldung@hsu-hh.de<\/a> an das Organisationsteam der <abbr title=\"Helmut Schmidt Universit\u00e4t\">HSU<\/abbr>\/UniBw Hamburg.<br>Die Teilnehmerzahl ist begrenzt.<br>Die Zuteilung der Eintrittskarten, erfolgt ab Anfang Oktober.<\/p>\n\n\n\n<p class=\"has-text-align-right has-medium-font-size\"><strong>Veranstaltungsort: GHG\/Offizierheimgesellschaft, Holstenhofweg 98,<\/strong><br><strong>22043 Hamburg<\/strong><\/p>\n\n\n\n<div style=\"height:50px\" aria-hidden=\"true\" class=\"wp-block-spacer\"><\/div>\n\n\n\n<div class=\"wp-block-buttons is-horizontal is-content-justification-center is-layout-flex wp-container-core-buttons-is-layout-499968f5 wp-block-buttons-is-layout-flex\" style=\"font-style:italic;font-weight:400\">\n<div class=\"wp-block-button\"><a class=\"wp-block-button__link has-text-align-center wp-element-button\" href=\"https:\/\/www.hsu-hh.de\/ohg\/verschiebung-ball-der-hsu-2025\" target=\"_blank\" rel=\"noreferrer noopener nofollow\">Anmeldung Ball<\/a><\/div>\n<\/div>\n<\/div>\n<\/div>\n\n\n\n<div style=\"height:50px\" aria-hidden=\"true\" class=\"wp-block-spacer\"><\/div>\n\n\n\n<details class=\"wp-block-details has-medium-font-size is-layout-flow wp-block-details-is-layout-flow\"><summary>Preisinformationen<\/summary>\n<div class=\"wp-block-columns is-not-stacked-on-mobile is-layout-flex wp-container-core-columns-is-layout-9d6595d7 wp-block-columns-is-layout-flex\">\n<div class=\"wp-block-column is-layout-flow wp-block-column-is-layout-flow\" style=\"flex-basis:60%\">\n<h3 class=\"wp-block-heading\">Besoldungsgruppe <abbr title=\"beziehungsweise\">bzw.<\/abbr> Zugeh\u00f6rigkeit<\/h3>\n<\/div>\n\n\n\n<div class=\"wp-block-column is-layout-flow wp-block-column-is-layout-flow\" style=\"flex-basis:40%\">\n<h3 class=\"wp-block-heading\">Preis pro Person<\/h3>\n<\/div>\n<\/div>\n\n\n\n<div class=\"wp-block-columns is-not-stacked-on-mobile is-layout-flex wp-container-core-columns-is-layout-9d6595d7 wp-block-columns-is-layout-flex\">\n<div class=\"wp-block-column is-layout-flow wp-block-column-is-layout-flow\" style=\"flex-basis:20%\">\n<p>Kategorie I<\/p>\n\n\n\n<p>Kategorie II<\/p>\n\n\n\n<p>Kategorie III<\/p>\n<\/div>\n\n\n\n<div class=\"wp-block-column is-layout-flow wp-block-column-is-layout-flow\" style=\"flex-basis:40%\">\n<p>A3-A6 &amp; schwerbehinderte Personen<\/p>\n\n\n\n<p>A7-A15<\/p>\n\n\n\n<p>ab A15<\/p>\n<\/div>\n\n\n\n<div class=\"wp-block-column is-layout-flow wp-block-column-is-layout-flow\" style=\"flex-basis:40%\">\n<p class=\"has-text-align-left\">100,00 \u20ac<\/p>\n\n\n\n<p class=\"has-text-align-left\">120,00 \u20ac<\/p>\n\n\n\n<p class=\"has-text-align-left\">140,00 \u20ac<\/p>\n<\/div>\n<\/div>\n\n\n\n<h3 class=\"wp-block-heading\">Inbegriffen im Eintrittspreis<\/h3>\n\n\n\n<ul class=\"wp-block-list\">\n<li>musikalische Begleitung mit Live-Musik<\/li>\n\n\n\n<li>Sektempfang mit Fingerfood<\/li>\n\n\n\n<li>eine Getr\u00e4nkepauschale<\/li>\n<\/ul>\n<\/details>\n\n\n\n<div style=\"height:50px\" aria-hidden=\"true\" class=\"wp-block-spacer\"><\/div>\n\n\n\n<p><\/p>\n","protected":false},"excerpt":{"rendered":"<p>! Verschiebung \u201eBall der HSU\u201c 2025 Schweren Herzens m\u00fcssen wir den f\u00fcr den 24. Oktober 2025 geplanten \u201eBall der HSU\u201c verschieben. Trotz gro\u00dfer Vorfreude und intensiver Planung zeichnete sich ab, [&hellip;]<\/p>\n","protected":false},"author":2503,"featured_media":0,"parent":0,"menu_order":0,"comment_status":"closed","ping_status":"closed","template":"","meta":{"footnotes":""},"categories":[4],"tags":[57,55,61,59,67,65,63],"class_list":["post-1839","page","type-page","status-publish","hentry","category-forschung","tag-ball","tag-ball-der-hsu-unibw-h","tag-gesellschaft","tag-tanz","tag-tombola","tag-tradition","tag-veranstaltung"],"_links":{"self":[{"href":"https:\/\/www.hsu-hh.de\/ohg\/wp-json\/wp\/v2\/pages\/1839","targetHints":{"allow":["GET"]}}],"collection":[{"href":"https:\/\/www.hsu-hh.de\/ohg\/wp-json\/wp\/v2\/pages"}],"about":[{"href":"https:\/\/www.hsu-hh.de\/ohg\/wp-json\/wp\/v2\/types\/page"}],"author":[{"embeddable":true,"href":"https:\/\/www.hsu-hh.de\/ohg\/wp-json\/wp\/v2\/users\/2503"}],"replies":[{"embeddable":true,"href":"https:\/\/www.hsu-hh.de\/ohg\/wp-json\/wp\/v2\/comments?post=1839"}],"version-history":[{"count":51,"href":"https:\/\/www.hsu-hh.de\/ohg\/wp-json\/wp\/v2\/pages\/1839\/revisions"}],"predecessor-version":[{"id":2131,"href":"https:\/\/www.hsu-hh.de\/ohg\/wp-json\/wp\/v2\/pages\/1839\/revisions\/2131"}],"wp:attachment":[{"href":"https:\/\/www.hsu-hh.de\/ohg\/wp-json\/wp\/v2\/media?parent=1839"}],"wp:term":[{"taxonomy":"category","embeddable":true,"href":"https:\/\/www.hsu-hh.de\/ohg\/wp-json\/wp\/v2\/categories?post=1839"},{"taxonomy":"post_tag","embeddable":true,"href":"https:\/\/www.hsu-hh.de\/ohg\/wp-json\/wp\/v2\/tags?post=1839"}],"curies":[{"name":"wp","href":"https:\/\/api.w.org\/{rel}","templated":true}]}}