{"id":175,"date":"2018-01-23T15:49:44","date_gmt":"2018-01-23T14:49:44","guid":{"rendered":"https:\/\/www.hsu-hh.de\/ohg\/?page_id=175"},"modified":"2025-10-01T16:02:41","modified_gmt":"2025-10-01T14:02:41","slug":"kontakt","status":"publish","type":"page","link":"https:\/\/www.hsu-hh.de\/ohg\/kontakt","title":{"rendered":"Kontakt und Mitgliederwesen"},"content":{"rendered":"\n<h2 class=\"wp-block-heading\">Kommissarische&nbsp;Gesch\u00e4ftsf\u00fchrung<\/h2>\n\n\n\n<p>Herr Stabsfeldwebel Mirko Lubbe<br>Tel: 040-6541-4071<br>E-Mail: <a href=\"mailto:ohg-kontakt@hsu-hh.de\" rel='nofollow'>ohg-kontakt@hsu-hh.de<\/a><\/p>\n\n\n\n<p>Das Amt des 1. Vorsitzenden der OHG der&nbsp;<abbr title=\"Universit\u00e4t der Bundeswehr Hamburg\">UniBwH<\/abbr>&nbsp;e.V. und des Gesch\u00e4ftsf\u00fchrers der GHG wird bis zur n\u00e4chsten Mitgliederversammlung kommissarisch von Herrn Stabsfeldwebel Lubbe wahrgenommen. Ein Termin f\u00fcr die Mitgliederversammlung ist noch nicht festgelegt.<\/p>\n\n\n\n<hr class=\"wp-block-separator has-alpha-channel-opacity\" \/>\n\n\n\n<h2 class=\"wp-block-heading\">Mitgliedschaftsangelegenheiten<\/h2>\n\n\n\n<p><br>E-Mail: ohg-kontakt@hsu-hh.de<br><\/p>\n\n\n\n<hr class=\"wp-block-separator has-alpha-channel-opacity\" \/>\n\n\n\n<h2 class=\"wp-block-heading\">Veranstaltungsanmeldung\/Bewirtungsangebote\/Buchhaltung<\/h2>\n\n\n\n<p>Telefonische Erreichbarkeit in der B\u00fcrozeit: Mo-Do, 09:00 &#8211; 13:30 Uhr<br>Frau Marion Bliesch<br>Tel: 040-6541-3970<br>E-Mail: ohg-kontakt@hsu-hh.de<br>oder: blieschm@hsu-hh.de<\/p>\n\n\n\n<hr class=\"wp-block-separator has-alpha-channel-opacity\" \/>\n\n\n\n<h2 class=\"wp-block-heading\"><strong>Tresen\/Barraum<\/strong><\/h2>\n\n\n\n<p>Tel.: 040-6541-2424<\/p>\n\n\n\n<p>Die <strong>Planung und Durchf\u00fchrungsplanung von Veranstaltungen<\/strong> erfolgt ausschlie\u00dflich \u00fcber das Personal der Veranstaltungsanmeldung.<br>Unsere Servicekr\u00e4fte stellen gerne einen Kontakt f\u00fcr Sie her. Bitte haben Sie Verst\u00e4ndnis, dass hier keine Zu- oder Absage erfolgen kann.<\/p>\n\n\n\n<hr class=\"wp-block-separator has-alpha-channel-opacity\" \/>\n\n\n\n<h3 class=\"wp-block-heading\">Habe<strong>n Sie Anregungen oder Fragen?<\/strong> Dann kontaktieren Sie uns doch gerne per Mail.<\/h3>\n\n\n\n<p>E-Mail: <a href=\"mailto:vorstand.ohg@hsu-hh.de\" rel='nofollow'>vorstand.ohg@hsu-hh.de<\/a><\/p>\n\n\n\n<hr class=\"wp-block-separator has-alpha-channel-opacity\" \/>\n\n\n\n<h2 class=\"wp-block-heading\">Formulare \/ Mitgliedsantr\u00e4ge \/ Protokolle<\/h2>\n\n\n\n<ul class=\"wp-block-list\">\n<li><a href=\"https:\/\/www.hsu-hh.de\/ohg\/wp-content\/uploads\/sites\/654\/2024\/03\/OHG_Beitrittserklaerung-1.pdf\" data-type=\"link\" data-id=\"https:\/\/www.hsu-hh.de\/ohg\/wp-content\/uploads\/sites\/654\/2024\/03\/OHG_Beitrittserklaerung-1.pdf\">OHG Beitrittserkl\u00e4rung<\/a><\/li>\n\n\n\n<li><a href=\"https:\/\/www.hsu-hh.de\/ohg\/wp-content\/uploads\/sites\/654\/2023\/12\/20220921-Protokoll-zur-Mitgliederversammlung-OHG-UniBw-Hamburg-am-22.09.2022.pdf\" data-type=\"link\" data-id=\"https:\/\/www.hsu-hh.de\/ohg\/wp-content\/uploads\/sites\/654\/2023\/12\/20220921-Protokoll-zur-Mitgliederversammlung-OHG-UniBw-Hamburg-am-22.09.2022.pdf\">Protokoll zur Mitgliederversammlung OHG UniBw Hamburg am 22.09.2022<\/a><\/li>\n\n\n\n<li><a href=\"https:\/\/www.hsu-hh.de\/ohg\/wp-content\/uploads\/sites\/654\/2024\/02\/Satzung-OHG-.pdf\" data-type=\"link\" data-id=\"https:\/\/www.hsu-hh.de\/ohg\/wp-content\/uploads\/sites\/654\/2024\/02\/Satzung-OHG-.pdf\">Satzung OHG 2024<\/a> (Entwurf! Keine g\u00fcltige Fassung!) Die Satzung aus dem Jahr 2010 ist nach wie vor g\u00fcltig. Satzungs\u00e4nderungen werden&nbsp;<abbr title=\"gegebenenfalls\">ggf.<\/abbr>&nbsp;bei der n\u00e4chsten Mitgliederversammlung beschlossen.<\/li>\n\n\n\n<li><a href=\"https:\/\/www.hsu-hh.de\/ohg\/wp-content\/uploads\/sites\/654\/2024\/03\/Satzung-OHG-26.10.2010.pdf\" data-type=\"link\" data-id=\"https:\/\/www.hsu-hh.de\/ohg\/wp-content\/uploads\/sites\/654\/2024\/03\/Satzung-OHG-26.10.2010.pdf\">Satzung OHG 26.10.2010<\/a><\/li>\n<\/ul>\n","protected":false},"excerpt":{"rendered":"<p>Kommissarische&nbsp;Gesch\u00e4ftsf\u00fchrung Herr Stabsfeldwebel Mirko LubbeTel: 040-6541-4071E-Mail: ohg-kontakt@hsu-hh.de Das Amt des 1. Vorsitzenden der OHG der&nbsp;UniBwH&nbsp;e.V. und des Gesch\u00e4ftsf\u00fchrers der GHG wird bis zur n\u00e4chsten Mitgliederversammlung kommissarisch von Herrn Stabsfeldwebel Lubbe [&hellip;]<\/p>\n","protected":false},"author":295,"featured_media":0,"parent":0,"menu_order":0,"comment_status":"closed","ping_status":"closed","template":"","meta":{"footnotes":""},"categories":[4],"tags":[],"class_list":["post-175","page","type-page","status-publish","hentry","category-forschung"],"_links":{"self":[{"href":"https:\/\/www.hsu-hh.de\/ohg\/wp-json\/wp\/v2\/pages\/175","targetHints":{"allow":["GET"]}}],"collection":[{"href":"https:\/\/www.hsu-hh.de\/ohg\/wp-json\/wp\/v2\/pages"}],"about":[{"href":"https:\/\/www.hsu-hh.de\/ohg\/wp-json\/wp\/v2\/types\/page"}],"author":[{"embeddable":true,"href":"https:\/\/www.hsu-hh.de\/ohg\/wp-json\/wp\/v2\/users\/295"}],"replies":[{"embeddable":true,"href":"https:\/\/www.hsu-hh.de\/ohg\/wp-json\/wp\/v2\/comments?post=175"}],"version-history":[{"count":77,"href":"https:\/\/www.hsu-hh.de\/ohg\/wp-json\/wp\/v2\/pages\/175\/revisions"}],"predecessor-version":[{"id":2118,"href":"https:\/\/www.hsu-hh.de\/ohg\/wp-json\/wp\/v2\/pages\/175\/revisions\/2118"}],"wp:attachment":[{"href":"https:\/\/www.hsu-hh.de\/ohg\/wp-json\/wp\/v2\/media?parent=175"}],"wp:term":[{"taxonomy":"category","embeddable":true,"href":"https:\/\/www.hsu-hh.de\/ohg\/wp-json\/wp\/v2\/categories?post=175"},{"taxonomy":"post_tag","embeddable":true,"href":"https:\/\/www.hsu-hh.de\/ohg\/wp-json\/wp\/v2\/tags?post=175"}],"curies":[{"name":"wp","href":"https:\/\/api.w.org\/{rel}","templated":true}]}}