{"id":1726,"date":"2024-06-12T15:54:48","date_gmt":"2024-06-12T13:54:48","guid":{"rendered":"https:\/\/www.hsu-hh.de\/ohg\/?page_id=1726"},"modified":"2024-06-13T09:13:41","modified_gmt":"2024-06-13T07:13:41","slug":"das-logo-der-ghg","status":"publish","type":"page","link":"https:\/\/www.hsu-hh.de\/ohg\/das-logo-der-ghg","title":{"rendered":"Das Logo der GHG"},"content":{"rendered":"\n<div class=\"wp-block-columns is-layout-flex wp-container-core-columns-is-layout-9d6595d7 wp-block-columns-is-layout-flex\">\n<div class=\"wp-block-column is-layout-flow wp-block-column-is-layout-flow\">\n<h2 class=\"wp-block-heading\"><\/h2>\n\n\n<div class=\"wp-block-image\">\n<figure class=\"aligncenter size-medium\"><img loading=\"lazy\" decoding=\"async\" width=\"179\" height=\"300\" src=\"https:\/\/www.hsu-hh.de\/ohg\/wp-content\/uploads\/sites\/654\/2022\/02\/Logo-GHG2022_C19-179x300.jpg\" data-credit=\"Kirstin\" alt=\"Logo neu\" class=\"wp-image-1175\" srcset=\"https:\/\/www.hsu-hh.de\/ohg\/wp-content\/uploads\/sites\/654\/2022\/02\/Logo-GHG2022_C19-179x300.jpg 179w, https:\/\/www.hsu-hh.de\/ohg\/wp-content\/uploads\/sites\/654\/2022\/02\/Logo-GHG2022_C19-612x1024.jpg 612w, https:\/\/www.hsu-hh.de\/ohg\/wp-content\/uploads\/sites\/654\/2022\/02\/Logo-GHG2022_C19-768x1286.jpg 768w, https:\/\/www.hsu-hh.de\/ohg\/wp-content\/uploads\/sites\/654\/2022\/02\/Logo-GHG2022_C19.jpg 804w\" sizes=\"auto, (max-width: 179px) 100vw, 179px\" \/><\/figure>\n<\/div>\n\n\n<h3 class=\"wp-block-heading\">Wissenswertes zur Heraldik,<br>Tinktur und Farbauswahl:<\/h3>\n\n\n\n<p>Rot und wei\u00df stehen f\u00fcr die Farben Hamburgs und der Hanse. Da die Heraldik vorsieht, dass neben den Farben auch zwingend silber oder gold vorzusehen sind, sind die Insignien gold gef\u00e4rbt.<\/p>\n\n\n\n<p>Im Logo spiegeln sich dar\u00fcber hinaus Deutschlands Farben schwarz\/rot\/gold wieder.<\/p>\n\n\n\n<p>Symbolik im Wappenschild:<\/p>\n\n\n\n<p>Die gekreuzten Symbole Schwert (Streitkr\u00e4fte), Feder (Akademie) und L\u00f6ffel (Verpflegung) stehen daf\u00fcr, dass es sowohl f\u00fcr die k\u00f6rperliche als auch die geistige Anstrengung Nahrung bedarf, um leistungsf\u00e4hig zu sein.<\/p>\n\n\n\n<p>Helm und Helmzier sollen symbolisieren, dass auch der wehrhafte Verteidiger immer seinen Geist, Intellekt, Bildung und Ausbildung nutzen soll, um erfolgreich zu sein. Dar\u00fcber hinaus soll es die Verbundenheit von Milit\u00e4r und Akademie an dieser Universit\u00e4t darstellen.<\/p>\n\n\n\n<p>Bei dem Logo handelt es sich nicht um ein neues Wappen der \u201eOffizierheimgesellschaft der Universit\u00e4t der Bundeswehr Hamburg e.V.\u201c, da dies der Genehmigung der Mitgliederversammlung bedarf. Dieses hier vorgestellte Logo dient lediglich als eigenes Darstellungssymbol f\u00fcr den Wirtschaftsbetrieb \u201eGemeinsame Heimgesellschaft\u201c.<\/p>\n<\/div>\n\n\n\n<div class=\"wp-block-column is-layout-flow wp-block-column-is-layout-flow\">\n<h3 class=\"wp-block-heading\">Logoversion zur digitalen Nutzung<\/h3>\n\n\n<div class=\"wp-block-image\">\n<figure class=\"aligncenter size-medium\"><img loading=\"lazy\" decoding=\"async\" width=\"173\" height=\"300\" src=\"https:\/\/www.hsu-hh.de\/ohg\/wp-content\/uploads\/sites\/654\/2024\/06\/GHG-Logo-digital-rot-1-173x300.png\" data-credit=\"\" alt=\"\" class=\"wp-image-1728\" srcset=\"https:\/\/www.hsu-hh.de\/ohg\/wp-content\/uploads\/sites\/654\/2024\/06\/GHG-Logo-digital-rot-1-173x300.png 173w, https:\/\/www.hsu-hh.de\/ohg\/wp-content\/uploads\/sites\/654\/2024\/06\/GHG-Logo-digital-rot-1-592x1024.png 592w, https:\/\/www.hsu-hh.de\/ohg\/wp-content\/uploads\/sites\/654\/2024\/06\/GHG-Logo-digital-rot-1.png 622w\" sizes=\"auto, (max-width: 173px) 100vw, 173px\" \/><\/figure>\n<\/div>\n\n\n<div style=\"height:50px\" aria-hidden=\"true\" class=\"wp-block-spacer\"><\/div>\n\n\n\n<p>Wenn wir das Logo im digitalen Umfeld oder als Designelement einsetzen, benutzen wir eine vereinfachte und nicht so filigrane Version, um eine bessere Lesbarkeit zu erhalten.<\/p>\n<\/div>\n<\/div>\n","protected":false},"excerpt":{"rendered":"<p>Wissenswertes zur Heraldik,Tinktur und Farbauswahl: Rot und wei\u00df stehen f\u00fcr die Farben Hamburgs und der Hanse. Da die Heraldik vorsieht, dass neben den Farben auch zwingend silber oder gold vorzusehen [&hellip;]<\/p>\n","protected":false},"author":2503,"featured_media":0,"parent":0,"menu_order":0,"comment_status":"closed","ping_status":"closed","template":"","meta":{"footnotes":""},"categories":[4],"tags":[],"class_list":["post-1726","page","type-page","status-publish","hentry","category-forschung"],"_links":{"self":[{"href":"https:\/\/www.hsu-hh.de\/ohg\/wp-json\/wp\/v2\/pages\/1726","targetHints":{"allow":["GET"]}}],"collection":[{"href":"https:\/\/www.hsu-hh.de\/ohg\/wp-json\/wp\/v2\/pages"}],"about":[{"href":"https:\/\/www.hsu-hh.de\/ohg\/wp-json\/wp\/v2\/types\/page"}],"author":[{"embeddable":true,"href":"https:\/\/www.hsu-hh.de\/ohg\/wp-json\/wp\/v2\/users\/2503"}],"replies":[{"embeddable":true,"href":"https:\/\/www.hsu-hh.de\/ohg\/wp-json\/wp\/v2\/comments?post=1726"}],"version-history":[{"count":5,"href":"https:\/\/www.hsu-hh.de\/ohg\/wp-json\/wp\/v2\/pages\/1726\/revisions"}],"predecessor-version":[{"id":1781,"href":"https:\/\/www.hsu-hh.de\/ohg\/wp-json\/wp\/v2\/pages\/1726\/revisions\/1781"}],"wp:attachment":[{"href":"https:\/\/www.hsu-hh.de\/ohg\/wp-json\/wp\/v2\/media?parent=1726"}],"wp:term":[{"taxonomy":"category","embeddable":true,"href":"https:\/\/www.hsu-hh.de\/ohg\/wp-json\/wp\/v2\/categories?post=1726"},{"taxonomy":"post_tag","embeddable":true,"href":"https:\/\/www.hsu-hh.de\/ohg\/wp-json\/wp\/v2\/tags?post=1726"}],"curies":[{"name":"wp","href":"https:\/\/api.w.org\/{rel}","templated":true}]}}