{"id":610,"date":"2024-07-02T11:06:21","date_gmt":"2024-07-02T09:06:21","guid":{"rendered":"https:\/\/www.hsu-hh.de\/oeffrecht\/?page_id=610"},"modified":"2025-04-03T11:40:25","modified_gmt":"2025-04-03T09:40:25","slug":"startseite-2","status":"publish","type":"page","link":"https:\/\/www.hsu-hh.de\/oeffrecht\/","title":{"rendered":"Professur f\u00fcr \u00d6ffentliches Recht"},"content":{"rendered":"\n<h2 class=\"wp-block-heading\"><\/h2>\n\n\n\n<div class=\"wp-block-columns is-layout-flex wp-container-core-columns-is-layout-9d6595d7 wp-block-columns-is-layout-flex\">\n<div class=\"wp-block-column is-layout-flow wp-block-column-is-layout-flow\" style=\"flex-basis:100%\">\n<div class=\"wp-block-columns is-layout-flex wp-container-core-columns-is-layout-9d6595d7 wp-block-columns-is-layout-flex\">\n<div class=\"wp-block-column is-layout-flow wp-block-column-is-layout-flow\">\n<h2 style=\"text-align: left\"><abbr title=\"Universit\u00e4tsprofessor\">Univ.-Prof.<\/abbr>\u00a0<abbr title=\"Doktor\">Dr.<\/abbr> iur. Armin von Weschpfennig<\/h2>\n<p style=\"text-align: left\">Helmut-Schmidt-Universit\u00e4t Hamburg <br \/>Fakult\u00e4t f\u00fcr Wirtschafts- und Sozialwissenschaften<br \/>Campus Nord, Raum 2E 140\u00a0<br \/>Friedrich-Ebert-Damm 245\u00a0<br \/>22159\u00a0Hamburg<\/p>\n<p style=\"text-align: left\">Tel.: 040-6541 3949 (Sekretariat)<br \/>E-Mail:\u00a0<a href=\"mailto:vonweschpfennig@hsu-hh.de\" rel='nofollow'>vonweschpfennig@hsu-hh.de<\/a><\/p>\n<div class=\"background-grey\">\n<p style=\"text-align: left\">Postanschrift: Holstenhofweg 85, 22043 Hamburg<\/p>\n<\/div>\n<\/div>\n\n\n\n<div class=\"wp-block-column is-layout-flow wp-block-column-is-layout-flow\"><div class=\"wp-block-image is-style-default\">\n<figure class=\"alignleft size-full\"><img loading=\"lazy\" decoding=\"async\" width=\"2560\" height=\"1707\" src=\"https:\/\/www.hsu-hh.de\/oeffrecht\/wp-content\/uploads\/sites\/849\/2023\/08\/H1-von-der-Aula4-scaled.jpg\" data-credit=\"HSU\" alt=\"\" class=\"wp-image-606\" srcset=\"https:\/\/www.hsu-hh.de\/oeffrecht\/wp-content\/uploads\/sites\/849\/2023\/08\/H1-von-der-Aula4-scaled.jpg 2560w, https:\/\/www.hsu-hh.de\/oeffrecht\/wp-content\/uploads\/sites\/849\/2023\/08\/H1-von-der-Aula4-300x200.jpg 300w, https:\/\/www.hsu-hh.de\/oeffrecht\/wp-content\/uploads\/sites\/849\/2023\/08\/H1-von-der-Aula4-1024x683.jpg 1024w, https:\/\/www.hsu-hh.de\/oeffrecht\/wp-content\/uploads\/sites\/849\/2023\/08\/H1-von-der-Aula4-768x512.jpg 768w, https:\/\/www.hsu-hh.de\/oeffrecht\/wp-content\/uploads\/sites\/849\/2023\/08\/H1-von-der-Aula4-1536x1024.jpg 1536w, https:\/\/www.hsu-hh.de\/oeffrecht\/wp-content\/uploads\/sites\/849\/2023\/08\/H1-von-der-Aula4-2048x1366.jpg 2048w, https:\/\/www.hsu-hh.de\/oeffrecht\/wp-content\/uploads\/sites\/849\/2023\/08\/H1-von-der-Aula4-1100x733.jpg 1100w\" sizes=\"auto, (max-width: 2560px) 100vw, 2560px\" \/><\/figure>\n<\/div>\n\n\n<p><\/p>\n<\/div>\n<\/div>\n<\/div>\n<\/div>\n\n\n\n<p><\/p>\n\n\n\n<p class=\"has-normal-font-size\"><\/p>\n\n\n\n<p><\/p>\n\n\n\n<p><\/p>\n\n\n\n<p><\/p>\n\n\n\n<p><\/p>\n\n\n\n<p><\/p>\n\n\n\n<p><\/p>\n\n\n\n<p><\/p>\n\n\n\n<p><\/p>\n\n\n\n<p><\/p>\n\n\n\n<p><\/p>\n\n\n\n<p class=\"has-text-align-center has-medium-font-size\"><\/p>\n\n\n\n<p><\/p>\n\n\n\n<p><\/p>\n\n\n\n<p><\/p>\n\n\n\n<p><\/p>\n\n\n\n<p><\/p>\n\n\n\n<p><\/p>\n\n\n\n<p><\/p>\n\n\n\n<p><\/p>\n","protected":false},"excerpt":{"rendered":"<p>Univ.-Prof.\u00a0Dr. iur. Armin von Weschpfennig Helmut-Schmidt-Universit\u00e4t Hamburg Fakult\u00e4t f\u00fcr Wirtschafts- und SozialwissenschaftenCampus Nord, Raum 2E 140\u00a0Friedrich-Ebert-Damm 245\u00a022159\u00a0Hamburg Tel.: 040-6541 3949 (Sekretariat)E-Mail:\u00a0vonweschpfennig@hsu-hh.de Postanschrift: Holstenhofweg 85, 22043 Hamburg<\/p>\n","protected":false},"author":3439,"featured_media":0,"parent":0,"menu_order":0,"comment_status":"closed","ping_status":"closed","template":"","meta":{"footnotes":""},"categories":[35],"tags":[],"class_list":["post-610","page","type-page","status-publish","hentry","category-startseite"],"_links":{"self":[{"href":"https:\/\/www.hsu-hh.de\/oeffrecht\/wp-json\/wp\/v2\/pages\/610","targetHints":{"allow":["GET"]}}],"collection":[{"href":"https:\/\/www.hsu-hh.de\/oeffrecht\/wp-json\/wp\/v2\/pages"}],"about":[{"href":"https:\/\/www.hsu-hh.de\/oeffrecht\/wp-json\/wp\/v2\/types\/page"}],"author":[{"embeddable":true,"href":"https:\/\/www.hsu-hh.de\/oeffrecht\/wp-json\/wp\/v2\/users\/3439"}],"replies":[{"embeddable":true,"href":"https:\/\/www.hsu-hh.de\/oeffrecht\/wp-json\/wp\/v2\/comments?post=610"}],"version-history":[{"count":28,"href":"https:\/\/www.hsu-hh.de\/oeffrecht\/wp-json\/wp\/v2\/pages\/610\/revisions"}],"predecessor-version":[{"id":1128,"href":"https:\/\/www.hsu-hh.de\/oeffrecht\/wp-json\/wp\/v2\/pages\/610\/revisions\/1128"}],"wp:attachment":[{"href":"https:\/\/www.hsu-hh.de\/oeffrecht\/wp-json\/wp\/v2\/media?parent=610"}],"wp:term":[{"taxonomy":"category","embeddable":true,"href":"https:\/\/www.hsu-hh.de\/oeffrecht\/wp-json\/wp\/v2\/categories?post=610"},{"taxonomy":"post_tag","embeddable":true,"href":"https:\/\/www.hsu-hh.de\/oeffrecht\/wp-json\/wp\/v2\/tags?post=610"}],"curies":[{"name":"wp","href":"https:\/\/api.w.org\/{rel}","templated":true}]}}