{"id":564,"date":"2023-07-28T12:55:35","date_gmt":"2023-07-28T10:55:35","guid":{"rendered":"https:\/\/www.hsu-hh.de\/oeffrecht\/?page_id=564"},"modified":"2025-04-29T12:00:54","modified_gmt":"2025-04-29T10:00:54","slug":"lehrstuhlinhaber","status":"publish","type":"page","link":"https:\/\/www.hsu-hh.de\/oeffrecht\/mitarbeiter\/lehrstuhlinhaber\/","title":{"rendered":"Lehrstuhlinhaber"},"content":{"rendered":"\n<h2 class=\"wp-block-heading\"><\/h2>\n\n\n\n<div class=\"wp-block-media-text is-stacked-on-mobile\" style=\"grid-template-columns:20% auto\"><figure class=\"wp-block-media-text__media\"><img loading=\"lazy\" decoding=\"async\" width=\"350\" height=\"526\" src=\"https:\/\/www.hsu-hh.de\/oeffrecht\/wp-content\/uploads\/sites\/849\/2022\/10\/csm_Foto_Dr._Armin_von_Weschpfennig_8f43337147.jpg\" data-credit=\"vonWeschpfennig\" alt=\"von Weschpfennig\" class=\"wp-image-422 size-full\" srcset=\"https:\/\/www.hsu-hh.de\/oeffrecht\/wp-content\/uploads\/sites\/849\/2022\/10\/csm_Foto_Dr._Armin_von_Weschpfennig_8f43337147.jpg 350w, https:\/\/www.hsu-hh.de\/oeffrecht\/wp-content\/uploads\/sites\/849\/2022\/10\/csm_Foto_Dr._Armin_von_Weschpfennig_8f43337147-200x300.jpg 200w\" sizes=\"auto, (max-width: 350px) 100vw, 350px\" \/><\/figure><div class=\"wp-block-media-text__content\">\n<p><strong><abbr title=\"Universit\u00e4tsprofessor\">Univ.-Prof.<\/abbr> <abbr title=\"Doktor\">Dr.<\/abbr> iur. Armin von Weschpfennig<\/strong><\/p>\n\n\n\n<p>Professur f\u00fcr \u00d6ffentliches Recht<br>Campus Nord, Raum 2E 140<br>Friedrich-Ebert-Damm 245<br>22159&nbsp;Hamburg<br>T: +49 (0) 40 6541 3949 (Sekretariat)<br>E:&nbsp; <a href=\"mailto:vonweschpfennig@hsu-hh.de\" rel='nofollow'>vonweschpfennig@hsu-hh.de<\/a><\/p>\n<\/div><\/div>\n\n\n\n<div style=\"height:3px\" aria-hidden=\"true\" class=\"wp-block-spacer\"><\/div>\n\n\n\n<h2 class=\"wp-block-heading\">Lebenslauf<\/h2>\n\n\n\n<p>Armin von Weschpfennig studierte nach Abitur in Betzdorf (Sieg) und Wehrdienst beim Musikkorps der Bundeswehr (Siegburg) von 2002 bis 2007 Rechtswissenschaft an der Rheinischen Friedrich-Wilhelms-Universit\u00e4t Bonn (Abschluss: erste juristische Staatspr\u00fcfung). Das anschlie\u00dfende Referendariat am Landgericht Bonn schloss er 2010 mit der zweiten juristischen Staatspr\u00fcfung ab.<\/p>\n\n\n\n<p>2007 bis 2014 arbeitete er am Lehrstuhl <abbr title=\"Professor\">Prof.<\/abbr> <abbr title=\"Doktor\">Dr.<\/abbr> Wolfgang L\u00f6wer (Universit\u00e4t Bonn), bei dem er 2014 zum wissenschaftsrechtlichen Thema \u201eRechtliche Grenzen von allgemeinen Studienabgaben. Studienbeitr\u00e4ge oder Akademikersteuer?\u201c promovierte. 2014 bis 2020 war er Akademischer Rat a.Z. sowie im Anschluss bis April 2021 Akademischer Oberrat a.Z. am Lehrstuhl <abbr title=\"Professor\">Prof.<\/abbr> <abbr title=\"Doktor\">Dr.<\/abbr> Dr. Wolfgang Durner LL.M. an der Universit\u00e4t Bonn. Dort habilitierte er sich 2020 mit einer staats- und verwaltungsrechtlichen Arbeit zum Thema \u201eStrukturen des Bergrechts. Verfassungs- und verwaltungsdogmatische Grundfragen im Lichte des Eigentums-, Umwelt- und Ressourcenschutzes\u201c und erhielt die venia legendi f\u00fcr \u00d6ffentliches Recht, Finanzverfassungsrecht und Wissenschaftsrecht.<\/p>\n\n\n\n<p>2010 bis 2014 war von Weschpfennig zudem Dozent an der Mittelrheinischen Verwaltungs- und Wirtschaftsakademie Bonn und wirkte 2016 bis 2021 im Editorial Board des&nbsp;<a href=\"https:\/\/www.juwiss.de\/\" rel='nofollow'>JuWissBlogs<\/a>&nbsp;mit.<\/p>\n\n\n\n<p>Von April 2021 bis September 2022 war von Weschpfennig Inhaber der Professur f\u00fcr \u00d6ffentliches Recht mit Schwerpunkt Planungs- und Umweltrecht an der Technischen Universit\u00e4t Kaiserslautern. Seit Oktober 2022 hat er die Professur f\u00fcr \u00d6ffentliches Recht an der Helmut-Schmidt-Universit\u00e4t inne.<\/p>\n\n\n\n<p>Er ist unter anderem Schriftleiter des Verwaltungsarchivs (VerwArch), Mitglied im <a href=\"https:\/\/www.jura.uni-bonn.de\/arbeitskreis-strassenrecht\" rel='nofollow'>Arbeitskreis Stra\u00dfen- und Stra\u00dfenplanungsrecht<\/a>, Gesch\u00e4ftsf\u00fchrer des <a href=\"https:\/\/www.arl-net.de\/de\/projekte\/forum-planungsrecht\" rel='nofollow'>Forums Planungsrecht<\/a> in der Akademie f\u00fcr Raumentwicklung in der Leibniz-Gemeinschaft (ARL), Studiendekan f\u00fcr Jura der Fakult\u00e4t f\u00fcr Wirtschafts- und Sozialwissenschaften sowie Vorsitzender des Wahlausschusses der Helmut-Schmidt-Universit\u00e4t.<\/p>\n\n\n\n<p><strong>Forschungsinteressen<\/strong><\/p>\n\n\n\n<ul class=\"wp-block-list\">\n<li>Staats- und Verwaltungsrecht<\/li>\n\n\n\n<li>Planungs- und Umweltrecht<\/li>\n\n\n\n<li>Klimaschutz- und Klimaanpassungsrecht<\/li>\n\n\n\n<li>Bergrecht<\/li>\n\n\n\n<li>Wissenschaftsrecht<\/li>\n<\/ul>\n\n\n\n<p><\/p>\n\n\n\n<p><strong><a href=\"https:\/\/www.hsu-hh.de\/oeffrecht\/publikationen-und-fachvortraege\/\" data-type=\"attachment\" data-id=\"599\" target=\"_blank\" rel=\"noreferrer noopener\">Publikationen und Vortr\u00e4ge<\/a><\/strong><\/p>\n","protected":false},"excerpt":{"rendered":"<p>Univ.-Prof. Dr. iur. Armin von Weschpfennig Professur f\u00fcr \u00d6ffentliches RechtCampus Nord, Raum 2E 140Friedrich-Ebert-Damm 24522159&nbsp;HamburgT: +49 (0) 40 6541 3949 (Sekretariat)E:&nbsp; vonweschpfennig@hsu-hh.de Lebenslauf Armin von Weschpfennig studierte nach Abitur in [&hellip;]<\/p>\n","protected":false},"author":3439,"featured_media":0,"parent":417,"menu_order":0,"comment_status":"closed","ping_status":"closed","template":"","meta":{"footnotes":""},"categories":[8],"tags":[],"class_list":["post-564","page","type-page","status-publish","hentry","category-team"],"_links":{"self":[{"href":"https:\/\/www.hsu-hh.de\/oeffrecht\/wp-json\/wp\/v2\/pages\/564","targetHints":{"allow":["GET"]}}],"collection":[{"href":"https:\/\/www.hsu-hh.de\/oeffrecht\/wp-json\/wp\/v2\/pages"}],"about":[{"href":"https:\/\/www.hsu-hh.de\/oeffrecht\/wp-json\/wp\/v2\/types\/page"}],"author":[{"embeddable":true,"href":"https:\/\/www.hsu-hh.de\/oeffrecht\/wp-json\/wp\/v2\/users\/3439"}],"replies":[{"embeddable":true,"href":"https:\/\/www.hsu-hh.de\/oeffrecht\/wp-json\/wp\/v2\/comments?post=564"}],"version-history":[{"count":12,"href":"https:\/\/www.hsu-hh.de\/oeffrecht\/wp-json\/wp\/v2\/pages\/564\/revisions"}],"predecessor-version":[{"id":1182,"href":"https:\/\/www.hsu-hh.de\/oeffrecht\/wp-json\/wp\/v2\/pages\/564\/revisions\/1182"}],"up":[{"embeddable":true,"href":"https:\/\/www.hsu-hh.de\/oeffrecht\/wp-json\/wp\/v2\/pages\/417"}],"wp:attachment":[{"href":"https:\/\/www.hsu-hh.de\/oeffrecht\/wp-json\/wp\/v2\/media?parent=564"}],"wp:term":[{"taxonomy":"category","embeddable":true,"href":"https:\/\/www.hsu-hh.de\/oeffrecht\/wp-json\/wp\/v2\/categories?post=564"},{"taxonomy":"post_tag","embeddable":true,"href":"https:\/\/www.hsu-hh.de\/oeffrecht\/wp-json\/wp\/v2\/tags?post=564"}],"curies":[{"name":"wp","href":"https:\/\/api.w.org\/{rel}","templated":true}]}}