{"id":551,"date":"2023-02-08T15:59:27","date_gmt":"2023-02-08T14:59:27","guid":{"rendered":"https:\/\/www.hsu-hh.de\/oeffrecht\/?page_id=551"},"modified":"2023-02-09T09:15:03","modified_gmt":"2023-02-09T08:15:03","slug":"impressum","status":"publish","type":"page","link":"https:\/\/www.hsu-hh.de\/oeffrecht\/impressum\/","title":{"rendered":"Impressum"},"content":{"rendered":"\n<h2 class=\"wp-block-heading\">Angaben gem. \u00a7 5 Telemediengesetz<\/h2>\n\n\n\n<p><strong>Herausgeber<\/strong><\/p>\n\n\n\n<p><abbr title=\"Universit\u00e4tsprofessor\">Univ.-Prof.<\/abbr> <abbr title=\"Doktor\">Dr.<\/abbr> iur. Armin von Weschpfennig<\/p>\n\n\n\n<p>Professur f\u00fcr \u00d6ffentliches Recht<\/p>\n\n\n\n<p>Helmut-Schmidt-Universit\u00e4t<br>Universit\u00e4t der Bundeswehr Hamburg<br>Holstenhofweg 85<br>22043 Hamburg<\/p>\n\n\n\n<p><strong>Telefon:<\/strong><br>(040) 6541-3949<\/p>\n\n\n\n<p><strong>E-Mail:<\/strong><br><a href=\"mailto:wagnervf@hsu-hh.de\" rel='nofollow'>vonweschpfennig@hsu-hh.de<\/a><\/p>\n\n\n\n<p><strong>Inhaltlich Verantwortliche gem\u00e4\u00df \u00a7 7 Telemediengesetz<\/strong><br>sind auf den einzelnen Seiten gesondert benannt.<\/p>\n","protected":false},"excerpt":{"rendered":"<p>Angaben gem. \u00a7 5 Telemediengesetz Herausgeber Univ.-Prof. Dr. iur. Armin von Weschpfennig Professur f\u00fcr \u00d6ffentliches Recht Helmut-Schmidt-Universit\u00e4tUniversit\u00e4t der Bundeswehr HamburgHolstenhofweg 8522043 Hamburg Telefon:(040) 6541-3949 E-Mail:vonweschpfennig@hsu-hh.de Inhaltlich Verantwortliche gem\u00e4\u00df \u00a7 7 [&hellip;]<\/p>\n","protected":false},"author":3439,"featured_media":0,"parent":0,"menu_order":0,"comment_status":"closed","ping_status":"closed","template":"","meta":{"footnotes":""},"categories":[54],"tags":[],"class_list":["post-551","page","type-page","status-publish","hentry","category-impressum"],"_links":{"self":[{"href":"https:\/\/www.hsu-hh.de\/oeffrecht\/wp-json\/wp\/v2\/pages\/551","targetHints":{"allow":["GET"]}}],"collection":[{"href":"https:\/\/www.hsu-hh.de\/oeffrecht\/wp-json\/wp\/v2\/pages"}],"about":[{"href":"https:\/\/www.hsu-hh.de\/oeffrecht\/wp-json\/wp\/v2\/types\/page"}],"author":[{"embeddable":true,"href":"https:\/\/www.hsu-hh.de\/oeffrecht\/wp-json\/wp\/v2\/users\/3439"}],"replies":[{"embeddable":true,"href":"https:\/\/www.hsu-hh.de\/oeffrecht\/wp-json\/wp\/v2\/comments?post=551"}],"version-history":[{"count":3,"href":"https:\/\/www.hsu-hh.de\/oeffrecht\/wp-json\/wp\/v2\/pages\/551\/revisions"}],"predecessor-version":[{"id":558,"href":"https:\/\/www.hsu-hh.de\/oeffrecht\/wp-json\/wp\/v2\/pages\/551\/revisions\/558"}],"wp:attachment":[{"href":"https:\/\/www.hsu-hh.de\/oeffrecht\/wp-json\/wp\/v2\/media?parent=551"}],"wp:term":[{"taxonomy":"category","embeddable":true,"href":"https:\/\/www.hsu-hh.de\/oeffrecht\/wp-json\/wp\/v2\/categories?post=551"},{"taxonomy":"post_tag","embeddable":true,"href":"https:\/\/www.hsu-hh.de\/oeffrecht\/wp-json\/wp\/v2\/tags?post=551"}],"curies":[{"name":"wp","href":"https:\/\/api.w.org\/{rel}","templated":true}]}}