{"id":1051,"date":"2025-03-24T10:17:12","date_gmt":"2025-03-24T09:17:12","guid":{"rendered":"https:\/\/www.hsu-hh.de\/oeffrecht\/?page_id=1051"},"modified":"2026-01-07T16:57:21","modified_gmt":"2026-01-07T15:57:21","slug":"konstantin-scholz","status":"publish","type":"page","link":"https:\/\/www.hsu-hh.de\/oeffrecht\/mitarbeiter\/konstantin-scholz\/","title":{"rendered":"Konstantin Scholz"},"content":{"rendered":"\n<p>Professur f\u00fcr \u00d6ffentliches Recht<br>Campus Nord, Raum 2E 138<br>Friedrich-Ebert-Damm 245<br>22159&nbsp;Hamburg<br>T: +49 (0)40 6541 4541<br>E: <a href=\"mailto:scholzk@hsu-hh.de\" rel='nofollow'>scholzk@hsu-hh.de<\/a><\/p>\n\n\n\n<div style=\"height:9px\" aria-hidden=\"true\" class=\"wp-block-spacer\"><\/div>\n\n\n\n<p>Konstantin Scholz hat an der Universit\u00e4t Hamburg von 2018-2022 Rechtswissenschaft studiert. Seinen Schwerpunkt belegte er im Umwelt- und Planungsrecht. Das anschlie\u00dfende Referendariat absolvierte er am Hanseatischen Oberlandesgericht, unter anderem in verschiedenen Abteilungen der Beh\u00f6rde f\u00fcr Verkehr und Mobilit\u00e4tswende und an der Deutschen Universit\u00e4t f\u00fcr Verwaltungswissenschaften in Speyer.<\/p>\n\n\n\n<p>Neben dem Studium und Referendariat arbeitete er als wissenschaftlicher Mitarbeiter f\u00fcr verschiedene B\u00fcrgerschafts- und Bundestagsabgeordnete und ist in der Bezirkspolitik von Hamburg-Nord als zubenannter B\u00fcrger aktiv. <\/p>\n\n\n\n<p>In seiner Freizeit findet man ihn beim Fahrradfahren, Kochen und Spazierengehen.<\/p>\n","protected":false},"excerpt":{"rendered":"<p>Professur f\u00fcr \u00d6ffentliches RechtCampus Nord, Raum 2E 138Friedrich-Ebert-Damm 24522159&nbsp;HamburgT: +49 (0)40 6541 4541E: scholzk@hsu-hh.de Konstantin Scholz hat an der Universit\u00e4t Hamburg von 2018-2022 Rechtswissenschaft studiert. Seinen Schwerpunkt belegte er im [&hellip;]<\/p>\n","protected":false},"author":3439,"featured_media":0,"parent":417,"menu_order":0,"comment_status":"closed","ping_status":"closed","template":"","meta":{"footnotes":""},"categories":[8],"tags":[],"class_list":["post-1051","page","type-page","status-publish","hentry","category-team"],"_links":{"self":[{"href":"https:\/\/www.hsu-hh.de\/oeffrecht\/wp-json\/wp\/v2\/pages\/1051","targetHints":{"allow":["GET"]}}],"collection":[{"href":"https:\/\/www.hsu-hh.de\/oeffrecht\/wp-json\/wp\/v2\/pages"}],"about":[{"href":"https:\/\/www.hsu-hh.de\/oeffrecht\/wp-json\/wp\/v2\/types\/page"}],"author":[{"embeddable":true,"href":"https:\/\/www.hsu-hh.de\/oeffrecht\/wp-json\/wp\/v2\/users\/3439"}],"replies":[{"embeddable":true,"href":"https:\/\/www.hsu-hh.de\/oeffrecht\/wp-json\/wp\/v2\/comments?post=1051"}],"version-history":[{"count":5,"href":"https:\/\/www.hsu-hh.de\/oeffrecht\/wp-json\/wp\/v2\/pages\/1051\/revisions"}],"predecessor-version":[{"id":1312,"href":"https:\/\/www.hsu-hh.de\/oeffrecht\/wp-json\/wp\/v2\/pages\/1051\/revisions\/1312"}],"up":[{"embeddable":true,"href":"https:\/\/www.hsu-hh.de\/oeffrecht\/wp-json\/wp\/v2\/pages\/417"}],"wp:attachment":[{"href":"https:\/\/www.hsu-hh.de\/oeffrecht\/wp-json\/wp\/v2\/media?parent=1051"}],"wp:term":[{"taxonomy":"category","embeddable":true,"href":"https:\/\/www.hsu-hh.de\/oeffrecht\/wp-json\/wp\/v2\/categories?post=1051"},{"taxonomy":"post_tag","embeddable":true,"href":"https:\/\/www.hsu-hh.de\/oeffrecht\/wp-json\/wp\/v2\/tags?post=1051"}],"curies":[{"name":"wp","href":"https:\/\/api.w.org\/{rel}","templated":true}]}}