{"id":1016,"date":"2025-03-21T13:53:55","date_gmt":"2025-03-21T12:53:55","guid":{"rendered":"https:\/\/www.hsu-hh.de\/oeffrecht\/?page_id=1016"},"modified":"2026-01-07T16:59:00","modified_gmt":"2026-01-07T15:59:00","slug":"caroline-frank","status":"publish","type":"page","link":"https:\/\/www.hsu-hh.de\/oeffrecht\/mitarbeiter\/caroline-frank\/","title":{"rendered":"Caroline Frank"},"content":{"rendered":"\n<p><\/p>\n\n\n\n<div class=\"wp-block-media-text is-stacked-on-mobile\" style=\"grid-template-columns:20% auto\"><figure class=\"wp-block-media-text__media\"><img loading=\"lazy\" decoding=\"async\" width=\"797\" height=\"1024\" src=\"https:\/\/www.hsu-hh.de\/oeffrecht\/wp-content\/uploads\/sites\/849\/2023\/08\/Caroline-Frank-797x1024.jpg\" data-credit=\"Frank\" alt=\"\" class=\"wp-image-607 size-full\" srcset=\"https:\/\/www.hsu-hh.de\/oeffrecht\/wp-content\/uploads\/sites\/849\/2023\/08\/Caroline-Frank-797x1024.jpg 797w, https:\/\/www.hsu-hh.de\/oeffrecht\/wp-content\/uploads\/sites\/849\/2023\/08\/Caroline-Frank-234x300.jpg 234w, https:\/\/www.hsu-hh.de\/oeffrecht\/wp-content\/uploads\/sites\/849\/2023\/08\/Caroline-Frank-768x986.jpg 768w, https:\/\/www.hsu-hh.de\/oeffrecht\/wp-content\/uploads\/sites\/849\/2023\/08\/Caroline-Frank-1196x1536.jpg 1196w, https:\/\/www.hsu-hh.de\/oeffrecht\/wp-content\/uploads\/sites\/849\/2023\/08\/Caroline-Frank-1100x1413.jpg 1100w, https:\/\/www.hsu-hh.de\/oeffrecht\/wp-content\/uploads\/sites\/849\/2023\/08\/Caroline-Frank.jpg 1234w\" sizes=\"auto, (max-width: 797px) 100vw, 797px\" \/><\/figure><div class=\"wp-block-media-text__content\">\n<p>Professur f\u00fcr \u00d6ffentliches Recht<br>Campus Nord, Raum 2E 142<br>Friedrich-Ebert-Damm 245<br>22159&nbsp;Hamburg<br>T: +49 (0)40 6541 4586<br>E: <a href=\"mailto:frankc@hsu-hh.de\" rel='nofollow'>frankc@hsu-hh.de<\/a><\/p>\n<\/div><\/div>\n\n\n\n<p>Nach ihrem Abitur und einem FSJ in einem Freiburger Krankenhaus studierte Caroline Frank zun\u00e4chst f\u00fcr zwei Semester Urbanistik (Stadt- und Raumplanung) an der Bauhaus-Universit\u00e4t in Weimar, bevor sie ihr Studium der Rechtswissenschaft an der Albert-Ludwigs-Universit\u00e4t in Freiburg begann. Nach ihrem Grundstudium wechselte Caroline Frank an die Universit\u00e4t Hamburg und studierte im Rahmen des Erasmus-Programmes zwei Semester an der Universit\u00e9 Paris 1 Panth\u00e9on-Sorbonne in Paris, Frankreich. Ihren Schwerpunkt belegte sie im Umwelt- und Planungsrecht.<\/p>\n\n\n\n<p>Neben ihrem Studium arbeitete Caroline Frank als studentische Hilfskraft zun\u00e4chst f\u00fcr die Juniorprofessur\u00a0Arbeitsrecht mit sozialrechtlichen Bez\u00fcgen und rechtswissenschaftlicher Fachdidaktik\u00a0von <abbr title=\"Professor\">Prof.<\/abbr> <abbr title=\"Doktor\">Dr.<\/abbr> Brockmann (Ma\u00eetre en Droit) an der Universit\u00e4t Hamburg und danach am Lehrstuhl f\u00fcr Gesundheitspolitik und Recht an der Hamburger Hochschule f\u00fcr angewandte Wissenschaften (HAW), ebenfalls f\u00fcr Frau <abbr title=\"Professor\">Prof.<\/abbr> <abbr title=\"Doktor\">Dr.<\/abbr> Brockmann. <\/p>\n\n\n\n<p>In ihrer Freizeit findet man sie in der Natur beim Sport oder beim Segeln auf der Alster.<\/p>\n","protected":false},"excerpt":{"rendered":"<p>Professur f\u00fcr \u00d6ffentliches RechtCampus Nord, Raum 2E 142Friedrich-Ebert-Damm 24522159&nbsp;HamburgT: +49 (0)40 6541 4586E: frankc@hsu-hh.de Nach ihrem Abitur und einem FSJ in einem Freiburger Krankenhaus studierte Caroline Frank zun\u00e4chst f\u00fcr zwei [&hellip;]<\/p>\n","protected":false},"author":3439,"featured_media":0,"parent":417,"menu_order":0,"comment_status":"closed","ping_status":"closed","template":"","meta":{"footnotes":""},"categories":[8],"tags":[],"class_list":["post-1016","page","type-page","status-publish","hentry","category-team"],"_links":{"self":[{"href":"https:\/\/www.hsu-hh.de\/oeffrecht\/wp-json\/wp\/v2\/pages\/1016","targetHints":{"allow":["GET"]}}],"collection":[{"href":"https:\/\/www.hsu-hh.de\/oeffrecht\/wp-json\/wp\/v2\/pages"}],"about":[{"href":"https:\/\/www.hsu-hh.de\/oeffrecht\/wp-json\/wp\/v2\/types\/page"}],"author":[{"embeddable":true,"href":"https:\/\/www.hsu-hh.de\/oeffrecht\/wp-json\/wp\/v2\/users\/3439"}],"replies":[{"embeddable":true,"href":"https:\/\/www.hsu-hh.de\/oeffrecht\/wp-json\/wp\/v2\/comments?post=1016"}],"version-history":[{"count":5,"href":"https:\/\/www.hsu-hh.de\/oeffrecht\/wp-json\/wp\/v2\/pages\/1016\/revisions"}],"predecessor-version":[{"id":1313,"href":"https:\/\/www.hsu-hh.de\/oeffrecht\/wp-json\/wp\/v2\/pages\/1016\/revisions\/1313"}],"up":[{"embeddable":true,"href":"https:\/\/www.hsu-hh.de\/oeffrecht\/wp-json\/wp\/v2\/pages\/417"}],"wp:attachment":[{"href":"https:\/\/www.hsu-hh.de\/oeffrecht\/wp-json\/wp\/v2\/media?parent=1016"}],"wp:term":[{"taxonomy":"category","embeddable":true,"href":"https:\/\/www.hsu-hh.de\/oeffrecht\/wp-json\/wp\/v2\/categories?post=1016"},{"taxonomy":"post_tag","embeddable":true,"href":"https:\/\/www.hsu-hh.de\/oeffrecht\/wp-json\/wp\/v2\/tags?post=1016"}],"curies":[{"name":"wp","href":"https:\/\/api.w.org\/{rel}","templated":true}]}}