{"id":1013,"date":"2025-03-21T13:49:42","date_gmt":"2025-03-21T12:49:42","guid":{"rendered":"https:\/\/www.hsu-hh.de\/oeffrecht\/?page_id=1013"},"modified":"2026-01-07T17:00:58","modified_gmt":"2026-01-07T16:00:58","slug":"sven-fischer","status":"publish","type":"page","link":"https:\/\/www.hsu-hh.de\/oeffrecht\/mitarbeiter\/sven-fischer\/","title":{"rendered":"Sven Fischer"},"content":{"rendered":"\n<p>Professur f\u00fcr \u00d6ffentliches Recht<br>Campus Nord, Raum 2E 138<br>Friedrich-Ebert-Damm 245<br>22159&nbsp;Hamburg<br>T: +49 (0)40 6541 4594<br>E:<a href=\"mailto:andrea.vorwerk@hsu.hamburg\" rel='nofollow'> fischers@hsu-hh.de<\/a><\/p>\n\n\n\n<div style=\"height:11px\" aria-hidden=\"true\" class=\"wp-block-spacer\"><\/div>\n\n\n\n<p>Sven Fischer studierte an der Friedrich-Schiller-Universit\u00e4t Jena und an der Universit\u00e4t Hamburg bis 2022 Rechtswissenschaften. Der Schwerpunkt seines Studiums lag im Umwelt- und Planungsrecht, welcher mit einer Arbeit zur prozessualen und materiell-rechtlichen Durchsetzbarkeit von Klimaklagen abgeschlossen wurde. Neben dem Studium arbeitete er \u00fcber mehrere Jahre als wissenschaftlicher Mitarbeiter&nbsp; im Hamburger B\u00fcro einer international t\u00e4tigen Kanzlei im Bereich Umwelt, Planung und Regulierung mit Schwerpunkten im anlagenbezogenen Immissions- und Umweltrecht, internationalen und nationalen Emissionshandelsrecht und Energierecht.<\/p>\n\n\n\n<p>Derzeit befindet sich Sven Fischer in den letzten Z\u00fcgen seines 2022 begonnenen Rechtsreferendariats am Hanseatischen Oberlandesgericht Hamburg. Dabei absolvierte er unter anderem Stationen bei der Beh\u00f6rde f\u00fcr Umwelt, Energie, Klima und Agrarwirtschaft der Freien und Hansestadt Hamburg, beim Bundesamt f\u00fcr Seeschifffahrt und Hydrographie sowie bei einem international f\u00fchrenden Unternehmen der Luft- und Raumfahrttechnik. <\/p>\n\n\n\n<p>Seit Dezember 2024 ist er wissenschaftlicher Mitarbeiter am Lehrstuhl von <abbr title=\"Professor\">Prof.<\/abbr> <abbr title=\"Doktor\">Dr.<\/abbr> von Weschpfennig. In seiner Freizeit findet man ihn beim Kraft- und Ausdauersport, Lesen und Kochen.<\/p>\n","protected":false},"excerpt":{"rendered":"<p>Professur f\u00fcr \u00d6ffentliches RechtCampus Nord, Raum 2E 138Friedrich-Ebert-Damm 24522159&nbsp;HamburgT: +49 (0)40 6541 4594E: fischers@hsu-hh.de Sven Fischer studierte an der Friedrich-Schiller-Universit\u00e4t Jena und an der Universit\u00e4t Hamburg bis 2022 Rechtswissenschaften. Der [&hellip;]<\/p>\n","protected":false},"author":3439,"featured_media":0,"parent":417,"menu_order":0,"comment_status":"closed","ping_status":"closed","template":"","meta":{"footnotes":""},"categories":[8],"tags":[],"class_list":["post-1013","page","type-page","status-publish","hentry","category-team"],"_links":{"self":[{"href":"https:\/\/www.hsu-hh.de\/oeffrecht\/wp-json\/wp\/v2\/pages\/1013","targetHints":{"allow":["GET"]}}],"collection":[{"href":"https:\/\/www.hsu-hh.de\/oeffrecht\/wp-json\/wp\/v2\/pages"}],"about":[{"href":"https:\/\/www.hsu-hh.de\/oeffrecht\/wp-json\/wp\/v2\/types\/page"}],"author":[{"embeddable":true,"href":"https:\/\/www.hsu-hh.de\/oeffrecht\/wp-json\/wp\/v2\/users\/3439"}],"replies":[{"embeddable":true,"href":"https:\/\/www.hsu-hh.de\/oeffrecht\/wp-json\/wp\/v2\/comments?post=1013"}],"version-history":[{"count":11,"href":"https:\/\/www.hsu-hh.de\/oeffrecht\/wp-json\/wp\/v2\/pages\/1013\/revisions"}],"predecessor-version":[{"id":1315,"href":"https:\/\/www.hsu-hh.de\/oeffrecht\/wp-json\/wp\/v2\/pages\/1013\/revisions\/1315"}],"up":[{"embeddable":true,"href":"https:\/\/www.hsu-hh.de\/oeffrecht\/wp-json\/wp\/v2\/pages\/417"}],"wp:attachment":[{"href":"https:\/\/www.hsu-hh.de\/oeffrecht\/wp-json\/wp\/v2\/media?parent=1013"}],"wp:term":[{"taxonomy":"category","embeddable":true,"href":"https:\/\/www.hsu-hh.de\/oeffrecht\/wp-json\/wp\/v2\/categories?post=1013"},{"taxonomy":"post_tag","embeddable":true,"href":"https:\/\/www.hsu-hh.de\/oeffrecht\/wp-json\/wp\/v2\/tags?post=1013"}],"curies":[{"name":"wp","href":"https:\/\/api.w.org\/{rel}","templated":true}]}}